{"id":1102,"date":"2023-10-11T16:15:33","date_gmt":"2023-10-11T19:15:33","guid":{"rendered":"https:\/\/www.telessaude.uerj.br\/escola\/?page_id=1102"},"modified":"2024-04-02T15:51:45","modified_gmt":"2024-04-02T18:51:45","slug":"a-saude-de-criancas-e-adolescentes-na-era-digital","status":"publish","type":"page","link":"https:\/\/www.telessaude.uerj.br\/escola\/a-saude-de-criancas-e-adolescentes-na-era-digital\/","title":{"rendered":"A sa\u00fade de crian\u00e7as e adolescentes na era digital"},"content":{"rendered":"<p><img loading=\"lazy\" decoding=\"async\" class=\"wp-image-1100 size-medium alignleft\" src=\"http:\/\/www.telessaude.uerj.br\/escola\/wp-content\/uploads\/sites\/6\/2023\/10\/fundo-300x300.jpg\" alt=\"\" width=\"300\" height=\"300\" srcset=\"https:\/\/www.telessaude.uerj.br\/escola\/wp-content\/uploads\/sites\/6\/2023\/10\/fundo-300x300.jpg 300w, https:\/\/www.telessaude.uerj.br\/escola\/wp-content\/uploads\/sites\/6\/2023\/10\/fundo-150x150.jpg 150w, https:\/\/www.telessaude.uerj.br\/escola\/wp-content\/uploads\/sites\/6\/2023\/10\/fundo-768x768.jpg 768w, https:\/\/www.telessaude.uerj.br\/escola\/wp-content\/uploads\/sites\/6\/2023\/10\/fundo.jpg 1000w\" sizes=\"auto, (max-width: 300px) 100vw, 300px\" \/><\/p>\n<p><strong>A Sociedade Brasileira de Pediatria (SBP) divulgou nesta ter\u00e7a-feira (11), data em que se comemora o Dia da Internet Segura, o Manual de Orienta\u00e7\u00e3o #MenosTelas #MaisSa\u00fade com o objetivo de promover a sa\u00fade e o bem-estar de crian\u00e7as e adolescentes em contato constante com tecnologias digitais, como smartphones, computadores e tablets. O documento, elaborado pelo Grupo de Trabalho sobre Sa\u00fade na Era Digital da SBP, complementa e atualiza as recomenda\u00e7\u00f5es lan\u00e7adas pela entidade em 2016 sobre o tema.<\/strong><\/p>\n<p><strong>PROBLEMAS PARA A SA\u00daDE<\/strong>\u00a0\u2013 Para a SBP, as experi\u00eancias adquiridas por crian\u00e7as e adolescentes por meio das telas \u2013 como a aprendizagem da agressividade e intoler\u00e2ncia manifesta nos jogos e redes \u2013, se n\u00e3o forem melhor reguladas, ter\u00e3o impacto no comportamento e estilo de vida at\u00e9 a fase adulta.<\/p>\n<p><strong>CRIAN\u00c7AS PEQUENAS<\/strong>\u00a0\u2013 O Manual de Orienta\u00e7\u00e3o da SBP traz tamb\u00e9m ressalvas sobre o h\u00e1bito cada vez mais frequente de oferecer para a crian\u00e7a o smartphone ou celular utilizado pelos pais, como forma de distrair a aten\u00e7\u00e3o do beb\u00ea. Denominada de distra\u00e7\u00e3o passiva, a pr\u00e1tica \u00e9 resultado da press\u00e3o pelo consumismo dos \u201cjoguinhos\u201d e v\u00eddeos nas telas, algo prejudicial e frontalmente diferente de brincar ativamente, um direito universal e temporal de todas as crian\u00e7as em fase do desenvolvimento cerebral e mental.<\/p>\n<p><strong>CLASSIFICA\u00c7\u00c3O INDICATIVA<\/strong>\u00a0\u2013 A publica\u00e7\u00e3o destaca ainda a import\u00e2ncia de pais e respons\u00e1veis estarem atentos \u00e0 ferramenta de Classifica\u00e7\u00e3o Indicativa, promovida no Pa\u00eds pelo Minist\u00e9rio da Justi\u00e7a e Cidadania. Um\u00a0portal e <a href=\"https:\/\/www.sbp.com.br\/fileadmin\/user_upload\/_22246c-ManOrient_-__MenosTelas__MaisSaude.pdf\">guia pr\u00e1tico<\/a>\u00a0est\u00e3o acess\u00edveis para consultas sobre quais games, filmes, v\u00eddeos e outros conte\u00fados s\u00e3o \u2013 ou n\u00e3o \u2013 recomendados de acordo com a idade e a compreens\u00e3o das crian\u00e7as e adolescentes.<\/p>\n<p><strong>RECOMENDA\u00c7\u00d5ES\u00a0<\/strong>\u2013 Segundo o documento, as novas m\u00eddias preenchem v\u00e1cuos \u2013 \u00f3cio, t\u00e9dio, necessidade de entretenimento, abandono afetivo ou mesmo pais \u2018ultraocupados\u2019, muitas vezes, com seus pr\u00f3prios celulares. As consequ\u00eancias, tanto do acesso a conte\u00fado inadequado quanto do uso excessivo, t\u00eam sido constatadas nos relatos de acidentes, abusos de privacidade, dist\u00farbios de aprendizado, baixo desempenho escolar, atrasos no desenvolvimento, entre outros.<\/p>\n<hr \/>\n<div class=\"_df_book df-lite\" id=\"df_1168\"  _slug=\"menos-telas-mais-saude\" data-title=\"menos-telas-mais-saude\" wpoptions=\"true\" thumb=\"http:\/\/www.telessaude.uerj.br\/escola\/wp-content\/uploads\/sites\/6\/2023\/10\/fundo.jpg\" thumbtype=\"\" ><\/div><script class=\"df-shortcode-script\" nowprocket type=\"application\/javascript\">window.option_df_1168 = {\"outline\":[],\"autoEnableOutline\":\"false\",\"autoEnableThumbnail\":\"false\",\"overwritePDFOutline\":\"false\",\"direction\":\"1\",\"pageSize\":\"0\",\"source\":\"http:\\\/\\\/www.telessaude.uerj.br\\\/escola\\\/wp-content\\\/uploads\\\/sites\\\/6\\\/2024\\\/04\\\/22246c-ManOrient_-__MenosTelas__MaisSaude.pdf\",\"wpOptions\":\"true\"}; if(window.DFLIP && window.DFLIP.parseBooks){window.DFLIP.parseBooks();}<\/script>\n<hr \/>\n<p><strong>Saiba mais em:\u00a0<\/strong> <a href=\"https:\/\/www.sbp.com.br\/imprensa\/detalhe\/nid\/sbp-atualiza-recomendacoes-sobre-saude-de-criancas-e-adolescentes-na-era-digital\/\">www.sbp.com.br\/imprensa\/detalhe\/nid\/sbp-atualiza-recomendacoes-sobre-saude-de-criancas-e-adolescentes-na-era-digital\/<\/a><\/p>\n","protected":false},"excerpt":{"rendered":"<p>A Sociedade Brasileira de Pediatria (SBP) divulgou nesta ter\u00e7a-feira (11), data em que se comemora o Dia da Internet Segura, [&hellip;]<\/p>\n","protected":false},"author":4,"featured_media":1103,"parent":0,"menu_order":0,"comment_status":"closed","ping_status":"closed","template":"","meta":{"_monsterinsights_skip_tracking":false,"_monsterinsights_sitenote_active":false,"_monsterinsights_sitenote_note":"","_monsterinsights_sitenote_category":0,"footnotes":""},"class_list":["post-1102","page","type-page","status-publish","has-post-thumbnail","hentry"],"aioseo_notices":[],"_links":{"self":[{"href":"https:\/\/www.telessaude.uerj.br\/escola\/wp-json\/wp\/v2\/pages\/1102","targetHints":{"allow":["GET"]}}],"collection":[{"href":"https:\/\/www.telessaude.uerj.br\/escola\/wp-json\/wp\/v2\/pages"}],"about":[{"href":"https:\/\/www.telessaude.uerj.br\/escola\/wp-json\/wp\/v2\/types\/page"}],"author":[{"embeddable":true,"href":"https:\/\/www.telessaude.uerj.br\/escola\/wp-json\/wp\/v2\/users\/4"}],"replies":[{"embeddable":true,"href":"https:\/\/www.telessaude.uerj.br\/escola\/wp-json\/wp\/v2\/comments?post=1102"}],"version-history":[{"count":2,"href":"https:\/\/www.telessaude.uerj.br\/escola\/wp-json\/wp\/v2\/pages\/1102\/revisions"}],"predecessor-version":[{"id":1174,"href":"https:\/\/www.telessaude.uerj.br\/escola\/wp-json\/wp\/v2\/pages\/1102\/revisions\/1174"}],"wp:featuredmedia":[{"embeddable":true,"href":"https:\/\/www.telessaude.uerj.br\/escola\/wp-json\/wp\/v2\/media\/1103"}],"wp:attachment":[{"href":"https:\/\/www.telessaude.uerj.br\/escola\/wp-json\/wp\/v2\/media?parent=1102"}],"curies":[{"name":"wp","href":"https:\/\/api.w.org\/{rel}","templated":true}]}}