{"id":1128,"date":"2023-11-09T11:49:18","date_gmt":"2023-11-09T14:49:18","guid":{"rendered":"https:\/\/www.telessaude.uerj.br\/escola\/?page_id=1128"},"modified":"2023-11-09T12:09:11","modified_gmt":"2023-11-09T15:09:11","slug":"saude-mental-infantil","status":"publish","type":"page","link":"https:\/\/www.telessaude.uerj.br\/escola\/saude-mental-infantil\/","title":{"rendered":"Sa\u00fade mental infantil"},"content":{"rendered":"<h1 class=\"h1\">Sa\u00fade mental infantil<\/h1>\n<h3 class=\"sub-title center\">Como podemos cuidar da mente das crian\u00e7as para garantir um desenvolvimento saud\u00e1vel?<\/h3>\n<div class=\"xdj266r x11i5rnm xat24cr x1mh8g0r x1vvkbs x126k92a\">\n<div dir=\"auto\">Nos dias atuais, cada vez mais se discute a import\u00e2ncia da sa\u00fade mental no nosso cotidiano, seja no contexto familiar, no ambiente escolar ou trabalho. De acordo com a Organiza\u00e7\u00e3o Mundial da Sa\u00fade, \u201csa\u00fade mental\u201d pode ser definida como o bem-estar em n\u00edveis \u00f3timos, bem como a capacidade de interpretar o meio que estamos inseridos e manter um bom funcionamento psicossocial. Na inf\u00e2ncia, 75% dos transtornos mentais apresentam o seu in\u00edcio nessa fase da vida, j\u00e1 metade desses transtornos ocorre at\u00e9 os 14 anos de idade. Voc\u00ea j\u00e1 sabia sobre isso? Estigmas existentes em rela\u00e7\u00e3o \u00e0 sa\u00fade mental, a vergonha e o medo necessitam ser deixados de lado para que possamos ter zelo com a mente das nossas crian\u00e7as. Desse modo, \u00e9 de grande urg\u00eancia e preocupa\u00e7\u00e3o discutirmos os fatores relacionados com o tema.<\/div>\n<div dir=\"auto\"><\/div>\n<\/div>\n<div class=\"x11i5rnm xat24cr x1mh8g0r x1vvkbs xtlvy1s x126k92a\">\n<div dir=\"auto\"><\/div>\n<div dir=\"auto\">\n<hr \/>\n<\/div>\n<div dir=\"auto\"><\/div>\n<\/div>\n<p><img loading=\"lazy\" decoding=\"async\" class=\"alignnone wp-image-1129\" src=\"http:\/\/www.telessaude.uerj.br\/escola\/wp-content\/uploads\/sites\/6\/2023\/11\/1-300x300.jpg\" alt=\"\" width=\"400\" height=\"400\" srcset=\"https:\/\/www.telessaude.uerj.br\/escola\/wp-content\/uploads\/sites\/6\/2023\/11\/1-300x300.jpg 300w, https:\/\/www.telessaude.uerj.br\/escola\/wp-content\/uploads\/sites\/6\/2023\/11\/1-1024x1024.jpg 1024w, https:\/\/www.telessaude.uerj.br\/escola\/wp-content\/uploads\/sites\/6\/2023\/11\/1-150x150.jpg 150w, https:\/\/www.telessaude.uerj.br\/escola\/wp-content\/uploads\/sites\/6\/2023\/11\/1-768x768.jpg 768w, https:\/\/www.telessaude.uerj.br\/escola\/wp-content\/uploads\/sites\/6\/2023\/11\/1.jpg 1080w\" sizes=\"auto, (max-width: 400px) 100vw, 400px\" \/> <img loading=\"lazy\" decoding=\"async\" class=\"alignnone wp-image-1130\" src=\"http:\/\/www.telessaude.uerj.br\/escola\/wp-content\/uploads\/sites\/6\/2023\/11\/2-300x300.jpg\" alt=\"\" width=\"400\" height=\"400\" srcset=\"https:\/\/www.telessaude.uerj.br\/escola\/wp-content\/uploads\/sites\/6\/2023\/11\/2-300x300.jpg 300w, https:\/\/www.telessaude.uerj.br\/escola\/wp-content\/uploads\/sites\/6\/2023\/11\/2-1024x1024.jpg 1024w, https:\/\/www.telessaude.uerj.br\/escola\/wp-content\/uploads\/sites\/6\/2023\/11\/2-150x150.jpg 150w, https:\/\/www.telessaude.uerj.br\/escola\/wp-content\/uploads\/sites\/6\/2023\/11\/2-768x768.jpg 768w, https:\/\/www.telessaude.uerj.br\/escola\/wp-content\/uploads\/sites\/6\/2023\/11\/2.jpg 1080w\" sizes=\"auto, (max-width: 400px) 100vw, 400px\" \/><\/p>\n<p><img loading=\"lazy\" decoding=\"async\" class=\"alignnone wp-image-1131\" src=\"http:\/\/www.telessaude.uerj.br\/escola\/wp-content\/uploads\/sites\/6\/2023\/11\/3-300x300.jpg\" alt=\"\" width=\"400\" height=\"400\" srcset=\"https:\/\/www.telessaude.uerj.br\/escola\/wp-content\/uploads\/sites\/6\/2023\/11\/3-300x300.jpg 300w, https:\/\/www.telessaude.uerj.br\/escola\/wp-content\/uploads\/sites\/6\/2023\/11\/3-1024x1024.jpg 1024w, https:\/\/www.telessaude.uerj.br\/escola\/wp-content\/uploads\/sites\/6\/2023\/11\/3-150x150.jpg 150w, https:\/\/www.telessaude.uerj.br\/escola\/wp-content\/uploads\/sites\/6\/2023\/11\/3-768x768.jpg 768w, https:\/\/www.telessaude.uerj.br\/escola\/wp-content\/uploads\/sites\/6\/2023\/11\/3.jpg 1080w\" sizes=\"auto, (max-width: 400px) 100vw, 400px\" \/> <img loading=\"lazy\" decoding=\"async\" class=\"alignnone wp-image-1132\" src=\"http:\/\/www.telessaude.uerj.br\/escola\/wp-content\/uploads\/sites\/6\/2023\/11\/4-300x300.jpg\" alt=\"\" width=\"400\" height=\"400\" srcset=\"https:\/\/www.telessaude.uerj.br\/escola\/wp-content\/uploads\/sites\/6\/2023\/11\/4-300x300.jpg 300w, https:\/\/www.telessaude.uerj.br\/escola\/wp-content\/uploads\/sites\/6\/2023\/11\/4-1024x1024.jpg 1024w, https:\/\/www.telessaude.uerj.br\/escola\/wp-content\/uploads\/sites\/6\/2023\/11\/4-150x150.jpg 150w, https:\/\/www.telessaude.uerj.br\/escola\/wp-content\/uploads\/sites\/6\/2023\/11\/4-768x768.jpg 768w, https:\/\/www.telessaude.uerj.br\/escola\/wp-content\/uploads\/sites\/6\/2023\/11\/4.jpg 1080w\" sizes=\"auto, (max-width: 400px) 100vw, 400px\" \/><\/p>\n<p><img loading=\"lazy\" decoding=\"async\" class=\"alignnone wp-image-1133\" src=\"http:\/\/www.telessaude.uerj.br\/escola\/wp-content\/uploads\/sites\/6\/2023\/11\/5-300x300.jpg\" alt=\"\" width=\"400\" height=\"400\" srcset=\"https:\/\/www.telessaude.uerj.br\/escola\/wp-content\/uploads\/sites\/6\/2023\/11\/5-300x300.jpg 300w, https:\/\/www.telessaude.uerj.br\/escola\/wp-content\/uploads\/sites\/6\/2023\/11\/5-1024x1024.jpg 1024w, https:\/\/www.telessaude.uerj.br\/escola\/wp-content\/uploads\/sites\/6\/2023\/11\/5-150x150.jpg 150w, https:\/\/www.telessaude.uerj.br\/escola\/wp-content\/uploads\/sites\/6\/2023\/11\/5-768x768.jpg 768w, https:\/\/www.telessaude.uerj.br\/escola\/wp-content\/uploads\/sites\/6\/2023\/11\/5.jpg 1080w\" sizes=\"auto, (max-width: 400px) 100vw, 400px\" \/> <img loading=\"lazy\" decoding=\"async\" class=\"alignnone wp-image-1134\" src=\"http:\/\/www.telessaude.uerj.br\/escola\/wp-content\/uploads\/sites\/6\/2023\/11\/6-300x300.jpg\" alt=\"\" width=\"400\" height=\"400\" srcset=\"https:\/\/www.telessaude.uerj.br\/escola\/wp-content\/uploads\/sites\/6\/2023\/11\/6-300x300.jpg 300w, https:\/\/www.telessaude.uerj.br\/escola\/wp-content\/uploads\/sites\/6\/2023\/11\/6-1024x1024.jpg 1024w, https:\/\/www.telessaude.uerj.br\/escola\/wp-content\/uploads\/sites\/6\/2023\/11\/6-150x150.jpg 150w, https:\/\/www.telessaude.uerj.br\/escola\/wp-content\/uploads\/sites\/6\/2023\/11\/6-768x768.jpg 768w, https:\/\/www.telessaude.uerj.br\/escola\/wp-content\/uploads\/sites\/6\/2023\/11\/6.jpg 1080w\" sizes=\"auto, (max-width: 400px) 100vw, 400px\" \/><\/p>\n<p><img loading=\"lazy\" decoding=\"async\" class=\"alignnone wp-image-1135\" src=\"http:\/\/www.telessaude.uerj.br\/escola\/wp-content\/uploads\/sites\/6\/2023\/11\/7-300x300.jpg\" alt=\"\" width=\"400\" height=\"400\" srcset=\"https:\/\/www.telessaude.uerj.br\/escola\/wp-content\/uploads\/sites\/6\/2023\/11\/7-300x300.jpg 300w, https:\/\/www.telessaude.uerj.br\/escola\/wp-content\/uploads\/sites\/6\/2023\/11\/7-1024x1024.jpg 1024w, https:\/\/www.telessaude.uerj.br\/escola\/wp-content\/uploads\/sites\/6\/2023\/11\/7-150x150.jpg 150w, https:\/\/www.telessaude.uerj.br\/escola\/wp-content\/uploads\/sites\/6\/2023\/11\/7-768x768.jpg 768w, https:\/\/www.telessaude.uerj.br\/escola\/wp-content\/uploads\/sites\/6\/2023\/11\/7.jpg 1080w\" sizes=\"auto, (max-width: 400px) 100vw, 400px\" \/> <img loading=\"lazy\" decoding=\"async\" class=\"alignnone wp-image-1136\" src=\"http:\/\/www.telessaude.uerj.br\/escola\/wp-content\/uploads\/sites\/6\/2023\/11\/8-300x300.jpg\" alt=\"\" width=\"400\" height=\"400\" srcset=\"https:\/\/www.telessaude.uerj.br\/escola\/wp-content\/uploads\/sites\/6\/2023\/11\/8-300x300.jpg 300w, https:\/\/www.telessaude.uerj.br\/escola\/wp-content\/uploads\/sites\/6\/2023\/11\/8-1024x1024.jpg 1024w, https:\/\/www.telessaude.uerj.br\/escola\/wp-content\/uploads\/sites\/6\/2023\/11\/8-150x150.jpg 150w, https:\/\/www.telessaude.uerj.br\/escola\/wp-content\/uploads\/sites\/6\/2023\/11\/8-768x768.jpg 768w, https:\/\/www.telessaude.uerj.br\/escola\/wp-content\/uploads\/sites\/6\/2023\/11\/8.jpg 1080w\" sizes=\"auto, (max-width: 400px) 100vw, 400px\" \/><\/p>\n<hr \/>\n<p><em>Reda\u00e7\u00e3o: Thalyta Lima; Nathan Felipini Ferreira; Emily Celes Barrozo; Mariana Oliveira Mendes; Raphael Oliveira Sipriano<br \/>\nRevis\u00e3o: Raphael Oliveira Sipriano; Ian Vitor Freitas<\/em><\/p>\n<div class=\"footnote-text\">Blog escrito pelas volunt\u00e1rias e pelos volunt\u00e1rios do #tmjUNICEF, o programa de voluntariado digital do <a href=\"https:\/\/www.unicef.org\/brazil\/\">UNICEF<\/a>. S\u00e3o adolescentes e jovens de todo o Brasil que participam de forma\u00e7\u00f5es sobre direitos de crian\u00e7as e adolescentes, mudan\u00e7as clim\u00e1ticas, sa\u00fade mental e combate \u00e0s\u00a0<em>fake news<\/em>\u00a0e \u00e0 desinforma\u00e7\u00e3o.<\/div>\n<div><\/div>\n<div>\n<hr \/>\n<\/div>\n<p><strong>Saiba mais em: <a class=\"x1i10hfl xjbqb8w x6umtig x1b1mbwd xaqea5y xav7gou x9f619 x1ypdohk xt0psk2 xe8uvvx xdj266r x11i5rnm xat24cr x1mh8g0r xexx8yu x4uap5 x18d9i69 xkhd6sd x16tdsg8 x1hl2dhg xggy1nq x1a2a7pz xt0b8zv x1fey0fg\" role=\"link\" href=\"https:\/\/bit.ly\/3QljONs?fbclid=IwAR3pRJKrpOj5ukj4RTJMeRV4ZS_4YAU4Hq1IUfDSB90sNk8s1W3TIxD4o-w\" target=\"_blank\" rel=\"nofollow noopener noreferrer\">https:\/\/bit.ly\/3QljONs<\/a><\/strong><\/p>\n","protected":false},"excerpt":{"rendered":"<p>Sa\u00fade mental infantil Como podemos cuidar da mente das crian\u00e7as para garantir um desenvolvimento saud\u00e1vel? Nos dias atuais, cada vez [&hellip;]<\/p>\n","protected":false},"author":4,"featured_media":0,"parent":0,"menu_order":0,"comment_status":"closed","ping_status":"closed","template":"","meta":{"_monsterinsights_skip_tracking":false,"_monsterinsights_sitenote_active":false,"_monsterinsights_sitenote_note":"","_monsterinsights_sitenote_category":0,"footnotes":""},"class_list":["post-1128","page","type-page","status-publish","hentry"],"aioseo_notices":[],"_links":{"self":[{"href":"https:\/\/www.telessaude.uerj.br\/escola\/wp-json\/wp\/v2\/pages\/1128","targetHints":{"allow":["GET"]}}],"collection":[{"href":"https:\/\/www.telessaude.uerj.br\/escola\/wp-json\/wp\/v2\/pages"}],"about":[{"href":"https:\/\/www.telessaude.uerj.br\/escola\/wp-json\/wp\/v2\/types\/page"}],"author":[{"embeddable":true,"href":"https:\/\/www.telessaude.uerj.br\/escola\/wp-json\/wp\/v2\/users\/4"}],"replies":[{"embeddable":true,"href":"https:\/\/www.telessaude.uerj.br\/escola\/wp-json\/wp\/v2\/comments?post=1128"}],"version-history":[{"count":2,"href":"https:\/\/www.telessaude.uerj.br\/escola\/wp-json\/wp\/v2\/pages\/1128\/revisions"}],"predecessor-version":[{"id":1149,"href":"https:\/\/www.telessaude.uerj.br\/escola\/wp-json\/wp\/v2\/pages\/1128\/revisions\/1149"}],"wp:attachment":[{"href":"https:\/\/www.telessaude.uerj.br\/escola\/wp-json\/wp\/v2\/media?parent=1128"}],"curies":[{"name":"wp","href":"https:\/\/api.w.org\/{rel}","templated":true}]}}