{"id":1179,"date":"2024-04-02T15:43:59","date_gmt":"2024-04-02T18:43:59","guid":{"rendered":"https:\/\/www.telessaude.uerj.br\/escola\/?page_id=1179"},"modified":"2024-04-02T15:51:36","modified_gmt":"2024-04-02T18:51:36","slug":"transtorno-de-espectro-autista-tea-orientacoes-para-as-familias","status":"publish","type":"page","link":"https:\/\/www.telessaude.uerj.br\/escola\/transtorno-de-espectro-autista-tea-orientacoes-para-as-familias\/","title":{"rendered":"Transtorno de Espectro Autista (TEA) &#8211; Orienta\u00e7\u00f5es para as fam\u00edlias"},"content":{"rendered":"<p>A ideia da elabora\u00e7\u00e3o do manual <strong>Transtorno de Espectro Autista (TEA) &#8211; Orienta\u00e7\u00f5es para as fam\u00edlias<\/strong> surgiu da necessidade de esclarecer as d\u00favidas e responder aos questionamentos das fam\u00edlias sobre diversas situa\u00e7\u00f5es do dia a dia enfrentadas junto aos seus filhos com TEA, durante os atendimentos no ambulat\u00f3rio de pediatria do desenvolvimento.\u00a0 (&#8230;) Esse <strong>manual fornece em linguagem simples estrat\u00e9gias fact\u00edveis para melhorar a qualidade de vida em diferentes contextos e ensina a dirigir compet\u00eancias para autonomia das crian\u00e7as e jovens com TEA.<\/strong><\/p>\n<hr \/>\n<div class=\"_df_book df-lite\" id=\"df_1175\"  _slug=\"1175\" data-title=\"transtorno-de-espectro-autista-tea-orientacoes-para-as-familias\" wpoptions=\"true\" thumb=\"http:\/\/www.telessaude.uerj.br\/escola\/wp-content\/uploads\/sites\/6\/2024\/04\/Captura-de-Tela-2024-04-02-as-15.38.11.png\" thumbtype=\"\" ><\/div><script class=\"df-shortcode-script\" nowprocket type=\"application\/javascript\">window.option_df_1175 = {\"outline\":[],\"autoEnableOutline\":\"false\",\"autoEnableThumbnail\":\"false\",\"overwritePDFOutline\":\"false\",\"direction\":\"1\",\"pageSize\":\"0\",\"source\":\"http:\\\/\\\/www.telessaude.uerj.br\\\/escola\\\/wp-content\\\/uploads\\\/sites\\\/6\\\/2024\\\/04\\\/TRANSTORNO-DO-ESPECTRO-AUTISTA-Orientacoes-para-as-Familias.pdf\",\"wpOptions\":\"true\"}; if(window.DFLIP && window.DFLIP.parseBooks){window.DFLIP.parseBooks();}<\/script>\n","protected":false},"excerpt":{"rendered":"<p>A ideia da elabora\u00e7\u00e3o do manual Transtorno de Espectro Autista (TEA) &#8211; Orienta\u00e7\u00f5es para as fam\u00edlias surgiu da necessidade de [&hellip;]<\/p>\n","protected":false},"author":4,"featured_media":0,"parent":0,"menu_order":0,"comment_status":"closed","ping_status":"closed","template":"","meta":{"_monsterinsights_skip_tracking":false,"_monsterinsights_sitenote_active":false,"_monsterinsights_sitenote_note":"","_monsterinsights_sitenote_category":0,"footnotes":""},"class_list":["post-1179","page","type-page","status-publish","hentry"],"aioseo_notices":[],"_links":{"self":[{"href":"https:\/\/www.telessaude.uerj.br\/escola\/wp-json\/wp\/v2\/pages\/1179","targetHints":{"allow":["GET"]}}],"collection":[{"href":"https:\/\/www.telessaude.uerj.br\/escola\/wp-json\/wp\/v2\/pages"}],"about":[{"href":"https:\/\/www.telessaude.uerj.br\/escola\/wp-json\/wp\/v2\/types\/page"}],"author":[{"embeddable":true,"href":"https:\/\/www.telessaude.uerj.br\/escola\/wp-json\/wp\/v2\/users\/4"}],"replies":[{"embeddable":true,"href":"https:\/\/www.telessaude.uerj.br\/escola\/wp-json\/wp\/v2\/comments?post=1179"}],"version-history":[{"count":2,"href":"https:\/\/www.telessaude.uerj.br\/escola\/wp-json\/wp\/v2\/pages\/1179\/revisions"}],"predecessor-version":[{"id":1189,"href":"https:\/\/www.telessaude.uerj.br\/escola\/wp-json\/wp\/v2\/pages\/1179\/revisions\/1189"}],"wp:attachment":[{"href":"https:\/\/www.telessaude.uerj.br\/escola\/wp-json\/wp\/v2\/media?parent=1179"}],"curies":[{"name":"wp","href":"https:\/\/api.w.org\/{rel}","templated":true}]}}