{"id":1203,"date":"2024-12-19T17:39:45","date_gmt":"2024-12-19T20:39:45","guid":{"rendered":"https:\/\/www.telessaude.uerj.br\/escola\/?page_id=1203"},"modified":"2024-12-19T17:44:04","modified_gmt":"2024-12-19T20:44:04","slug":"doctor-safety-books","status":"publish","type":"page","link":"https:\/\/www.telessaude.uerj.br\/escola\/doctor-safety-books\/","title":{"rendered":"Doctor Safety Books"},"content":{"rendered":"<p>A <strong>Elsevier Foundation<\/strong>, em parceria com a World Patients Alliance, orgulhosamente apresenta a primeira cole\u00e7\u00e3o de livros infantis para Seguran\u00e7a do Paciente.<\/p>\n<p>Doutora Seguran\u00e7a \u00e9 uma cole\u00e7\u00e3o de 5 livros que podem ser baixados de forma gratuita e personaliz\u00e1vel com a logo da sua institui\u00e7\u00e3o.<\/p>\n<p>Al\u00e9m disso, temos <strong>Brazuca<\/strong> nessa iniciativa. \ud83e\udd29\ud83c\udde7\ud83c\uddf7<br \/>\n<strong>Lais Junqueira<\/strong>, gerente de Inova\u00e7\u00e3o, Qualidade e Seguran\u00e7a do Paciente na Elsevier e membro do Conselho Cient\u00edfico da SOBRASP, faz parte do Board de Melhores Pr\u00e1ticas da Elsevier e percorre diversos pa\u00edses com Workshops de Zero Harm (Dano Zero ao Paciente).<\/p>\n<p><img loading=\"lazy\" decoding=\"async\" class=\"alignnone size-full wp-image-1206\" src=\"http:\/\/www.telessaude.uerj.br\/escola\/wp-content\/uploads\/sites\/6\/2024\/12\/Captura-de-Tela-2024-12-19-as-17.42.56.png\" alt=\"\" width=\"776\" height=\"385\" srcset=\"https:\/\/www.telessaude.uerj.br\/escola\/wp-content\/uploads\/sites\/6\/2024\/12\/Captura-de-Tela-2024-12-19-as-17.42.56.png 776w, https:\/\/www.telessaude.uerj.br\/escola\/wp-content\/uploads\/sites\/6\/2024\/12\/Captura-de-Tela-2024-12-19-as-17.42.56-300x149.png 300w, https:\/\/www.telessaude.uerj.br\/escola\/wp-content\/uploads\/sites\/6\/2024\/12\/Captura-de-Tela-2024-12-19-as-17.42.56-768x381.png 768w\" sizes=\"auto, (max-width: 776px) 100vw, 776px\" \/><\/p>\n<ul>\n<li>\n<h3><strong><a href=\"https:\/\/elsevierfoundation.org\/patient-safety-children-books\/\">Para acessar os livros, clique aqui!\u00a0<\/a><\/strong><\/h3>\n<\/li>\n<\/ul>\n<p>Siga-nos em nossos canais e redes sociais, fique por dentro dessa e de outras iniciativas como esta.<\/p>\n<p>LinkedIn: <a href=\"https:\/\/www.linkedin.com\/in\/laisjunqueira\/\" target=\"_blank\" rel=\"noopener\">linkedin.com\/in\/laisjunqueira<\/a><br \/>\nInstagram: <a href=\"https:\/\/www.instagram.com\/doctorsafetybooks\/\">@doctorsafetybooks<\/a><\/p>\n<p>Fernanda da Cal<br \/>\nGerente de Contas Acad\u00eamicas &#8211; Brasil<br \/>\n\ud83d\udce7 : f.dacal@elsevier.com<br \/>\n\ud83d\udcf1: +55 21 99248-1054<\/p>\n","protected":false},"excerpt":{"rendered":"<p>A Elsevier Foundation, em parceria com a World Patients Alliance, orgulhosamente apresenta a primeira cole\u00e7\u00e3o de livros infantis para Seguran\u00e7a [&hellip;]<\/p>\n","protected":false},"author":4,"featured_media":0,"parent":0,"menu_order":0,"comment_status":"closed","ping_status":"closed","template":"","meta":{"_monsterinsights_skip_tracking":false,"_monsterinsights_sitenote_active":false,"_monsterinsights_sitenote_note":"","_monsterinsights_sitenote_category":0,"footnotes":""},"class_list":["post-1203","page","type-page","status-publish","hentry"],"aioseo_notices":[],"_links":{"self":[{"href":"https:\/\/www.telessaude.uerj.br\/escola\/wp-json\/wp\/v2\/pages\/1203","targetHints":{"allow":["GET"]}}],"collection":[{"href":"https:\/\/www.telessaude.uerj.br\/escola\/wp-json\/wp\/v2\/pages"}],"about":[{"href":"https:\/\/www.telessaude.uerj.br\/escola\/wp-json\/wp\/v2\/types\/page"}],"author":[{"embeddable":true,"href":"https:\/\/www.telessaude.uerj.br\/escola\/wp-json\/wp\/v2\/users\/4"}],"replies":[{"embeddable":true,"href":"https:\/\/www.telessaude.uerj.br\/escola\/wp-json\/wp\/v2\/comments?post=1203"}],"version-history":[{"count":1,"href":"https:\/\/www.telessaude.uerj.br\/escola\/wp-json\/wp\/v2\/pages\/1203\/revisions"}],"predecessor-version":[{"id":1207,"href":"https:\/\/www.telessaude.uerj.br\/escola\/wp-json\/wp\/v2\/pages\/1203\/revisions\/1207"}],"wp:attachment":[{"href":"https:\/\/www.telessaude.uerj.br\/escola\/wp-json\/wp\/v2\/media?parent=1203"}],"curies":[{"name":"wp","href":"https:\/\/api.w.org\/{rel}","templated":true}]}}