{"id":11,"date":"2018-07-24T14:50:59","date_gmt":"2018-07-24T14:50:59","guid":{"rendered":"https:\/\/www.telessaude.uerj.br\/mestrado\/?page_id=11"},"modified":"2024-06-21T15:53:53","modified_gmt":"2024-06-21T18:53:53","slug":"processoseletivo-2018","status":"publish","type":"page","link":"https:\/\/www.telessaude.uerj.br\/mestrado\/processoseletivo-2018\/","title":{"rendered":"PROCESSO SELETIVO 2018"},"content":{"rendered":"<p style=\"text-align: center\"><img loading=\"lazy\" decoding=\"async\" class=\"alignnone size-full wp-image-689 aligncenter\" src=\"https:\/\/www.telessaude.uerj.br\/wp-content\/uploads\/sites\/3\/2018\/07\/iconeprocessoseletivo2019.png\" alt=\"\" width=\"110\" height=\"117\" \/><strong>PROCESSO SELETIVO 2018<\/strong><\/p>\n<p style=\"text-align: center\">A Unidade Docente Tecnol\u00f3gica Laborat\u00f3rio de Telessa\u00fade, da Universidade do Estado do Rio de Janeiro (UERJ), faz saber aos interessados que, no per\u00edodo de <strong>08\/10\/2018 at\u00e9 08\/11\/2018<\/strong>, estar\u00e3o abertas as inscri\u00e7\u00f5es para a sele\u00e7\u00e3o dos candidatos ao <strong>Programa de P\u00f3s-gradua\u00e7\u00e3o em Telemedicina e Telessa\u00fade \u2013 <\/strong><strong>curso de Mestrado Profissional em Telemedicina e Telessa\u00fade (MPTT)<\/strong>, para turma com in\u00edcio em <strong>Mar\u00e7o de <\/strong><strong>2019.<\/strong><\/p>\n<p>&nbsp;<\/p>\n\n<table id=\"tablepress-24\" class=\"tablepress tablepress-id-24\">\n<tbody>\n<tr class=\"row-1\">\n\t<td class=\"column-1\"><strong>Resultados | Classifica\u00e7\u00e3o Aprovados Sele\u00e7\u00e3o 2018<\/strong><\/td><td class=\"column-2\"><a href=\"http:\/\/www.telessaude.uerj.br\/mestrado\/docs\/03122018RESULTADOFINALPROCESSOSELETIVO2018.pdf\"><img loading=\"lazy\" decoding=\"async\" src=\"\/mestrado\/wp-content\/uploads\/2018\/07\/iconeprocessoseletivo.png\" alt=\"\" width=\"67\" height=\"62\" class=\"alignnone size-full wp-image-693\" \/><\/a><\/td>\n<\/tr>\n<tr class=\"row-2\">\n\t<td class=\"column-1\"><strong>Resultados | Etapas | Curr\u00edculo, Ingl\u00eas e Entrevista<\/strong><\/td><td class=\"column-2\"><a href=\"http:\/\/www.telessaude.uerj.br\/mestrado\/docs\/MESTRADORESULTADOFINALPROCESSOSELETIVO2018.pdf\"><img loading=\"lazy\" decoding=\"async\" src=\"\/mestrado\/wp-content\/uploads\/2018\/07\/iconeprocessoseletivo.png\" alt=\"\" width=\"67\" height=\"62\" class=\"alignnone size-full wp-image-693\" \/><\/a><\/td>\n<\/tr>\n<tr class=\"row-3\">\n\t<td class=\"column-1\"><strong>Resultado | Etapa | Inscri\u00e7\u00f5es Aprovadas<\/strong><\/td><td class=\"column-2\"><a href=\"http:\/\/www.telessaude.uerj.br\/mestrado\/docs\/MESTRADO TELESSAUDERESULTADO INSCRICOESEM14112018.pdf\"><img loading=\"lazy\" decoding=\"async\" src=\"\/mestrado\/wp-content\/uploads\/2018\/07\/iconeprocessoseletivo.png\" alt=\"\" width=\"67\" height=\"62\" class=\"alignnone size-full wp-image-693\" \/><\/a><\/td>\n<\/tr>\n<tr class=\"row-4\">\n\t<td class=\"column-1\"><strong>Modelo de Projeto de Pesquisa<\/strong><\/td><td class=\"column-2\"><a href=\"http:\/\/www.telessaude.uerj.br\/mestrado\/docs\/MODELO PROJETO DE PESQUISA.docx\"><img loading=\"lazy\" decoding=\"async\" src=\"\/mestrado\/wp-content\/uploads\/2018\/07\/iconeprocessoseletivo.png\" alt=\"\" width=\"67\" height=\"62\" class=\"alignnone size-full wp-image-693\" \/><\/a><\/td>\n<\/tr>\n<tr class=\"row-5\">\n\t<td class=\"column-1\"><strong>Manual de Orienta\u00e7\u00e3o para Candidatos \u00e0 vagas reserva de vagas<br \/>\n<\/strong><\/td><td class=\"column-2\"><a href=\"http:\/\/www.telessaude.uerj.br\/mestrado\/docs\/2019_MANUAL DE ORIENTA\u00c7\u00c3O PARA CANDIDATOS \u00c0 VAGAS RESERVA DE VAGAS.pdf\"><img loading=\"lazy\" decoding=\"async\" src=\"\/mestrado\/wp-content\/uploads\/2018\/07\/iconeprocessoseletivo.png\" alt=\"\" width=\"67\" height=\"62\" class=\"alignnone size-full wp-image-693\" \/><\/a><\/td>\n<\/tr>\n<tr class=\"row-6\">\n\t<td class=\"column-1\"><strong>Informa\u00e7\u00f5es Socioecon\u00f4micas<\/strong><\/td><td class=\"column-2\"><a href=\"http:\/\/www.telessaude.uerj.br\/mestrado\/docs\/2019_INFORMA\u00c7\u00d5ES SOCIOECON\u00d4MICAS.pdf\"><img loading=\"lazy\" decoding=\"async\" src=\"\/mestrado\/wp-content\/uploads\/2018\/07\/iconeprocessoseletivo.png\" alt=\"\" width=\"67\" height=\"62\" class=\"alignnone size-full wp-image-693\" \/><\/a><\/td>\n<\/tr>\n<tr class=\"row-7\">\n\t<td class=\"column-1\"><strong>Edital 2018<\/strong><\/td><td class=\"column-2\"><a href=\"http:\/\/www.telessaude.uerj.br\/mestrado\/docs\/2019_edital.pdf\"><img loading=\"lazy\" decoding=\"async\" src=\"\/mestrado\/wp-content\/uploads\/2018\/07\/iconeprocessoseletivo.png\" alt=\"\" width=\"67\" height=\"62\" class=\"alignnone size-full wp-image-693\" \/><\/a><\/td>\n<\/tr>\n<\/tbody>\n<\/table>\n<!-- #tablepress-24 from cache -->\n<p>&nbsp;<\/p>\n","protected":false},"excerpt":{"rendered":"<p>PROCESSO SELETIVO 2018 A Unidade Docente Tecnol\u00f3gica Laborat\u00f3rio de Telessa\u00fade, da Universidade do Estado do Rio de Janeiro (UERJ), faz [&hellip;]<\/p>\n","protected":false},"author":1,"featured_media":0,"parent":0,"menu_order":0,"comment_status":"closed","ping_status":"closed","template":"","meta":{"_monsterinsights_skip_tracking":false,"_monsterinsights_sitenote_active":false,"_monsterinsights_sitenote_note":"","_monsterinsights_sitenote_category":0,"footnotes":""},"class_list":["post-11","page","type-page","status-publish","hentry"],"aioseo_notices":[],"_links":{"self":[{"href":"https:\/\/www.telessaude.uerj.br\/mestrado\/wp-json\/wp\/v2\/pages\/11","targetHints":{"allow":["GET"]}}],"collection":[{"href":"https:\/\/www.telessaude.uerj.br\/mestrado\/wp-json\/wp\/v2\/pages"}],"about":[{"href":"https:\/\/www.telessaude.uerj.br\/mestrado\/wp-json\/wp\/v2\/types\/page"}],"author":[{"embeddable":true,"href":"https:\/\/www.telessaude.uerj.br\/mestrado\/wp-json\/wp\/v2\/users\/1"}],"replies":[{"embeddable":true,"href":"https:\/\/www.telessaude.uerj.br\/mestrado\/wp-json\/wp\/v2\/comments?post=11"}],"version-history":[{"count":1,"href":"https:\/\/www.telessaude.uerj.br\/mestrado\/wp-json\/wp\/v2\/pages\/11\/revisions"}],"predecessor-version":[{"id":5106,"href":"https:\/\/www.telessaude.uerj.br\/mestrado\/wp-json\/wp\/v2\/pages\/11\/revisions\/5106"}],"wp:attachment":[{"href":"https:\/\/www.telessaude.uerj.br\/mestrado\/wp-json\/wp\/v2\/media?parent=11"}],"curies":[{"name":"wp","href":"https:\/\/api.w.org\/{rel}","templated":true}]}}