{"id":1342,"date":"2018-08-09T19:36:18","date_gmt":"2018-08-09T19:36:18","guid":{"rendered":"https:\/\/www.telessaude.uerj.br\/mestrado\/?page_id=1342"},"modified":"2025-10-09T15:22:45","modified_gmt":"2025-10-09T18:22:45","slug":"passo-a-passo","status":"publish","type":"page","link":"https:\/\/www.telessaude.uerj.br\/mestrado\/passo-a-passo\/","title":{"rendered":"PASSO A PASSO"},"content":{"rendered":"<p><img loading=\"lazy\" decoding=\"async\" class=\"wp-image-4491 size-thumbnail aligncenter\" src=\"https:\/\/www.telessaude.uerj.br\/mestrado\/wp-content\/uploads\/sites\/3\/2023\/11\/vecteezy_3d-checklist-clipboard-concept-icon-or-3d-to-do-list-concept_10915822_878-150x150.png\" alt=\"\" width=\"150\" height=\"150\" srcset=\"https:\/\/www.telessaude.uerj.br\/mestrado\/wp-content\/uploads\/sites\/3\/2023\/11\/vecteezy_3d-checklist-clipboard-concept-icon-or-3d-to-do-list-concept_10915822_878-150x150.png 150w, https:\/\/www.telessaude.uerj.br\/mestrado\/wp-content\/uploads\/sites\/3\/2023\/11\/vecteezy_3d-checklist-clipboard-concept-icon-or-3d-to-do-list-concept_10915822_878-300x300.png 300w, https:\/\/www.telessaude.uerj.br\/mestrado\/wp-content\/uploads\/sites\/3\/2023\/11\/vecteezy_3d-checklist-clipboard-concept-icon-or-3d-to-do-list-concept_10915822_878-1024x1024.png 1024w, https:\/\/www.telessaude.uerj.br\/mestrado\/wp-content\/uploads\/sites\/3\/2023\/11\/vecteezy_3d-checklist-clipboard-concept-icon-or-3d-to-do-list-concept_10915822_878-768x768.png 768w, https:\/\/www.telessaude.uerj.br\/mestrado\/wp-content\/uploads\/sites\/3\/2023\/11\/vecteezy_3d-checklist-clipboard-concept-icon-or-3d-to-do-list-concept_10915822_878-1536x1536.png 1536w, https:\/\/www.telessaude.uerj.br\/mestrado\/wp-content\/uploads\/sites\/3\/2023\/11\/vecteezy_3d-checklist-clipboard-concept-icon-or-3d-to-do-list-concept_10915822_878.png 2000w\" sizes=\"auto, (max-width: 150px) 100vw, 150px\" \/><\/p>\n<p style=\"text-align: center\">\n<table id=\"tablepress-55\" class=\"tablepress tablepress-id-55\">\n<tbody class=\"row-striping\">\n<tr class=\"row-1\">\n\t<td class=\"column-1\"><strong>1) PER\u00cdODO DE INSCRI\u00c7\u00c3O:<\/strong><\/td>\n<\/tr>\n<tr class=\"row-2\">\n\t<td class=\"column-1\">O cronograma dispon\u00edvel do edital rege o per\u00edodo de solicita\u00e7\u00e3o de contato com o orientador e para o pagamento de inscri\u00e7\u00e3o.  <\/td>\n<\/tr>\n<tr class=\"row-3\">\n\t<td class=\"column-1\"><strong>2) VERIFIQUE SE VOC\u00ca ATENDE AOS REQUISITOS DO P\u00daBLICO-ALVO:<\/strong><\/td>\n<\/tr>\n<tr class=\"row-4\">\n\t<td class=\"column-1\"><strong>Candidatos brasileiros:<\/strong> Multiprofissional para portadores de diploma de curso de gradua\u00e7\u00e3o plena n\u00edvel emitido por Institui\u00e7\u00e3o de Ensino Superior (IES) oficial ou reconhecida pelo Conselho Nacional de Educa\u00e7\u00e3o (CNE).<br \/>\n<br \/>\n<strong>Candidatos estrangeiros:<\/strong> No caso de alunos estrangeiros ser\u00e3o aceitos os diplomas conferidos por institui\u00e7\u00f5es reconhecidas em seus pa\u00edses de origem, acompanhados de tradu\u00e7\u00e3o juramentada ou equivalente, reconhecida por autoridade diplom\u00e1tica.<br \/>\n<\/td>\n<\/tr>\n<tr class=\"row-5\">\n\t<td class=\"column-1\"><strong>3) ATUALIZE O SEU CURR\u00cdCULO NA PLATAFORMA LATTES:<\/strong><\/td>\n<\/tr>\n<tr class=\"row-6\">\n\t<td class=\"column-1\">O seu curr\u00edculo no modelo Lattes dever\u00e1 ser apresentado para a sua inscri\u00e7\u00e3o no processo seletivo.<\/td>\n<\/tr>\n<tr class=\"row-7\">\n\t<td class=\"column-1\"><strong>4) IDENTIFIQUE AS LINHAS DE PESQUISA DO MESTRADO TELESSA\u00daDE UERJ:<\/strong><\/td>\n<\/tr>\n<tr class=\"row-8\">\n\t<td class=\"column-1\">Os projetos desenvolvidos no Mestrado <strong>t\u00eam que atender, obrigatoriamente, uma das linhas de pesquisa<\/strong> descritas abaixo:<br \/>\n<br \/>\n- Tecnologias para <strong>assist\u00eancia remota<\/strong> em sa\u00fade<br \/>\n- Tecnologias para <strong>Ensino e Educa\u00e7\u00e3o<\/strong> em sa\u00fade<br \/>\n- Tecnologias para <strong>Produ\u00e7\u00e3o de Informa\u00e7\u00e3o e Intelig\u00eancia Artificial<\/strong> em sa\u00fade<br \/>\n- Tecnologias <strong>Tridimensionais<\/strong> em sa\u00fade<br \/>\n<br \/>\n<\/td>\n<\/tr>\n<tr class=\"row-9\">\n\t<td class=\"column-1\"><strong>5) OS PROJETOS NO MESTRADO DEVER\u00c3O TER UM DOS SEGUINTES OBJETIVOS:<\/strong><\/td>\n<\/tr>\n<tr class=\"row-10\">\n\t<td class=\"column-1\">- <strong>Avalia\u00e7\u00e3o de tecnologias<\/strong> digitais em Sa\u00fade.<br \/>\n- <strong>Desenvolvimento de solu\u00e7\u00f5es<\/strong> para assist\u00eancia remota em Sa\u00fade.<br \/>\n- Pesquisa Tecnol\u00f3gica aplicada \u00e0 <strong>bens digitais<\/strong> ou a <strong>Intelig\u00eancia Artificial <\/strong>em Sa\u00fade.<br \/>\n- Pesquisa Tecnol\u00f3gica utilizando <strong>modelagem computacional tridimensional<\/strong> em Sa\u00fade.<br \/>\n- Pesquisa Tecnol\u00f3gica de solu\u00e7\u00f5es inovadoras para <strong>Educa\u00e7\u00e3o em Sa\u00fade<\/strong> ou para <strong>Educa\u00e7\u00e3o \u00e0 Dist\u00e2ncia em Sa\u00fade<\/strong>.<br \/>\n<\/td>\n<\/tr>\n<tr class=\"row-11\">\n\t<td class=\"column-1\"><strong>6) MODELO OBRIGAT\u00d3RIO DO ANTEPROJETO:<\/strong><\/td>\n<\/tr>\n<tr class=\"row-12\">\n\t<td class=\"column-1\"><a href=\"https:\/\/www.telessaude.uerj.br\/mestrado\/wp-content\/uploads\/sites\/3\/2024\/09\/2024-_-EDITAL-_-MODELO-ANTEPROJETO-_-MESTRADO-TELESSAUDE-UERJ.docx\" rel=\"noopener\" target=\"_blank\">Clique aqui<\/a> para acessar o modelo <\/td>\n<\/tr>\n<tr class=\"row-13\">\n\t<td class=\"column-1\"><strong>7) CONHE\u00c7A O CORPO DOCENTE DO  MESTRADO TELESSA\u00daDE:<\/strong><\/td>\n<\/tr>\n<tr class=\"row-14\">\n\t<td class=\"column-1\">A lista do <a href=\"https:\/\/www.telessaude.uerj.br\/mestrado\/corpo-docente\/\" rel=\"noopener\" target=\"_blank\">corpo docente<\/a>, est\u00e1 dispon\u00edvel no site. <br \/>\n<br \/>\n<strong>Aten\u00e7\u00e3o:<\/strong> somente docente permanente pode orientar no Mestrado Telessa\u00fade UERJ<br \/>\n<\/td>\n<\/tr>\n<tr class=\"row-15\">\n\t<td class=\"column-1\"><strong>8) DOCUMENTOS PARA INSCRI\u00c7\u00c3O:<\/strong><br \/>\n<br \/>\nA <strong>lista de documentos obrigat\u00f3rios para inscri\u00e7\u00e3o est\u00e1 descrita no item \"III.3 Documentos obrigat\u00f3rios para a inscri\u00e7\u00e3o\". <\/strong><br \/>\n<br \/>\nA <strong>aus\u00eancia<\/strong> de qualquer um dos documentos listados no item \"III.3 Documentos obrigat\u00f3rios para a inscri\u00e7\u00e3o\" inviabilizar\u00e1 a inscri\u00e7\u00e3o do candidato.<br \/>\n<\/td>\n<\/tr>\n<tr class=\"row-16\">\n\t<td class=\"column-1\"><strong>9) CONTATO COM O ORIENTADOR:<\/strong><br \/>\nLimite m\u00e1ximo de 3 (tr\u00eas) docentes permanentes para cada edital.<\/td>\n<\/tr>\n<tr class=\"row-17\">\n\t<td class=\"column-1\"><a href=\"https:\/\/www.telessaude.uerj.br\/mestrado\/inscricoes-turma-2026\/\" rel=\"noopener\" target=\"_blank\">ACESSE AQUI<\/a><\/td>\n<\/tr>\n<tr class=\"row-18\">\n\t<td class=\"column-1\"><strong>10) ACEITE DO ORIENTADOR:<\/strong><\/td>\n<\/tr>\n<tr class=\"row-19\">\n\t<td class=\"column-1\">Ap\u00f3s o aceite do orientador para orientar o SEU projeto, o candidato dever\u00e1 anexar no sistema:<br \/>\n<br \/>\n1) A ficha de inscri\u00e7\u00e3o emitida pelo CEPUERJ<br \/>\n2) O comprovante do pagamento da inscri\u00e7\u00e3o que \u00e9 realizada pelo CEPUERJ<br \/>\n<br \/>\n<strong>Acesse<\/strong> aqui o site do <a href=\"https:\/\/www.cepuerj.uerj.br\/cursos2.php?tipo=cursos&amp;curso=S01590&amp;ano=2026\" rel=\"noopener\" target=\"_blank\">CEPUERJ<\/a>.<\/td>\n<\/tr>\n<tr class=\"row-20\">\n\t<td class=\"column-1\"><strong>11) PAGAMENTO DA INSCRI\u00c7\u00c3O:<\/strong><\/td>\n<\/tr>\n<tr class=\"row-21\">\n\t<td class=\"column-1\">A inscri\u00e7\u00e3o deve ser paga <strong> somente<\/strong> ap\u00f3s o aceite do Orientador. <\/td>\n<\/tr>\n<tr class=\"row-22\">\n\t<td class=\"column-1\"><strong>12) ENVIO DO RECURSO:<\/strong><\/td>\n<\/tr>\n<tr class=\"row-23\">\n\t<td class=\"column-1\">Verificar o per\u00edodo de solicita\u00e7\u00e3o do recurso no <a href=\"https:\/\/www.telessaude.uerj.br\/mestrado\/edital-processo-seletivo-turma-2026\/\" rel=\"noopener\" target=\"_blank\">cronograma<\/a> do edital vigente.<br \/>\n<br \/>\nO candidato dever\u00e1 enviar o texto detalhando a justificativa para a solicita\u00e7\u00e3o do recurso e anexar os documentos relacionados comprobat\u00f3rios.<br \/>\n<br \/>\nA solicita\u00e7\u00e3o de recurso dever\u00e1 ser enviada para o e-mail <a href=\"mailto:mestrado@telessaude.uerj.br\" rel=\"noopener\" target=\"_blank\">mestrado@telessaude.uerj.br<\/a> tendo no assunto <strong>\"Recurso Processo Seletivo Turma\"<\/strong><br \/>\n<br \/>\nO candidato dever\u00e1 solicitar a confirma\u00e7\u00e3o do recebimento deste e-mail de inscri\u00e7\u00e3o. A aus\u00eancia do envio dos documentos comprobat\u00f3rios para a solicita\u00e7\u00e3o do recurso inviabilizar\u00e1 automaticamente a solicita\u00e7\u00e3o do recurso pelo candidato.<br \/>\n<\/td>\n<\/tr>\n<\/tbody>\n<\/table>\n<!-- #tablepress-55 from cache --><\/p>\n\n\n<p class=\"has-text-align-center has-vivid-cyan-blue-color has-text-color has-link-color has-medium-font-size wp-elements-424ecfb3e0a82f50fc5ba2c6e79b42b2\">Acesse o <a href=\"https:\/\/www.telessaude.uerj.br\/mestrado\/faq\/\" target=\"_blank\" rel=\"noopener\" title=\"\"><strong>PERGUNTAS<\/strong> <strong>FREQUENTES<\/strong><\/a> e esclare\u00e7a suas d\u00favidas.<\/p>\n\n\n\n<p><\/p>\n","protected":false},"excerpt":{"rendered":"<p>Acesse o PERGUNTAS FREQUENTES e esclare\u00e7a suas d\u00favidas.<\/p>\n","protected":false},"author":1,"featured_media":0,"parent":0,"menu_order":0,"comment_status":"closed","ping_status":"closed","template":"","meta":{"_monsterinsights_skip_tracking":false,"_monsterinsights_sitenote_active":false,"_monsterinsights_sitenote_note":"","_monsterinsights_sitenote_category":0,"footnotes":""},"class_list":["post-1342","page","type-page","status-publish","hentry"],"aioseo_notices":[],"_links":{"self":[{"href":"https:\/\/www.telessaude.uerj.br\/mestrado\/wp-json\/wp\/v2\/pages\/1342","targetHints":{"allow":["GET"]}}],"collection":[{"href":"https:\/\/www.telessaude.uerj.br\/mestrado\/wp-json\/wp\/v2\/pages"}],"about":[{"href":"https:\/\/www.telessaude.uerj.br\/mestrado\/wp-json\/wp\/v2\/types\/page"}],"author":[{"embeddable":true,"href":"https:\/\/www.telessaude.uerj.br\/mestrado\/wp-json\/wp\/v2\/users\/1"}],"replies":[{"embeddable":true,"href":"https:\/\/www.telessaude.uerj.br\/mestrado\/wp-json\/wp\/v2\/comments?post=1342"}],"version-history":[{"count":2,"href":"https:\/\/www.telessaude.uerj.br\/mestrado\/wp-json\/wp\/v2\/pages\/1342\/revisions"}],"predecessor-version":[{"id":6788,"href":"https:\/\/www.telessaude.uerj.br\/mestrado\/wp-json\/wp\/v2\/pages\/1342\/revisions\/6788"}],"wp:attachment":[{"href":"https:\/\/www.telessaude.uerj.br\/mestrado\/wp-json\/wp\/v2\/media?parent=1342"}],"curies":[{"name":"wp","href":"https:\/\/api.w.org\/{rel}","templated":true}]}}