{"id":2976,"date":"2021-06-30T17:37:06","date_gmt":"2021-06-30T17:37:06","guid":{"rendered":"https:\/\/www.telessaude.uerj.br\/mestrado\/?page_id=2976"},"modified":"2024-06-21T15:56:20","modified_gmt":"2024-06-21T18:56:20","slug":"conedig","status":"publish","type":"page","link":"https:\/\/www.telessaude.uerj.br\/mestrado\/conedig\/","title":{"rendered":"CONEDIG"},"content":{"rendered":"<p>O Programa de P\u00f3s-gradua\u00e7\u00e3o stricto sensu em Telemedicina e Telessa\u00fade \u00e9 institui\u00e7\u00e3o fundadora e participante no Consortium of Educational Institutions in Digital Health [CONEDIG].<\/p>\n<p><em>It is an independent body operating on a not-for-profit basis and not aligned with any particular political party or religion. It operates under the umbrella of the ISfTeH (International Society for Telemedicine &amp;amp; eHealth).<\/em><\/p>\n<h1><a href=\"https:\/\/www.isfteh.org\/education\">Saiba mais<\/a><\/h1>\n","protected":false},"excerpt":{"rendered":"<p>O Programa de P\u00f3s-gradua\u00e7\u00e3o stricto sensu em Telemedicina e Telessa\u00fade \u00e9 institui\u00e7\u00e3o fundadora e participante no Consortium of Educational Institutions [&hellip;]<\/p>\n","protected":false},"author":3,"featured_media":0,"parent":0,"menu_order":0,"comment_status":"closed","ping_status":"closed","template":"","meta":{"_monsterinsights_skip_tracking":false,"_monsterinsights_sitenote_active":false,"_monsterinsights_sitenote_note":"","_monsterinsights_sitenote_category":0,"footnotes":""},"class_list":["post-2976","page","type-page","status-publish","hentry"],"aioseo_notices":[],"_links":{"self":[{"href":"https:\/\/www.telessaude.uerj.br\/mestrado\/wp-json\/wp\/v2\/pages\/2976","targetHints":{"allow":["GET"]}}],"collection":[{"href":"https:\/\/www.telessaude.uerj.br\/mestrado\/wp-json\/wp\/v2\/pages"}],"about":[{"href":"https:\/\/www.telessaude.uerj.br\/mestrado\/wp-json\/wp\/v2\/types\/page"}],"author":[{"embeddable":true,"href":"https:\/\/www.telessaude.uerj.br\/mestrado\/wp-json\/wp\/v2\/users\/3"}],"replies":[{"embeddable":true,"href":"https:\/\/www.telessaude.uerj.br\/mestrado\/wp-json\/wp\/v2\/comments?post=2976"}],"version-history":[{"count":1,"href":"https:\/\/www.telessaude.uerj.br\/mestrado\/wp-json\/wp\/v2\/pages\/2976\/revisions"}],"predecessor-version":[{"id":5110,"href":"https:\/\/www.telessaude.uerj.br\/mestrado\/wp-json\/wp\/v2\/pages\/2976\/revisions\/5110"}],"wp:attachment":[{"href":"https:\/\/www.telessaude.uerj.br\/mestrado\/wp-json\/wp\/v2\/media?parent=2976"}],"curies":[{"name":"wp","href":"https:\/\/api.w.org\/{rel}","templated":true}]}}