{"id":3238,"date":"2022-04-06T10:40:44","date_gmt":"2022-04-06T13:40:44","guid":{"rendered":"https:\/\/www.telessaude.uerj.br\/mestrado\/?page_id=3238"},"modified":"2024-06-21T15:51:54","modified_gmt":"2024-06-21T18:51:54","slug":"requisitos-selecao","status":"publish","type":"page","link":"https:\/\/www.telessaude.uerj.br\/mestrado\/requisitos-selecao\/","title":{"rendered":"Requisitos de Sele\u00e7\u00e3o"},"content":{"rendered":"<p><img loading=\"lazy\" decoding=\"async\" class=\"wp-image-4074 size-thumbnail aligncenter\" src=\"https:\/\/www.telessaude.uerj.br\/mestrado\/wp-content\/uploads\/sites\/3\/2023\/08\/vecteezy_3d-checklist-clipboard-concept-icon-or-3d-task-management_10915978_808-150x150.png\" alt=\"\" width=\"150\" height=\"150\" srcset=\"https:\/\/www.telessaude.uerj.br\/mestrado\/wp-content\/uploads\/sites\/3\/2023\/08\/vecteezy_3d-checklist-clipboard-concept-icon-or-3d-task-management_10915978_808-150x150.png 150w, https:\/\/www.telessaude.uerj.br\/mestrado\/wp-content\/uploads\/sites\/3\/2023\/08\/vecteezy_3d-checklist-clipboard-concept-icon-or-3d-task-management_10915978_808-300x300.png 300w, https:\/\/www.telessaude.uerj.br\/mestrado\/wp-content\/uploads\/sites\/3\/2023\/08\/vecteezy_3d-checklist-clipboard-concept-icon-or-3d-task-management_10915978_808-1024x1024.png 1024w, https:\/\/www.telessaude.uerj.br\/mestrado\/wp-content\/uploads\/sites\/3\/2023\/08\/vecteezy_3d-checklist-clipboard-concept-icon-or-3d-task-management_10915978_808-768x768.png 768w, https:\/\/www.telessaude.uerj.br\/mestrado\/wp-content\/uploads\/sites\/3\/2023\/08\/vecteezy_3d-checklist-clipboard-concept-icon-or-3d-task-management_10915978_808-1536x1536.png 1536w, https:\/\/www.telessaude.uerj.br\/mestrado\/wp-content\/uploads\/sites\/3\/2023\/08\/vecteezy_3d-checklist-clipboard-concept-icon-or-3d-task-management_10915978_808-2048x2048.png 2048w\" sizes=\"auto, (max-width: 150px) 100vw, 150px\" \/><\/p>\n<h3 style=\"text-align: center\">Pr\u00e9-Requisitos para Sele\u00e7\u00e3o<\/h3>\n<p style=\"text-align: center\">\n<table id=\"tablepress-44\" class=\"tablepress tablepress-id-44\">\n<tbody>\n<tr class=\"row-1\">\n\t<td class=\"column-1\">1. Diploma de gradua\u00e7\u00e3o plena (conclu\u00edda), outorgados por Institui\u00e7\u00e3o oficial reconhecida<\/td>\n<\/tr>\n<tr class=\"row-2\">\n\t<td class=\"column-1\">2. Curr\u00edculo atualizado na plataforma Lattes<br \/>\n<\/td>\n<\/tr>\n<tr class=\"row-3\">\n\t<td class=\"column-1\">3. Anteprojeto de Pesquisa*<br \/>\n<\/td>\n<\/tr>\n<tr class=\"row-4\">\n\t<td class=\"column-1\">4. Carta de Aceite de <a href=\"https:\/\/www.telessaude.uerj.br\/mestrado\/corpo-docente\/\" rel=\"noopener\" target=\"_blank\">Orientador Docente Permanente<\/a> no Mestrado Telessa\u00fade UERJ<br \/>\n<\/td>\n<\/tr>\n<tr class=\"row-5\">\n\t<td class=\"column-1\">5. Carta de exposi\u00e7\u00e3o de motivos do candidato<br \/>\n<\/td>\n<\/tr>\n<tr class=\"row-6\">\n\t<td class=\"column-1\"><a href=\"http:\/\/www.telessaude.uerj.br\/mestrado\/modelo-anteprojeto\/\" rel=\"noopener\" target=\"_blank\">*Modelo do Anteprojeto<\/a><\/td>\n<\/tr>\n<tr class=\"row-7\">\n\t<td class=\"column-1\">Para saber mais visite o <a href=\"https:\/\/www.telessaude.uerj.br\/mestrado\/passo-a-passo\/\" rel=\"noopener\" target=\"_blank\">Passo a Passo <\/a><\/td>\n<\/tr>\n<tr class=\"row-8\">\n\t<td class=\"column-1\">Saiba mais em <a href=\"https:\/\/www.telessaude.uerj.br\/mestrado\/publico-alvo\/\" rel=\"noopener\" target=\"_blank\">P\u00fablico Alvo<\/a><\/td>\n<\/tr>\n<\/tbody>\n<\/table>\n<!-- #tablepress-44 from cache --><\/p>\n<p>\u00a0<\/p>\n\n\n<p><\/p>\n","protected":false},"excerpt":{"rendered":"<p>Pr\u00e9-Requisitos para Sele\u00e7\u00e3o \u00a0<\/p>\n","protected":false},"author":4,"featured_media":0,"parent":0,"menu_order":0,"comment_status":"closed","ping_status":"closed","template":"","meta":{"_monsterinsights_skip_tracking":false,"_monsterinsights_sitenote_active":false,"_monsterinsights_sitenote_note":"","_monsterinsights_sitenote_category":0,"footnotes":""},"class_list":["post-3238","page","type-page","status-publish","hentry"],"aioseo_notices":[],"_links":{"self":[{"href":"https:\/\/www.telessaude.uerj.br\/mestrado\/wp-json\/wp\/v2\/pages\/3238","targetHints":{"allow":["GET"]}}],"collection":[{"href":"https:\/\/www.telessaude.uerj.br\/mestrado\/wp-json\/wp\/v2\/pages"}],"about":[{"href":"https:\/\/www.telessaude.uerj.br\/mestrado\/wp-json\/wp\/v2\/types\/page"}],"author":[{"embeddable":true,"href":"https:\/\/www.telessaude.uerj.br\/mestrado\/wp-json\/wp\/v2\/users\/4"}],"replies":[{"embeddable":true,"href":"https:\/\/www.telessaude.uerj.br\/mestrado\/wp-json\/wp\/v2\/comments?post=3238"}],"version-history":[{"count":2,"href":"https:\/\/www.telessaude.uerj.br\/mestrado\/wp-json\/wp\/v2\/pages\/3238\/revisions"}],"predecessor-version":[{"id":4081,"href":"https:\/\/www.telessaude.uerj.br\/mestrado\/wp-json\/wp\/v2\/pages\/3238\/revisions\/4081"}],"wp:attachment":[{"href":"https:\/\/www.telessaude.uerj.br\/mestrado\/wp-json\/wp\/v2\/media?parent=3238"}],"curies":[{"name":"wp","href":"https:\/\/api.w.org\/{rel}","templated":true}]}}