{"id":3615,"date":"2022-08-19T13:13:40","date_gmt":"2022-08-19T16:13:40","guid":{"rendered":"https:\/\/www.telessaude.uerj.br\/mestrado\/?page_id=3615"},"modified":"2022-11-04T13:22:51","modified_gmt":"2022-11-04T16:22:51","slug":"edital-processo-seletivo-turma-inicio-2023","status":"publish","type":"page","link":"https:\/\/www.telessaude.uerj.br\/mestrado\/edital-processo-seletivo-turma-inicio-2023\/","title":{"rendered":"Edital Processo Seletivo Turma in\u00edcio 2023"},"content":{"rendered":"<p style=\"text-align: center\"><img loading=\"lazy\" decoding=\"async\" class=\"alignnone size-full wp-image-689 aligncenter\" src=\"https:\/\/www.telessaude.uerj.br\/wp-content\/uploads\/sites\/3\/2018\/07\/iconeprocessoseletivo2019.png\" alt=\"\" width=\"110\" height=\"117\">Per\u00edodo de <a href=\"https:\/\/www.telessaude.uerj.br\/mestrado\/passo-a-passo\/\">solicita\u00e7\u00e3o de contato com orientador<\/a>: <strong>03\/10\/2022 a 21\/10\/2022<\/strong><\/p>\n<p style=\"text-align: center\">Per\u00edodo de <a href=\"https:\/\/mestrado.telessaude.uerj.br\/telemedicina-mp-23-1.pdf\">Inscri\u00e7\u00f5es Processo Seletivo &#8211; Turma in\u00edcio 2023<\/a>: <strong>03\/10\/2022 a 28\/10\/2022<\/strong><\/p>\n\n<table id=\"tablepress-46\" class=\"tablepress tablepress-id-46\">\n<tbody>\n<tr class=\"row-1\">\n\t<td class=\"column-1\"><strong>Resultado Final Classificat\u00f3rio<\/strong><\/td><td class=\"column-2\"><a href=\"https:\/\/mestrado.telessaude.uerj.br\/02-02-2023-mestrado-telessaude-uerj-resultado-final-classificatorio.pdf\"><img loading=\"lazy\" decoding=\"async\" src=\"\/mestrado\/wp-content\/uploads\/2018\/07\/iconeprocessoseletivo.png\" alt=\"\" width=\"67\" height=\"62\" class=\"alignnone size-full wp-image-693\" \/><\/a><\/td>\n<\/tr>\n<tr class=\"row-2\">\n\t<td class=\"column-1\"><strong>Resultado Notas Final <\/strong><\/td><td class=\"column-2\"><a href=\"https:\/\/mestrado.telessaude.uerj.br\/16-11-2022-mptt-resultado-notas-final.pdf\"><img loading=\"lazy\" decoding=\"async\" src=\"\/mestrado\/wp-content\/uploads\/2018\/07\/iconeprocessoseletivo.png\" alt=\"\" width=\"67\" height=\"62\" class=\"alignnone size-full wp-image-693\" \/><\/a><\/td>\n<\/tr>\n<tr class=\"row-3\">\n\t<td class=\"column-1\"><strong>Apresenta\u00e7\u00e3o do Anteprojeto com Defesa Oral<\/strong><\/td><td class=\"column-2\"><a href=\"https:\/\/mestrado.telessaude.uerj.br\/09-11-2022-mptt-agendas-bancas-online-etapa-defesa-oral-do-projeto-com-entrevista.pdf\"><img loading=\"lazy\" decoding=\"async\" src=\"\/mestrado\/wp-content\/uploads\/2018\/07\/iconeprocessoseletivo.png\" alt=\"\" width=\"67\" height=\"62\" class=\"alignnone size-full wp-image-693\" \/><\/a><\/td>\n<\/tr>\n<tr class=\"row-4\">\n\t<td class=\"column-1\"><strong>Resultado da Aprova\u00e7\u00e3o da Inscri\u00e7\u00e3o<\/strong><\/td><td class=\"column-2\"><a href=\"https:\/\/mestrado.telessaude.uerj.br\/03-11-2022-mptt-resultado-candidatos-com-inscricao-aprovada.pdf\"><img loading=\"lazy\" decoding=\"async\" src=\"\/mestrado\/wp-content\/uploads\/2018\/07\/iconeprocessoseletivo.png\" alt=\"\" width=\"67\" height=\"62\" class=\"alignnone size-full wp-image-693\" \/><\/a><\/td>\n<\/tr>\n<tr class=\"row-5\">\n\t<td class=\"column-1\"><strong>Edital<\/strong><\/td><td class=\"column-2\"><a href=\"https:\/\/mestrado.telessaude.uerj.br\/telemedicina-mp-23-1.pdf\"><img loading=\"lazy\" decoding=\"async\" src=\"\/mestrado\/wp-content\/uploads\/2018\/07\/iconeprocessoseletivo.png\" alt=\"\" width=\"67\" height=\"62\" class=\"alignnone size-full wp-image-693\" \/><\/a><\/td>\n<\/tr>\n<tr class=\"row-6\">\n\t<td class=\"column-1\"><strong>Passo-a-Passo<\/strong><\/td><td class=\"column-2\"><a href=\"http:\/\/telessaude.uerj.br\/mestrado\/passo-a-passo\/\"><img loading=\"lazy\" decoding=\"async\" src=\"https:\/\/www.telessaude.uerj.br\/wp-content\/uploads\/sites\/3\/2021\/10\/iconeprocessoseletivo-1.png\" alt=\"\" width=\"67\" height=\"62\" class=\"alignnone size-full wp-image-693\" \/><\/a><\/td>\n<\/tr>\n<tr class=\"row-7\">\n\t<td class=\"column-1\"><strong><strong>Modelo Anteprojeto<\/strong> (fazer download do arquivo)<\/strong><\/td><td class=\"column-2\"><a href=\"https:\/\/mestrado.telessaude.uerj.br\/2022-modelo-anteprojeto-selecao-turma-2023-mestrado-telessaude-uerj.docx\"><img loading=\"lazy\" decoding=\"async\" src=\"https:\/\/www.telessaude.uerj.br\/wp-content\/uploads\/sites\/3\/2021\/10\/iconeprocessoseletivo-1.png\" alt=\"\" width=\"67\" height=\"62\" class=\"alignnone size-full wp-image-693\" \/><\/a><\/td>\n<\/tr>\n<tr class=\"row-8\">\n\t<td class=\"column-1\"><strong>Corpo Docente<\/strong><\/td><td class=\"column-2\"><a href=\"https:\/\/www.telessaude.uerj.br\/mestrado\/corpo-docente\/\"><img loading=\"lazy\" decoding=\"async\" src=\"https:\/\/www.telessaude.uerj.br\/wp-content\/uploads\/sites\/3\/2021\/10\/iconeprocessoseletivo-1.png\" alt=\"\" width=\"67\" height=\"62\" class=\"alignnone size-full wp-image-693\" \/><\/a><\/td>\n<\/tr>\n<\/tbody>\n<\/table>\n<!-- #tablepress-46 from cache -->\n\n\n<p><\/p>\n","protected":false},"excerpt":{"rendered":"<p>Per\u00edodo de solicita\u00e7\u00e3o de contato com orientador: 03\/10\/2022 a 21\/10\/2022 Per\u00edodo de Inscri\u00e7\u00f5es Processo Seletivo &#8211; Turma in\u00edcio 2023: 03\/10\/2022 [&hellip;]<\/p>\n","protected":false},"author":4,"featured_media":0,"parent":0,"menu_order":0,"comment_status":"closed","ping_status":"closed","template":"","meta":{"_monsterinsights_skip_tracking":false,"_monsterinsights_sitenote_active":false,"_monsterinsights_sitenote_note":"","_monsterinsights_sitenote_category":0,"footnotes":""},"class_list":["post-3615","page","type-page","status-publish","hentry"],"aioseo_notices":[],"_links":{"self":[{"href":"https:\/\/www.telessaude.uerj.br\/mestrado\/wp-json\/wp\/v2\/pages\/3615","targetHints":{"allow":["GET"]}}],"collection":[{"href":"https:\/\/www.telessaude.uerj.br\/mestrado\/wp-json\/wp\/v2\/pages"}],"about":[{"href":"https:\/\/www.telessaude.uerj.br\/mestrado\/wp-json\/wp\/v2\/types\/page"}],"author":[{"embeddable":true,"href":"https:\/\/www.telessaude.uerj.br\/mestrado\/wp-json\/wp\/v2\/users\/4"}],"replies":[{"embeddable":true,"href":"https:\/\/www.telessaude.uerj.br\/mestrado\/wp-json\/wp\/v2\/comments?post=3615"}],"version-history":[{"count":2,"href":"https:\/\/www.telessaude.uerj.br\/mestrado\/wp-json\/wp\/v2\/pages\/3615\/revisions"}],"predecessor-version":[{"id":4039,"href":"https:\/\/www.telessaude.uerj.br\/mestrado\/wp-json\/wp\/v2\/pages\/3615\/revisions\/4039"}],"wp:attachment":[{"href":"https:\/\/www.telessaude.uerj.br\/mestrado\/wp-json\/wp\/v2\/media?parent=3615"}],"curies":[{"name":"wp","href":"https:\/\/api.w.org\/{rel}","templated":true}]}}