{"id":4038,"date":"2023-08-30T17:02:57","date_gmt":"2023-08-30T20:02:57","guid":{"rendered":"https:\/\/www.telessaude.uerj.br\/mestrado\/?page_id=4038"},"modified":"2024-06-21T15:52:22","modified_gmt":"2024-06-21T18:52:22","slug":"edital-processo-seletivo-turma-inicio-2024","status":"publish","type":"page","link":"https:\/\/www.telessaude.uerj.br\/mestrado\/edital-processo-seletivo-turma-inicio-2024\/","title":{"rendered":"Edital Processo Seletivo Turma in\u00edcio 2024"},"content":{"rendered":"<h4 style=\"text-align: center\"><span style=\"color: #999999\"><img loading=\"lazy\" decoding=\"async\" class=\"alignnone wp-image-4048 size-medium\" src=\"https:\/\/www.telessaude.uerj.br\/mestrado\/wp-content\/uploads\/sites\/3\/2023\/08\/vecteezy_3d-graduation-of-university-hat-cap-or-diploma-graduation_10915896_9-e1693425251419-300x243.png\" alt=\"\" width=\"300\" height=\"243\" srcset=\"https:\/\/www.telessaude.uerj.br\/mestrado\/wp-content\/uploads\/sites\/3\/2023\/08\/vecteezy_3d-graduation-of-university-hat-cap-or-diploma-graduation_10915896_9-e1693425251419-300x243.png 300w, https:\/\/www.telessaude.uerj.br\/mestrado\/wp-content\/uploads\/sites\/3\/2023\/08\/vecteezy_3d-graduation-of-university-hat-cap-or-diploma-graduation_10915896_9-e1693425251419-1024x829.png 1024w, https:\/\/www.telessaude.uerj.br\/mestrado\/wp-content\/uploads\/sites\/3\/2023\/08\/vecteezy_3d-graduation-of-university-hat-cap-or-diploma-graduation_10915896_9-e1693425251419-768x622.png 768w, https:\/\/www.telessaude.uerj.br\/mestrado\/wp-content\/uploads\/sites\/3\/2023\/08\/vecteezy_3d-graduation-of-university-hat-cap-or-diploma-graduation_10915896_9-e1693425251419-1536x1244.png 1536w, https:\/\/www.telessaude.uerj.br\/mestrado\/wp-content\/uploads\/sites\/3\/2023\/08\/vecteezy_3d-graduation-of-university-hat-cap-or-diploma-graduation_10915896_9-e1693425251419-2048x1659.png 2048w\" sizes=\"auto, (max-width: 300px) 100vw, 300px\" \/><\/span><\/h4>\n<h4><\/h4>\n<h2 style=\"text-align: center\">Resultado Final | Publicado<\/h2>\n<p style=\"text-align: center\">\n<table id=\"tablepress-48\" class=\"tablepress tablepress-id-48\">\n<tbody>\n<tr class=\"row-1\">\n\t<td class=\"column-1\"><strong>Resultado Final<\/strong><\/td><td class=\"column-2\"><a href=\"https:\/\/www.telessaude.uerj.br\/mestrado\/wp-content\/uploads\/sites\/3\/2024\/01\/08-01-2024-_-RESULTADO-FINAL-_-APROVADOS-_-TURMA-2024-_-MESTRADO-TELESSAUDE-UERJ.pdf\" rel=\"noopener\" target=\"_blank\"><img loading=\"lazy\" decoding=\"async\" src=\"https:\/\/www.telessaude.uerj.br\/mestrado\/wp-content\/uploads\/sites\/3\/2023\/11\/dowloadicone.png\" alt=\"\" width=\"130\" height=\"130\" class=\"alignnone size-full wp-image-4502\" srcset=\"https:\/\/www.telessaude.uerj.br\/mestrado\/wp-content\/uploads\/sites\/3\/2023\/11\/dowloadicone.png 1614w, https:\/\/www.telessaude.uerj.br\/mestrado\/wp-content\/uploads\/sites\/3\/2023\/11\/dowloadicone-300x300.png 300w, https:\/\/www.telessaude.uerj.br\/mestrado\/wp-content\/uploads\/sites\/3\/2023\/11\/dowloadicone-1024x1024.png 1024w, https:\/\/www.telessaude.uerj.br\/mestrado\/wp-content\/uploads\/sites\/3\/2023\/11\/dowloadicone-150x150.png 150w, https:\/\/www.telessaude.uerj.br\/mestrado\/wp-content\/uploads\/sites\/3\/2023\/11\/dowloadicone-768x768.png 768w, https:\/\/www.telessaude.uerj.br\/mestrado\/wp-content\/uploads\/sites\/3\/2023\/11\/dowloadicone-1536x1536.png 1536w\" sizes=\"auto, (max-width: 130px) 100vw, 130px\" \/><\/a><\/td>\n<\/tr>\n<tr class=\"row-2\">\n\t<td class=\"column-1\"><strong>Resultado Recursos Etapa An\u00e1lise do Curr\u00edculo Lattes<\/strong><\/td><td class=\"column-2\"><a href=\"https:\/\/www.telessaude.uerj.br\/mestrado\/wp-content\/uploads\/sites\/3\/2023\/11\/30-11-2023-_-RESULTADO-_-RECURSO-CURRICULO-_-SELECAO-2023-_-MESTRADO-TELESSAUDE-UERJ.pdf\" rel=\"noopener\" target=\"_blank\"><img loading=\"lazy\" decoding=\"async\" src=\"https:\/\/www.telessaude.uerj.br\/mestrado\/wp-content\/uploads\/sites\/3\/2023\/11\/dowloadicone.png\" alt=\"\" width=\"130\" height=\"130\" class=\"alignnone size-full wp-image-4502\" srcset=\"https:\/\/www.telessaude.uerj.br\/mestrado\/wp-content\/uploads\/sites\/3\/2023\/11\/dowloadicone.png 1614w, https:\/\/www.telessaude.uerj.br\/mestrado\/wp-content\/uploads\/sites\/3\/2023\/11\/dowloadicone-300x300.png 300w, https:\/\/www.telessaude.uerj.br\/mestrado\/wp-content\/uploads\/sites\/3\/2023\/11\/dowloadicone-1024x1024.png 1024w, https:\/\/www.telessaude.uerj.br\/mestrado\/wp-content\/uploads\/sites\/3\/2023\/11\/dowloadicone-150x150.png 150w, https:\/\/www.telessaude.uerj.br\/mestrado\/wp-content\/uploads\/sites\/3\/2023\/11\/dowloadicone-768x768.png 768w, https:\/\/www.telessaude.uerj.br\/mestrado\/wp-content\/uploads\/sites\/3\/2023\/11\/dowloadicone-1536x1536.png 1536w\" sizes=\"auto, (max-width: 130px) 100vw, 130px\" \/><\/a><\/td>\n<\/tr>\n<tr class=\"row-3\">\n\t<td class=\"column-1\"><strong>Resultado da Apresenta\u00e7\u00e3o do Anteprojeto com Defesa oral e Curriculo Lattes<\/strong><\/td><td class=\"column-2\"><a href=\"https:\/\/www.telessaude.uerj.br\/mestrado\/wp-content\/uploads\/sites\/3\/2023\/11\/22-11-2023-_-RESULTADO-CURRICULO-E-DEFESA-ORAL-_-SELECAO-2023-_-MESTRADO-TELESSAUDE-UERJ.pdf\" rel=\"noopener\" target=\"_blank\"><img loading=\"lazy\" decoding=\"async\" src=\"https:\/\/www.telessaude.uerj.br\/mestrado\/wp-content\/uploads\/sites\/3\/2023\/11\/dowloadicone.png\" alt=\"\" width=\"130\" height=\"130\" class=\"alignnone size-full wp-image-4502\" srcset=\"https:\/\/www.telessaude.uerj.br\/mestrado\/wp-content\/uploads\/sites\/3\/2023\/11\/dowloadicone.png 1614w, https:\/\/www.telessaude.uerj.br\/mestrado\/wp-content\/uploads\/sites\/3\/2023\/11\/dowloadicone-300x300.png 300w, https:\/\/www.telessaude.uerj.br\/mestrado\/wp-content\/uploads\/sites\/3\/2023\/11\/dowloadicone-1024x1024.png 1024w, https:\/\/www.telessaude.uerj.br\/mestrado\/wp-content\/uploads\/sites\/3\/2023\/11\/dowloadicone-150x150.png 150w, https:\/\/www.telessaude.uerj.br\/mestrado\/wp-content\/uploads\/sites\/3\/2023\/11\/dowloadicone-768x768.png 768w, https:\/\/www.telessaude.uerj.br\/mestrado\/wp-content\/uploads\/sites\/3\/2023\/11\/dowloadicone-1536x1536.png 1536w\" sizes=\"auto, (max-width: 130px) 100vw, 130px\" \/><\/a><\/td>\n<\/tr>\n<tr class=\"row-4\">\n\t<td class=\"column-1\"><strong>Agenda de Apresenta\u00e7\u00f5es do anteprojeto com defesa oral<\/strong><\/td><td class=\"column-2\"><a href=\"https:\/\/www.telessaude.uerj.br\/mestrado\/wp-content\/uploads\/sites\/3\/2023\/11\/16-11-2023-_-AGENDA-BANCAS-ONLINE-_-SELECAO-2023-_-MESTRADO-TELESSAUDE-UERJ.pdf\" rel=\"noopener\" target=\"_blank\"><img loading=\"lazy\" decoding=\"async\" src=\"https:\/\/www.telessaude.uerj.br\/mestrado\/wp-content\/uploads\/sites\/3\/2023\/11\/dowloadicone.png\" alt=\"\" width=\"130\" height=\"130\" class=\"alignnone size-full wp-image-4502\" srcset=\"https:\/\/www.telessaude.uerj.br\/mestrado\/wp-content\/uploads\/sites\/3\/2023\/11\/dowloadicone.png 1614w, https:\/\/www.telessaude.uerj.br\/mestrado\/wp-content\/uploads\/sites\/3\/2023\/11\/dowloadicone-300x300.png 300w, https:\/\/www.telessaude.uerj.br\/mestrado\/wp-content\/uploads\/sites\/3\/2023\/11\/dowloadicone-1024x1024.png 1024w, https:\/\/www.telessaude.uerj.br\/mestrado\/wp-content\/uploads\/sites\/3\/2023\/11\/dowloadicone-150x150.png 150w, https:\/\/www.telessaude.uerj.br\/mestrado\/wp-content\/uploads\/sites\/3\/2023\/11\/dowloadicone-768x768.png 768w, https:\/\/www.telessaude.uerj.br\/mestrado\/wp-content\/uploads\/sites\/3\/2023\/11\/dowloadicone-1536x1536.png 1536w\" sizes=\"auto, (max-width: 130px) 100vw, 130px\" \/><\/a><\/td>\n<\/tr>\n<tr class=\"row-5\">\n\t<td class=\"column-1\"><strong>Resultado: Inscri\u00e7\u00f5es aprovadas<\/strong><\/td><td class=\"column-2\"><a href=\"https:\/\/www.telessaude.uerj.br\/06%2011%202023%20_%20%20INSCRI%C3%87%C3%95ES%20APROVADAS%20_%20%20SELE%C3%87%C3%83O%202023%20_%20MESTRADO%20TELESSA%C3%9ADE%20UERJ.pdf\" rel=\"noopener\" target=\"_blank\"><img loading=\"lazy\" decoding=\"async\" src=\"https:\/\/www.telessaude.uerj.br\/mestrado\/wp-content\/uploads\/sites\/3\/2023\/11\/dowloadicone.png\" alt=\"\" width=\"130\" height=\"130\" class=\"alignnone size-full wp-image-4502\" srcset=\"https:\/\/www.telessaude.uerj.br\/mestrado\/wp-content\/uploads\/sites\/3\/2023\/11\/dowloadicone.png 1614w, https:\/\/www.telessaude.uerj.br\/mestrado\/wp-content\/uploads\/sites\/3\/2023\/11\/dowloadicone-300x300.png 300w, https:\/\/www.telessaude.uerj.br\/mestrado\/wp-content\/uploads\/sites\/3\/2023\/11\/dowloadicone-1024x1024.png 1024w, https:\/\/www.telessaude.uerj.br\/mestrado\/wp-content\/uploads\/sites\/3\/2023\/11\/dowloadicone-150x150.png 150w, https:\/\/www.telessaude.uerj.br\/mestrado\/wp-content\/uploads\/sites\/3\/2023\/11\/dowloadicone-768x768.png 768w, https:\/\/www.telessaude.uerj.br\/mestrado\/wp-content\/uploads\/sites\/3\/2023\/11\/dowloadicone-1536x1536.png 1536w\" sizes=\"auto, (max-width: 130px) 100vw, 130px\" \/><\/a><\/td>\n<\/tr>\n<tr class=\"row-6\">\n\t<td class=\"column-1\"><strong>Edital - Turma 2024<\/strong><\/td><td class=\"column-2\"><a href=\"https:\/\/www.telessaude.uerj.br\/mestrado\/wp-content\/uploads\/sites\/3\/2023\/08\/Turma-2024-_-edital-MESTRADO-TELESSAUDE-UERJ_-MP-_Aprovado.pdf\" rel=\"noopener\" target=\"_blank\"><img loading=\"lazy\" decoding=\"async\" src=\"https:\/\/www.telessaude.uerj.br\/mestrado\/wp-content\/uploads\/sites\/3\/2023\/08\/vecteezy_10915932_29-1.png\" alt=\"\" width=\"150\" height=\"170\" class=\"alignnone size-full wp-image-4050\" \/><\/a><\/td>\n<\/tr>\n<tr class=\"row-7\">\n\t<td class=\"column-1\"><strong>Passo a Passo <\/strong><\/td><td class=\"column-2\"><a href=\"https:\/\/www.telessaude.uerj.br\/mestrado\/passo-a-passo\/\" rel=\"noopener\" target=\"_blank\"><img loading=\"lazy\" decoding=\"async\" src=\"https:\/\/www.telessaude.uerj.br\/mestrado\/wp-content\/uploads\/sites\/3\/2023\/11\/vecteezy_3d-checklist-clipboard-concept-icon-or-3d-to-do-list-concept_10915822_878.png\" alt=\"\" width=\"120\" height=\"140\" class=\"alignnone size-full wp-image-4491\" \/><\/a><\/td>\n<\/tr>\n<tr class=\"row-8\">\n\t<td class=\"column-1\"><strong>Perguntas Frequentes<\/strong><\/td><td class=\"column-2\"><a href=\"https:\/\/www.telessaude.uerj.br\/mestrado\/faq\/\" rel=\"noopener\" target=\"_blank\"><img loading=\"lazy\" decoding=\"async\" src=\"https:\/\/www.telessaude.uerj.br\/mestrado\/wp-content\/uploads\/sites\/3\/2023\/09\/vecteezy_3d-question-mark-mark-icon_21164772_900.png\" alt=\"\" width=\"200\" height=\"150\" class=\"alignnone size-full wp-image-4374\" \/><\/a><\/td>\n<\/tr>\n<\/tbody>\n<\/table>\n<!-- #tablepress-48 from cache --><\/p>\n<hr \/>\n<h2 style=\"text-align: center\">Cronograma<\/h2>\n<p style=\"text-align: center\">\n<table id=\"tablepress-49\" class=\"tablepress tablepress-id-49\">\n<tbody class=\"row-striping\">\n<tr class=\"row-1\">\n\t<td class=\"column-1\">Data limite para solicita\u00e7\u00e3o de contato com o orientador <\/td><td class=\"column-2\">23\/10\/2023<\/td>\n<\/tr>\n<tr class=\"row-2\">\n\t<td class=\"column-1\">Data limite para envio da documenta\u00e7\u00e3o <\/td><td class=\"column-2\">01\/11\/2023<\/td>\n<\/tr>\n<tr class=\"row-3\">\n\t<td class=\"column-1\">Resultado da aprova\u00e7\u00e3o da Inscri\u00e7\u00e3o <\/td><td class=\"column-2\">06\/11\/2023<\/td>\n<\/tr>\n<tr class=\"row-4\">\n\t<td class=\"column-1\">Etapa apresenta\u00e7\u00e3o do anteprojeto com defesa oral <\/td><td class=\"column-2\">16\/11\/2023<\/td>\n<\/tr>\n<tr class=\"row-5\">\n\t<td class=\"column-1\">Resultado etapas apresenta\u00e7\u00e3o do anteprojeto com defesa <br \/>\noral e an\u00e1lise do Curr\u00edculo Lattes<\/td><td class=\"column-2\">23\/11\/2023<\/td>\n<\/tr>\n<tr class=\"row-6\">\n\t<td class=\"column-1\">Recurso etapa An\u00e1lise do Curr\u00edculo Lattes <\/td><td class=\"column-2\">24 a 27\/11\/2023<\/td>\n<\/tr>\n<tr class=\"row-7\">\n\t<td class=\"column-1\">Resultado do recurso etapa An\u00e1lise do Curr\u00edculo Lattes <\/td><td class=\"column-2\">30\/11\/2023<\/td>\n<\/tr>\n<tr class=\"row-8\">\n\t<td class=\"column-1\">Resultado da An\u00e1lise socioecon\u00f4mica da documenta\u00e7\u00e3o <br \/>\ncomprobat\u00f3ria de candidatos para reserva de vagas de cotas<\/td><td class=\"column-2\">23\/01\/2024<\/td>\n<\/tr>\n<tr class=\"row-9\">\n\t<td class=\"column-1\">Recurso para an\u00e1lise comprobat\u00f3ria de cotas <\/td><td class=\"column-2\">25 e 26\/01\/2024<\/td>\n<\/tr>\n<tr class=\"row-10\">\n\t<td class=\"column-1\">Resultado Recurso an\u00e1lise comprobat\u00f3ria de cotas <\/td><td class=\"column-2\">06\/2\/2024<\/td>\n<\/tr>\n<tr class=\"row-11\">\n\t<td class=\"column-1\">Resultado da An\u00e1lise de Op\u00e7\u00e3o de Cotas <\/td><td class=\"column-2\">16\/02\/2024<\/td>\n<\/tr>\n<tr class=\"row-12\">\n\t<td class=\"column-1\">Recurso do resultado da An\u00e1lise de Op\u00e7\u00e3o de Cotas <\/td><td class=\"column-2\">19\/02\/2024<\/td>\n<\/tr>\n<tr class=\"row-13\">\n\t<td class=\"column-1\">Resultado do recurso da An\u00e1lise de Op\u00e7\u00e3o de Cotas <\/td><td class=\"column-2\">26\/02\/2024<\/td>\n<\/tr>\n<tr class=\"row-14\">\n\t<td class=\"column-1\">Resultado Final Classificat\u00f3rio <\/td><td class=\"column-2\">27\/02\/2024<\/td>\n<\/tr>\n<tr class=\"row-15\">\n\t<td class=\"column-1\">Data de Matr\u00edcula <\/td><td class=\"column-2\">28\/02\/2024<\/td>\n<\/tr>\n<tr class=\"row-16\">\n\t<td class=\"column-1\">Divulga\u00e7\u00e3o Reclassifica\u00e7\u00e3o <\/td><td class=\"column-2\">01\/03\/2024<\/td>\n<\/tr>\n<tr class=\"row-17\">\n\t<td class=\"column-1\">Data da matr\u00edcula Reclassifica\u00e7\u00e3o <\/td><td class=\"column-2\">04\/03\/2024<\/td>\n<\/tr>\n<\/tbody>\n<\/table>\n<!-- #tablepress-49 from cache --><\/p>\n","protected":false},"excerpt":{"rendered":"<p>Resultado Final | Publicado Cronograma<\/p>\n","protected":false},"author":4,"featured_media":0,"parent":0,"menu_order":0,"comment_status":"closed","ping_status":"closed","template":"","meta":{"_monsterinsights_skip_tracking":false,"_monsterinsights_sitenote_active":false,"_monsterinsights_sitenote_note":"","_monsterinsights_sitenote_category":0,"footnotes":""},"class_list":["post-4038","page","type-page","status-publish","hentry"],"aioseo_notices":[],"_links":{"self":[{"href":"https:\/\/www.telessaude.uerj.br\/mestrado\/wp-json\/wp\/v2\/pages\/4038","targetHints":{"allow":["GET"]}}],"collection":[{"href":"https:\/\/www.telessaude.uerj.br\/mestrado\/wp-json\/wp\/v2\/pages"}],"about":[{"href":"https:\/\/www.telessaude.uerj.br\/mestrado\/wp-json\/wp\/v2\/types\/page"}],"author":[{"embeddable":true,"href":"https:\/\/www.telessaude.uerj.br\/mestrado\/wp-json\/wp\/v2\/users\/4"}],"replies":[{"embeddable":true,"href":"https:\/\/www.telessaude.uerj.br\/mestrado\/wp-json\/wp\/v2\/comments?post=4038"}],"version-history":[{"count":2,"href":"https:\/\/www.telessaude.uerj.br\/mestrado\/wp-json\/wp\/v2\/pages\/4038\/revisions"}],"predecessor-version":[{"id":5261,"href":"https:\/\/www.telessaude.uerj.br\/mestrado\/wp-json\/wp\/v2\/pages\/4038\/revisions\/5261"}],"wp:attachment":[{"href":"https:\/\/www.telessaude.uerj.br\/mestrado\/wp-json\/wp\/v2\/media?parent=4038"}],"curies":[{"name":"wp","href":"https:\/\/api.w.org\/{rel}","templated":true}]}}