{"id":4422,"date":"2023-09-28T16:34:48","date_gmt":"2023-09-28T19:34:48","guid":{"rendered":"https:\/\/www.telessaude.uerj.br\/mestrado\/?page_id=4422"},"modified":"2024-06-21T15:56:43","modified_gmt":"2024-06-21T18:56:43","slug":"creditos","status":"publish","type":"page","link":"https:\/\/www.telessaude.uerj.br\/mestrado\/creditos\/","title":{"rendered":"Cr\u00e9ditos"},"content":{"rendered":"<p>O <strong>Mestrado em Telessa\u00fade e Sa\u00fade Digital<\/strong> atribui os devidos cr\u00e9ditos aos sites:<\/p>\n<ul>\n<li>FREEPIK &#8211; <a href=\"https:\/\/br.freepik.com\/\">https:\/\/br.freepik.com\/<\/a><\/li>\n<li>VECTEEZY &#8211; <a href=\"https:\/\/pt.vecteezy.com\/\">https:\/\/pt.vecteezy.com\/<\/a><\/li>\n<li>UNSPLASH &#8211; <a href=\"https:\/\/unsplash.com\/pt-br\">https:\/\/unsplash.com\/pt-br<\/a><\/li>\n<\/ul>\n","protected":false},"excerpt":{"rendered":"<p>O Mestrado em Telessa\u00fade e Sa\u00fade Digital atribui os devidos cr\u00e9ditos aos sites: FREEPIK &#8211; https:\/\/br.freepik.com\/ VECTEEZY &#8211; https:\/\/pt.vecteezy.com\/ UNSPLASH [&hellip;]<\/p>\n","protected":false},"author":4,"featured_media":0,"parent":0,"menu_order":0,"comment_status":"closed","ping_status":"closed","template":"","meta":{"_monsterinsights_skip_tracking":false,"_monsterinsights_sitenote_active":false,"_monsterinsights_sitenote_note":"","_monsterinsights_sitenote_category":0,"footnotes":""},"class_list":["post-4422","page","type-page","status-publish","hentry"],"aioseo_notices":[],"_links":{"self":[{"href":"https:\/\/www.telessaude.uerj.br\/mestrado\/wp-json\/wp\/v2\/pages\/4422","targetHints":{"allow":["GET"]}}],"collection":[{"href":"https:\/\/www.telessaude.uerj.br\/mestrado\/wp-json\/wp\/v2\/pages"}],"about":[{"href":"https:\/\/www.telessaude.uerj.br\/mestrado\/wp-json\/wp\/v2\/types\/page"}],"author":[{"embeddable":true,"href":"https:\/\/www.telessaude.uerj.br\/mestrado\/wp-json\/wp\/v2\/users\/4"}],"replies":[{"embeddable":true,"href":"https:\/\/www.telessaude.uerj.br\/mestrado\/wp-json\/wp\/v2\/comments?post=4422"}],"version-history":[{"count":2,"href":"https:\/\/www.telessaude.uerj.br\/mestrado\/wp-json\/wp\/v2\/pages\/4422\/revisions"}],"predecessor-version":[{"id":4427,"href":"https:\/\/www.telessaude.uerj.br\/mestrado\/wp-json\/wp\/v2\/pages\/4422\/revisions\/4427"}],"wp:attachment":[{"href":"https:\/\/www.telessaude.uerj.br\/mestrado\/wp-json\/wp\/v2\/media?parent=4422"}],"curies":[{"name":"wp","href":"https:\/\/api.w.org\/{rel}","templated":true}]}}