{"id":4706,"date":"2024-03-04T16:03:52","date_gmt":"2024-03-04T19:03:52","guid":{"rendered":"https:\/\/www.telessaude.uerj.br\/mestrado\/?page_id=4706"},"modified":"2024-06-21T16:10:35","modified_gmt":"2024-06-21T19:10:35","slug":"laboratorios","status":"publish","type":"page","link":"https:\/\/www.telessaude.uerj.br\/mestrado\/laboratorios\/","title":{"rendered":"Laborat\u00f3rios"},"content":{"rendered":"<p style=\"text-align: center\"><img loading=\"lazy\" decoding=\"async\" class=\"alignnone wp-image-5111\" src=\"https:\/\/www.telessaude.uerj.br\/mestrado\/wp-content\/uploads\/sites\/3\/2024\/06\/vecteezy_3d-render-science-graduation-with-hat_12300331-300x246.png\" alt=\"\" width=\"256\" height=\"210\" srcset=\"https:\/\/www.telessaude.uerj.br\/mestrado\/wp-content\/uploads\/sites\/3\/2024\/06\/vecteezy_3d-render-science-graduation-with-hat_12300331-300x246.png 300w, https:\/\/www.telessaude.uerj.br\/mestrado\/wp-content\/uploads\/sites\/3\/2024\/06\/vecteezy_3d-render-science-graduation-with-hat_12300331-768x630.png 768w, https:\/\/www.telessaude.uerj.br\/mestrado\/wp-content\/uploads\/sites\/3\/2024\/06\/vecteezy_3d-render-science-graduation-with-hat_12300331.png 934w\" sizes=\"auto, (max-width: 256px) 100vw, 256px\" \/><\/p>\n\n<table id=\"tablepress-50\" class=\"tablepress tablepress-id-50\">\n<thead>\n<tr class=\"row-1\">\n\t<th class=\"column-1\"><strong>Laborat\u00f3rio <\/strong><\/th><td class=\"column-2\"><\/td><th class=\"column-3\"><strong>Acesse<\/strong><\/th>\n<\/tr>\n<\/thead>\n<tbody>\n<tr class=\"row-2\">\n\t<td class=\"column-1\"><strong>Laborat\u00f3rio de Telessa\u00fade UERJ<\/strong><\/td><td class=\"column-2\">Laborat\u00f3rio multiusu\u00e1rio que desenvolve <br \/>\natividades de ensino, pesquisa, extens\u00e3o <br \/>\ne desenvolvimento no campo da Telessa\u00fade <br \/>\ne da Sa\u00fade Digital, localizado no Centro de <br \/>\nPesquisa Cl\u00ednica Multiusu\u00e1rio do Hospital <br \/>\nUniversit\u00e1rio Pedro Ernesto HUPE-UERJ.<\/td><td class=\"column-3\"><a href=\"http:\/\/www.telessaude.uerj.br\" title=\"Telessa\u00fade UERJ\" rel=\"noopener\" target=\"_blank\">Telessa\u00fade UERJ<\/a><\/td>\n<\/tr>\n<tr class=\"row-3\">\n\t<td class=\"column-1\"><strong>Laborat\u00f3rio SAUDE3D de Tecnologias<br \/>\nDigitais Tridimensionais UERJ<\/strong><\/td><td class=\"column-2\">laborat\u00f3rio multiusu\u00e1rio de modelagem <br \/>\ncomputacional tridimensional com possibilidade<br \/>\n de impress\u00e3o tridimensional, localizado no <br \/>\nCentro de Pesquisa Cl\u00ednica Multiusu\u00e1rio do <br \/>\nHospital Universit\u00e1rio Pedro Ernesto HUPE-UERJ.<\/td><td class=\"column-3\"><a href=\"http:\/\/www.telessaude.uerj.br\/saude3d\" title=\"Sa\u00fade 3D\" rel=\"noopener\" target=\"_blank\">Sa\u00fade 3D<\/a><\/td>\n<\/tr>\n<tr class=\"row-4\">\n\t<td class=\"column-1\"><strong>Laborat\u00f3rio M\u00e9dico de Pesquisas Avan\u00e7adas UERJ<\/strong><\/td><td class=\"column-2\">Laborat\u00f3rio de pesquisa m\u00e9dica <br \/>\nlocalizado na Faculdade de Ci\u00eancias M\u00e9dicas.<\/td><td class=\"column-3\"><a href=\"http:\/\/www.lampada.uerj.br\" title=\"L\u00e2mpada UERJ\" rel=\"noopener\" target=\"_blank\">L\u00e2mpada UERJ<\/a><\/td>\n<\/tr>\n<tr class=\"row-5\">\n\t<td class=\"column-1\"><strong>Laborat\u00f3rio de Ci\u00eancia da Computa\u00e7\u00e3o UERJ<\/strong><\/td><td class=\"column-2\">Laborat\u00f3rio de pesquisa na computa\u00e7\u00e3o,<br \/>\nlocalizado no Instituto de Matem\u00e1tica e <br \/>\nEstat\u00edstica IME UERJ.<\/td><td class=\"column-3\"><a href=\"http:\/\/www.bcc.ime.uerj.br\/infraestrutura\/lcc\" title=\"Ci\u00eancia da Computa\u00e7\u00e3o UERJ\" rel=\"noopener\" target=\"_blank\">Ci\u00eancia da Computa\u00e7\u00e3o UERJ<\/a><\/td>\n<\/tr>\n<tr class=\"row-6\">\n\t<td class=\"column-1\"><strong>Laborat\u00f3rio de Habilidades, Simula\u00e7\u00e3o e <br \/>\nTecnologias do Cuidado UERJ<\/strong><\/td><td class=\"column-2\">Laborat\u00f3rio localizado na Faculdade<br \/>\nde Enfermagem UERJ.<\/td><td class=\"column-3\"><a href=\"http:\/\/www.facenf.uerj.br\/faculdade-de-enfermagem\/institucional\/laboratorios-de-simulacao\" title=\"Faculdade de Enfermagem UERJ\" rel=\"noopener\" target=\"_blank\">Faculdade de Enfermagem UERJ<\/a><\/td>\n<\/tr>\n<tr class=\"row-7\">\n\t<td class=\"column-1\"><strong>N\u00facleo de Teleodontologia UERJ<\/strong><\/td><td class=\"column-2\">N\u00facleo de pesquisa em tecnologias <br \/>\ndigitais na \u00e1rea da odontologia, localizado<br \/>\nna Faculdade de Odontologia UERJ<\/td><td class=\"column-3\"><a href=\"http:\/\/www.teleodonto.uerj.br\" title=\"Teleondonto UERJ\" rel=\"noopener\" target=\"_blank\">Teleondonto UERJ<\/a><\/td>\n<\/tr>\n<\/tbody>\n<\/table>\n<!-- #tablepress-50 from cache -->\n","protected":false},"excerpt":{"rendered":"","protected":false},"author":4,"featured_media":0,"parent":0,"menu_order":0,"comment_status":"closed","ping_status":"closed","template":"","meta":{"_monsterinsights_skip_tracking":false,"_monsterinsights_sitenote_active":false,"_monsterinsights_sitenote_note":"","_monsterinsights_sitenote_category":0,"footnotes":""},"class_list":["post-4706","page","type-page","status-publish","hentry"],"aioseo_notices":[],"_links":{"self":[{"href":"https:\/\/www.telessaude.uerj.br\/mestrado\/wp-json\/wp\/v2\/pages\/4706","targetHints":{"allow":["GET"]}}],"collection":[{"href":"https:\/\/www.telessaude.uerj.br\/mestrado\/wp-json\/wp\/v2\/pages"}],"about":[{"href":"https:\/\/www.telessaude.uerj.br\/mestrado\/wp-json\/wp\/v2\/types\/page"}],"author":[{"embeddable":true,"href":"https:\/\/www.telessaude.uerj.br\/mestrado\/wp-json\/wp\/v2\/users\/4"}],"replies":[{"embeddable":true,"href":"https:\/\/www.telessaude.uerj.br\/mestrado\/wp-json\/wp\/v2\/comments?post=4706"}],"version-history":[{"count":2,"href":"https:\/\/www.telessaude.uerj.br\/mestrado\/wp-json\/wp\/v2\/pages\/4706\/revisions"}],"predecessor-version":[{"id":5118,"href":"https:\/\/www.telessaude.uerj.br\/mestrado\/wp-json\/wp\/v2\/pages\/4706\/revisions\/5118"}],"wp:attachment":[{"href":"https:\/\/www.telessaude.uerj.br\/mestrado\/wp-json\/wp\/v2\/media?parent=4706"}],"curies":[{"name":"wp","href":"https:\/\/api.w.org\/{rel}","templated":true}]}}