{"id":474,"date":"2017-01-02T08:28:52","date_gmt":"2017-01-02T08:28:52","guid":{"rendered":"https:\/\/demo.themegrill.com\/flash-default-2\/?page_id=5"},"modified":"2026-02-12T16:47:25","modified_gmt":"2026-02-12T19:47:25","slug":"home","status":"publish","type":"page","link":"https:\/\/www.telessaude.uerj.br\/mestrado\/","title":{"rendered":"PRINCIPAL"},"content":{"rendered":"<div id=\"pl-474\"  class=\"panel-layout\" ><div id=\"pg-474-0\"  class=\"panel-grid panel-has-style\" ><div class=\"siteorigin-panels-stretch panel-row-style panel-row-style-for-474-0\" data-stretch-type=\"full-width-stretch\" ><div id=\"pgc-474-0-0\"  class=\"panel-grid-cell\" ><div id=\"panel-474-0-0-0\" class=\"so-panel widget widget_themegrill_flash_slider tg-section tg-slider-widget panel-first-child panel-last-child\" data-index=\"0\" ><div class=\"panel-widget-style panel-widget-style-for-474-0-0-0\" ><div class=\"tg-slider-widget slider-dark slider-content-left slider-control-bottom-right full-width\">\n\t<div class=\"swiper-container\">\n\t\t<div class=\"swiper-wrapper\">\n\t\t\t\n\t\t\t\t\t<div class=\"swiper-slide\">\n\t\t\t\t\t\t<figure class=\"slider-image\" >\n\t\t\t\t\t\t\t<img width=\"2240\" height=\"699\"\t\t\t\t\t\t\t\t\tsrc=\"https:\/\/www.telessaude.uerj.br\/mestrado\/wp-content\/uploads\/sites\/3\/2023\/04\/CAPES.jpg\"\n\t\t\t\t\t\t\t\t\talt=\"CAPES NOTA 5 \"\n\t\t\t\t\t\t\t\t\ttitle=\"CAPES NOTA 5 \"\/>\n\t\t\t\t\t\t\t<div class=\"overlay\"><\/div>\n\t\t\t\t\t\t<\/figure>\n\t\t\t\t\t\t<div class=\"slider-content\">\n\t\t\t\t\t\t\t<div class=\"tg-container\">\n\t\t\t\t\t\t\t\t<div class=\"caption-title\">CAPES NOTA 5 <\/div>\n\t\t\t\t\t\t\t\t<div class=\"caption-desc\">QUADRIENAL 2021 - 2024 | \u00c1REA DE AVALIA\u00c7\u00c3O MEDICINA I<\/div>\n\t\t\t\t\t\t\t\t\t\t\t\t\t\t\t\t\t<div class=\"btn-wrapper\">\n\t\t\t\t\t\t\t\t\t\t<a href=\"https:\/\/www.telessaude.uerj.br\/mestrado\/historico\/\">CONFIRA O HIST\u00d3RICO<\/a>\n\t\t\t\t\t\t\t\t\t<\/div>\n\t\t\t\t\t\t\t\t\t\t\t\t\t\t\t<\/div>\n\t\t\t\t\t\t<\/div>\n\t\t\t\t\t<\/div>\n\n\t\t\t\t\n\t\t\t\t\t<div class=\"swiper-slide\">\n\t\t\t\t\t\t<figure class=\"slider-image\" >\n\t\t\t\t\t\t\t<img width=\"2240\" height=\"699\"\t\t\t\t\t\t\t\t\tsrc=\"https:\/\/www.telessaude.uerj.br\/mestrado\/wp-content\/uploads\/sites\/3\/2023\/04\/pesquisa.jpg\"\n\t\t\t\t\t\t\t\t\talt=\"LINHAS DE PESQUISA \"\n\t\t\t\t\t\t\t\t\ttitle=\"LINHAS DE PESQUISA \"\/>\n\t\t\t\t\t\t\t<div class=\"overlay\"><\/div>\n\t\t\t\t\t\t<\/figure>\n\t\t\t\t\t\t<div class=\"slider-content\">\n\t\t\t\t\t\t\t<div class=\"tg-container\">\n\t\t\t\t\t\t\t\t<div class=\"caption-title\">LINHAS DE PESQUISA <\/div>\n\t\t\t\t\t\t\t\t<div class=\"caption-desc\">ASSIST\u00caNCIA REMOTA EM SA\u00daDE, TECNOLOGIAS E EDUCA\u00c7\u00c3O \u00c0 DIST\u00c2NCIA EM SA\u00daDE, PRODU\u00c7\u00c3O DE INFORMA\u00c7\u00c3O E INTELIG\u00caNCIA ARTIFICIAL EM SA\u00daDE E \nTECNOLOGIAS TRIDIMENSIONAIS EM SA\u00daDE<\/div>\n\t\t\t\t\t\t\t\t\t\t\t\t\t\t\t\t\t<div class=\"btn-wrapper\">\n\t\t\t\t\t\t\t\t\t\t<a href=\"https:\/\/www.telessaude.uerj.br\/mestrado\/linhas-de-pesquisa\/\">ACESSE<\/a>\n\t\t\t\t\t\t\t\t\t<\/div>\n\t\t\t\t\t\t\t\t\t\t\t\t\t\t\t<\/div>\n\t\t\t\t\t\t<\/div>\n\t\t\t\t\t<\/div>\n\n\t\t\t\t\t\t<\/div>\n\t\t<div class=\"swiper-pagination\"><\/div>\n\t\t<div class=\"slider-arrow\">\n\t\t\t<div class=\"swiper-button-next\"><\/div>\n\t\t\t<div class=\"swiper-button-prev\"><\/div>\n\t\t<\/div>\n\t<\/div>\n<\/div>\n<\/div><\/div><\/div><\/div><\/div><div id=\"pg-474-1\"  class=\"panel-grid panel-no-style\" ><div id=\"pgc-474-1-0\"  class=\"panel-grid-cell\" ><div id=\"panel-474-1-0-0\" class=\"so-panel widget widget_themegrill_flash_heading tg-widget section-title-wrapper panel-first-child panel-last-child\" data-index=\"1\" ><\/div><\/div><\/div><div id=\"pg-474-2\"  class=\"panel-grid panel-no-style\" ><div id=\"pgc-474-2-0\"  class=\"panel-grid-cell\" ><div id=\"panel-474-2-0-0\" class=\"so-panel widget widget_themegrill_flash_heading tg-widget section-title-wrapper panel-first-child panel-last-child\" data-index=\"2\" >\t<h3 class=\"section-title\">Por que fazer o Mestrado Profissional em Telessa\u00fade e Sa\u00fade Digital?<\/h3>\n<\/div><\/div><\/div><div id=\"pg-474-3\"  class=\"panel-grid panel-no-style\" ><div id=\"pgc-474-3-0\"  class=\"panel-grid-cell\" ><div id=\"panel-474-3-0-0\" class=\"so-panel widget widget_themegrill_flash_heading tg-widget section-title-wrapper panel-first-child panel-last-child\" data-index=\"3\" ><\/div><\/div><\/div><div id=\"pg-474-4\"  class=\"panel-grid panel-no-style\" ><div id=\"pgc-474-4-0\"  class=\"panel-grid-cell\" ><div id=\"panel-474-4-0-0\" class=\"so-panel widget widget_media_image panel-first-child panel-last-child\" data-index=\"4\" ><img loading=\"lazy\" decoding=\"async\" width=\"800\" height=\"800\" src=\"https:\/\/www.telessaude.uerj.br\/mestrado\/wp-content\/uploads\/sites\/3\/2024\/01\/4.jpg\" class=\"image wp-image-4632  attachment-full size-full\" alt=\"\" style=\"max-width: 100%; height: auto;\" srcset=\"https:\/\/www.telessaude.uerj.br\/mestrado\/wp-content\/uploads\/sites\/3\/2024\/01\/4.jpg 800w, https:\/\/www.telessaude.uerj.br\/mestrado\/wp-content\/uploads\/sites\/3\/2024\/01\/4-300x300.jpg 300w, https:\/\/www.telessaude.uerj.br\/mestrado\/wp-content\/uploads\/sites\/3\/2024\/01\/4-150x150.jpg 150w, https:\/\/www.telessaude.uerj.br\/mestrado\/wp-content\/uploads\/sites\/3\/2024\/01\/4-768x768.jpg 768w\" sizes=\"auto, (max-width: 800px) 100vw, 800px\" \/><\/div><\/div><div id=\"pgc-474-4-1\"  class=\"panel-grid-cell\" ><div id=\"panel-474-4-1-0\" class=\"so-panel widget widget_themegrill_flash_service tg-widget tg-single-service panel-first-child panel-last-child\" data-index=\"5\" >\n<div class=\"tg-service-widget tg-service-layout-1\">\n\t<div class=\"service-wrapper\">\n\t\t<div class=\"service-icon-title-wrapper clearfix\">\n\t\t\t\t\t\t<div class=\"service-icon-wrap\"><i class=\"fa fa-check-circle\"><\/i><\/div>\n\t\t\t\t\t\t\t\t\t\t\t\t<h3 class=\"service-title-wrap\">\n\t\t\t\tMERCADO EM EXPANS\u00c3O\t\t\t\t\t\t\t<\/h3>\n\t\t\t\t\t<\/div>\n\t\t\t\t<div class=\"service-content-wrap\">NO BRASIL E NO MUNDO!<\/div>\n\t\t\t\t\t<\/div>\n<\/div>\n<\/div><\/div><div id=\"pgc-474-4-2\"  class=\"panel-grid-cell\" ><div id=\"panel-474-4-2-0\" class=\"so-panel widget widget_media_image panel-first-child panel-last-child\" data-index=\"6\" ><img loading=\"lazy\" decoding=\"async\" width=\"800\" height=\"800\" src=\"https:\/\/www.telessaude.uerj.br\/mestrado\/wp-content\/uploads\/sites\/3\/2024\/01\/1-1.jpg\" class=\"image wp-image-4630  attachment-full size-full\" alt=\"\" style=\"max-width: 100%; height: auto;\" srcset=\"https:\/\/www.telessaude.uerj.br\/mestrado\/wp-content\/uploads\/sites\/3\/2024\/01\/1-1.jpg 800w, https:\/\/www.telessaude.uerj.br\/mestrado\/wp-content\/uploads\/sites\/3\/2024\/01\/1-1-300x300.jpg 300w, https:\/\/www.telessaude.uerj.br\/mestrado\/wp-content\/uploads\/sites\/3\/2024\/01\/1-1-150x150.jpg 150w, https:\/\/www.telessaude.uerj.br\/mestrado\/wp-content\/uploads\/sites\/3\/2024\/01\/1-1-768x768.jpg 768w\" sizes=\"auto, (max-width: 800px) 100vw, 800px\" \/><\/div><\/div><div id=\"pgc-474-4-3\"  class=\"panel-grid-cell\" ><div id=\"panel-474-4-3-0\" class=\"so-panel widget widget_themegrill_flash_service tg-widget tg-single-service panel-first-child panel-last-child\" data-index=\"7\" >\n<div class=\"tg-service-widget tg-service-layout-1\">\n\t<div class=\"service-wrapper\">\n\t\t<div class=\"service-icon-title-wrapper clearfix\">\n\t\t\t\t\t\t<div class=\"service-icon-wrap\"><i class=\"fa fa-check-circle\"><\/i><\/div>\n\t\t\t\t\t\t\t\t\t\t\t\t<h3 class=\"service-title-wrap\">\n\t\t\t\t\u00daNICO NO BRASIL\t\t\t\t\t\t\t<\/h3>\n\t\t\t\t\t<\/div>\n\t\t\t\t<div class=\"service-content-wrap\">STRICTO SENSU EM TELESSA\u00daDE E SA\u00daDE DIGITAL DO BRASIL!<\/div>\n\t\t\t\t\t<\/div>\n<\/div>\n<\/div><\/div><\/div><div id=\"pg-474-5\"  class=\"panel-grid panel-no-style\" ><div id=\"pgc-474-5-0\"  class=\"panel-grid-cell\" ><div id=\"panel-474-5-0-0\" class=\"so-panel widget widget_themegrill_flash_heading tg-widget section-title-wrapper panel-first-child panel-last-child\" data-index=\"8\" ><\/div><\/div><\/div><div id=\"pg-474-6\"  class=\"panel-grid panel-no-style\" ><div id=\"pgc-474-6-0\"  class=\"panel-grid-cell\" ><div id=\"panel-474-6-0-0\" class=\"so-panel widget widget_media_image panel-first-child panel-last-child\" data-index=\"9\" ><img loading=\"lazy\" decoding=\"async\" width=\"800\" height=\"800\" src=\"https:\/\/www.telessaude.uerj.br\/mestrado\/wp-content\/uploads\/sites\/3\/2024\/01\/1.jpg\" class=\"image wp-image-4629  attachment-full size-full\" alt=\"\" style=\"max-width: 100%; height: auto;\" srcset=\"https:\/\/www.telessaude.uerj.br\/mestrado\/wp-content\/uploads\/sites\/3\/2024\/01\/1.jpg 800w, https:\/\/www.telessaude.uerj.br\/mestrado\/wp-content\/uploads\/sites\/3\/2024\/01\/1-300x300.jpg 300w, https:\/\/www.telessaude.uerj.br\/mestrado\/wp-content\/uploads\/sites\/3\/2024\/01\/1-150x150.jpg 150w, https:\/\/www.telessaude.uerj.br\/mestrado\/wp-content\/uploads\/sites\/3\/2024\/01\/1-768x768.jpg 768w\" sizes=\"auto, (max-width: 800px) 100vw, 800px\" \/><\/div><\/div><div id=\"pgc-474-6-1\"  class=\"panel-grid-cell\" ><div id=\"panel-474-6-1-0\" class=\"so-panel widget widget_themegrill_flash_service tg-widget tg-single-service panel-first-child panel-last-child\" data-index=\"10\" >\n<div class=\"tg-service-widget tg-service-layout-1\">\n\t<div class=\"service-wrapper\">\n\t\t<div class=\"service-icon-title-wrapper clearfix\">\n\t\t\t\t\t\t<div class=\"service-icon-wrap\"><i class=\"fa fa-check-circle\"><\/i><\/div>\n\t\t\t\t\t\t\t\t\t\t\t\t<h3 class=\"service-title-wrap\">\n\t\t\t\tM\u00c9TODO A DIST\u00c2NCIA\t\t\t\t\t\t\t<\/h3>\n\t\t\t\t\t<\/div>\n\t\t\t\t<div class=\"service-content-wrap\">GERENCIE SEU TEMPO!<\/div>\n\t\t\t\t\t<\/div>\n<\/div>\n<\/div><\/div><div id=\"pgc-474-6-2\"  class=\"panel-grid-cell\" ><div id=\"panel-474-6-2-0\" class=\"so-panel widget widget_media_image panel-first-child panel-last-child\" data-index=\"11\" ><img loading=\"lazy\" decoding=\"async\" width=\"800\" height=\"800\" src=\"https:\/\/www.telessaude.uerj.br\/mestrado\/wp-content\/uploads\/sites\/3\/2024\/01\/2-2-2.jpg\" class=\"image wp-image-4644  attachment-full size-full\" alt=\"\" style=\"max-width: 100%; height: auto;\" srcset=\"https:\/\/www.telessaude.uerj.br\/mestrado\/wp-content\/uploads\/sites\/3\/2024\/01\/2-2-2.jpg 800w, https:\/\/www.telessaude.uerj.br\/mestrado\/wp-content\/uploads\/sites\/3\/2024\/01\/2-2-2-300x300.jpg 300w, https:\/\/www.telessaude.uerj.br\/mestrado\/wp-content\/uploads\/sites\/3\/2024\/01\/2-2-2-150x150.jpg 150w, https:\/\/www.telessaude.uerj.br\/mestrado\/wp-content\/uploads\/sites\/3\/2024\/01\/2-2-2-768x768.jpg 768w\" sizes=\"auto, (max-width: 800px) 100vw, 800px\" \/><\/div><\/div><div id=\"pgc-474-6-3\"  class=\"panel-grid-cell\" ><div id=\"panel-474-6-3-0\" class=\"so-panel widget widget_themegrill_flash_service tg-widget tg-single-service panel-first-child panel-last-child\" data-index=\"12\" >\n<div class=\"tg-service-widget tg-service-layout-1\">\n\t<div class=\"service-wrapper\">\n\t\t<div class=\"service-icon-title-wrapper clearfix\">\n\t\t\t\t\t\t<div class=\"service-icon-wrap\"><i class=\"fa fa-check-circle\"><\/i><\/div>\n\t\t\t\t\t\t\t\t\t\t\t\t<h3 class=\"service-title-wrap\">\n\t\t\t\tT\u00cdTULO\t\t\t\t\t\t\t<\/h3>\n\t\t\t\t\t<\/div>\n\t\t\t\t<div class=\"service-content-wrap\">DE MESTRE EM TELESSA\u00daDE E SA\u00daDE DIGITAL<\/div>\n\t\t\t\t\t<\/div>\n<\/div>\n<\/div><\/div><\/div><div id=\"pg-474-7\"  class=\"panel-grid panel-no-style\" ><div id=\"pgc-474-7-0\"  class=\"panel-grid-cell\" ><div id=\"panel-474-7-0-0\" class=\"so-panel widget widget_themegrill_flash_heading tg-widget section-title-wrapper panel-first-child panel-last-child\" data-index=\"13\" ><\/div><\/div><\/div><div id=\"pg-474-8\"  class=\"panel-grid panel-no-style\" ><div id=\"pgc-474-8-0\"  class=\"panel-grid-cell\" ><div id=\"panel-474-8-0-0\" class=\"so-panel widget widget_themegrill_flash_heading tg-widget section-title-wrapper panel-first-child panel-last-child\" data-index=\"14\" ><\/div><\/div><\/div><div id=\"pg-474-9\"  class=\"panel-grid panel-has-style\" ><div class=\"so-parallax siteorigin-panels-stretch panel-row-style panel-row-style-for-474-9\" data-stretch-type=\"full-width-stretch\" ><img fetchpriority=\"high\" decoding=\"async\" width=\"4000\" height=\"2667\" src=\"https:\/\/www.telessaude.uerj.br\/mestrado\/wp-content\/uploads\/sites\/3\/2018\/08\/rawpixel-718387-unsplash-1.jpg\" class=\"attachment-full size-full\" alt=\"\" data-siteorigin-parallax=\"true\" loading=\"eager\" srcset=\"https:\/\/www.telessaude.uerj.br\/mestrado\/wp-content\/uploads\/sites\/3\/2018\/08\/rawpixel-718387-unsplash-1.jpg 4000w, https:\/\/www.telessaude.uerj.br\/mestrado\/wp-content\/uploads\/sites\/3\/2018\/08\/rawpixel-718387-unsplash-1-300x200.jpg 300w, https:\/\/www.telessaude.uerj.br\/mestrado\/wp-content\/uploads\/sites\/3\/2018\/08\/rawpixel-718387-unsplash-1-768x512.jpg 768w, https:\/\/www.telessaude.uerj.br\/mestrado\/wp-content\/uploads\/sites\/3\/2018\/08\/rawpixel-718387-unsplash-1-1024x683.jpg 1024w, https:\/\/www.telessaude.uerj.br\/mestrado\/wp-content\/uploads\/sites\/3\/2018\/08\/rawpixel-718387-unsplash-1-600x400.jpg 600w\" sizes=\"(max-width: 4000px) 100vw, 4000px\" \/><div id=\"pgc-474-9-0\"  class=\"panel-grid-cell\" ><div id=\"panel-474-9-0-0\" class=\"so-panel widget widget_themegrill_flash_cta tg-widget call-to-action-section panel-first-child panel-last-child\" data-index=\"15\" ><div class=\"panel-widget-style panel-widget-style-for-474-9-0-0\" ><div class=\"cta-wrapper call-to-action-section-layout-1\">\n\t<div class=\"section-title-wrapper\">\n\t\t\t\t<h3 class=\"section-title\">ACESSE NOSSAS REDES SOCIAIS<\/h3>\n\t\t\t<\/div>\n\t\t<div class=\"btn-wrapper\">\n\t\t\t\t<a class=\"btn\" href=\"https:\/\/www.instagram.com\/telessaudeuerj\/\">INSTAGRAM<\/a>\n\t\t\t\t\t\t<a class=\"btn\" href=\"https:\/\/www.linkedin.com\/in\/telessade-uerj\/\">LINKEDIN<\/a>\n\t\t\t<\/div>\n\t<\/div>\n<\/div><\/div><\/div><\/div><\/div><div id=\"pg-474-10\"  class=\"panel-grid panel-no-style\" ><div id=\"pgc-474-10-0\"  class=\"panel-grid-cell\" ><div id=\"panel-474-10-0-0\" class=\"so-panel widget widget_themegrill_flash_heading tg-widget section-title-wrapper panel-first-child panel-last-child\" data-index=\"16\" ><\/div><\/div><\/div><div id=\"pg-474-11\"  class=\"panel-grid panel-no-style\" ><div id=\"pgc-474-11-0\"  class=\"panel-grid-cell\" ><div id=\"panel-474-11-0-0\" class=\"so-panel widget widget_themegrill_flash_heading tg-widget section-title-wrapper panel-first-child panel-last-child\" data-index=\"17\" >\t<h3 class=\"section-title\">EXTENS\u00c3O E PESQUISA<\/h3>\n<\/div><\/div><\/div><div id=\"pg-474-12\"  class=\"panel-grid panel-no-style\" ><div id=\"pgc-474-12-0\"  class=\"panel-grid-cell\" ><div id=\"panel-474-12-0-0\" class=\"so-panel widget widget_themegrill_flash_image tg-widget tg-image-widget panel-first-child panel-last-child\" data-index=\"18\" >\t<img decoding=\"async\" src=\"https:\/\/www.telessaude.uerj.br\/mestrado\/wp-content\/uploads\/sites\/3\/2025\/02\/logo2.png\" \/>\n<\/div><\/div><div id=\"pgc-474-12-1\"  class=\"panel-grid-cell\" ><div id=\"panel-474-12-1-0\" class=\"so-panel widget widget_themegrill_flash_image tg-widget tg-image-widget panel-first-child panel-last-child\" data-index=\"19\" >\t<img decoding=\"async\" src=\"https:\/\/www.telessaude.uerj.br\/mestrado\/wp-content\/uploads\/sites\/3\/2025\/02\/logo3.png\" \/>\n<\/div><\/div><div id=\"pgc-474-12-2\"  class=\"panel-grid-cell\" ><div id=\"panel-474-12-2-0\" class=\"so-panel widget widget_themegrill_flash_image tg-widget tg-image-widget panel-first-child panel-last-child\" data-index=\"20\" >\t<a href=\"https:\/\/www.telessaude.uerj.br\/mestrado\/programa-de-extensao-telemedicina-e-telessaude\/\"><img decoding=\"async\" src=\"https:\/\/www.telessaude.uerj.br\/mestrado\/wp-content\/uploads\/sites\/3\/2025\/02\/logo4.png\" \/><\/a>\n<\/div><\/div><div id=\"pgc-474-12-3\"  class=\"panel-grid-cell\" ><div id=\"panel-474-12-3-0\" class=\"so-panel widget widget_themegrill_flash_image tg-widget tg-image-widget panel-first-child panel-last-child\" data-index=\"21\" >\t<a href=\"https:\/\/www.telessaude.uerj.br\/site\/grupo-de-pesquisa-telemedicina-e-telessaude-uerj\/\"><img decoding=\"async\" src=\"https:\/\/www.telessaude.uerj.br\/mestrado\/wp-content\/uploads\/sites\/3\/2025\/02\/logo5.png\" \/><\/a>\n<\/div><\/div><div id=\"pgc-474-12-4\"  class=\"panel-grid-cell\" ><div id=\"panel-474-12-4-0\" class=\"so-panel widget widget_themegrill_flash_image tg-widget tg-image-widget panel-first-child panel-last-child\" data-index=\"22\" >\t<a href=\"http:\/\/dgp.cnpq.br\/dgp\/espelhogrupo\/9741699715904814\"><img decoding=\"async\" src=\"https:\/\/www.telessaude.uerj.br\/mestrado\/wp-content\/uploads\/sites\/3\/2025\/02\/logo6.png\" \/><\/a>\n<\/div><\/div><\/div><div id=\"pg-474-13\"  class=\"panel-grid panel-no-style\" ><div id=\"pgc-474-13-0\"  class=\"panel-grid-cell\" ><div id=\"panel-474-13-0-0\" class=\"so-panel widget widget_themegrill_flash_heading tg-widget section-title-wrapper panel-first-child panel-last-child\" data-index=\"23\" ><\/div><\/div><\/div><div id=\"pg-474-14\"  class=\"panel-grid panel-has-style\" ><div class=\"so-parallax siteorigin-panels-stretch panel-row-style panel-row-style-for-474-14\" data-stretch-type=\"full-width-stretch\" ><img decoding=\"async\" width=\"4820\" height=\"3037\" src=\"https:\/\/www.telessaude.uerj.br\/mestrado\/wp-content\/uploads\/sites\/3\/2018\/08\/john-schnobrich-520019-unsplash.jpg\" class=\"attachment-full size-full\" alt=\"\" data-siteorigin-parallax=\"true\" loading=\"eager\" srcset=\"https:\/\/www.telessaude.uerj.br\/mestrado\/wp-content\/uploads\/sites\/3\/2018\/08\/john-schnobrich-520019-unsplash.jpg 4820w, https:\/\/www.telessaude.uerj.br\/mestrado\/wp-content\/uploads\/sites\/3\/2018\/08\/john-schnobrich-520019-unsplash-300x189.jpg 300w, https:\/\/www.telessaude.uerj.br\/mestrado\/wp-content\/uploads\/sites\/3\/2018\/08\/john-schnobrich-520019-unsplash-768x484.jpg 768w, https:\/\/www.telessaude.uerj.br\/mestrado\/wp-content\/uploads\/sites\/3\/2018\/08\/john-schnobrich-520019-unsplash-1024x645.jpg 1024w, https:\/\/www.telessaude.uerj.br\/mestrado\/wp-content\/uploads\/sites\/3\/2018\/08\/john-schnobrich-520019-unsplash-600x378.jpg 600w\" sizes=\"(max-width: 4820px) 100vw, 4820px\" \/><div id=\"pgc-474-14-0\"  class=\"panel-grid-cell\" ><div id=\"panel-474-14-0-0\" class=\"so-panel widget widget_themegrill_flash_cta tg-widget call-to-action-section panel-first-child\" data-index=\"24\" ><div class=\"panel-widget-style panel-widget-style-for-474-14-0-0\" ><div class=\"cta-wrapper call-to-action-section-layout-1\">\n\t<div class=\"section-title-wrapper\">\n\t\t\t\t<h3 class=\"section-title\">AMBIENTE VIRTUAL<\/h3>\n\t\t\t<\/div>\n\t\t<div class=\"btn-wrapper\">\n\t\t\t\t<a class=\"btn\" href=\"http:\/\/mestrado.telessaude.uerj.br\/\">ACESSE<\/a>\n\t\t\t\t\t<\/div>\n\t<\/div>\n<\/div><\/div><div id=\"panel-474-14-0-1\" class=\"so-panel widget widget_themegrill_flash_heading tg-widget section-title-wrapper panel-last-child\" data-index=\"25\" ><\/div><\/div><\/div><\/div><div id=\"pg-474-15\"  class=\"panel-grid panel-no-style\" ><div id=\"pgc-474-15-0\"  class=\"panel-grid-cell\" ><div id=\"panel-474-15-0-0\" class=\"so-panel widget widget_themegrill_flash_heading tg-widget section-title-wrapper panel-first-child panel-last-child\" data-index=\"26\" ><\/div><\/div><\/div><div id=\"pg-474-16\"  class=\"panel-grid panel-no-style\" ><div id=\"pgc-474-16-0\"  class=\"panel-grid-cell\" ><div id=\"panel-474-16-0-0\" class=\"so-panel widget widget_themegrill_flash_heading tg-widget section-title-wrapper panel-first-child panel-last-child\" data-index=\"27\" ><\/div><\/div><\/div><div id=\"pg-474-17\"  class=\"panel-grid panel-no-style\" ><div id=\"pgc-474-17-0\"  class=\"panel-grid-cell\" ><div id=\"panel-474-17-0-0\" class=\"so-panel widget widget_themegrill_flash_heading tg-widget section-title-wrapper panel-first-child panel-last-child\" data-index=\"28\" >\t<h3 class=\"section-title\">Redes Sociais<\/h3>\n<\/div><\/div><\/div><div id=\"pg-474-18\"  class=\"panel-grid panel-no-style\" ><div id=\"pgc-474-18-0\"  class=\"panel-grid-cell\" ><div id=\"panel-474-18-0-0\" class=\"so-panel widget widget_themegrill_flash_image tg-widget tg-image-widget panel-first-child panel-last-child\" data-index=\"29\" >\t<a href=\"https:\/\/www.instagram.com\/telessaudeuerj\/\"><img decoding=\"async\" src=\"https:\/\/www.telessaude.uerj.br\/mestrado\/wp-content\/uploads\/sites\/3\/2026\/02\/INSTGR.png\" \/><\/a>\n<\/div><\/div><div id=\"pgc-474-18-1\"  class=\"panel-grid-cell\" ><div id=\"panel-474-18-1-0\" class=\"so-panel widget widget_themegrill_flash_image tg-widget tg-image-widget panel-first-child panel-last-child\" data-index=\"30\" >\t<a href=\"https:\/\/www.linkedin.com\/in\/telessade-uerj\/\"><img decoding=\"async\" src=\"https:\/\/www.telessaude.uerj.br\/mestrado\/wp-content\/uploads\/sites\/3\/2026\/02\/LIKND-1.png\" \/><\/a>\n<\/div><\/div><div id=\"pgc-474-18-2\"  class=\"panel-grid-cell\" ><div id=\"panel-474-18-2-0\" class=\"so-panel widget widget_themegrill_flash_image tg-widget tg-image-widget panel-first-child panel-last-child\" data-index=\"31\" >\t<a href=\"https:\/\/www.youtube.com\/user\/telessauderj\"><img decoding=\"async\" src=\"https:\/\/www.telessaude.uerj.br\/mestrado\/wp-content\/uploads\/sites\/3\/2026\/02\/YT.png\" \/><\/a>\n<\/div><\/div><\/div><div id=\"pg-474-19\"  class=\"panel-grid panel-no-style\" ><div id=\"pgc-474-19-0\"  class=\"panel-grid-cell\" ><div id=\"panel-474-19-0-0\" class=\"so-panel widget widget_themegrill_flash_heading tg-widget section-title-wrapper panel-first-child panel-last-child\" data-index=\"32\" >\t<h3 class=\"section-title\">_<\/h3>\n<\/div><\/div><\/div><div id=\"pg-474-20\"  class=\"panel-grid panel-no-style\" ><div id=\"pgc-474-20-0\"  class=\"panel-grid-cell\" ><div id=\"panel-474-20-0-0\" class=\"so-panel widget widget_themegrill_flash_image tg-widget tg-image-widget panel-first-child panel-last-child\" data-index=\"33\" >\t<a href=\"https:\/\/www.uerj.br\/\"><img decoding=\"async\" src=\"https:\/\/www.telessaude.uerj.br\/mestrado\/wp-content\/uploads\/sites\/3\/2026\/02\/uerj.jpg\" \/><\/a>\n<\/div><\/div><div id=\"pgc-474-20-1\"  class=\"panel-grid-cell\" ><div id=\"panel-474-20-1-0\" class=\"so-panel widget widget_themegrill_flash_image tg-widget tg-image-widget panel-first-child panel-last-child\" data-index=\"34\" >\t<a href=\"https:\/\/www.telessaude.uerj.br\/site\/\"><img decoding=\"async\" src=\"https:\/\/www.telessaude.uerj.br\/mestrado\/wp-content\/uploads\/sites\/3\/2026\/02\/nucleo2.jpg\" \/><\/a>\n<\/div><\/div><div id=\"pgc-474-20-2\"  class=\"panel-grid-cell\" ><div id=\"panel-474-20-2-0\" class=\"so-panel widget widget_themegrill_flash_image tg-widget tg-image-widget panel-first-child panel-last-child\" data-index=\"35\" >\t<a href=\"https:\/\/www.capes.gov.br\/\"><img decoding=\"async\" src=\"https:\/\/www.telessaude.uerj.br\/wp-content\/uploads\/sites\/3\/2019\/07\/lab_cape-1.jpg\" \/><\/a>\n<\/div><\/div><div id=\"pgc-474-20-3\"  class=\"panel-grid-cell\" ><div id=\"panel-474-20-3-0\" class=\"so-panel widget widget_themegrill_flash_image tg-widget tg-image-widget panel-first-child panel-last-child\" data-index=\"36\" >\t<a href=\"https:\/\/sucupira.capes.gov.br\/sucupira\/\"><img decoding=\"async\" src=\"https:\/\/www.telessaude.uerj.br\/wp-content\/uploads\/sites\/3\/2019\/07\/lab_sucu.jpg\" \/><\/a>\n<\/div><\/div><div id=\"pgc-474-20-4\"  class=\"panel-grid-cell\" ><div id=\"panel-474-20-4-0\" class=\"so-panel widget widget_themegrill_flash_image tg-widget tg-image-widget panel-first-child panel-last-child\" data-index=\"37\" >\t<a href=\"http:\/\/www.faperj.br\/\"><img decoding=\"async\" src=\"https:\/\/www.telessaude.uerj.br\/wp-content\/uploads\/sites\/3\/2019\/07\/lab_faperj-1.jpg\" \/><\/a>\n<\/div><\/div><\/div><div id=\"pg-474-21\"  class=\"panel-grid panel-no-style\" ><div id=\"pgc-474-21-0\"  class=\"panel-grid-cell\" ><div id=\"panel-474-21-0-0\" class=\"so-panel widget widget_themegrill_flash_heading tg-widget section-title-wrapper panel-first-child panel-last-child\" data-index=\"38\" ><\/div><\/div><\/div><div id=\"pg-474-22\"  class=\"panel-grid panel-has-style\" ><div class=\"panel-row-style panel-row-style-for-474-22\" ><div id=\"pgc-474-22-0\"  class=\"panel-grid-cell\" ><div id=\"panel-474-22-0-0\" class=\"so-panel widget widget_themegrill_flash_heading tg-widget section-title-wrapper panel-first-child panel-last-child\" data-index=\"39\" >\t<h3 class=\"section-title\">TeleSSa\u00fade UERJ<\/h3>\n\t<div class=\"section-description\">Boulevard 28 de Setembro, 77. Pr\u00e9dio CePeM - 3\u00b0 andar. Vila Isabel, Rio de Janeiro, RJ, Brasil - CEP: 20551-030<\/div>\n<\/div><\/div><\/div><\/div><\/div>","protected":false},"excerpt":{"rendered":"<p>CAPES NOTA 5 QUADRIENAL 2021 &#8211; 2024 | \u00c1REA DE AVALIA\u00c7\u00c3O MEDICINA I CONFIRA O HIST\u00d3RICO LINHAS DE PESQUISA ASSIST\u00caNCIA [&hellip;]<\/p>\n","protected":false},"author":1,"featured_media":0,"parent":0,"menu_order":0,"comment_status":"closed","ping_status":"closed","template":"page-templates\/full-width.php","meta":{"_monsterinsights_skip_tracking":false,"_monsterinsights_sitenote_active":false,"_monsterinsights_sitenote_note":"","_monsterinsights_sitenote_category":0,"footnotes":""},"class_list":["post-474","page","type-page","status-publish","hentry"],"aioseo_notices":[],"_links":{"self":[{"href":"https:\/\/www.telessaude.uerj.br\/mestrado\/wp-json\/wp\/v2\/pages\/474","targetHints":{"allow":["GET"]}}],"collection":[{"href":"https:\/\/www.telessaude.uerj.br\/mestrado\/wp-json\/wp\/v2\/pages"}],"about":[{"href":"https:\/\/www.telessaude.uerj.br\/mestrado\/wp-json\/wp\/v2\/types\/page"}],"author":[{"embeddable":true,"href":"https:\/\/www.telessaude.uerj.br\/mestrado\/wp-json\/wp\/v2\/users\/1"}],"replies":[{"embeddable":true,"href":"https:\/\/www.telessaude.uerj.br\/mestrado\/wp-json\/wp\/v2\/comments?post=474"}],"version-history":[{"count":3,"href":"https:\/\/www.telessaude.uerj.br\/mestrado\/wp-json\/wp\/v2\/pages\/474\/revisions"}],"predecessor-version":[{"id":6968,"href":"https:\/\/www.telessaude.uerj.br\/mestrado\/wp-json\/wp\/v2\/pages\/474\/revisions\/6968"}],"wp:attachment":[{"href":"https:\/\/www.telessaude.uerj.br\/mestrado\/wp-json\/wp\/v2\/media?parent=474"}],"curies":[{"name":"wp","href":"https:\/\/api.w.org\/{rel}","templated":true}]}}