{"id":5165,"date":"2024-07-31T16:10:12","date_gmt":"2024-07-31T19:10:12","guid":{"rendered":"https:\/\/www.telessaude.uerj.br\/mestrado\/?page_id=5165"},"modified":"2024-10-22T16:21:49","modified_gmt":"2024-10-22T19:21:49","slug":"processo-seletivo","status":"publish","type":"page","link":"https:\/\/www.telessaude.uerj.br\/mestrado\/processo-seletivo\/","title":{"rendered":"Processo Seletivo"},"content":{"rendered":"\n<p>Caso tenha d\u00favidas ou problemas na inscri\u00e7\u00e3o acesse o <a href=\"https:\/\/www.telessaude.uerj.br\/mestrado\/processo-seletivo-faq\/\" target=\"_blank\" rel=\"noopener\" title=\"\">FAQ<\/a><\/p>\n\n\n\n<div class=\"forminator-guttenberg\">\t\t\t<div class=\"forminator-custom-form\">\n\t\t\t\t\t\t\t\t\t<label class=\"forminator-label--info\"><span>Inscri\u00e7\u00f5es encerradas!<\/span><\/label>\n\t\t\t\t\t\t\t<\/div>\n\t\t\t<\/div>\n","protected":false},"excerpt":{"rendered":"<p>Caso tenha d\u00favidas ou problemas na inscri\u00e7\u00e3o acesse o FAQ<\/p>\n","protected":false},"author":1,"featured_media":0,"parent":0,"menu_order":0,"comment_status":"closed","ping_status":"closed","template":"","meta":{"_monsterinsights_skip_tracking":false,"_monsterinsights_sitenote_active":false,"_monsterinsights_sitenote_note":"","_monsterinsights_sitenote_category":0,"footnotes":""},"class_list":["post-5165","page","type-page","status-publish","hentry"],"aioseo_notices":[],"_links":{"self":[{"href":"https:\/\/www.telessaude.uerj.br\/mestrado\/wp-json\/wp\/v2\/pages\/5165","targetHints":{"allow":["GET"]}}],"collection":[{"href":"https:\/\/www.telessaude.uerj.br\/mestrado\/wp-json\/wp\/v2\/pages"}],"about":[{"href":"https:\/\/www.telessaude.uerj.br\/mestrado\/wp-json\/wp\/v2\/types\/page"}],"author":[{"embeddable":true,"href":"https:\/\/www.telessaude.uerj.br\/mestrado\/wp-json\/wp\/v2\/users\/1"}],"replies":[{"embeddable":true,"href":"https:\/\/www.telessaude.uerj.br\/mestrado\/wp-json\/wp\/v2\/comments?post=5165"}],"version-history":[{"count":1,"href":"https:\/\/www.telessaude.uerj.br\/mestrado\/wp-json\/wp\/v2\/pages\/5165\/revisions"}],"predecessor-version":[{"id":5637,"href":"https:\/\/www.telessaude.uerj.br\/mestrado\/wp-json\/wp\/v2\/pages\/5165\/revisions\/5637"}],"wp:attachment":[{"href":"https:\/\/www.telessaude.uerj.br\/mestrado\/wp-json\/wp\/v2\/media?parent=5165"}],"curies":[{"name":"wp","href":"https:\/\/api.w.org\/{rel}","templated":true}]}}