{"id":5259,"date":"2024-09-09T15:27:23","date_gmt":"2024-09-09T18:27:23","guid":{"rendered":"https:\/\/www.telessaude.uerj.br\/mestrado\/?page_id=5259"},"modified":"2025-01-29T15:08:05","modified_gmt":"2025-01-29T18:08:05","slug":"edital-processo-seletivo-2025","status":"publish","type":"page","link":"https:\/\/www.telessaude.uerj.br\/mestrado\/edital-processo-seletivo-2025\/","title":{"rendered":"Edital Processo Seletivo Turma 2025"},"content":{"rendered":"<p><img loading=\"lazy\" decoding=\"async\" class=\"wp-image-4048 size-medium aligncenter\" src=\"https:\/\/www.telessaude.uerj.br\/mestrado\/wp-content\/uploads\/sites\/3\/2023\/08\/vecteezy_3d-graduation-of-university-hat-cap-or-diploma-graduation_10915896_9-e1693425251419-300x243.png\" alt=\"\" width=\"300\" height=\"243\" srcset=\"https:\/\/www.telessaude.uerj.br\/mestrado\/wp-content\/uploads\/sites\/3\/2023\/08\/vecteezy_3d-graduation-of-university-hat-cap-or-diploma-graduation_10915896_9-e1693425251419-300x243.png 300w, https:\/\/www.telessaude.uerj.br\/mestrado\/wp-content\/uploads\/sites\/3\/2023\/08\/vecteezy_3d-graduation-of-university-hat-cap-or-diploma-graduation_10915896_9-e1693425251419-1024x829.png 1024w, https:\/\/www.telessaude.uerj.br\/mestrado\/wp-content\/uploads\/sites\/3\/2023\/08\/vecteezy_3d-graduation-of-university-hat-cap-or-diploma-graduation_10915896_9-e1693425251419-768x622.png 768w, https:\/\/www.telessaude.uerj.br\/mestrado\/wp-content\/uploads\/sites\/3\/2023\/08\/vecteezy_3d-graduation-of-university-hat-cap-or-diploma-graduation_10915896_9-e1693425251419-1536x1244.png 1536w, https:\/\/www.telessaude.uerj.br\/mestrado\/wp-content\/uploads\/sites\/3\/2023\/08\/vecteezy_3d-graduation-of-university-hat-cap-or-diploma-graduation_10915896_9-e1693425251419-2048x1659.png 2048w\" sizes=\"auto, (max-width: 300px) 100vw, 300px\" \/><\/p>\n<hr \/>\n<h2 style=\"text-align: center\"><span style=\"color: #000000\"><strong>EDITAL<\/strong><\/span><\/h2>\n<h5 style=\"text-align: center\"><span style=\"color: #999999\"><strong>Inscri\u00e7\u00f5es encerradas dia 31\/10\/2024 \u00e0s 23h59.<\/strong><\/span><\/h5>\n<p style=\"text-align: center\">\n<table id=\"tablepress-54\" class=\"tablepress tablepress-id-54\">\n<tbody>\n<tr class=\"row-1\">\n\t<td class=\"column-1\"><strong>Resultado Final<\/strong><\/td><td class=\"column-2\"><a href=\"https:\/\/www.telessaude.uerj.br\/mestrado\/wp-content\/uploads\/sites\/3\/2024\/12\/05_12_2024_MESTRADO-TELESSAUDE-_-TURMA-2025-_-RESULTADO-RECURSO-LATTES-_-NOTA-FINAL_.pdf\" rel=\"noopener\" target=\"_blank\"><img loading=\"lazy\" decoding=\"async\" src=\"https:\/\/www.telessaude.uerj.br\/mestrado\/wp-content\/uploads\/sites\/3\/2024\/11\/autofalante.png\" alt=\"\" width=\"120\" height=\"170\" class=\"alignnone size-full wp-image-6068\" \/><\/a><\/td>\n<\/tr>\n<tr class=\"row-2\">\n\t<td class=\"column-1\"><strong>Resultado do recurso etapa an\u00e1lise do curr\u00edculo lattes e classifica\u00e7\u00e3o<br \/>\n final dos candidatos em ordem decrescente das notas<\/strong><\/td><td class=\"column-2\"><a href=\"https:\/\/www.telessaude.uerj.br\/mestrado\/wp-content\/uploads\/sites\/3\/2024\/12\/05_12_2024_MESTRADO-TELESSAUDE-_-TURMA-2025-_-RESULTADO-RECURSO-LATTES-_-NOTA-FINAL_.pdf\" rel=\"noopener\" target=\"_blank\"><img loading=\"lazy\" decoding=\"async\" src=\"https:\/\/www.telessaude.uerj.br\/mestrado\/wp-content\/uploads\/sites\/3\/2024\/11\/autofalante.png\" alt=\"\" width=\"120\" height=\"170\" class=\"alignnone size-full wp-image-6068\" \/><\/a><\/td>\n<\/tr>\n<tr class=\"row-3\">\n\t<td class=\"column-1\"><strong>Resultado etapas apresenta\u00e7\u00e3o do anteprojeto com defesa<br \/>\noral e an\u00e1lise do Curr\u00edculo Lattes<\/strong><\/td><td class=\"column-2\"><a href=\"https:\/\/www.telessaude.uerj.br\/mestrado\/wp-content\/uploads\/sites\/3\/2024\/11\/27-11-2024-_-RESULTADO-ETAPAS-_-DESFESA-ORAL-DO-ANTEPROJETO-E-ANALISE-CURRICULO-1.pdf\" rel=\"noopener\" target=\"_blank\"><img loading=\"lazy\" decoding=\"async\" src=\"https:\/\/www.telessaude.uerj.br\/mestrado\/wp-content\/uploads\/sites\/3\/2024\/11\/megafoneverde.png\" alt=\"\" width=\"120\" height=\"170\" class=\"alignnone size-full wp-image-6125\" \/><\/a><\/td>\n<\/tr>\n<tr class=\"row-4\">\n\t<td class=\"column-1\"><strong>ERRATA | Resultado Inscri\u00e7\u00f5es Aprovadas + Agenda das Bancas <br \/>\n- Etapa Apresenta\u00e7\u00e3o do Anteprojeto com Defesa Oral<br \/>\nDia 14\/11\/2024<\/strong><\/td><td class=\"column-2\"><a href=\"https:\/\/www.telessaude.uerj.br\/mestrado\/wp-content\/uploads\/sites\/3\/2024\/11\/12_11_2024___MESTRADO_TELESSAUDE_UERJ___EDITAL___RESULTADO_INSCRICOES_APROVADAS_E_AGE.pdf\" rel=\"noopener\" target=\"_blank\"><img loading=\"lazy\" decoding=\"async\" src=\"https:\/\/www.telessaude.uerj.br\/mestrado\/wp-content\/uploads\/sites\/3\/2024\/11\/megafoneverde.png\" alt=\"\" width=\"120\" height=\"170\" class=\"alignnone size-full wp-image-6125\" \/><\/a><\/td>\n<\/tr>\n<tr class=\"row-5\">\n\t<td class=\"column-1\"><strong>Orienta\u00e7\u00f5es Defesa Online do Projeto <\/strong><\/td><td class=\"column-2\"><a href=\"https:\/\/www.telessaude.uerj.br\/mestrado\/faq-das-bancas\/\" rel=\"noopener\" target=\"_blank\"><img loading=\"lazy\" decoding=\"async\" src=\"https:\/\/www.telessaude.uerj.br\/mestrado\/wp-content\/uploads\/sites\/3\/2023\/09\/vecteezy_3d-question-mark-mark-icon_21164772_900.png\" alt=\"\" width=\"180\" height=\"140\" class=\"alignnone size-full wp-image-4374\" \/><\/a><\/td>\n<\/tr>\n<tr class=\"row-6\">\n\t<td class=\"column-1\"><strong>Resultado Inscri\u00e7\u00f5es Aprovadas + Agenda das Bancas <br \/>\n- Etapa Apresenta\u00e7\u00e3o do Anteprojeto com Defesa Oral<br \/>\nDia 14\/11\/2024<\/strong><\/td><td class=\"column-2\"><a href=\"https:\/\/www.telessaude.uerj.br\/mestrado\/wp-content\/uploads\/sites\/3\/2024\/11\/11_11_2024_MESTRADO_TELESSAUDE_UERJ_EDITAL_RESULTADO_INSCRICOES.pdf\" rel=\"noopener\" target=\"_blank\"><img loading=\"lazy\" decoding=\"async\" src=\"https:\/\/www.telessaude.uerj.br\/mestrado\/wp-content\/uploads\/sites\/3\/2024\/11\/megafoneverde.png\" alt=\"\" width=\"120\" height=\"170\" class=\"alignnone size-full wp-image-6125\" \/><\/a><\/td>\n<\/tr>\n<tr class=\"row-7\">\n\t<td class=\"column-1\"><strong>Perguntas Frequentes<\/strong><\/td><td class=\"column-2\"><a href=\"https:\/\/www.telessaude.uerj.br\/mestrado\/faq\/\" rel=\"noopener\" target=\"_blank\"><img loading=\"lazy\" decoding=\"async\" src=\"https:\/\/www.telessaude.uerj.br\/mestrado\/wp-content\/uploads\/sites\/3\/2023\/09\/vecteezy_3d-question-mark-mark-icon_21164772_900.png\" alt=\"\" width=\"180\" height=\"140\" class=\"alignnone size-full wp-image-4374\" \/><\/a><\/td>\n<\/tr>\n<tr class=\"row-8\">\n\t<td class=\"column-1\"><strong>Passo a Passo <\/strong><\/td><td class=\"column-2\"><a href=\"https:\/\/www.telessaude.uerj.br\/mestrado\/passo-a-passo\/\" rel=\"noopener\" target=\"_blank\"><img loading=\"lazy\" decoding=\"async\" src=\"https:\/\/www.telessaude.uerj.br\/mestrado\/wp-content\/uploads\/sites\/3\/2023\/11\/vecteezy_3d-checklist-clipboard-concept-icon-or-3d-to-do-list-concept_10915822_878.png\" alt=\"\" width=\"110\" height=\"130\" class=\"alignnone size-full wp-image-4491\" \/><\/a><\/td>\n<\/tr>\n<tr class=\"row-9\">\n\t<td class=\"column-1\"><strong>Corpo Docente<\/strong><\/td><td class=\"column-2\"><a href=\"https:\/\/www.telessaude.uerj.br\/mestrado\/corpo-docente\/\" rel=\"noopener\" target=\"_blank\"><img loading=\"lazy\" decoding=\"async\" src=\"https:\/\/www.telessaude.uerj.br\/mestrado\/wp-content\/uploads\/sites\/3\/2023\/09\/vecteezy_back-to-school-preparation-education-3d-rendering-icon_28115334_112.png\" alt=\"\" width=\"120\" height=\"120\" class=\"alignnone size-full wp-image-4393\" srcset=\"https:\/\/www.telessaude.uerj.br\/mestrado\/wp-content\/uploads\/sites\/3\/2023\/09\/vecteezy_back-to-school-preparation-education-3d-rendering-icon_28115334_112.png 1000w, https:\/\/www.telessaude.uerj.br\/mestrado\/wp-content\/uploads\/sites\/3\/2023\/09\/vecteezy_back-to-school-preparation-education-3d-rendering-icon_28115334_112-300x300.png 300w, https:\/\/www.telessaude.uerj.br\/mestrado\/wp-content\/uploads\/sites\/3\/2023\/09\/vecteezy_back-to-school-preparation-education-3d-rendering-icon_28115334_112-150x150.png 150w, https:\/\/www.telessaude.uerj.br\/mestrado\/wp-content\/uploads\/sites\/3\/2023\/09\/vecteezy_back-to-school-preparation-education-3d-rendering-icon_28115334_112-768x768.png 768w\" sizes=\"auto, (max-width: 120px) 100vw, 120px\" \/><\/a><\/td>\n<\/tr>\n<tr class=\"row-10\">\n\t<td class=\"column-1\"><strong><strong>Modelo Anteprojeto<\/strong> (fazer download do arquivo)<\/strong><\/td><td class=\"column-2\"><a href=\"https:\/\/www.telessaude.uerj.br\/mestrado\/wp-content\/uploads\/sites\/3\/2024\/09\/2024-_-EDITAL-_-MODELO-ANTEPROJETO-_-MESTRADO-TELESSAUDE-UERJ.docx\"><img loading=\"lazy\" decoding=\"async\" src=\"https:\/\/www.telessaude.uerj.br\/mestrado\/wp-content\/uploads\/sites\/3\/2024\/09\/iconearquivos.png\" alt=\"\" width=\"120\" height=\"120\" class=\"alignnone size-full wp-image-5342\" srcset=\"https:\/\/www.telessaude.uerj.br\/mestrado\/wp-content\/uploads\/sites\/3\/2024\/09\/iconearquivos.png 400w, https:\/\/www.telessaude.uerj.br\/mestrado\/wp-content\/uploads\/sites\/3\/2024\/09\/iconearquivos-300x300.png 300w, https:\/\/www.telessaude.uerj.br\/mestrado\/wp-content\/uploads\/sites\/3\/2024\/09\/iconearquivos-150x150.png 150w\" sizes=\"auto, (max-width: 120px) 100vw, 120px\" \/><\/a><\/td>\n<\/tr>\n<tr class=\"row-11\">\n\t<td class=\"column-1\"><strong>Edital - Turma 2025<\/strong><\/td><td class=\"column-2\"><a href=\"https:\/\/www.telessaude.uerj.br\/mestrado\/wp-content\/uploads\/sites\/3\/2024\/09\/TELESSAUDE__MP__TURMA_2025_aprovado.pdf\" rel=\"noopener\" target=\"_blank\"><img loading=\"lazy\" decoding=\"async\" src=\"https:\/\/www.telessaude.uerj.br\/mestrado\/wp-content\/uploads\/sites\/3\/2023\/08\/vecteezy_10915932_29-1.png\" alt=\"\" width=\"150\" height=\"170\" class=\"alignnone size-full wp-image-4050\" \/><\/a><\/td>\n<\/tr>\n<\/tbody>\n<\/table>\n<!-- #tablepress-54 from cache --><\/p>\n<hr \/>\n<h2 style=\"text-align: center\"><strong><span style=\"color: #000000\">CRONOGRAMA<\/span><\/strong><\/h2>\n<h5 style=\"text-align: center\"><span style=\"color: #999999\">Data limite para o pagamento da inscri\u00e7\u00e3o 07\/11\/2024; para candidatos que tiverem o aceite do Orientador.\u00a0<\/span><\/h5>\n<p style=\"text-align: center\">\n<table id=\"tablepress-53\" class=\"tablepress tablepress-id-53\">\n<thead>\n<tr class=\"row-1\">\n\t<th class=\"column-1\"><strong>ATIVIDADE <\/strong><\/th><th class=\"column-2\"><strong>DATA<\/strong><\/th>\n<\/tr>\n<\/thead>\n<tbody class=\"row-striping\">\n<tr class=\"row-2\">\n\t<td class=\"column-1\">Per\u00edodo de Inscri\u00e7\u00f5es<\/td><td class=\"column-2\">01\/10\/2024 a 31\/10\/2024<\/td>\n<\/tr>\n<tr class=\"row-3\">\n\t<td class=\"column-1\">Data limite para solicita\u00e7\u00e3o de contato com o orientador<\/td><td class=\"column-2\"><del datetime=\"2024-10-24T12:08:27+00:00\">27\/10\/2024<\/del><br \/>\n<strong>NOVA DATA 31\/10\/2024<\/strong><\/td>\n<\/tr>\n<tr class=\"row-4\">\n\t<td class=\"column-1\">Data limite para envio da documenta\u00e7\u00e3o <\/td><td class=\"column-2\"><del datetime=\"2024-10-24T12:08:27+00:00\">01\/11\/2024<\/del><br \/>\n<strong>NOVA DATA 31\/10\/2024<\/strong><\/td>\n<\/tr>\n<tr class=\"row-5\">\n\t<td class=\"column-1\">Resultado da aprova\u00e7\u00e3o da Inscri\u00e7\u00e3o<\/td><td class=\"column-2\"><del datetime=\"2024-10-31T18:46:47+00:00\">07\/11\/2024<\/del><br \/>\n<strong>NOVA DATA: 11\/11\/2024<\/strong><\/td>\n<\/tr>\n<tr class=\"row-6\">\n\t<td class=\"column-1\">Etapa apresenta\u00e7\u00e3o do anteprojeto com defesa oral <\/td><td class=\"column-2\">14\/11\/2024<\/td>\n<\/tr>\n<tr class=\"row-7\">\n\t<td class=\"column-1\">Resultado etapas apresenta\u00e7\u00e3o do anteprojeto com defesa<br \/>\noral e an\u00e1lise do Curr\u00edculo Lattes<\/td><td class=\"column-2\"><del datetime=\"2024-11-13T15:47:24+00:00\">25\/11\/2024<\/del><br \/>\n<strong>NOVA DATA:  27\/11\/2024<\/strong><\/td>\n<\/tr>\n<tr class=\"row-8\">\n\t<td class=\"column-1\">Recurso etapa An\u00e1lise do Curr\u00edculo Lattes<\/td><td class=\"column-2\"><del datetime=\"2024-11-13T15:47:24+00:00\">26 a 27\/11\/2024<\/del><br \/>\n<strong>NOVA DATA: 28 A 29\/11\/2024<\/strong><\/td>\n<\/tr>\n<tr class=\"row-9\">\n\t<td class=\"column-1\">Resultado do recurso etapa An\u00e1lise do Curr\u00edculo Lattes<\/td><td class=\"column-2\"><del datetime=\"2024-11-13T15:47:24+00:00\">02\/12\/2024<\/del><br \/>\n<strong>NOVA DATA: 05\/12\/2024<\/strong><\/td>\n<\/tr>\n<tr class=\"row-10\">\n\t<td class=\"column-1\">Resultado da An\u00e1lise socioecon\u00f4mica da documenta\u00e7\u00e3o <br \/>\ncomprobat\u00f3ria de candidatos para reserva de vagas de cotas<\/td><td class=\"column-2\">23\/01\/2025<\/td>\n<\/tr>\n<tr class=\"row-11\">\n\t<td class=\"column-1\">Recurso para an\u00e1lise comprobat\u00f3ria de cotas<\/td><td class=\"column-2\">25 e 26\/01\/2025<\/td>\n<\/tr>\n<tr class=\"row-12\">\n\t<td class=\"column-1\">Resultado Recurso an\u00e1lise comprobat\u00f3ria de cotas<\/td><td class=\"column-2\">06\/2\/2025<\/td>\n<\/tr>\n<tr class=\"row-13\">\n\t<td class=\"column-1\">Resultado da An\u00e1lise de Op\u00e7\u00e3o de Cotas<\/td><td class=\"column-2\">14\/02\/2025<\/td>\n<\/tr>\n<tr class=\"row-14\">\n\t<td class=\"column-1\">Recurso do resultado da An\u00e1lise de Op\u00e7\u00e3o de Cotas<\/td><td class=\"column-2\">17 a 18\/02\/2025<\/td>\n<\/tr>\n<tr class=\"row-15\">\n\t<td class=\"column-1\">Resultado do recurso da An\u00e1lise de Op\u00e7\u00e3o de Cotas<\/td><td class=\"column-2\">25\/02\/2025<\/td>\n<\/tr>\n<tr class=\"row-16\">\n\t<td class=\"column-1\">Resultado Final Classificat\u00f3rio<\/td><td class=\"column-2\">26\/02\/2025<\/td>\n<\/tr>\n<tr class=\"row-17\">\n\t<td class=\"column-1\">Data de Matr\u00edcula<\/td><td class=\"column-2\">06\/03\/2025<\/td>\n<\/tr>\n<tr class=\"row-18\">\n\t<td class=\"column-1\">Divulga\u00e7\u00e3o Reclassifica\u00e7\u00e3o<\/td><td class=\"column-2\">07\/03\/2025<\/td>\n<\/tr>\n<tr class=\"row-19\">\n\t<td class=\"column-1\">Data da matr\u00edcula Reclassifica\u00e7\u00e3o<\/td><td class=\"column-2\">10\/03\/2025<\/td>\n<\/tr>\n<\/tbody>\n<\/table>\n<!-- #tablepress-53 from cache --><\/p>\n<hr \/>\n\n<div class=\"wp-block-image\">\n<figure class=\"aligncenter size-full is-resized\"><img loading=\"lazy\" decoding=\"async\" width=\"395\" height=\"675\" src=\"https:\/\/www.telessaude.uerj.br\/mestrado\/wp-content\/uploads\/sites\/3\/2024\/09\/sistemaclique-1.png\" alt=\"\" class=\"wp-image-5310\" style=\"width:93px;height:auto\" srcset=\"https:\/\/www.telessaude.uerj.br\/mestrado\/wp-content\/uploads\/sites\/3\/2024\/09\/sistemaclique-1.png 395w, https:\/\/www.telessaude.uerj.br\/mestrado\/wp-content\/uploads\/sites\/3\/2024\/09\/sistemaclique-1-176x300.png 176w\" sizes=\"auto, (max-width: 395px) 100vw, 395px\" \/><\/figure>\n<\/div>\n\n\n<div class=\"wp-block-buttons alignfull is-content-justification-center is-layout-flex wp-container-core-buttons-is-layout-16018d1d wp-block-buttons-is-layout-flex\">\n<div class=\"wp-block-button has-custom-font-size has-medium-font-size\"><a class=\"wp-block-button__link has-white-color has-text-color has-background has-link-color has-text-align-center wp-element-button\" href=\"https:\/\/www.telessaude.uerj.br\/mestrado\/processo-seletivo\/\" style=\"border-radius:14px;background-color:#f7aa2f\">Clique aqui para se inscrever!<\/a><\/div>\n<\/div>\n\n\n\n<h5 class=\"wp-block-heading has-text-align-center has-cyan-bluish-gray-color has-text-color has-link-color wp-elements-6ceb2e144a1ddc45f15213394501f5b0\"><strong>Inscri\u00e7\u00f5es encerradas dia 31\/10\/2024 \u00e0s 23h59<\/strong><\/h5>\n\n\n\n<div style=\"height:63px\" aria-hidden=\"true\" class=\"wp-block-spacer\"><\/div>\n\n\n<div class=\"wp-block-image\">\n<figure class=\"aligncenter size-full is-resized\"><img loading=\"lazy\" decoding=\"async\" width=\"395\" height=\"675\" src=\"https:\/\/www.telessaude.uerj.br\/mestrado\/wp-content\/uploads\/sites\/3\/2024\/09\/sistemaclique-1.png\" alt=\"\" class=\"wp-image-5310\" style=\"width:93px\" srcset=\"https:\/\/www.telessaude.uerj.br\/mestrado\/wp-content\/uploads\/sites\/3\/2024\/09\/sistemaclique-1.png 395w, https:\/\/www.telessaude.uerj.br\/mestrado\/wp-content\/uploads\/sites\/3\/2024\/09\/sistemaclique-1-176x300.png 176w\" sizes=\"auto, (max-width: 395px) 100vw, 395px\" \/><\/figure>\n<\/div>\n\n\n<div class=\"wp-block-buttons alignwide is-content-justification-center is-layout-flex wp-container-core-buttons-is-layout-16018d1d wp-block-buttons-is-layout-flex\">\n<div class=\"wp-block-button has-custom-font-size is-style-fill has-medium-font-size\"><a class=\"wp-block-button__link has-white-color has-text-color has-background has-link-color wp-element-button\" href=\"https:\/\/www.cepuerj.uerj.br\/cursos2.php?tipo=cursos&amp;curso=S01590&amp;ano=2025\" style=\"border-radius:14px;background-color:#399980\">Clique aqui para o pagamento da inscri\u00e7\u00e3o<\/a><\/div>\n<\/div>\n\n\n\n<h6 class=\"wp-block-heading has-text-align-center has-cyan-bluish-gray-color has-text-color has-link-color wp-elements-b719f41dbe138035f49211032bffb682\"><strong>(Ap\u00f3s o aceite do orientador)<br>ENCERRADO EM 07\/11\/2024.<\/strong><\/h6>\n\n\n\n<div style=\"height:100px\" aria-hidden=\"true\" class=\"wp-block-spacer\"><\/div>\n","protected":false},"excerpt":{"rendered":"<p>EDITAL Inscri\u00e7\u00f5es encerradas dia 31\/10\/2024 \u00e0s 23h59. CRONOGRAMA Data limite para o pagamento da inscri\u00e7\u00e3o 07\/11\/2024; para candidatos que tiverem [&hellip;]<\/p>\n","protected":false},"author":4,"featured_media":0,"parent":0,"menu_order":0,"comment_status":"closed","ping_status":"closed","template":"","meta":{"_monsterinsights_skip_tracking":false,"_monsterinsights_sitenote_active":false,"_monsterinsights_sitenote_note":"","_monsterinsights_sitenote_category":0,"footnotes":""},"class_list":["post-5259","page","type-page","status-publish","hentry"],"aioseo_notices":[],"_links":{"self":[{"href":"https:\/\/www.telessaude.uerj.br\/mestrado\/wp-json\/wp\/v2\/pages\/5259","targetHints":{"allow":["GET"]}}],"collection":[{"href":"https:\/\/www.telessaude.uerj.br\/mestrado\/wp-json\/wp\/v2\/pages"}],"about":[{"href":"https:\/\/www.telessaude.uerj.br\/mestrado\/wp-json\/wp\/v2\/types\/page"}],"author":[{"embeddable":true,"href":"https:\/\/www.telessaude.uerj.br\/mestrado\/wp-json\/wp\/v2\/users\/4"}],"replies":[{"embeddable":true,"href":"https:\/\/www.telessaude.uerj.br\/mestrado\/wp-json\/wp\/v2\/comments?post=5259"}],"version-history":[{"count":3,"href":"https:\/\/www.telessaude.uerj.br\/mestrado\/wp-json\/wp\/v2\/pages\/5259\/revisions"}],"predecessor-version":[{"id":6754,"href":"https:\/\/www.telessaude.uerj.br\/mestrado\/wp-json\/wp\/v2\/pages\/5259\/revisions\/6754"}],"wp:attachment":[{"href":"https:\/\/www.telessaude.uerj.br\/mestrado\/wp-json\/wp\/v2\/media?parent=5259"}],"curies":[{"name":"wp","href":"https:\/\/api.w.org\/{rel}","templated":true}]}}