{"id":5630,"date":"2024-10-22T16:19:34","date_gmt":"2024-10-22T19:19:34","guid":{"rendered":"https:\/\/www.telessaude.uerj.br\/mestrado\/?page_id=5630"},"modified":"2024-10-22T18:06:28","modified_gmt":"2024-10-22T21:06:28","slug":"processo-seletivo-faq","status":"publish","type":"page","link":"https:\/\/www.telessaude.uerj.br\/mestrado\/processo-seletivo-faq\/","title":{"rendered":"Processo Seletivo FAQ"},"content":{"rendered":"<h3>N\u00e3o consigo finalizar minha inscri\u00e7\u00e3o, aparece o seguinte erro: An error occurred while processing the form. Please try again.<\/h3>\n<p>Este erro est\u00e1 ocorrendo em sistemas Windows e est\u00e1 associado a sua rede local(proxy), softwares terceiros, firewall e\/ou antiv\u00edrus.<\/p>\n<p>Poss\u00edveis solu\u00e7\u00f5es:<\/p>\n<ol>\n<li>Limpe o cache do navegador e tente novamente<\/li>\n<li>Utilize o modo an\u00f4nimo do navegador e tente novamente<\/li>\n<li>Desligue softwares antiv\u00edrus, firewall, OneDrive e todos os outros softwares no momento da inscri\u00e7\u00e3o. Deixe apenas o navegador aberto e tente novamente.<\/li>\n<li>Fa\u00e7a a inscri\u00e7\u00e3o pelo celular<strong>(melhor alternativa)<\/strong><\/li>\n<li>Utilize outro computador<\/li>\n<\/ol>\n<p>Caso o erro persista, mande um email para <a href=\"mailto:mestrado@telessaude.uerj.br?subject=ERRO Processo Seletivo Mestrado FAQ\">mestrado@telessaude.uerj.br<\/a> com o assunto &#8220;ERRO Processo Seletivo Mestrado FAQ&#8221; e contendo as seguintes informa\u00e7\u00f5es:<\/p>\n<ul>\n<li>Data e hora exata da tentativa<\/li>\n<li>Sistema operacional utilizado<\/li>\n<li>Navegador utilizado<\/li>\n<li>CPF e email<\/li>\n<li>IP p\u00fablico do momento da tentativa(acesse <a href=\"https:\/\/meuip.com.br\/\">https:\/\/meuip.com.br\/<\/a> para descobrir seu IP. Aten\u00e7\u00e3o: 192.168.*.* n\u00e3o \u00e9 um IP v\u00e1lido)<\/li>\n<li>Antiv\u00edrus e\/ou firewall utilizado<\/li>\n<li>Print da tela<\/li>\n<\/ul>\n","protected":false},"excerpt":{"rendered":"<p>N\u00e3o consigo finalizar minha inscri\u00e7\u00e3o, aparece o seguinte erro: An error occurred while processing the form. Please try again. Este [&hellip;]<\/p>\n","protected":false},"author":1,"featured_media":0,"parent":0,"menu_order":0,"comment_status":"closed","ping_status":"closed","template":"","meta":{"_monsterinsights_skip_tracking":false,"_monsterinsights_sitenote_active":false,"_monsterinsights_sitenote_note":"","_monsterinsights_sitenote_category":0,"footnotes":""},"class_list":["post-5630","page","type-page","status-publish","hentry"],"aioseo_notices":[],"_links":{"self":[{"href":"https:\/\/www.telessaude.uerj.br\/mestrado\/wp-json\/wp\/v2\/pages\/5630","targetHints":{"allow":["GET"]}}],"collection":[{"href":"https:\/\/www.telessaude.uerj.br\/mestrado\/wp-json\/wp\/v2\/pages"}],"about":[{"href":"https:\/\/www.telessaude.uerj.br\/mestrado\/wp-json\/wp\/v2\/types\/page"}],"author":[{"embeddable":true,"href":"https:\/\/www.telessaude.uerj.br\/mestrado\/wp-json\/wp\/v2\/users\/1"}],"replies":[{"embeddable":true,"href":"https:\/\/www.telessaude.uerj.br\/mestrado\/wp-json\/wp\/v2\/comments?post=5630"}],"version-history":[{"count":2,"href":"https:\/\/www.telessaude.uerj.br\/mestrado\/wp-json\/wp\/v2\/pages\/5630\/revisions"}],"predecessor-version":[{"id":5644,"href":"https:\/\/www.telessaude.uerj.br\/mestrado\/wp-json\/wp\/v2\/pages\/5630\/revisions\/5644"}],"wp:attachment":[{"href":"https:\/\/www.telessaude.uerj.br\/mestrado\/wp-json\/wp\/v2\/media?parent=5630"}],"curies":[{"name":"wp","href":"https:\/\/api.w.org\/{rel}","templated":true}]}}