{"id":6127,"date":"2024-11-13T12:34:12","date_gmt":"2024-11-13T15:34:12","guid":{"rendered":"https:\/\/www.telessaude.uerj.br\/mestrado\/?page_id=6127"},"modified":"2024-11-13T13:03:32","modified_gmt":"2024-11-13T16:03:32","slug":"faq-das-bancas","status":"publish","type":"page","link":"https:\/\/www.telessaude.uerj.br\/mestrado\/faq-das-bancas\/","title":{"rendered":"FAQ das Bancas"},"content":{"rendered":"<p style=\"text-align: center\"><strong>Orienta\u00e7\u00f5es Defesa Online do Projeto<br \/>\n14\/11\/2024<br \/>\n<\/strong><\/p>\n<p style=\"text-align: center\">\n<table id=\"tablepress-56\" class=\"tablepress tablepress-id-56\">\n<tbody>\n<tr class=\"row-1\">\n\t<td class=\"column-1\"><strong>1)<\/strong> Se sua inscri\u00e7\u00e3o foi aprovada, a banca online - para a realiza\u00e7\u00e3o da \"Etapa apresenta\u00e7\u00e3o do anteprojeto com defesa oral\" - acontecer\u00e1 na pr\u00f3xima quinta-feira dia 14 de novembro de 2024, no per\u00edodo da manh\u00e3 (8h00 \u00e0s 13h00)<\/td>\n<\/tr>\n<tr class=\"row-2\">\n\t<td class=\"column-1\"><strong>2) <\/strong>O(a) candidato(a) dever\u00e1 acessar a sala virtual <strong>10 minutos antes da hora marcada<\/strong> e aguardar no lobby a autoriza\u00e7\u00e3o para o ingresso na sala virtual<\/td>\n<\/tr>\n<tr class=\"row-3\">\n\t<td class=\"column-1\"><strong>3)<\/strong> A defesa do anteprojeto ser\u00e1 realizada oral, isto \u00e9, <strong>n\u00e3o ser\u00e3o permitidas apresenta\u00e7\u00f5es utilizando PowerPoint, PDF e\/ou similares<\/strong><\/td>\n<\/tr>\n<tr class=\"row-4\">\n\t<td class=\"column-1\"><strong>4)<\/strong> <strong>\u00c9 obrigat\u00f3rio que a c\u00e2mera do candidato esteja ligada<\/strong>, aberta e dispon\u00edvel ao longo de toda a argui\u00e7\u00e3o. A aus\u00eancia da c\u00e2mera ligada desclassificar\u00e1 o candidato pois n\u00e3o ser\u00e1 poss\u00edvel a identifica\u00e7\u00e3o do mesmo<\/td>\n<\/tr>\n<tr class=\"row-5\">\n\t<td class=\"column-1\"><strong>5)<\/strong> <strong>\u00c9 obrigat\u00f3rio que o microfone esteja ligado e dispon\u00edvel ao longo de toda a argui\u00e7\u00e3o<\/strong>. Tratando-se de uma argui\u00e7\u00e3o com defesa oral do projeto \u00e9 inadmiss\u00edvel problemas com \u00e1udio<\/td>\n<\/tr>\n<tr class=\"row-6\">\n\t<td class=\"column-1\"><strong>6)<\/strong><strong> \u00c9 de responsabilidade do candidato estar localizado em um ambiente com Internet est\u00e1vel<\/strong>. Afinal, para a argui\u00e7\u00e3o e defesa oral do projeto o candidato precisa estar conectado ao longo de toda a entrevista<\/td>\n<\/tr>\n<tr class=\"row-7\">\n\t<td class=\"column-1\"><strong>7)<\/strong> <strong>Haver\u00e1 duas salas virtuais para suporte ao candidato.<\/strong> Estas salas t\u00eam links diferentes do link de acesso \u00e0 sala virtual para defesa oral do anteprojeto. Estas salas estar\u00e3o dispon\u00edveis de 8h00 \u00e0s 13h00<\/td>\n<\/tr>\n<tr class=\"row-8\">\n\t<td class=\"column-1\"><strong>8)<\/strong> As salas virtuais para suporte ao candidato s\u00e3o os meios de apoio e orienta\u00e7\u00e3o aos candidatos(as)<\/td>\n<\/tr>\n<tr class=\"row-9\">\n\t<td class=\"column-1\"><strong>9) <\/strong>O e-mail <a href=\"mailto:mestrado@telessaude.uerj.br\" rel=\"noopener\" target=\"_blank\">mestrado@telessaude.uerj.br<\/a> <strong>N\u00c3O ser\u00e1 o meio indicado para o suporte online ao candidato<\/strong> para participa\u00e7\u00e3o nas bancas online<\/td>\n<\/tr>\n<tr class=\"row-10\">\n\t<td class=\"column-1\"><strong>10)<\/strong> \u00c9 de <strong>responsabilidade do candidato identificar a respectiva sala, bem como o link de acesso<\/strong>, em que ser\u00e1 realizada a sua argui\u00e7\u00e3o e defesa oral do projeto na pr\u00f3xima quinta-feira dia 14 de novembro de 2024<\/td>\n<\/tr>\n<tr class=\"row-11\">\n\t<td class=\"column-1\"><strong>11)<\/strong> Conforme o edital, n\u00e3o <strong>haver\u00e1 segunda oportunidade<\/strong>.<\/td>\n<\/tr>\n<tr class=\"row-12\">\n\t<td class=\"column-1\"><a href=\"https:\/\/www.telessaude.uerj.br\/mestrado\/wp-content\/uploads\/sites\/3\/2024\/11\/12_11_2024___MESTRADO_TELESSAUDE_UERJ___EDITAL___RESULTADO_INSCRICOES_APROVADAS_E_AGE.pdf\" rel=\"noopener\" target=\"_blank\">LINK DA AGENDA DAS BANCAS - ETAPA APRESENTA\u00c7\u00c3O DO ANTEPROJETO COM DEFESA ORAL - DIA 14 DE NOVEMBRO DE 2024<\/a><\/td>\n<\/tr>\n<\/tbody>\n<\/table>\n<!-- #tablepress-56 from cache --><\/p>\n","protected":false},"excerpt":{"rendered":"<p>Orienta\u00e7\u00f5es Defesa Online do Projeto 14\/11\/2024<\/p>\n","protected":false},"author":4,"featured_media":0,"parent":0,"menu_order":0,"comment_status":"closed","ping_status":"closed","template":"","meta":{"_monsterinsights_skip_tracking":false,"_monsterinsights_sitenote_active":false,"_monsterinsights_sitenote_note":"","_monsterinsights_sitenote_category":0,"footnotes":""},"class_list":["post-6127","page","type-page","status-publish","hentry"],"aioseo_notices":[],"_links":{"self":[{"href":"https:\/\/www.telessaude.uerj.br\/mestrado\/wp-json\/wp\/v2\/pages\/6127","targetHints":{"allow":["GET"]}}],"collection":[{"href":"https:\/\/www.telessaude.uerj.br\/mestrado\/wp-json\/wp\/v2\/pages"}],"about":[{"href":"https:\/\/www.telessaude.uerj.br\/mestrado\/wp-json\/wp\/v2\/types\/page"}],"author":[{"embeddable":true,"href":"https:\/\/www.telessaude.uerj.br\/mestrado\/wp-json\/wp\/v2\/users\/4"}],"replies":[{"embeddable":true,"href":"https:\/\/www.telessaude.uerj.br\/mestrado\/wp-json\/wp\/v2\/comments?post=6127"}],"version-history":[{"count":2,"href":"https:\/\/www.telessaude.uerj.br\/mestrado\/wp-json\/wp\/v2\/pages\/6127\/revisions"}],"predecessor-version":[{"id":6146,"href":"https:\/\/www.telessaude.uerj.br\/mestrado\/wp-json\/wp\/v2\/pages\/6127\/revisions\/6146"}],"wp:attachment":[{"href":"https:\/\/www.telessaude.uerj.br\/mestrado\/wp-json\/wp\/v2\/media?parent=6127"}],"curies":[{"name":"wp","href":"https:\/\/api.w.org\/{rel}","templated":true}]}}