{"id":6267,"date":"2025-03-25T12:31:29","date_gmt":"2025-03-25T15:31:29","guid":{"rendered":"https:\/\/www.telessaude.uerj.br\/mestrado\/?page_id=6267"},"modified":"2026-03-05T14:27:53","modified_gmt":"2026-03-05T17:27:53","slug":"pos-doutorado-em-telessaude-e-saude-digital","status":"publish","type":"page","link":"https:\/\/www.telessaude.uerj.br\/mestrado\/pos-doutorado-em-telessaude-e-saude-digital\/","title":{"rendered":"P\u00f3s-Doutorado em Telessa\u00fade e Sa\u00fade Digital"},"content":{"rendered":"<h1><span style=\"color: #000000\">P\u00f3s-Doutorado em Telessa\u00fade e Sa\u00fade Digital<\/span><\/h1>\n<hr \/>\n<h5><span style=\"color: #000000\"><strong>Quem pode se candidatar?<\/strong><\/span><\/h5>\n<p>\u00a0<\/p>\n<p><span style=\"color: #000000\">Multiprofissional para portadores de\u00a0<strong>diploma de Doutorado<\/strong>\u00a0outorgados por Institui\u00e7\u00e3o de Ensino Superior (IES) brasileira, ou internacional, devidamente reconhecido pelo Conselho Nacional de Educa\u00e7\u00e3o (CNE).<\/span><\/p>\n<hr \/>\n<h5><span style=\"color: #000000\"><strong>Quais os requisitos obrigat\u00f3rios do Projeto?<\/strong><\/span><\/h5>\n<p>\u00a0<\/p>\n<ol>\n<li><span style=\"color: #000000\">Ter ader\u00eancia \u00e0s <a style=\"color: #000000\" href=\"https:\/\/www.telessaude.uerj.br\/mestrado\/linhas-de-pesquisa\/\">linhas de pesquisa<\/a> do Programa de P\u00f3s-gradua\u00e7\u00e3o em Telessa\u00fade e Sa\u00fade Digital.<\/span><\/li>\n<li><span style=\"color: #000000\">Estar inserido dentro dos <a style=\"color: #000000\" href=\"https:\/\/www.telessaude.uerj.br\/mestrado\/tipos-de-projeto\/\">tipos de projeto<\/a> aceitos no Programa<strong>.<\/strong><\/span><\/li>\n<li><span style=\"color: #000000\">Ter como supervisor do POS-DOC <a style=\"color: #000000\" href=\"https:\/\/www.telessaude.uerj.br\/mestrado\/corpo-docente\/\">docente permanente<\/a> do Programa<strong>.<\/strong><\/span><\/li>\n<li><span style=\"color: #000000\">Ter como objeto de pesquisa a inova\u00e7\u00e3o em processos, produtos ou servi\u00e7os no campo da sa\u00fade digital.<\/span><\/li>\n<\/ol>\n<h5>\u00a0<\/h5>\n<h5><span style=\"color: #000000\"><strong>Quais s\u00e3o os documentos para sele\u00e7\u00e3o?<\/strong><\/span><\/h5>\n<p>\u00a0<\/p>\n<ol>\n<li><span style=\"color: #000000\">C\u00f3pia digital frente e verso do Diploma de Doutorado em formato PDF<\/span><\/li>\n<li><span style=\"color: #000000\">Curr\u00edculo atualizado na plataforma Lattes em PDF<\/span><\/li>\n<li><span style=\"color: #000000\">Anteprojeto de Pesquisa |\u00a0<a style=\"color: #000000\" href=\"https:\/\/www.telessaude.uerj.br\/mestrado\/modelo-anteprojeto\/\"><em>Modelo do anteprojeto<\/em><\/a><\/span><\/li>\n<li><span style=\"color: #000000\">Carta de Aceite de\u00a0<a style=\"color: #000000\" href=\"https:\/\/www.telessaude.uerj.br\/mestrado\/corpo-docente\/\">Orientador Docente Permanente<\/a>no PGTSD<\/span><\/li>\n<li><span style=\"color: #000000\">Carta de exposi\u00e7\u00e3o de motivos do candidato<\/span><\/li>\n<\/ol>\n<h5>\u00a0<\/h5>\n<h5><span style=\"color: #000000\"><strong>Quais s\u00e3o os crit\u00e9rios de aprova\u00e7\u00e3o na sele\u00e7\u00e3o?<\/strong><\/span><\/h5>\n<p>\u00a0<\/p>\n<p><span style=\"color: #000000\"><strong>1. Potencial de Inova\u00e7\u00e3o (m\u00e1ximo de 45 pontos):<\/strong><\/span><\/p>\n<ul>\n<li><span style=\"color: #000000\">Relev\u00e2ncia do problema para o Ecossistema de Sa\u00fade Digital.<\/span><\/li>\n<li><span style=\"color: #000000\">Qualidade da metodologia, adequa\u00e7\u00e3o do referencial te\u00f3rico e exequibilidade do cronograma<\/span><\/li>\n<li><span style=\"color: #000000\">Potencial de contribui\u00e7\u00e3o cient\u00edfica, tecnol\u00f3gica ou de inova\u00e7\u00e3o para a \u00e1rea de Telessa\u00fade e Sa\u00fade Digital.<\/span><\/li>\n<li><span style=\"color: #000000\">Impacto para o SUS Digital na perspectiva de modernizar o Sistema \u00danico de Sa\u00fade por meio da tecnologia, facilitando o acesso da popula\u00e7\u00e3o a servi\u00e7os, reduzindo tempos de espera e integrando dados cl\u00ednicos<\/span><\/li>\n<\/ul>\n<p>\u00a0<\/p>\n<p><span style=\"color: #000000\"><strong>2. Produ\u00e7\u00e3o Cient\u00edfica do Candidato (m\u00e1ximo de 40 pontos):<\/strong><\/span><\/p>\n<ul>\n<li><span style=\"color: #000000\">Produ\u00e7\u00e3o cient\u00edfica nos \u00faltimos 5 anos, com \u00eanfase em publica\u00e7\u00f5es (obedecendo rigorosamente os crit\u00e9rios de excel\u00eancia na \u00e1rea da Medicina I na CAPES (Quadri\u00eanio 2025-2028).<\/span><\/li>\n<li><span style=\"color: #000000\">Produ\u00e7\u00e3o tecnol\u00f3gica nos \u00faltimos 5 anos, com \u00eanfase em produtos qualificados (obedecendo os <a style=\"color: #000000\" href=\"https:\/\/www.gov.br\/capes\/pt-br\/centrais-de-conteudo\/documentos\/avaliacao\/Anexo_01_med1_02_10.pdf\">crit\u00e9rios da \u00e1rea de avalia\u00e7\u00e3o<\/a> CAPES na \u00e1rea da Medicina I dentro do estrato Qualis Produto T1 ou T2).<\/span><\/li>\n<li><span style=\"color: #000000\">Experi\u00eancia pr\u00e9via em pesquisa e desenvolvimento alinhada ao projeto proposto.<\/span><\/li>\n<\/ul>\n<p>\u00a0<\/p>\n<p><span style=\"color: #000000\"><strong>3. Motiva\u00e7\u00e3o do Candidato (m\u00e1ximo de 15 pontos)<\/strong><\/span><\/p>\n<ul>\n<li><span style=\"color: #000000\">Clareza na justificativa na carta de exposi\u00e7\u00e3o dos motivos<\/span><\/li>\n<li><span style=\"color: #000000\">Articula\u00e7\u00e3o da trajet\u00f3ria do candidato com os objetivos do Programa e o objeto da pesquisa no projeto:<\/span><\/li>\n<\/ul>\n<p><span style=\"color: #000000\">A avalia\u00e7\u00e3o da proposta ser\u00e1 realizada pela Comiss\u00e3o de Avalia\u00e7\u00e3o POS-DOC composta por 1 (um) parecerista Ad Hoc externo ao PPGTSD e 1 (um) parecerista Docente do PPGTSD.<\/span><\/p>\n<h5>\u00a0<\/h5>\n<h5><span style=\"color: #000000\"><strong>Quais s\u00e3o os tipos de trabalho de conclus\u00e3o aceitos no POS-DOC?<\/strong><\/span><\/h5>\n<p>\u00a0<\/p>\n<p><span style=\"color: #000000\">Publica\u00e7\u00e3o de dois artigos na \u00c1rea Medicina I na CAPES (estrato WebQualis A)<\/span><br \/><span style=\"color: #000000\">OU<\/span><br \/><span style=\"color: #000000\">Registro de dois produtos tecnol\u00f3gicos na \u00c1rea Medicina I na CAPES (estrato Qualis Produto T1)<\/span><br \/><span style=\"color: #000000\">OU<\/span><br \/><span style=\"color: #000000\">Publica\u00e7\u00e3o de um (1) artigo na \u00c1rea Medicina I na CAPES (estrato WebQualis A) e registro de um (1) produto tecnol\u00f3gico na \u00c1rea Medicina I na CAPES, (estrato Qualis Produto T1)<\/span><\/p>\n<h5>\u00a0<\/h5>\n<h5><span style=\"color: #000000\"><strong>Como submeter proposta?<\/strong><\/span><\/h5>\n<p><span style=\"color: #000000\"><strong>\u00a0<\/strong>As d\u00favidas e envio da documenta\u00e7\u00e3o para<\/span>\u00a0<a href=\"mailto:posgraduacao@telessaude.uerj.br\">posgraduacao@telessaude.uerj.br<\/a><\/p>\n<hr \/>\n<h5><span style=\"color: #000000\"><strong>Importante<\/strong>: N\u00e3o h\u00e1 disponibilidade de bolsas de fomento ou apoio.<\/span><\/h5>\n<hr \/>\n<h5><span style=\"color: #000000\"><strong>Aten\u00e7\u00e3o<\/strong>: No momento est\u00e1 em suspenso a submiss\u00e3o de propostas.<\/span><\/h5>\n<h6><span style=\"color: #000000\">\u00a0<\/span><\/h6>\n\n\n<p><\/p>\n","protected":false},"excerpt":{"rendered":"<p>P\u00f3s-Doutorado em Telessa\u00fade e Sa\u00fade Digital Quem pode se candidatar? \u00a0 Multiprofissional para portadores de\u00a0diploma de Doutorado\u00a0outorgados por Institui\u00e7\u00e3o de [&hellip;]<\/p>\n","protected":false},"author":4,"featured_media":0,"parent":0,"menu_order":0,"comment_status":"closed","ping_status":"closed","template":"","meta":{"_monsterinsights_skip_tracking":false,"_monsterinsights_sitenote_active":false,"_monsterinsights_sitenote_note":"","_monsterinsights_sitenote_category":0,"footnotes":""},"class_list":["post-6267","page","type-page","status-publish","hentry"],"aioseo_notices":[],"_links":{"self":[{"href":"https:\/\/www.telessaude.uerj.br\/mestrado\/wp-json\/wp\/v2\/pages\/6267","targetHints":{"allow":["GET"]}}],"collection":[{"href":"https:\/\/www.telessaude.uerj.br\/mestrado\/wp-json\/wp\/v2\/pages"}],"about":[{"href":"https:\/\/www.telessaude.uerj.br\/mestrado\/wp-json\/wp\/v2\/types\/page"}],"author":[{"embeddable":true,"href":"https:\/\/www.telessaude.uerj.br\/mestrado\/wp-json\/wp\/v2\/users\/4"}],"replies":[{"embeddable":true,"href":"https:\/\/www.telessaude.uerj.br\/mestrado\/wp-json\/wp\/v2\/comments?post=6267"}],"version-history":[{"count":1,"href":"https:\/\/www.telessaude.uerj.br\/mestrado\/wp-json\/wp\/v2\/pages\/6267\/revisions"}],"predecessor-version":[{"id":6978,"href":"https:\/\/www.telessaude.uerj.br\/mestrado\/wp-json\/wp\/v2\/pages\/6267\/revisions\/6978"}],"wp:attachment":[{"href":"https:\/\/www.telessaude.uerj.br\/mestrado\/wp-json\/wp\/v2\/media?parent=6267"}],"curies":[{"name":"wp","href":"https:\/\/api.w.org\/{rel}","templated":true}]}}