{"id":642,"date":"2018-07-25T15:38:12","date_gmt":"2018-07-25T15:38:12","guid":{"rendered":"https:\/\/www.telessaude.uerj.br\/mestrado\/?page_id=642"},"modified":"2024-06-21T15:46:55","modified_gmt":"2024-06-21T18:46:55","slug":"sobre-o-curso","status":"publish","type":"page","link":"https:\/\/www.telessaude.uerj.br\/mestrado\/sobre-o-curso\/","title":{"rendered":"O QUE \u00c9 O MESTRADO PROFISSIONAL ?"},"content":{"rendered":"<p style=\"text-align: justify\"><span style=\"color: #000000\"><img loading=\"lazy\" decoding=\"async\" class=\"wp-image-4099 size-thumbnail aligncenter\" src=\"https:\/\/www.telessaude.uerj.br\/mestrado\/wp-content\/uploads\/sites\/3\/2023\/09\/vecteezy_school-album-3d-illustration_13391082_505-150x150.png\" alt=\"\" width=\"150\" height=\"150\" srcset=\"https:\/\/www.telessaude.uerj.br\/mestrado\/wp-content\/uploads\/sites\/3\/2023\/09\/vecteezy_school-album-3d-illustration_13391082_505-150x150.png 150w, https:\/\/www.telessaude.uerj.br\/mestrado\/wp-content\/uploads\/sites\/3\/2023\/09\/vecteezy_school-album-3d-illustration_13391082_505-300x300.png 300w, https:\/\/www.telessaude.uerj.br\/mestrado\/wp-content\/uploads\/sites\/3\/2023\/09\/vecteezy_school-album-3d-illustration_13391082_505-1024x1024.png 1024w, https:\/\/www.telessaude.uerj.br\/mestrado\/wp-content\/uploads\/sites\/3\/2023\/09\/vecteezy_school-album-3d-illustration_13391082_505-768x768.png 768w, https:\/\/www.telessaude.uerj.br\/mestrado\/wp-content\/uploads\/sites\/3\/2023\/09\/vecteezy_school-album-3d-illustration_13391082_505.png 1500w\" sizes=\"auto, (max-width: 150px) 100vw, 150px\" \/><\/span><\/p>\n<p style=\"text-align: justify\"><span style=\"color: #000000\">O Mestrado Profissional (MP) \u00e9 uma modalidade de P\u00f3s-Gradua\u00e7\u00e3o stricto sensu voltada para a capacita\u00e7\u00e3o de profissionais, nas diversas \u00e1reas do conhecimento, mediante o estudo de t\u00e9cnicas, processos, ou tem\u00e1ticas que atendam a alguma demanda do mercado de trabalho.<\/span><\/p>\n<p style=\"text-align: justify\"><span style=\"color: #000000\">Seu objetivo \u00e9 contribuir com o setor produtivo nacional no sentido de agregar um n\u00edvel maior de competitividade e produtividade a empresas e organiza\u00e7\u00f5es, sejam elas p\u00fablicas ou privadas. Consequentemente, as propostas de cursos novos na modalidade Mestrado Profissional devem apresentar uma estrutura curricular que enfatize a articula\u00e7\u00e3o entre conhecimento atualizado, dom\u00ednio da metodologia pertinente e aplica\u00e7\u00e3o orientada para o campo de atua\u00e7\u00e3o profissional espec\u00edfico. Para isto, uma parcela do quadro docente deve ser constitu\u00edda de profissionais reconhecidos em suas \u00e1reas de conhecimento por sua qualifica\u00e7\u00e3o e atua\u00e7\u00e3o destacada em campo pertinente ao da proposta do curso. O trabalho final do curso deve ser sempre vinculado a problemas reais da \u00e1rea de atua\u00e7\u00e3o do profissional-aluno e de acordo com a natureza da \u00e1rea e a finalidade do curso, podendo ser apresentado em diversos formatos.<\/span><\/p>\n<p style=\"text-align: justify\"><span style=\"color: #000000\">Essas especificidades do Mestrado Profissional exigem que o acompanhamento e a avalia\u00e7\u00e3o sejam feitos com base em crit\u00e9rios diferenciados, definidos pelas \u00e1reas de avalia\u00e7\u00e3o, e realizados por subcomiss\u00e3o espec\u00edfica, mesmo se realizados concomitantemente aos programas acad\u00eamicos.<\/span><\/p>\n<p style=\"text-align: justify\"><span style=\"color: #000000\">Para garantir a qualidade dos Mestrados Profissionais, crit\u00e9rios operacionais e normas s\u00e3o necess\u00e1rios para dirigir e controlar sua implanta\u00e7\u00e3o e desenvolvimento. A autoriza\u00e7\u00e3o, reconhecimento e renova\u00e7\u00e3o de reconhecimento dos cursos de mestrado profissional s\u00e3o obtidos a partir dos resultados do acompanhamento e da avalia\u00e7\u00e3o conduzidos pela CAPES de acordo com as exig\u00eancias previstas na legisla\u00e7\u00e3o \u2013 Resolu\u00e7\u00e3o CNE\/CES n\u00ba 1\/2001, alterada pela Resolu\u00e7\u00e3o CNE\/CES n\u00ba 24\/2002.<\/span><\/p>\n<p style=\"text-align: justify\"><span style=\"color: #000000\">Regulamentado pela Portaria MEC N\u00ba 389, de 23 de mar\u00e7o de 2017 e pela Portaria CAPES N\u00ba 131, de 28 de junho de 2017.<\/span><\/p>\n","protected":false},"excerpt":{"rendered":"<p>O Mestrado Profissional (MP) \u00e9 uma modalidade de P\u00f3s-Gradua\u00e7\u00e3o stricto sensu voltada para a capacita\u00e7\u00e3o de profissionais, nas diversas \u00e1reas [&hellip;]<\/p>\n","protected":false},"author":1,"featured_media":0,"parent":0,"menu_order":0,"comment_status":"closed","ping_status":"closed","template":"","meta":{"_monsterinsights_skip_tracking":false,"_monsterinsights_sitenote_active":false,"_monsterinsights_sitenote_note":"","_monsterinsights_sitenote_category":0,"footnotes":""},"class_list":["post-642","page","type-page","status-publish","hentry"],"aioseo_notices":[],"_links":{"self":[{"href":"https:\/\/www.telessaude.uerj.br\/mestrado\/wp-json\/wp\/v2\/pages\/642","targetHints":{"allow":["GET"]}}],"collection":[{"href":"https:\/\/www.telessaude.uerj.br\/mestrado\/wp-json\/wp\/v2\/pages"}],"about":[{"href":"https:\/\/www.telessaude.uerj.br\/mestrado\/wp-json\/wp\/v2\/types\/page"}],"author":[{"embeddable":true,"href":"https:\/\/www.telessaude.uerj.br\/mestrado\/wp-json\/wp\/v2\/users\/1"}],"replies":[{"embeddable":true,"href":"https:\/\/www.telessaude.uerj.br\/mestrado\/wp-json\/wp\/v2\/comments?post=642"}],"version-history":[{"count":2,"href":"https:\/\/www.telessaude.uerj.br\/mestrado\/wp-json\/wp\/v2\/pages\/642\/revisions"}],"predecessor-version":[{"id":4691,"href":"https:\/\/www.telessaude.uerj.br\/mestrado\/wp-json\/wp\/v2\/pages\/642\/revisions\/4691"}],"wp:attachment":[{"href":"https:\/\/www.telessaude.uerj.br\/mestrado\/wp-json\/wp\/v2\/media?parent=642"}],"curies":[{"name":"wp","href":"https:\/\/api.w.org\/{rel}","templated":true}]}}