{"id":655,"date":"2018-07-25T16:29:18","date_gmt":"2018-07-25T16:29:18","guid":{"rendered":"https:\/\/www.telessaude.uerj.br\/mestrado\/?page_id=655"},"modified":"2024-06-21T15:49:40","modified_gmt":"2024-06-21T18:49:40","slug":"metodo","status":"publish","type":"page","link":"https:\/\/www.telessaude.uerj.br\/mestrado\/metodo\/","title":{"rendered":"NOSSO M\u00c9TODO"},"content":{"rendered":"<h4 style=\"text-align: center\"><img loading=\"lazy\" decoding=\"async\" class=\"aligncenter wp-image-4614\" src=\"https:\/\/www.telessaude.uerj.br\/mestrado\/wp-content\/uploads\/sites\/3\/2024\/01\/corpodocenteicone.png\" alt=\"\" width=\"220\" height=\"220\" srcset=\"https:\/\/www.telessaude.uerj.br\/mestrado\/wp-content\/uploads\/sites\/3\/2024\/01\/corpodocenteicone.png 917w, https:\/\/www.telessaude.uerj.br\/mestrado\/wp-content\/uploads\/sites\/3\/2024\/01\/corpodocenteicone-300x300.png 300w, https:\/\/www.telessaude.uerj.br\/mestrado\/wp-content\/uploads\/sites\/3\/2024\/01\/corpodocenteicone-150x150.png 150w, https:\/\/www.telessaude.uerj.br\/mestrado\/wp-content\/uploads\/sites\/3\/2024\/01\/corpodocenteicone-768x768.png 768w\" sizes=\"auto, (max-width: 220px) 100vw, 220px\" \/><\/h4>\n<p style=\"text-align: center\">\n<table id=\"tablepress-16\" class=\"tablepress tablepress-id-16\">\n<thead>\n<tr class=\"row-1\">\n\t<td class=\"column-1\"><\/td><td class=\"column-2\"><\/td>\n<\/tr>\n<\/thead>\n<tbody class=\"row-striping\">\n<tr class=\"row-2\">\n\t<td class=\"column-1\"><strong>REGIME ACAD\u00caMICO<\/strong><\/td><td class=\"column-2\">A metodologia com as disciplinas \u00e0 dist\u00e2ncia distribu\u00eddas entre:<br \/>\n- Disciplinas obrigat\u00f3rias<br \/>\n- Disciplinas eletivas<br \/>\n<\/td>\n<\/tr>\n<tr class=\"row-3\">\n\t<td class=\"column-1\"><strong>ATIVIDADES OBRIGAT\u00d3RIAS<\/strong><\/td><td class=\"column-2\">- Semin\u00e1rio Inaugural <strong>presencial<\/strong> no Telessa\u00fade UERJ<br \/>\n- Est\u00e1gio Docente <br \/>\n- Est\u00e1gio de Pr\u00e1tica Profissional<br \/>\n- Defesa P\u00fablica para Qualifica\u00e7\u00e3o do projeto<br \/>\n- Defesa P\u00fablica para avalia\u00e7\u00e3o do Trabalho de Conclus\u00e3o<\/td>\n<\/tr>\n<\/tbody>\n<\/table>\n<!-- #tablepress-16 from cache --><\/p>\n","protected":false},"excerpt":{"rendered":"","protected":false},"author":1,"featured_media":0,"parent":0,"menu_order":0,"comment_status":"closed","ping_status":"closed","template":"","meta":{"_monsterinsights_skip_tracking":false,"_monsterinsights_sitenote_active":false,"_monsterinsights_sitenote_note":"","_monsterinsights_sitenote_category":0,"footnotes":""},"class_list":["post-655","page","type-page","status-publish","hentry"],"aioseo_notices":[],"_links":{"self":[{"href":"https:\/\/www.telessaude.uerj.br\/mestrado\/wp-json\/wp\/v2\/pages\/655","targetHints":{"allow":["GET"]}}],"collection":[{"href":"https:\/\/www.telessaude.uerj.br\/mestrado\/wp-json\/wp\/v2\/pages"}],"about":[{"href":"https:\/\/www.telessaude.uerj.br\/mestrado\/wp-json\/wp\/v2\/types\/page"}],"author":[{"embeddable":true,"href":"https:\/\/www.telessaude.uerj.br\/mestrado\/wp-json\/wp\/v2\/users\/1"}],"replies":[{"embeddable":true,"href":"https:\/\/www.telessaude.uerj.br\/mestrado\/wp-json\/wp\/v2\/comments?post=655"}],"version-history":[{"count":2,"href":"https:\/\/www.telessaude.uerj.br\/mestrado\/wp-json\/wp\/v2\/pages\/655\/revisions"}],"predecessor-version":[{"id":4621,"href":"https:\/\/www.telessaude.uerj.br\/mestrado\/wp-json\/wp\/v2\/pages\/655\/revisions\/4621"}],"wp:attachment":[{"href":"https:\/\/www.telessaude.uerj.br\/mestrado\/wp-json\/wp\/v2\/media?parent=655"}],"curies":[{"name":"wp","href":"https:\/\/api.w.org\/{rel}","templated":true}]}}