{"id":6767,"date":"2025-10-01T13:51:47","date_gmt":"2025-10-01T16:51:47","guid":{"rendered":"https:\/\/www.telessaude.uerj.br\/mestrado\/?page_id=6767"},"modified":"2025-11-03T15:20:41","modified_gmt":"2025-11-03T18:20:41","slug":"inscricoes-turma-2026","status":"publish","type":"page","link":"https:\/\/www.telessaude.uerj.br\/mestrado\/inscricoes-turma-2026\/","title":{"rendered":"Inscri\u00e7\u00f5es | Turma 2026"},"content":{"rendered":"<p style=\"text-align: center\">\n\n\n<h5 class=\"wp-block-heading has-text-align-center has-black-color has-text-color has-link-color has-medium-font-size wp-elements-33d52d6a9091cae5f8c9603f95d4a984\"><strong>Inscreva-se aqui<\/strong><\/h5>\n\n\n\n<p><\/p>\n\n\n<div class=\"wp-block-image\">\n<figure class=\"aligncenter size-full is-resized\"><img loading=\"lazy\" decoding=\"async\" width=\"395\" height=\"675\" src=\"https:\/\/www.telessaude.uerj.br\/mestrado\/wp-content\/uploads\/sites\/3\/2024\/09\/sistemaclique-1.png\" alt=\"\" class=\"wp-image-5310\" style=\"width:93px;height:auto\" srcset=\"https:\/\/www.telessaude.uerj.br\/mestrado\/wp-content\/uploads\/sites\/3\/2024\/09\/sistemaclique-1.png 395w, https:\/\/www.telessaude.uerj.br\/mestrado\/wp-content\/uploads\/sites\/3\/2024\/09\/sistemaclique-1-176x300.png 176w\" sizes=\"auto, (max-width: 395px) 100vw, 395px\" \/><\/figure>\n<\/div>\n\n\n<div class=\"wp-block-buttons alignfull is-content-justification-center is-layout-flex wp-container-core-buttons-is-layout-16018d1d wp-block-buttons-is-layout-flex\">\n<div class=\"wp-block-button\"><a class=\"wp-block-button__link has-white-color has-text-color has-background has-link-color has-medium-font-size has-text-align-center has-custom-font-size wp-element-button\" href=\"https:\/\/www.telessaude.uerj.br\/sgm\" style=\"border-radius:14px;background-color:#f7aa2f\">Clique aqui para se inscrever!<\/a><\/div>\n<\/div>\n\n\n\n<p class=\"has-text-align-center has-black-color has-text-color has-link-color has-medium-font-size wp-elements-e6b531dadb7234b4adb1e27a1b9a566b\"><strong>(De 01\/10\/2025 a 31\/10\/2025)<\/strong><\/p>\n\n\n\n<div style=\"height:47px\" aria-hidden=\"true\" class=\"wp-block-spacer\"><\/div>\n\n\n\n<p class=\"has-text-align-center has-black-color has-text-color has-link-color has-medium-font-size wp-elements-0644a4c64acbc1939f1addc507ab15d2\"><strong>Pagamentos das Inscri\u00e7\u00f5es<\/strong><\/p>\n\n\n<div class=\"wp-block-image\">\n<figure class=\"aligncenter size-full is-resized\"><img loading=\"lazy\" decoding=\"async\" width=\"395\" height=\"675\" src=\"https:\/\/www.telessaude.uerj.br\/mestrado\/wp-content\/uploads\/sites\/3\/2024\/09\/sistemaclique-1.png\" alt=\"\" class=\"wp-image-5310\" style=\"width:93px\" srcset=\"https:\/\/www.telessaude.uerj.br\/mestrado\/wp-content\/uploads\/sites\/3\/2024\/09\/sistemaclique-1.png 395w, https:\/\/www.telessaude.uerj.br\/mestrado\/wp-content\/uploads\/sites\/3\/2024\/09\/sistemaclique-1-176x300.png 176w\" sizes=\"auto, (max-width: 395px) 100vw, 395px\" \/><\/figure>\n<\/div>\n\n\n<div class=\"wp-block-buttons alignwide is-content-justification-center is-layout-flex wp-container-core-buttons-is-layout-16018d1d wp-block-buttons-is-layout-flex\">\n<div class=\"wp-block-button is-style-fill\"><a class=\"wp-block-button__link has-white-color has-text-color has-background has-link-color has-medium-font-size has-custom-font-size wp-element-button\" href=\"https:\/\/www7.cepuerj.uerj.br\/cepuerj.web2\/login.do?method=login&amp;projeto=S01590&amp;ano=2026\" style=\"border-radius:14px;background-color:#399980\">Clique aqui para o pagamento da inscri\u00e7\u00e3o<\/a><\/div>\n<\/div>\n\n\n\n<h5 class=\"wp-block-heading has-text-align-center has-black-color has-text-color has-link-color has-medium-font-size wp-elements-ad6c627d0dd640a59c2a5a7ffb79089f\">(Ap\u00f3s o aceite do orientador.)<\/h5>\n\n\n\n<div style=\"height:100px\" aria-hidden=\"true\" class=\"wp-block-spacer\"><\/div>\n\n\n\n<p class=\"has-text-align-center has-medium-font-size\"><strong><a href=\"https:\/\/www.telessaude.uerj.br\/mestrado\/edital-processo-seletivo-turma-2026\/\" title=\"\">Acesse o EDITAL aqui<\/a><\/strong>.<\/p>\n","protected":false},"excerpt":{"rendered":"<p>Inscreva-se aqui (De 01\/10\/2025 a 31\/10\/2025) Pagamentos das Inscri\u00e7\u00f5es (Ap\u00f3s o aceite do orientador.) Acesse o EDITAL aqui.<\/p>\n","protected":false},"author":4,"featured_media":0,"parent":0,"menu_order":0,"comment_status":"closed","ping_status":"closed","template":"","meta":{"_monsterinsights_skip_tracking":false,"_monsterinsights_sitenote_active":false,"_monsterinsights_sitenote_note":"","_monsterinsights_sitenote_category":0,"footnotes":""},"class_list":["post-6767","page","type-page","status-publish","hentry"],"aioseo_notices":[],"_links":{"self":[{"href":"https:\/\/www.telessaude.uerj.br\/mestrado\/wp-json\/wp\/v2\/pages\/6767","targetHints":{"allow":["GET"]}}],"collection":[{"href":"https:\/\/www.telessaude.uerj.br\/mestrado\/wp-json\/wp\/v2\/pages"}],"about":[{"href":"https:\/\/www.telessaude.uerj.br\/mestrado\/wp-json\/wp\/v2\/types\/page"}],"author":[{"embeddable":true,"href":"https:\/\/www.telessaude.uerj.br\/mestrado\/wp-json\/wp\/v2\/users\/4"}],"replies":[{"embeddable":true,"href":"https:\/\/www.telessaude.uerj.br\/mestrado\/wp-json\/wp\/v2\/comments?post=6767"}],"version-history":[{"count":2,"href":"https:\/\/www.telessaude.uerj.br\/mestrado\/wp-json\/wp\/v2\/pages\/6767\/revisions"}],"predecessor-version":[{"id":6810,"href":"https:\/\/www.telessaude.uerj.br\/mestrado\/wp-json\/wp\/v2\/pages\/6767\/revisions\/6810"}],"wp:attachment":[{"href":"https:\/\/www.telessaude.uerj.br\/mestrado\/wp-json\/wp\/v2\/media?parent=6767"}],"curies":[{"name":"wp","href":"https:\/\/api.w.org\/{rel}","templated":true}]}}