{"id":818,"date":"2018-07-27T13:50:31","date_gmt":"2018-07-27T13:50:31","guid":{"rendered":"https:\/\/www.telessaude.uerj.br\/mestrado\/?page_id=818"},"modified":"2025-01-21T12:39:42","modified_gmt":"2025-01-21T15:39:42","slug":"requisitos-para-integralizacao","status":"publish","type":"page","link":"https:\/\/www.telessaude.uerj.br\/mestrado\/requisitos-para-integralizacao\/","title":{"rendered":"REQUISITOS PARA INTEGRALIZA\u00c7\u00c3O"},"content":{"rendered":"<h4 style=\"text-align: center\"><strong>Saiba quais s\u00e3o os requisitos obrigat\u00f3rios para integraliza\u00e7\u00e3o do Curso<\/strong><\/h4>\n<p>\u00a0<\/p>\n\n\n<table id=\"tablepress-57\" class=\"tablepress tablepress-id-57\">\n<thead>\n<tr class=\"row-1\">\n\t<th class=\"column-1\">Presen\u00e7a no Semin\u00e1rio Inaugural do Mestrado (presencial na UERJ &#8211; RJ)<\/th>\n<\/tr>\n<\/thead>\n<tbody>\n<tr class=\"row-2\">\n\t<td class=\"column-1\">Aprova\u00e7\u00e3o do total de 25 cr\u00e9ditos<\/td>\n<\/tr>\n<tr class=\"row-3\">\n\t<td class=\"column-1\">Aprova\u00e7\u00e3o em todas as Disciplinas obrigat\u00f3rias<\/td>\n<\/tr>\n<tr class=\"row-4\">\n\t<td class=\"column-1\">Aprova\u00e7\u00e3o no Est\u00e1gio obrigat\u00f3rio de Pr\u00e1tica Docente <\/td>\n<\/tr>\n<tr class=\"row-5\">\n\t<td class=\"column-1\">Aprova\u00e7\u00e3o no Est\u00e1gio obrigat\u00f3rio de Pr\u00e1tica Profissional do Projeto   <\/td>\n<\/tr>\n<tr class=\"row-6\">\n\t<td class=\"column-1\">Aprova\u00e7\u00e3o na Sess\u00e3o P\u00fablica de Qualifica\u00e7\u00e3o do Projeto<br \/>\n<\/td>\n<\/tr>\n<tr class=\"row-7\">\n\t<td class=\"column-1\">Aprova\u00e7\u00e3o na Sess\u00e3o P\u00fablica de Defesa do Trabalho de Conclus\u00e3o<\/td>\n<\/tr>\n<tr class=\"row-8\">\n\t<td class=\"column-1\">Publica\u00e7\u00e3o do Artigo e\/ou registro do Produto T\u00e9cnico, em conformidade com Regimento Interno  <\/td>\n<\/tr>\n<\/tbody>\n<\/table>\n<!-- #tablepress-57 from cache -->\n\n<div class=\"wp-block-image\">\n<figure class=\"aligncenter\"><img loading=\"lazy\" decoding=\"async\" width=\"150\" height=\"150\" src=\"https:\/\/www.telessaude.uerj.br\/mestrado\/wp-content\/uploads\/sites\/3\/2023\/09\/vecteezy_3d-alarm-clock_12627746_824-150x150.png\" alt=\"\" class=\"wp-image-4404\" srcset=\"https:\/\/www.telessaude.uerj.br\/mestrado\/wp-content\/uploads\/sites\/3\/2023\/09\/vecteezy_3d-alarm-clock_12627746_824-150x150.png 150w, https:\/\/www.telessaude.uerj.br\/mestrado\/wp-content\/uploads\/sites\/3\/2023\/09\/vecteezy_3d-alarm-clock_12627746_824-300x300.png 300w, https:\/\/www.telessaude.uerj.br\/mestrado\/wp-content\/uploads\/sites\/3\/2023\/09\/vecteezy_3d-alarm-clock_12627746_824-1024x1024.png 1024w, https:\/\/www.telessaude.uerj.br\/mestrado\/wp-content\/uploads\/sites\/3\/2023\/09\/vecteezy_3d-alarm-clock_12627746_824-768x768.png 768w, https:\/\/www.telessaude.uerj.br\/mestrado\/wp-content\/uploads\/sites\/3\/2023\/09\/vecteezy_3d-alarm-clock_12627746_824-1536x1536.png 1536w, https:\/\/www.telessaude.uerj.br\/mestrado\/wp-content\/uploads\/sites\/3\/2023\/09\/vecteezy_3d-alarm-clock_12627746_824.png 1600w\" sizes=\"auto, (max-width: 150px) 100vw, 150px\" \/><\/figure>\n<\/div>\n\n\n<h4 class=\"wp-block-heading has-text-align-center\">Integraliza\u00e7\u00e3o at\u00e9 24 meses<\/h4>\n","protected":false},"excerpt":{"rendered":"<p>Saiba quais s\u00e3o os requisitos obrigat\u00f3rios para integraliza\u00e7\u00e3o do Curso \u00a0 Integraliza\u00e7\u00e3o at\u00e9 24 meses<\/p>\n","protected":false},"author":1,"featured_media":0,"parent":0,"menu_order":0,"comment_status":"closed","ping_status":"closed","template":"","meta":{"_monsterinsights_skip_tracking":false,"_monsterinsights_sitenote_active":false,"_monsterinsights_sitenote_note":"","_monsterinsights_sitenote_category":0,"footnotes":""},"class_list":["post-818","page","type-page","status-publish","hentry"],"aioseo_notices":[],"_links":{"self":[{"href":"https:\/\/www.telessaude.uerj.br\/mestrado\/wp-json\/wp\/v2\/pages\/818","targetHints":{"allow":["GET"]}}],"collection":[{"href":"https:\/\/www.telessaude.uerj.br\/mestrado\/wp-json\/wp\/v2\/pages"}],"about":[{"href":"https:\/\/www.telessaude.uerj.br\/mestrado\/wp-json\/wp\/v2\/types\/page"}],"author":[{"embeddable":true,"href":"https:\/\/www.telessaude.uerj.br\/mestrado\/wp-json\/wp\/v2\/users\/1"}],"replies":[{"embeddable":true,"href":"https:\/\/www.telessaude.uerj.br\/mestrado\/wp-json\/wp\/v2\/comments?post=818"}],"version-history":[{"count":1,"href":"https:\/\/www.telessaude.uerj.br\/mestrado\/wp-json\/wp\/v2\/pages\/818\/revisions"}],"predecessor-version":[{"id":6193,"href":"https:\/\/www.telessaude.uerj.br\/mestrado\/wp-json\/wp\/v2\/pages\/818\/revisions\/6193"}],"wp:attachment":[{"href":"https:\/\/www.telessaude.uerj.br\/mestrado\/wp-json\/wp\/v2\/media?parent=818"}],"curies":[{"name":"wp","href":"https:\/\/api.w.org\/{rel}","templated":true}]}}