{"id":840,"date":"2018-07-27T14:40:07","date_gmt":"2018-07-27T14:40:07","guid":{"rendered":"https:\/\/www.telessaude.uerj.br\/mestrado\/?page_id=840"},"modified":"2024-06-21T15:51:45","modified_gmt":"2024-06-21T18:51:45","slug":"publico-alvo","status":"publish","type":"page","link":"https:\/\/www.telessaude.uerj.br\/mestrado\/publico-alvo\/","title":{"rendered":"P\u00daBLICO ALVO"},"content":{"rendered":"<p class=\"titulo-comissao\" style=\"text-align: center\"><strong><img loading=\"lazy\" decoding=\"async\" class=\"alignnone wp-image-4090 size-thumbnail\" src=\"https:\/\/www.telessaude.uerj.br\/mestrado\/wp-content\/uploads\/sites\/3\/2023\/09\/vecteezy_3d-illustration-icon-of-purple-personal-files-for-ui-ux-web_25018628_818-150x150.png\" alt=\"\" width=\"150\" height=\"150\" srcset=\"https:\/\/www.telessaude.uerj.br\/mestrado\/wp-content\/uploads\/sites\/3\/2023\/09\/vecteezy_3d-illustration-icon-of-purple-personal-files-for-ui-ux-web_25018628_818-150x150.png 150w, https:\/\/www.telessaude.uerj.br\/mestrado\/wp-content\/uploads\/sites\/3\/2023\/09\/vecteezy_3d-illustration-icon-of-purple-personal-files-for-ui-ux-web_25018628_818-300x300.png 300w\" sizes=\"auto, (max-width: 150px) 100vw, 150px\" \/><\/strong><\/p>\n<p class=\"titulo-comissao\" style=\"text-align: center\"><span style=\"color: #000000\"><strong>MULTIPROFISSIONAL<\/strong><\/span><\/p>\n<p class=\"titulo-comissao\" style=\"text-align: justify\"><span style=\"color: #000000\"><strong>CANDIDATOS BRASILEIROS<br \/>\n<\/strong>Portadores de diploma de curso de gradua\u00e7\u00e3o plena, em diferentes \u00e1reas do conhecimento, emitido por Institui\u00e7\u00e3o de Ensino Superior (IES) oficial ou reconhecida pelo Conselho Nacional de Educa\u00e7\u00e3o (CNE).<\/span><\/p>\n<p><span style=\"color: #000000\"><strong>\u00c1REA DE AVALIA\u00c7\u00c3O<\/strong><\/span><br \/>\n<span style=\"color: #000000\">Medicina I<\/span><\/p>\n<p style=\"text-align: justify\"><span style=\"color: #000000\"><strong>CANDIDATOS ESTRANGEIROS | FOREIGN CANDIDATES<br \/>\n<\/strong>No caso de alunos estrangeiros ser\u00e3o aceitos os diplomas conferidos por institui\u00e7\u00f5es reconhecidas em seus pa\u00edses de origem, acompanhados de tradu\u00e7\u00e3o juramentada ou equivalente, reconhecida por autoridade diplom\u00e1tica. | For foreign students: diplomas recognized by institutions in their home countries will be accepted, accompanied by a sworn or equivalent translation, recognized by diplomatic authorities.<\/span><\/p>\n<p style=\"text-align: justify\"><span style=\"color: #000000\"><strong>\u00c1REA DE AVALIA\u00c7\u00c3O NA CAPES<\/strong><\/span><br \/>\n<span style=\"color: #000000\">Medicine<\/span><\/p>\n","protected":false},"excerpt":{"rendered":"<p>MULTIPROFISSIONAL CANDIDATOS BRASILEIROS Portadores de diploma de curso de gradua\u00e7\u00e3o plena, em diferentes \u00e1reas do conhecimento, emitido por Institui\u00e7\u00e3o de [&hellip;]<\/p>\n","protected":false},"author":1,"featured_media":0,"parent":0,"menu_order":0,"comment_status":"closed","ping_status":"closed","template":"","meta":{"_monsterinsights_skip_tracking":false,"_monsterinsights_sitenote_active":false,"_monsterinsights_sitenote_note":"","_monsterinsights_sitenote_category":0,"footnotes":""},"class_list":["post-840","page","type-page","status-publish","hentry"],"aioseo_notices":[],"_links":{"self":[{"href":"https:\/\/www.telessaude.uerj.br\/mestrado\/wp-json\/wp\/v2\/pages\/840","targetHints":{"allow":["GET"]}}],"collection":[{"href":"https:\/\/www.telessaude.uerj.br\/mestrado\/wp-json\/wp\/v2\/pages"}],"about":[{"href":"https:\/\/www.telessaude.uerj.br\/mestrado\/wp-json\/wp\/v2\/types\/page"}],"author":[{"embeddable":true,"href":"https:\/\/www.telessaude.uerj.br\/mestrado\/wp-json\/wp\/v2\/users\/1"}],"replies":[{"embeddable":true,"href":"https:\/\/www.telessaude.uerj.br\/mestrado\/wp-json\/wp\/v2\/comments?post=840"}],"version-history":[{"count":2,"href":"https:\/\/www.telessaude.uerj.br\/mestrado\/wp-json\/wp\/v2\/pages\/840\/revisions"}],"predecessor-version":[{"id":4695,"href":"https:\/\/www.telessaude.uerj.br\/mestrado\/wp-json\/wp\/v2\/pages\/840\/revisions\/4695"}],"wp:attachment":[{"href":"https:\/\/www.telessaude.uerj.br\/mestrado\/wp-json\/wp\/v2\/media?parent=840"}],"curies":[{"name":"wp","href":"https:\/\/api.w.org\/{rel}","templated":true}]}}