{"id":852,"date":"2018-07-27T15:04:28","date_gmt":"2018-07-27T15:04:28","guid":{"rendered":"https:\/\/www.telessaude.uerj.br\/mestrado\/?page_id=852"},"modified":"2025-10-20T14:14:49","modified_gmt":"2025-10-20T17:14:49","slug":"faq","status":"publish","type":"page","link":"https:\/\/www.telessaude.uerj.br\/mestrado\/faq\/","title":{"rendered":"FAQ"},"content":{"rendered":"<h2><a href=\"https:\/\/www.telessaude.uerj.br\/mestrado\/wp-content\/uploads\/sites\/3\/2023\/09\/vecteezy_3d-question-mark-mark-icon_21164772_900.png\"><img loading=\"lazy\" decoding=\"async\" class=\"aligncenter wp-image-4374\" src=\"https:\/\/www.telessaude.uerj.br\/mestrado\/wp-content\/uploads\/sites\/3\/2023\/09\/vecteezy_3d-question-mark-mark-icon_21164772_900.png\" alt=\"\" width=\"200\" height=\"122\" srcset=\"https:\/\/www.telessaude.uerj.br\/mestrado\/wp-content\/uploads\/sites\/3\/2023\/09\/vecteezy_3d-question-mark-mark-icon_21164772_900.png 2000w, https:\/\/www.telessaude.uerj.br\/mestrado\/wp-content\/uploads\/sites\/3\/2023\/09\/vecteezy_3d-question-mark-mark-icon_21164772_900-300x183.png 300w, https:\/\/www.telessaude.uerj.br\/mestrado\/wp-content\/uploads\/sites\/3\/2023\/09\/vecteezy_3d-question-mark-mark-icon_21164772_900-1024x624.png 1024w, https:\/\/www.telessaude.uerj.br\/mestrado\/wp-content\/uploads\/sites\/3\/2023\/09\/vecteezy_3d-question-mark-mark-icon_21164772_900-768x468.png 768w, https:\/\/www.telessaude.uerj.br\/mestrado\/wp-content\/uploads\/sites\/3\/2023\/09\/vecteezy_3d-question-mark-mark-icon_21164772_900-1536x936.png 1536w\" sizes=\"auto, (max-width: 200px) 100vw, 200px\" \/><\/a><\/h2>\n<h2 style=\"text-align: center\"><strong>Perguntas Frequentes do Processo Seletivo<\/strong><\/h2>\n<hr \/>\n<p><span style=\"color: #000000\"><strong>O Mestrado Telessa\u00fade \u00e9 pago?<br \/>\u00c9 totalmente gratuito,<\/strong> seguindo as orienta\u00e7\u00f5es da UERJ.<\/span><\/p>\n<p><strong><span style=\"color: #000000\">Qual \u00e9 o m\u00e9todo de ensino?<\/span><\/strong><br \/><span style=\"color: #000000\">A dist\u00e2ncia. EAD. Online. <br \/><span style=\"color: #00ccff\"><a style=\"color: #00ccff\" href=\"https:\/\/www.telessaude.uerj.br\/mestrado\/metodo\/\">Saiba mais aqui.<\/a><\/span><\/span><\/p>\n<p><span style=\"color: #000000\"><strong>Qual \u00e9 a atividade que \u00e9 presencial e obrigat\u00f3ria?<br \/><\/strong><\/span>O <strong>Simp\u00f3sio Inaugural <\/strong>\u00e9 a atividade presencial <strong>obrigat\u00f3ria<\/strong> <strong>para os aprovados no Processo Seletivo<\/strong>, na UERJ. <br \/>A divulga\u00e7\u00e3o da data do Simp\u00f3sio Inaugural, acontece ap\u00f3s a <strong>conclus\u00e3o do processo seletivo<\/strong>, ap\u00f3s divulgada a lista do aprovados.\u00a0<\/p>\n<p><span style=\"color: #000000\"><strong>Existe possibilidade de isen\u00e7\u00e3o do pagamento da inscri\u00e7\u00e3o?<\/strong><\/span><br \/><span style=\"color: #000000\">N\u00e3o, n\u00e3o existe.\u00a0<\/span><\/p>\n<p><span style=\"color: #000000\"><strong><br \/>Quem pode se inscrever?<br \/><\/strong>Portadores de diploma de gradua\u00e7\u00e3o de n\u00edvel superior, outorgados por Institui\u00e7\u00e3o de Ensino Superior (IES) e reconhecido pelo Conselho Nacional de Educa\u00e7\u00e3o (CNE). No caso de candidatos estrangeiros h\u00e1 normativas complementares obrigat\u00f3rias pelo regramento da UERJ que est\u00e3o dispon\u00edveis no edital.<\/span><\/p>\n<p><span style=\"color: #000000\"><strong>Quem pode ser orientador?<\/strong><\/span><br \/><span style=\"color: #000000\">Somente o <strong>docente permanente<\/strong> do Mestrado.\u00a0<\/span><br \/><span style=\"color: #00ccff\"><a style=\"color: #00ccff\" href=\"https:\/\/www.telessaude.uerj.br\/mestrado\/corpo-docente\/\">Acesse a lista.\u00a0<\/a><\/span><\/p>\n<p><span style=\"color: #000000\"><strong>Como entro em contato com o orientador?<\/strong><\/span><br \/><span style=\"color: #000000\">O processo de solicita\u00e7\u00e3o de contato com orientador \u00e9 feito <strong>exclusivamente atrav\u00e9s do sistema de inscri\u00e7\u00e3o<\/strong> que estar\u00e1 aberto em conformidade com o cronograma do Edital.<\/span><\/p>\n<p><strong>Qual limite de solicita\u00e7\u00e3o de contato com orientador por Edital?<\/strong><br \/>Limite m\u00e1ximo de 3 (tr\u00eas) docentes permanentes para cada edital.<\/p>\n<p><span style=\"color: #000000\"><strong>Quando pagar a taxa de inscri\u00e7\u00e3o?<br \/><\/strong>Somente ap\u00f3s o recebimento do aceite do Orientador.<\/span><\/p>\n<p><span style=\"color: #000000\"><strong>Qual o formato da carta de exposi\u00e7\u00e3o de motivos?<\/strong><\/span><br \/><span style=\"color: #000000\">Formato livre e o documento precisa ser anexado em PDF com assinatura digital.<\/span><\/p>\n<p><span style=\"color: #000000\"><strong>Quais s\u00e3o as linhas de pesquisa?<\/strong><\/span><br \/><span style=\"color: #000000\">\u00c9 obrigat\u00f3rio que o anteprojeto tenha ader\u00eancia com as linhas de pesquisa de Mestrado.<\/span><br \/><span style=\"color: #00ccff\"><a style=\"color: #00ccff\" href=\"https:\/\/www.telessaude.uerj.br\/mestrado\/linhas-de-pesquisa\/\">Acesse a lista.\u00a0<\/a><\/span><\/p>\n<p><span style=\"color: #000000\"><strong>Quais os tipos de projetos aceitos?<br \/><\/strong>Os tipos de projetos aceitos no Mestrado est\u00e3o dispon\u00edveis na lista abaixo.<\/span><br \/><span style=\"color: #000000\"><a style=\"color: #000000\" href=\"https:\/\/www.telessaude.uerj.br\/mestrado\/tipos-de-projeto\/\"><span style=\"color: #00ccff\">Acesse a lista.<\/span>\u00a0<\/a><\/span><\/p>\n<p><span style=\"color: #000000\"><strong>Qual a modalidade da entrevista do Processo Seletivo?\u00a0<\/strong><\/span><br \/><span style=\"color: #000000\">A entrevista ser\u00e1 <strong>online<\/strong> com a data dispon\u00edvel no <a style=\"color: #000000\" href=\"https:\/\/www.telessaude.uerj.br\/mestrado\/edital-processo-seletivo-2025\/\">Cronograma<\/a>.<\/span><\/p>\n<p><span style=\"color: #000000\"><strong>As atividades letivas do Mestrado s\u00e3o s\u00edncronas ou ass\u00edncronas?<br \/><\/strong>As atividades letivas do Mestrado podem ser s\u00edncronas ou ass\u00edncronas a crit\u00e9rio da disciplina.<\/span><\/p>\n<p><span style=\"color: #000000\"><strong>Qual formato para envio do anteprojeto?<\/strong><\/span><br \/><span style=\"color: #000000\">O formato obrigat\u00f3rio \u00e9 PDF.<\/span><\/p>\n\n\n<p class=\"has-black-color has-text-color has-link-color wp-elements-625b638b9683b0a261e5da12b0252420\"><strong>N\u00famero limite de solicita\u00e7\u00e3o de contato com docente permanente para orienta\u00e7\u00e3o de projeto no edital<\/strong><br>Conforme o dispon\u00edvel em<a href=\"https:\/\/www.telessaude.uerj.br\/mestrado\/passo-a-passo\/\" target=\"_blank\" rel=\"noopener\" title=\"\"> <\/a><a href=\"https:\/\/www.telessaude.uerj.br\/mestrado\/passo-a-passo\/\" title=\"https:\/\/www.telessaude.uerj.br\/mestrado\/passo-a-passo\/\"><strong>Passo a Passo<\/strong><\/a>, o limite de solicita\u00e7\u00e3o de contato com docente permanente \u00e9 de 3 (tr\u00eas) para cada edital.<\/p>\n\n\n\n<p><strong>Documentos obrigat\u00f3rios e processo de inscri\u00e7\u00e3o<\/strong><\/p>\n\n\n\n<ul class=\"wp-block-list\">\n<li class=\"has-black-color has-text-color has-link-color wp-elements-c93cc3417892cf5327ec054b2c26883b\">Verifique as datas limites no <a href=\"https:\/\/www.telessaude.uerj.br\/mestrado\/edital-processo-seletivo-2025\/\" title=\"\">Cronograma<\/a> do edital.<\/li>\n\n\n\n<li class=\"has-black-color has-text-color has-link-color wp-elements-ca1ce8021ed8b93fb34639a03d60ebc1\">O detalhamento de todos os documentos obrigat\u00f3rios est\u00e3o listados no edital no item &#8220;III.3 Documentos obrigat\u00f3rios para a inscri\u00e7\u00e3o&#8221;.<\/li>\n\n\n\n<li class=\"has-black-color has-text-color has-link-color wp-elements-07591451213e6374fdfad6916c7ebac9\">Utilize o sistema de inscri\u00e7\u00e3o para o envio dos documentos.<\/li>\n\n\n\n<li class=\"has-black-color has-text-color has-link-color wp-elements-3857b582ebb839d3afeac93a3c8f20e6\">Verifique o e-mail cadastrado para respectivas avisos e confirma\u00e7\u00f5es.<\/li>\n\n\n\n<li class=\"has-black-color has-text-color has-link-color wp-elements-5ca2f1bd35a00dbc75ddf6158c3a5b52\">A aus\u00eancia de qualquer um dos documentos listados no item &#8220;III.3 Documentos obrigat\u00f3rios para a inscri\u00e7\u00e3o&#8221; inviabilizar\u00e1 a inscri\u00e7\u00e3o do candidato.<\/li>\n\n\n\n<li class=\"has-black-color has-text-color has-link-color wp-elements-2d6ebf8534b903c8394767a13115924e\">Em caso de d\u00favida o candidato dever\u00e1 enviar para o e-mail <a href=\"mailto:mestrado@telessaude.uerj.br\" title=\"\">mestrado@telessaude.uerj.br<\/a><\/li>\n<\/ul>\n\n\n\n<p><strong>Posso trocar documentos anexados ao sistema de inscri\u00e7\u00e3o?<\/strong> <br>N\u00e3o, conforme o edital, no item III.3, \u00e9 de responsabilidade do candidato enviar todos os documentos sem exce\u00e7\u00e3o, e dentro do formato exigido em conformidade com o item II<\/p>\n\n\n\n<p class=\"has-black-color has-text-color has-link-color wp-elements-e119d4c2911e917568088fda163dd161\"><br><strong>Fale conosco:<\/strong><br>A Telessa\u00fade adotou o sistema de telefonia VOIP atrav\u00e9s do n\u00famero <strong>(21) 3950-3333.<\/strong><br><strong>Hor\u00e1rio de atendimento:<\/strong> 08h \u00e0s 16h<br>Para contato com nosso servi\u00e7o, utilize o ramal abaixo: Servi\u00e7o Ramal | <strong>Telessa\u00fade\/Suporte 22151<\/strong><\/p>\n\n\n\n<p><br><\/p>\n\n\n\n<p class=\"has-vivid-cyan-blue-color has-text-color has-link-color has-medium-font-size wp-elements-f6731ae27aecfb31696fa3afb53ceb1d\">Acesse o&nbsp;<strong><a href=\"https:\/\/www.telessaude.uerj.br\/mestrado\/passo-a-passo\/\" target=\"_blank\" rel=\"noopener\" title=\"\">PASSO A PASSO<\/a><\/strong> e esclare\u00e7a suas d\u00favidas.<\/p>\n\n\n\n<p><\/p>\n","protected":false},"excerpt":{"rendered":"<p>Perguntas Frequentes do Processo Seletivo O Mestrado Telessa\u00fade \u00e9 pago?\u00c9 totalmente gratuito, seguindo as orienta\u00e7\u00f5es da UERJ. Qual \u00e9 o [&hellip;]<\/p>\n","protected":false},"author":4,"featured_media":0,"parent":0,"menu_order":0,"comment_status":"closed","ping_status":"closed","template":"","meta":{"_monsterinsights_skip_tracking":false,"_monsterinsights_sitenote_active":false,"_monsterinsights_sitenote_note":"","_monsterinsights_sitenote_category":0,"footnotes":""},"class_list":["post-852","page","type-page","status-publish","hentry"],"aioseo_notices":[],"_links":{"self":[{"href":"https:\/\/www.telessaude.uerj.br\/mestrado\/wp-json\/wp\/v2\/pages\/852","targetHints":{"allow":["GET"]}}],"collection":[{"href":"https:\/\/www.telessaude.uerj.br\/mestrado\/wp-json\/wp\/v2\/pages"}],"about":[{"href":"https:\/\/www.telessaude.uerj.br\/mestrado\/wp-json\/wp\/v2\/types\/page"}],"author":[{"embeddable":true,"href":"https:\/\/www.telessaude.uerj.br\/mestrado\/wp-json\/wp\/v2\/users\/4"}],"replies":[{"embeddable":true,"href":"https:\/\/www.telessaude.uerj.br\/mestrado\/wp-json\/wp\/v2\/comments?post=852"}],"version-history":[{"count":2,"href":"https:\/\/www.telessaude.uerj.br\/mestrado\/wp-json\/wp\/v2\/pages\/852\/revisions"}],"predecessor-version":[{"id":6795,"href":"https:\/\/www.telessaude.uerj.br\/mestrado\/wp-json\/wp\/v2\/pages\/852\/revisions\/6795"}],"wp:attachment":[{"href":"https:\/\/www.telessaude.uerj.br\/mestrado\/wp-json\/wp\/v2\/media?parent=852"}],"curies":[{"name":"wp","href":"https:\/\/api.w.org\/{rel}","templated":true}]}}