{"id":869,"date":"2018-07-27T16:57:41","date_gmt":"2018-07-27T16:57:41","guid":{"rendered":"https:\/\/www.telessaude.uerj.br\/mestrado\/?page_id=869"},"modified":"2024-06-21T15:35:17","modified_gmt":"2024-06-21T18:35:17","slug":"disciplinas","status":"publish","type":"page","link":"https:\/\/www.telessaude.uerj.br\/mestrado\/disciplinas\/","title":{"rendered":"DISCIPLINAS"},"content":{"rendered":"<h4><\/h4>\n<h4 style=\"text-align: center\"><a href=\"https:\/\/www.telessaude.uerj.br\/mestrado\/wp-content\/uploads\/sites\/3\/2023\/07\/PGTSD-_-Deliberacao-13-de-29-06-2023-_-PG-em-Telessaude-e-Saude-Digital.pdf\"><img loading=\"lazy\" decoding=\"async\" class=\"alignnone wp-image-4118 size-thumbnail\" src=\"https:\/\/www.telessaude.uerj.br\/mestrado\/wp-content\/uploads\/sites\/3\/2023\/09\/vecteezy_knowledge-book-3d-illustration_13391089_272-150x150.png\" alt=\"\" width=\"150\" height=\"150\" srcset=\"https:\/\/www.telessaude.uerj.br\/mestrado\/wp-content\/uploads\/sites\/3\/2023\/09\/vecteezy_knowledge-book-3d-illustration_13391089_272-150x150.png 150w, https:\/\/www.telessaude.uerj.br\/mestrado\/wp-content\/uploads\/sites\/3\/2023\/09\/vecteezy_knowledge-book-3d-illustration_13391089_272-300x300.png 300w, https:\/\/www.telessaude.uerj.br\/mestrado\/wp-content\/uploads\/sites\/3\/2023\/09\/vecteezy_knowledge-book-3d-illustration_13391089_272-1024x1024.png 1024w, https:\/\/www.telessaude.uerj.br\/mestrado\/wp-content\/uploads\/sites\/3\/2023\/09\/vecteezy_knowledge-book-3d-illustration_13391089_272-768x768.png 768w, https:\/\/www.telessaude.uerj.br\/mestrado\/wp-content\/uploads\/sites\/3\/2023\/09\/vecteezy_knowledge-book-3d-illustration_13391089_272.png 1200w\" sizes=\"auto, (max-width: 150px) 100vw, 150px\" \/><\/a><\/h4>\n<h4 style=\"text-align: center\"><\/h4>\n<p style=\"text-align: center\">\n<table id=\"tablepress-1\" class=\"tablepress tablepress-id-1\">\n<thead>\n<tr class=\"row-1\">\n\t<td class=\"column-1\"><\/td><td class=\"column-2\"><\/td>\n<\/tr>\n<\/thead>\n<tbody class=\"row-striping\">\n<tr class=\"row-2\">\n\t<td class=\"column-1\"><strong>T\u00d3PICOS OBRIGAT\u00d3RIOS<\/strong><\/td><td class=\"column-2\">- Telessa\u00fade e Sa\u00fade Digital<br \/>\n- Etapas da Elabora\u00e7\u00e3o da Pesquisa Cient\u00edfica <br \/>\n- L\u00edngua Inglesa na Pesquisa<br \/>\n- Metodologia Cient\u00edfica<br \/>\n<br \/>\n<\/td>\n<\/tr>\n<tr class=\"row-3\">\n\t<td class=\"column-1\"><strong>T\u00d3PICOS EM TELESSA\u00daDE E SA\u00daDE DIGITAL<\/strong><\/td><td class=\"column-2\">- Ambientes Virtuais de Aprendizagem, Coopera\u00e7\u00e3o e Comunica\u00e7\u00e3o<br \/>\n- Bio\u00e9tica, Biodireito e Telessa\u00fade<br \/>\n- Comunica\u00e7\u00e3o Efetiva em Sa\u00fade<br \/>\n- Direito Digital e Telessa\u00fade<br \/>\n- Empreendedorismo em Sa\u00fade<br \/>\n- Gest\u00e3o de Marketing em Sa\u00fade<br \/>\n- Gest\u00e3o Educacional na Era Multim\u00eddia<br \/>\n- Inform\u00e1tica em Sa\u00fade<br \/>\n- Inova\u00e7\u00e3o em Sa\u00fade<br \/>\n- Introdu\u00e7\u00e3o \u00e0 Tutoria online<br \/>\n- Linguagem Simples e Comunica\u00e7\u00e3o em Sa\u00fade Digital <br \/>\n- Predi\u00e7\u00e3o em Sa\u00fade com Machine Learning I<br \/>\n- Predi\u00e7\u00e3o em Sa\u00fade com Machine Learning II<br \/>\n- Tecnologias da Educa\u00e7\u00e3o de Profissionais de Sa\u00fade<\/td>\n<\/tr>\n<tr class=\"row-4\">\n\t<td class=\"column-1\"><strong>T\u00d3PICOS EM PESQUISA<\/strong><\/td><td class=\"column-2\">- Ci\u00eancia de Dados <br \/>\n- Economia da Sa\u00fade<br \/>\n- Elabora\u00e7\u00e3o de Trabalho Acad\u00eamico | Mestrado e Doutorado <br \/>\n- Estat\u00edstica Aplicada \u00e0 Projetos de Pesquisa<br \/>\n- Gest\u00e3o e Financiamento de Projetos <br \/>\n- Introdu\u00e7\u00e3o \u00e0 segmenta\u00e7\u00e3o de imagens m\u00e9dicas<br \/>\n- Introdu\u00e7\u00e3o a Revis\u00e3o Sistem\u00e1tica e Metan\u00e1lise<br \/>\n- Propriedade Intelectual<br \/>\n- Tecnologias e Metodologias para a Produ\u00e7\u00e3o de Informa\u00e7\u00e3o em Sa\u00fade<br \/>\n<br \/>\n<\/td>\n<\/tr>\n<\/tbody>\n<\/table>\n<!-- #tablepress-1 from cache --><\/p>\n","protected":false},"excerpt":{"rendered":"","protected":false},"author":1,"featured_media":0,"parent":0,"menu_order":0,"comment_status":"closed","ping_status":"closed","template":"","meta":{"_monsterinsights_skip_tracking":false,"_monsterinsights_sitenote_active":false,"_monsterinsights_sitenote_note":"","_monsterinsights_sitenote_category":0,"footnotes":""},"class_list":["post-869","page","type-page","status-publish","hentry"],"aioseo_notices":[],"_links":{"self":[{"href":"https:\/\/www.telessaude.uerj.br\/mestrado\/wp-json\/wp\/v2\/pages\/869","targetHints":{"allow":["GET"]}}],"collection":[{"href":"https:\/\/www.telessaude.uerj.br\/mestrado\/wp-json\/wp\/v2\/pages"}],"about":[{"href":"https:\/\/www.telessaude.uerj.br\/mestrado\/wp-json\/wp\/v2\/types\/page"}],"author":[{"embeddable":true,"href":"https:\/\/www.telessaude.uerj.br\/mestrado\/wp-json\/wp\/v2\/users\/1"}],"replies":[{"embeddable":true,"href":"https:\/\/www.telessaude.uerj.br\/mestrado\/wp-json\/wp\/v2\/comments?post=869"}],"version-history":[{"count":1,"href":"https:\/\/www.telessaude.uerj.br\/mestrado\/wp-json\/wp\/v2\/pages\/869\/revisions"}],"predecessor-version":[{"id":4592,"href":"https:\/\/www.telessaude.uerj.br\/mestrado\/wp-json\/wp\/v2\/pages\/869\/revisions\/4592"}],"wp:attachment":[{"href":"https:\/\/www.telessaude.uerj.br\/mestrado\/wp-json\/wp\/v2\/media?parent=869"}],"curies":[{"name":"wp","href":"https:\/\/api.w.org\/{rel}","templated":true}]}}