{"id":880,"date":"2018-07-27T17:31:57","date_gmt":"2018-07-27T17:31:57","guid":{"rendered":"https:\/\/www.telessaude.uerj.br\/mestrado\/?page_id=880"},"modified":"2026-01-30T14:34:15","modified_gmt":"2026-01-30T17:34:15","slug":"apresentacao","status":"publish","type":"page","link":"https:\/\/www.telessaude.uerj.br\/mestrado\/apresentacao\/","title":{"rendered":"APRESENTA\u00c7\u00c3O"},"content":{"rendered":"<h1 style=\"text-align: center\"><span style=\"color: #000000\"><img loading=\"lazy\" decoding=\"async\" class=\"alignnone wp-image-4109 size-medium\" src=\"https:\/\/www.telessaude.uerj.br\/mestrado\/wp-content\/uploads\/sites\/3\/2023\/09\/vecteezy_3d-computer-desktop-screen-with-seo-search-engine_10126798_245-300x300.png\" alt=\"\" width=\"300\" height=\"300\" srcset=\"https:\/\/www.telessaude.uerj.br\/mestrado\/wp-content\/uploads\/sites\/3\/2023\/09\/vecteezy_3d-computer-desktop-screen-with-seo-search-engine_10126798_245-300x300.png 300w, https:\/\/www.telessaude.uerj.br\/mestrado\/wp-content\/uploads\/sites\/3\/2023\/09\/vecteezy_3d-computer-desktop-screen-with-seo-search-engine_10126798_245-150x150.png 150w, https:\/\/www.telessaude.uerj.br\/mestrado\/wp-content\/uploads\/sites\/3\/2023\/09\/vecteezy_3d-computer-desktop-screen-with-seo-search-engine_10126798_245-768x768.png 768w, https:\/\/www.telessaude.uerj.br\/mestrado\/wp-content\/uploads\/sites\/3\/2023\/09\/vecteezy_3d-computer-desktop-screen-with-seo-search-engine_10126798_245.png 800w\" sizes=\"auto, (max-width: 300px) 100vw, 300px\" \/><\/span><\/h1>\n<p><span style=\"color: #000000\">O Programa de P\u00f3s-gradua\u00e7\u00e3o stricto sensu em Telessa\u00fade e Sa\u00fade Digital foi aprovado na CAPES em 2014, com o curso de MESTRADO PROFISSIONAL EM TELESSA\u00daDE E SA\u00daDE DIGITAL.<\/span><\/p>\n<p><span style=\"color: #000000\">O Programa \u00e9 vinculado a Pr\u00f3 Reitoria de P\u00f3s Gradua\u00e7\u00e3o e Pesquisa da UERJ (<a href=\"https:\/\/www.pr2.uerj.br\/\">PR2<\/a>) e apoiado pelo N\u00facleo de Telessa\u00fade e Sa\u00fade Digital da Universidade do Estado do Rio de Janeiro.<\/span><\/p>\n<p><span style=\"color: #000000\"><strong>OBJETIVO<\/strong><\/span><\/p>\n<p><span style=\"color: #000000\">Forma\u00e7\u00e3o de pessoal altamente qualificado para atuar na Telessa\u00fade e na Sa\u00fade Digital de forma \u00e9tica, inovadora e empreendedora, no Mercado e\/ou na Academia, mediante o desenvolvimento de atitudes, habilidades e compet\u00eancias para as atividades de pesquisa, o estudo de t\u00e9cnicas e de processos de forma a atender \u00e0s demandas nacionais e promover a visibilidade internacional nessa \u00e1rea do conhecimento.<\/span><\/p>\n<p><span style=\"color: #000000\"><strong>REGULAMENTA\u00c7\u00c3O<\/strong><\/span><\/p>\n<p><span style=\"color: #000000\">O Programa de P\u00f3s-gradua\u00e7\u00e3o stricto sensu em Telessa\u00fade e Sa\u00fade Digital \u2013 curso MESTRADO PROFISSIONAL EM TELESSA\u00daDE E SA\u00daDE DIGITAL obedece ao disposto na Delibera\u00e7\u00e3o Reitoria UERJ n\u00ba 13\/2023 e ao Regimento Interno aprovado por seu Colegiado.<\/span><\/p>\n<p><span style=\"color: #000000\"><strong>ESTRUTURA ORGANIZACIONAL<\/strong><\/span><\/p>\n<ul>\n<li><span style=\"color: #000000\">Coordena\u00e7\u00e3o Geral<\/span><\/li>\n<li><span style=\"color: #000000\">Coordena\u00e7\u00e3o Adjunta<\/span><\/li>\n<li><span style=\"color: #000000\">Colegiado<\/span><\/li>\n<li><span style=\"color: #000000\">Corpo Docente<\/span><\/li>\n<li><span style=\"color: #000000\">Corpo Discente<\/span><\/li>\n<li><span style=\"color: #000000\">Secretaria e Suporte<\/span><\/li>\n<\/ul>\n<p><span style=\"color: #000000\"><strong>RELA\u00c7\u00d5ES INTRAUNIVERSIDADE<\/strong><\/span><\/p>\n<p><span style=\"color: #000000\">O Programa de P\u00f3s-gradua\u00e7\u00e3o stricto sensu em Telessa\u00fade e Sa\u00fade Digital tem rela\u00e7\u00e3o na UERJ com outros Programas de P\u00f3s-gradua\u00e7\u00e3o stricto sensu atrav\u00e9s do compartilhamento de disciplinas assim como no o desenvolvimento de projetos e, na Unidade de Desenvolvimento Tecnol\u00f3gico Laborat\u00f3rio de Telessa\u00fade da Universidade do Estado do Rio de Janeiro, nos seguintes projetos e programa:<\/span><br \/>\n<span style=\"color: #000000\"><strong>a)<\/strong> Programa de Extens\u00e3o em Telessa\u00fade e Sa\u00fade Digital UERJ<\/span><br \/>\n<span style=\"color: #000000\"><strong>b)<\/strong> Projeto de Inicia\u00e7\u00e3o Cient\u00edfica em Telessa\u00fade e Sa\u00fade Digital UERJ<\/span><br \/>\n<span style=\"color: #000000\"><strong>c)<\/strong> Projeto de Inicia\u00e7\u00e3o Tecnol\u00f3gica em Telessa\u00fade e Sa\u00fade Digital UERJ<\/span><\/p>\n<p><span style=\"color: #000000\"><strong>PERFIL DO EGRESSO<\/strong><\/span><\/p>\n<p><span style=\"color: #000000\">O objetivo geral do Mestrado Profissional \u00e9 qualificar profissionais com t\u00e9cnicas e m\u00e9todos cient\u00edficos de forma a permitir que o perfil do egresso contemple:<\/span><\/p>\n<ul>\n<li><span style=\"color: #000000\">\u00a0Atitude criativa e empreendedora,<\/span><\/li>\n<li><span style=\"color: #000000\">Compet\u00eancia para desenvolver, monitorar e avaliar projetos e para otimizar processos a partir de demandas espec\u00edficas da Sociedade e do Mercado de Trabalho no campo da Telemedicina, da Telessa\u00fade e na Sa\u00fade Digital,<\/span><\/li>\n<li><span style=\"color: #000000\">Habilidade digital para pesquisa em bases de dados cientifica com t\u00e9cnica, m\u00e9todo e an\u00e1lise cr\u00edtica.<\/span><\/li>\n<\/ul>\n","protected":false},"excerpt":{"rendered":"<p>O Programa de P\u00f3s-gradua\u00e7\u00e3o stricto sensu em Telessa\u00fade e Sa\u00fade Digital foi aprovado na CAPES em 2014, com o curso [&hellip;]<\/p>\n","protected":false},"author":1,"featured_media":0,"parent":0,"menu_order":0,"comment_status":"closed","ping_status":"closed","template":"","meta":{"_monsterinsights_skip_tracking":false,"_monsterinsights_sitenote_active":false,"_monsterinsights_sitenote_note":"","_monsterinsights_sitenote_category":0,"footnotes":""},"class_list":["post-880","page","type-page","status-publish","hentry"],"aioseo_notices":[],"_links":{"self":[{"href":"https:\/\/www.telessaude.uerj.br\/mestrado\/wp-json\/wp\/v2\/pages\/880","targetHints":{"allow":["GET"]}}],"collection":[{"href":"https:\/\/www.telessaude.uerj.br\/mestrado\/wp-json\/wp\/v2\/pages"}],"about":[{"href":"https:\/\/www.telessaude.uerj.br\/mestrado\/wp-json\/wp\/v2\/types\/page"}],"author":[{"embeddable":true,"href":"https:\/\/www.telessaude.uerj.br\/mestrado\/wp-json\/wp\/v2\/users\/1"}],"replies":[{"embeddable":true,"href":"https:\/\/www.telessaude.uerj.br\/mestrado\/wp-json\/wp\/v2\/comments?post=880"}],"version-history":[{"count":1,"href":"https:\/\/www.telessaude.uerj.br\/mestrado\/wp-json\/wp\/v2\/pages\/880\/revisions"}],"predecessor-version":[{"id":6909,"href":"https:\/\/www.telessaude.uerj.br\/mestrado\/wp-json\/wp\/v2\/pages\/880\/revisions\/6909"}],"wp:attachment":[{"href":"https:\/\/www.telessaude.uerj.br\/mestrado\/wp-json\/wp\/v2\/media?parent=880"}],"curies":[{"name":"wp","href":"https:\/\/api.w.org\/{rel}","templated":true}]}}