{"id":909,"date":"2018-07-27T18:17:29","date_gmt":"2018-07-27T18:17:29","guid":{"rendered":"https:\/\/www.telessaude.uerj.br\/mestrado\/?page_id=909"},"modified":"2024-07-01T15:33:12","modified_gmt":"2024-07-01T18:33:12","slug":"interface-com-a-educacao-basica-telessaude-escola","status":"publish","type":"page","link":"https:\/\/www.telessaude.uerj.br\/mestrado\/interface-com-a-educacao-basica-telessaude-escola\/","title":{"rendered":"Interface com a Educa\u00e7\u00e3o B\u00e1sica (Telessa\u00fade Escola)"},"content":{"rendered":"<p style=\"text-align: center\"><a href=\"https:\/\/www.telessaude.uerj.br\/escola\/\"><img loading=\"lazy\" decoding=\"async\" class=\"alignnone wp-image-1331 size-full\" src=\"https:\/\/www.telessaude.uerj.br\/wp-content\/uploads\/sites\/3\/2018\/08\/escola.png\" alt=\"\" width=\"300\" height=\"164\" \/><\/a><\/p>\n<p><span style=\"font-weight: 400\">O projeto Telessa\u00fade na Escola tem por objetivo desenvolver, utilizando multimeios em Telessa\u00fade, e ofertar materiais educativos e instrucionais para alunos, fam\u00edlias, escolas e comunidades com vistas \u00e0 promo\u00e7\u00e3o da sa\u00fade e a preven\u00e7\u00e3o das doen\u00e7as. <\/span><\/p>\n<p><span style=\"font-weight: 400\">Os materiais s\u00e3o desenvolvidos a partir da pesquisa realizada por alunos selecionados para a <\/span><span style=\"font-weight: 400\">Inicia\u00e7\u00e3o Cient\u00edfica Junior <\/span><span style=\"font-weight: 400\"> e desenvolvidos com a colabora\u00e7\u00e3o de alunos na P\u00f3s-Gradua\u00e7\u00e3o e pela equipe multidisciplinar do <strong>Telessa\u00fade UERJ<\/strong>.<\/span><\/p>\n","protected":false},"excerpt":{"rendered":"<p>O projeto Telessa\u00fade na Escola tem por objetivo desenvolver, utilizando multimeios em Telessa\u00fade, e ofertar materiais educativos e instrucionais para [&hellip;]<\/p>\n","protected":false},"author":1,"featured_media":0,"parent":0,"menu_order":0,"comment_status":"closed","ping_status":"closed","template":"","meta":{"_monsterinsights_skip_tracking":false,"_monsterinsights_sitenote_active":false,"_monsterinsights_sitenote_note":"","_monsterinsights_sitenote_category":0,"footnotes":""},"class_list":["post-909","page","type-page","status-publish","hentry"],"aioseo_notices":[],"_links":{"self":[{"href":"https:\/\/www.telessaude.uerj.br\/mestrado\/wp-json\/wp\/v2\/pages\/909","targetHints":{"allow":["GET"]}}],"collection":[{"href":"https:\/\/www.telessaude.uerj.br\/mestrado\/wp-json\/wp\/v2\/pages"}],"about":[{"href":"https:\/\/www.telessaude.uerj.br\/mestrado\/wp-json\/wp\/v2\/types\/page"}],"author":[{"embeddable":true,"href":"https:\/\/www.telessaude.uerj.br\/mestrado\/wp-json\/wp\/v2\/users\/1"}],"replies":[{"embeddable":true,"href":"https:\/\/www.telessaude.uerj.br\/mestrado\/wp-json\/wp\/v2\/comments?post=909"}],"version-history":[{"count":2,"href":"https:\/\/www.telessaude.uerj.br\/mestrado\/wp-json\/wp\/v2\/pages\/909\/revisions"}],"predecessor-version":[{"id":5128,"href":"https:\/\/www.telessaude.uerj.br\/mestrado\/wp-json\/wp\/v2\/pages\/909\/revisions\/5128"}],"wp:attachment":[{"href":"https:\/\/www.telessaude.uerj.br\/mestrado\/wp-json\/wp\/v2\/media?parent=909"}],"curies":[{"name":"wp","href":"https:\/\/api.w.org\/{rel}","templated":true}]}}