{"id":915,"date":"2018-07-27T18:18:05","date_gmt":"2018-07-27T18:18:05","guid":{"rendered":"https:\/\/www.telessaude.uerj.br\/mestrado\/?page_id=915"},"modified":"2024-10-04T14:11:55","modified_gmt":"2024-10-04T17:11:55","slug":"programa-de-extensao-telemedicina-e-telessaude","status":"publish","type":"page","link":"https:\/\/www.telessaude.uerj.br\/mestrado\/programa-de-extensao-telemedicina-e-telessaude\/","title":{"rendered":"Programa de Extens\u00e3o em Telessa\u00fade e Sa\u00fade Digital"},"content":{"rendered":"<p><img loading=\"lazy\" decoding=\"async\" class=\"aligncenter wp-image-5421\" src=\"https:\/\/www.telessaude.uerj.br\/mestrado\/wp-content\/uploads\/sites\/3\/2024\/10\/6293607.webp\" alt=\"\" width=\"190\" height=\"190\" srcset=\"https:\/\/www.telessaude.uerj.br\/mestrado\/wp-content\/uploads\/sites\/3\/2024\/10\/6293607.webp 450w, https:\/\/www.telessaude.uerj.br\/mestrado\/wp-content\/uploads\/sites\/3\/2024\/10\/6293607-300x300.webp 300w, https:\/\/www.telessaude.uerj.br\/mestrado\/wp-content\/uploads\/sites\/3\/2024\/10\/6293607-150x150.webp 150w\" sizes=\"auto, (max-width: 190px) 100vw, 190px\" \/><\/p>\n<p style=\"text-align: center\"><span style=\"font-weight: 400\">O <a href=\"https:\/\/www.telessaude.uerj.br\/mestrado\/wp-content\/uploads\/sites\/3\/2023\/11\/SEI_54766765_Ato_Executivo_de_Decisao_Administrativa.pdf\"><strong>Programa de Extens\u00e3o em Telessa\u00fade e Sa\u00fade Digital<\/strong><\/a> do Telessa\u00fade UERJ tem por objetivo promover e apoiar o desenvolvimento de projetos atrav\u00e9s da pesquisa-a\u00e7\u00e3o inovadora, viabilizando a rela\u00e7\u00e3o transformadora entre Universidade e Sociedade.<br \/>\n<\/span><\/p>\n<p><img loading=\"lazy\" decoding=\"async\" class=\"alignnone wp-image-5080\" src=\"https:\/\/www.telessaude.uerj.br\/mestrado\/wp-content\/uploads\/sites\/3\/2024\/05\/organograma24-1.png\" alt=\"\" width=\"2000\" height=\"1138\" srcset=\"https:\/\/www.telessaude.uerj.br\/mestrado\/wp-content\/uploads\/sites\/3\/2024\/05\/organograma24-1.png 4001w, https:\/\/www.telessaude.uerj.br\/mestrado\/wp-content\/uploads\/sites\/3\/2024\/05\/organograma24-1-300x171.png 300w, https:\/\/www.telessaude.uerj.br\/mestrado\/wp-content\/uploads\/sites\/3\/2024\/05\/organograma24-1-1024x583.png 1024w, https:\/\/www.telessaude.uerj.br\/mestrado\/wp-content\/uploads\/sites\/3\/2024\/05\/organograma24-1-768x437.png 768w, https:\/\/www.telessaude.uerj.br\/mestrado\/wp-content\/uploads\/sites\/3\/2024\/05\/organograma24-1-1536x874.png 1536w, https:\/\/www.telessaude.uerj.br\/mestrado\/wp-content\/uploads\/sites\/3\/2024\/05\/organograma24-1-2048x1166.png 2048w\" sizes=\"auto, (max-width: 2000px) 100vw, 2000px\" \/><\/p>\n","protected":false},"excerpt":{"rendered":"<p>O Programa de Extens\u00e3o em Telessa\u00fade e Sa\u00fade Digital do Telessa\u00fade UERJ tem por objetivo promover e apoiar o desenvolvimento [&hellip;]<\/p>\n","protected":false},"author":4,"featured_media":0,"parent":0,"menu_order":0,"comment_status":"closed","ping_status":"closed","template":"","meta":{"_monsterinsights_skip_tracking":false,"_monsterinsights_sitenote_active":false,"_monsterinsights_sitenote_note":"","_monsterinsights_sitenote_category":0,"footnotes":""},"class_list":["post-915","page","type-page","status-publish","hentry"],"aioseo_notices":[],"_links":{"self":[{"href":"https:\/\/www.telessaude.uerj.br\/mestrado\/wp-json\/wp\/v2\/pages\/915","targetHints":{"allow":["GET"]}}],"collection":[{"href":"https:\/\/www.telessaude.uerj.br\/mestrado\/wp-json\/wp\/v2\/pages"}],"about":[{"href":"https:\/\/www.telessaude.uerj.br\/mestrado\/wp-json\/wp\/v2\/types\/page"}],"author":[{"embeddable":true,"href":"https:\/\/www.telessaude.uerj.br\/mestrado\/wp-json\/wp\/v2\/users\/4"}],"replies":[{"embeddable":true,"href":"https:\/\/www.telessaude.uerj.br\/mestrado\/wp-json\/wp\/v2\/comments?post=915"}],"version-history":[{"count":1,"href":"https:\/\/www.telessaude.uerj.br\/mestrado\/wp-json\/wp\/v2\/pages\/915\/revisions"}],"predecessor-version":[{"id":5423,"href":"https:\/\/www.telessaude.uerj.br\/mestrado\/wp-json\/wp\/v2\/pages\/915\/revisions\/5423"}],"wp:attachment":[{"href":"https:\/\/www.telessaude.uerj.br\/mestrado\/wp-json\/wp\/v2\/media?parent=915"}],"curies":[{"name":"wp","href":"https:\/\/api.w.org\/{rel}","templated":true}]}}