{"id":919,"date":"2018-07-27T18:18:55","date_gmt":"2018-07-27T18:18:55","guid":{"rendered":"https:\/\/www.telessaude.uerj.br\/mestrado\/?page_id=919"},"modified":"2025-02-03T14:01:17","modified_gmt":"2025-02-03T17:01:17","slug":"integracao-interprogramas","status":"publish","type":"page","link":"https:\/\/www.telessaude.uerj.br\/mestrado\/integracao-interprogramas\/","title":{"rendered":"Integra\u00e7\u00e3o Interprogramas"},"content":{"rendered":"<p><img loading=\"lazy\" decoding=\"async\" class=\"size-full wp-image-981 aligncenter\" src=\"https:\/\/www.telessaude.uerj.br\/wp-content\/uploads\/sites\/3\/2018\/07\/iconeinterface.png\" alt=\"\" width=\"104\" height=\"106\" \/><\/p>\n<p><span style=\"font-weight: 400\">As disciplinas do curso de Mestrado em Telessa\u00fade s\u00e3o compartilhadas, atualmente, com os seguintes Programas de P\u00f3s-Gradua\u00e7\u00e3o na UERJ:<\/span><\/p>\n<ul>\n<li>Programa de P\u00f3s-Gradua\u00e7\u00e3o em Ci\u00eancias M\u00e9dicas<\/li>\n<li>Programa de P\u00f3s-Gradua\u00e7\u00e3o em Fisiopatologia e Ci\u00eancias Cir\u00fargicas<\/li>\n<li>Programa de P\u00f3s-Gradua\u00e7\u00e3o em Fisiopatologia Cl\u00ednica e Experimental<\/li>\n<li>Programa de P\u00f3s-Gradua\u00e7\u00e3o em Odontologia<\/li>\n<li>Programa de P\u00f3s-Gradua\u00e7\u00e3o em Direito<\/li>\n<li>Programa de P\u00f3s-Gradua\u00e7\u00e3o em Controladoria e Gest\u00e3o P\u00fablica<\/li>\n<li>Programa de P\u00f3s-Gradua\u00e7\u00e3o em Sa\u00fade, Medicina Laboratorial e Medicina Forense<\/li>\n<\/ul>\n","protected":false},"excerpt":{"rendered":"<p>As disciplinas do curso de Mestrado em Telessa\u00fade s\u00e3o compartilhadas, atualmente, com os seguintes Programas de P\u00f3s-Gradua\u00e7\u00e3o na UERJ: Programa [&hellip;]<\/p>\n","protected":false},"author":1,"featured_media":0,"parent":0,"menu_order":0,"comment_status":"closed","ping_status":"closed","template":"","meta":{"_monsterinsights_skip_tracking":false,"_monsterinsights_sitenote_active":false,"_monsterinsights_sitenote_note":"","_monsterinsights_sitenote_category":0,"footnotes":""},"class_list":["post-919","page","type-page","status-publish","hentry"],"aioseo_notices":[],"_links":{"self":[{"href":"https:\/\/www.telessaude.uerj.br\/mestrado\/wp-json\/wp\/v2\/pages\/919","targetHints":{"allow":["GET"]}}],"collection":[{"href":"https:\/\/www.telessaude.uerj.br\/mestrado\/wp-json\/wp\/v2\/pages"}],"about":[{"href":"https:\/\/www.telessaude.uerj.br\/mestrado\/wp-json\/wp\/v2\/types\/page"}],"author":[{"embeddable":true,"href":"https:\/\/www.telessaude.uerj.br\/mestrado\/wp-json\/wp\/v2\/users\/1"}],"replies":[{"embeddable":true,"href":"https:\/\/www.telessaude.uerj.br\/mestrado\/wp-json\/wp\/v2\/comments?post=919"}],"version-history":[{"count":1,"href":"https:\/\/www.telessaude.uerj.br\/mestrado\/wp-json\/wp\/v2\/pages\/919\/revisions"}],"predecessor-version":[{"id":6216,"href":"https:\/\/www.telessaude.uerj.br\/mestrado\/wp-json\/wp\/v2\/pages\/919\/revisions\/6216"}],"wp:attachment":[{"href":"https:\/\/www.telessaude.uerj.br\/mestrado\/wp-json\/wp\/v2\/media?parent=919"}],"curies":[{"name":"wp","href":"https:\/\/api.w.org\/{rel}","templated":true}]}}