{"id":924,"date":"2018-07-27T18:26:23","date_gmt":"2018-07-27T18:26:23","guid":{"rendered":"https:\/\/www.telessaude.uerj.br\/mestrado\/?page_id=924"},"modified":"2024-06-27T14:47:29","modified_gmt":"2024-06-27T17:47:29","slug":"relacao-com-a-graduacao","status":"publish","type":"page","link":"https:\/\/www.telessaude.uerj.br\/mestrado\/relacao-com-a-graduacao\/","title":{"rendered":"Rela\u00e7\u00e3o com a gradua\u00e7\u00e3o"},"content":{"rendered":"<p><img loading=\"lazy\" decoding=\"async\" class=\"wp-image-4099 size-thumbnail aligncenter\" src=\"https:\/\/www.telessaude.uerj.br\/mestrado\/wp-content\/uploads\/sites\/3\/2023\/09\/vecteezy_school-album-3d-illustration_13391082_505-150x150.png\" alt=\"\" width=\"150\" height=\"150\" srcset=\"https:\/\/www.telessaude.uerj.br\/mestrado\/wp-content\/uploads\/sites\/3\/2023\/09\/vecteezy_school-album-3d-illustration_13391082_505-150x150.png 150w, https:\/\/www.telessaude.uerj.br\/mestrado\/wp-content\/uploads\/sites\/3\/2023\/09\/vecteezy_school-album-3d-illustration_13391082_505-300x300.png 300w, https:\/\/www.telessaude.uerj.br\/mestrado\/wp-content\/uploads\/sites\/3\/2023\/09\/vecteezy_school-album-3d-illustration_13391082_505-1024x1024.png 1024w, https:\/\/www.telessaude.uerj.br\/mestrado\/wp-content\/uploads\/sites\/3\/2023\/09\/vecteezy_school-album-3d-illustration_13391082_505-768x768.png 768w, https:\/\/www.telessaude.uerj.br\/mestrado\/wp-content\/uploads\/sites\/3\/2023\/09\/vecteezy_school-album-3d-illustration_13391082_505.png 1500w\" sizes=\"auto, (max-width: 150px) 100vw, 150px\" \/><\/p>\n<p><span style=\"font-weight: 400\">O projeto guarda-chuva <strong>\u2018Telemedicina e Telessa\u00fade UERJ\u2019<\/strong> desenvolve projetos com os alunos na gradua\u00e7\u00e3o multidisciplinar nas seguintes modalidades:<\/span><\/p>\n<p><span style=\"font-weight: 400\"><img loading=\"lazy\" decoding=\"async\" class=\"alignnone size-full wp-image-679\" src=\"https:\/\/www.telessaude.uerj.br\/wp-content\/uploads\/sites\/3\/2018\/07\/iconecheck-2.png\" alt=\"\" width=\"10\" height=\"13\" \/> <\/span><span style=\"font-weight: 400\">Programas de Inicia\u00e7\u00e3o Cient\u00edfica (PIBIC): gradua\u00e7\u00e3o no ensino superior<br \/>\n<\/span><span style=\"font-weight: 400\"><img loading=\"lazy\" decoding=\"async\" class=\"alignnone size-full wp-image-679\" src=\"https:\/\/www.telessaude.uerj.br\/wp-content\/uploads\/sites\/3\/2018\/07\/iconecheck-2.png\" alt=\"\" width=\"10\" height=\"13\" \/> Programas de Inicia\u00e7\u00e3o Cient\u00edfica Junior (IC JR): gradua\u00e7\u00e3o no ensino m\u00e9dio<br \/>\n<\/span><span style=\"font-weight: 400\"><img loading=\"lazy\" decoding=\"async\" class=\"alignnone size-full wp-image-679\" src=\"https:\/\/www.telessaude.uerj.br\/wp-content\/uploads\/sites\/3\/2018\/07\/iconecheck-2.png\" alt=\"\" width=\"10\" height=\"13\" \/> Programas de Inicia\u00e7\u00e3o Cient\u00edfica e Tecnol\u00f3gica (PIBITI): gradua\u00e7\u00e3o no ensino superior<\/span><\/p>\n<p><span style=\"font-weight: 400\">O <\/span><span style=\"font-weight: 400\">Programa de Extens\u00e3o Universit\u00e1ria em Telemedicina e Telessa\u00fade, tamb\u00e9m, tem rela\u00e7\u00e3o com a gradua\u00e7\u00e3o multidisciplinar no ensino superior ofertando bolsas para a participa\u00e7\u00e3o dos alunos no desenvolvimento e avalia\u00e7\u00e3o dos projetos.<\/span><\/p>\n","protected":false},"excerpt":{"rendered":"<p>O projeto guarda-chuva \u2018Telemedicina e Telessa\u00fade UERJ\u2019 desenvolve projetos com os alunos na gradua\u00e7\u00e3o multidisciplinar nas seguintes modalidades: Programas de [&hellip;]<\/p>\n","protected":false},"author":1,"featured_media":0,"parent":0,"menu_order":0,"comment_status":"closed","ping_status":"closed","template":"","meta":{"_monsterinsights_skip_tracking":false,"_monsterinsights_sitenote_active":false,"_monsterinsights_sitenote_note":"","_monsterinsights_sitenote_category":0,"footnotes":""},"class_list":["post-924","page","type-page","status-publish","hentry"],"aioseo_notices":[],"_links":{"self":[{"href":"https:\/\/www.telessaude.uerj.br\/mestrado\/wp-json\/wp\/v2\/pages\/924","targetHints":{"allow":["GET"]}}],"collection":[{"href":"https:\/\/www.telessaude.uerj.br\/mestrado\/wp-json\/wp\/v2\/pages"}],"about":[{"href":"https:\/\/www.telessaude.uerj.br\/mestrado\/wp-json\/wp\/v2\/types\/page"}],"author":[{"embeddable":true,"href":"https:\/\/www.telessaude.uerj.br\/mestrado\/wp-json\/wp\/v2\/users\/1"}],"replies":[{"embeddable":true,"href":"https:\/\/www.telessaude.uerj.br\/mestrado\/wp-json\/wp\/v2\/comments?post=924"}],"version-history":[{"count":2,"href":"https:\/\/www.telessaude.uerj.br\/mestrado\/wp-json\/wp\/v2\/pages\/924\/revisions"}],"predecessor-version":[{"id":5124,"href":"https:\/\/www.telessaude.uerj.br\/mestrado\/wp-json\/wp\/v2\/pages\/924\/revisions\/5124"}],"wp:attachment":[{"href":"https:\/\/www.telessaude.uerj.br\/mestrado\/wp-json\/wp\/v2\/media?parent=924"}],"curies":[{"name":"wp","href":"https:\/\/api.w.org\/{rel}","templated":true}]}}