{"id":937,"date":"2018-07-27T18:38:55","date_gmt":"2018-07-27T18:38:55","guid":{"rendered":"https:\/\/www.telessaude.uerj.br\/mestrado\/?page_id=937"},"modified":"2024-06-21T15:56:03","modified_gmt":"2024-06-21T18:56:03","slug":"universidades-conveniadas","status":"publish","type":"page","link":"https:\/\/www.telessaude.uerj.br\/mestrado\/universidades-conveniadas\/","title":{"rendered":"Universidades Conveniadas"},"content":{"rendered":"<p><span style=\"color: #000000\"><img loading=\"lazy\" decoding=\"async\" class=\"aligncenter wp-image-4413\" src=\"https:\/\/www.telessaude.uerj.br\/mestrado\/wp-content\/uploads\/sites\/3\/2023\/09\/vecteezy_3d-travel-or-tourism-plan-concept-icon-or-3d-holiday-travel_10915803_9-150x150.png\" alt=\"\" width=\"200\" height=\"200\" srcset=\"https:\/\/www.telessaude.uerj.br\/mestrado\/wp-content\/uploads\/sites\/3\/2023\/09\/vecteezy_3d-travel-or-tourism-plan-concept-icon-or-3d-holiday-travel_10915803_9-150x150.png 150w, https:\/\/www.telessaude.uerj.br\/mestrado\/wp-content\/uploads\/sites\/3\/2023\/09\/vecteezy_3d-travel-or-tourism-plan-concept-icon-or-3d-holiday-travel_10915803_9-300x300.png 300w, https:\/\/www.telessaude.uerj.br\/mestrado\/wp-content\/uploads\/sites\/3\/2023\/09\/vecteezy_3d-travel-or-tourism-plan-concept-icon-or-3d-holiday-travel_10915803_9-768x768.png 768w, https:\/\/www.telessaude.uerj.br\/mestrado\/wp-content\/uploads\/sites\/3\/2023\/09\/vecteezy_3d-travel-or-tourism-plan-concept-icon-or-3d-holiday-travel_10915803_9.png 1000w\" sizes=\"auto, (max-width: 200px) 100vw, 200px\" \/><\/span><\/p>\n<p style=\"text-align: center\"><span style=\"color: #000000\"><span style=\"font-weight: 400\"><strong>Atualmente, temos conv\u00eanio com duas universidades internacionais:<\/strong><br \/>\n<\/span><em>Currently, we have a partnership with two international universities:<\/em><\/span><\/p>\n<p style=\"text-align: center\">\n<p style=\"text-align: center\"><span style=\"font-weight: 400;color: #000000\"> <strong>Universidade Russa da Amizade dos Povos <\/strong><\/span><\/p>\n<p style=\"text-align: justify\"><span style=\"font-weight: 400;color: #000000\">\u00c9 uma institui\u00e7\u00e3o de ensino e pesquisa localizada no sul de Moscou e uma das mais prestigiosas universidades da R\u00fassia, juntamente com a Universidade de Moscou e a Universidade de S\u00e3o Petersburgo.<\/span><\/p>\n<p style=\"text-align: justify\"><span style=\"color: #000000\"><em>It is a teaching and research institution located in the south of Moscow and one of the most prestigious universities in Russia, together with the University of Moscow and a University of St. Petersburg.<\/em><\/span><\/p>\n<p><span style=\"color: #000000\"><a style=\"color: #000000\" href=\"http:\/\/eng.rudn.ru\/\"><img loading=\"lazy\" decoding=\"async\" class=\"aligncenter wp-image-1103 size-full\" src=\"https:\/\/www.telessaude.uerj.br\/wp-content\/uploads\/sites\/3\/2018\/08\/russa.png\" alt=\"\" width=\"243\" height=\"88\" \/><\/a><\/span><\/p>\n<p style=\"text-align: center\"><span style=\"font-weight: 400;color: #000000\"><strong>Sustainability Management School<\/strong><\/span><\/p>\n<p><span style=\"font-weight: 400;color: #000000\">A Escola de Gest\u00e3o de Sustentabilidade (SUMAS) \u00e9 a primeira escola de neg\u00f3cios a lan\u00e7ar educa\u00e7\u00e3o acad\u00eamica de alto n\u00edvel em Sustentabilidade e Gest\u00e3o.<\/span><\/p>\n<p><span style=\"color: #000000\"><em>The School of Sustainability Management (SUMAS) is the first business school to launch high-level academic education in Sustainability and Management.<\/em><\/span><\/p>\n<p><span style=\"color: #000000\"><a style=\"color: #000000\" href=\"https:\/\/sumas.ch\/programs\/dba\/e-health\/\"><img loading=\"lazy\" decoding=\"async\" class=\"aligncenter wp-image-1102 size-full\" src=\"https:\/\/www.telessaude.uerj.br\/wp-content\/uploads\/sites\/3\/2018\/08\/bussiness.png\" alt=\"\" width=\"243\" height=\"110\" \/><\/a><\/span><\/p>\n<p style=\"text-align: center\"><span style=\"color: #000000\"><span style=\"font-weight: 400\"><strong>Orienta\u00e7\u00e3o do procedimento para interc\u00e2mbio: <\/strong><br \/>\n<\/span><em>Orientation for the student exchange program:<\/em><\/span><\/p>\n<p style=\"text-align: center\"><span style=\"color: #000000\"><img loading=\"lazy\" decoding=\"async\" class=\"alignnone wp-image-4416 size-thumbnail\" src=\"https:\/\/www.telessaude.uerj.br\/mestrado\/wp-content\/uploads\/sites\/3\/2023\/09\/vecteezy_3d-mail-envelope-notification-icon-or-mail-envelope_10915911_889-150x150.png\" alt=\"\" width=\"150\" height=\"150\" srcset=\"https:\/\/www.telessaude.uerj.br\/mestrado\/wp-content\/uploads\/sites\/3\/2023\/09\/vecteezy_3d-mail-envelope-notification-icon-or-mail-envelope_10915911_889-150x150.png 150w, https:\/\/www.telessaude.uerj.br\/mestrado\/wp-content\/uploads\/sites\/3\/2023\/09\/vecteezy_3d-mail-envelope-notification-icon-or-mail-envelope_10915911_889-300x300.png 300w, https:\/\/www.telessaude.uerj.br\/mestrado\/wp-content\/uploads\/sites\/3\/2023\/09\/vecteezy_3d-mail-envelope-notification-icon-or-mail-envelope_10915911_889-1024x1024.png 1024w, https:\/\/www.telessaude.uerj.br\/mestrado\/wp-content\/uploads\/sites\/3\/2023\/09\/vecteezy_3d-mail-envelope-notification-icon-or-mail-envelope_10915911_889-768x768.png 768w, https:\/\/www.telessaude.uerj.br\/mestrado\/wp-content\/uploads\/sites\/3\/2023\/09\/vecteezy_3d-mail-envelope-notification-icon-or-mail-envelope_10915911_889-1536x1536.png 1536w, https:\/\/www.telessaude.uerj.br\/mestrado\/wp-content\/uploads\/sites\/3\/2023\/09\/vecteezy_3d-mail-envelope-notification-icon-or-mail-envelope_10915911_889-2048x2048.png 2048w\" sizes=\"auto, (max-width: 150px) 100vw, 150px\" \/><\/span><\/p>\n<p style=\"text-align: center\"><span style=\"color: #000000\">MANDE UM E-MAIL<\/span><br \/>\n<span style=\"color: #000000\"><em>SEND US AN E-MAIL<\/em><\/span><br \/>\n<span style=\"color: #000000\"><strong>mestrado@telessaude.uerj.br<\/strong><\/span><\/p>\n","protected":false},"excerpt":{"rendered":"<p>Atualmente, temos conv\u00eanio com duas universidades internacionais: Currently, we have a partnership with two international universities: Universidade Russa da Amizade [&hellip;]<\/p>\n","protected":false},"author":1,"featured_media":0,"parent":0,"menu_order":0,"comment_status":"closed","ping_status":"closed","template":"","meta":{"_monsterinsights_skip_tracking":false,"_monsterinsights_sitenote_active":false,"_monsterinsights_sitenote_note":"","_monsterinsights_sitenote_category":0,"footnotes":""},"class_list":["post-937","page","type-page","status-publish","hentry"],"aioseo_notices":[],"_links":{"self":[{"href":"https:\/\/www.telessaude.uerj.br\/mestrado\/wp-json\/wp\/v2\/pages\/937","targetHints":{"allow":["GET"]}}],"collection":[{"href":"https:\/\/www.telessaude.uerj.br\/mestrado\/wp-json\/wp\/v2\/pages"}],"about":[{"href":"https:\/\/www.telessaude.uerj.br\/mestrado\/wp-json\/wp\/v2\/types\/page"}],"author":[{"embeddable":true,"href":"https:\/\/www.telessaude.uerj.br\/mestrado\/wp-json\/wp\/v2\/users\/1"}],"replies":[{"embeddable":true,"href":"https:\/\/www.telessaude.uerj.br\/mestrado\/wp-json\/wp\/v2\/comments?post=937"}],"version-history":[{"count":2,"href":"https:\/\/www.telessaude.uerj.br\/mestrado\/wp-json\/wp\/v2\/pages\/937\/revisions"}],"predecessor-version":[{"id":4696,"href":"https:\/\/www.telessaude.uerj.br\/mestrado\/wp-json\/wp\/v2\/pages\/937\/revisions\/4696"}],"wp:attachment":[{"href":"https:\/\/www.telessaude.uerj.br\/mestrado\/wp-json\/wp\/v2\/media?parent=937"}],"curies":[{"name":"wp","href":"https:\/\/api.w.org\/{rel}","templated":true}]}}