{"id":944,"date":"2018-07-27T18:51:59","date_gmt":"2018-07-27T18:51:59","guid":{"rendered":"https:\/\/www.telessaude.uerj.br\/mestrado\/?page_id=944"},"modified":"2024-06-21T15:56:12","modified_gmt":"2024-06-21T18:56:12","slug":"faca-parte","status":"publish","type":"page","link":"https:\/\/www.telessaude.uerj.br\/mestrado\/faca-parte\/","title":{"rendered":"FA\u00c7A PARTE"},"content":{"rendered":"<h1><img loading=\"lazy\" decoding=\"async\" class=\"wp-image-4420 aligncenter\" src=\"https:\/\/www.telessaude.uerj.br\/mestrado\/wp-content\/uploads\/sites\/3\/2023\/09\/vecteezy_3d-call-phone-and-bubble-talking-talk-or-3d-customer-support_21164729_450.png\" alt=\"\" width=\"200\" height=\"200\" srcset=\"https:\/\/www.telessaude.uerj.br\/mestrado\/wp-content\/uploads\/sites\/3\/2023\/09\/vecteezy_3d-call-phone-and-bubble-talking-talk-or-3d-customer-support_21164729_450.png 1000w, https:\/\/www.telessaude.uerj.br\/mestrado\/wp-content\/uploads\/sites\/3\/2023\/09\/vecteezy_3d-call-phone-and-bubble-talking-talk-or-3d-customer-support_21164729_450-300x300.png 300w, https:\/\/www.telessaude.uerj.br\/mestrado\/wp-content\/uploads\/sites\/3\/2023\/09\/vecteezy_3d-call-phone-and-bubble-talking-talk-or-3d-customer-support_21164729_450-150x150.png 150w, https:\/\/www.telessaude.uerj.br\/mestrado\/wp-content\/uploads\/sites\/3\/2023\/09\/vecteezy_3d-call-phone-and-bubble-talking-talk-or-3d-customer-support_21164729_450-768x768.png 768w\" sizes=\"auto, (max-width: 200px) 100vw, 200px\" \/><\/h1>\n<h1 style=\"text-align: center\"><b>PARTNERSHIPS<\/b><\/h1>\n<p class=\"p3\" style=\"text-align: left\">O Programa de P\u00f3s-Gradua\u00e7\u00e3o em Telemedicina e Telessa\u00fade est\u00e1 empenhado na troca de conhecimento e experi\u00eancias no campo da Telemedicina e na Telessa\u00fade atrav\u00e9s do interc\u00e2mbio de alunos, docentes e participantes.<\/p>\n<p class=\"p1\" style=\"text-align: left\">The Post-Graduate Program in Telemedicine and Telehealth is committed to the exchange of knowledge and experiences in the field of Telemedicine and Telehealth through the exchange of students, teachers and participants.<\/p>\n<p style=\"text-align: center\"><span style=\"font-weight: 400\"><strong><b>Quer se juntar n\u00f3s?<br \/>\n<\/b><\/strong><em>Should you be interested in exploring <\/em><em>partnership opportunities, please apply:<\/em><strong><b><br \/>\n<\/b><\/strong><\/span><\/p>\n<p style=\"text-align: center\"><img loading=\"lazy\" decoding=\"async\" class=\"alignnone wp-image-4416 size-thumbnail\" src=\"https:\/\/www.telessaude.uerj.br\/mestrado\/wp-content\/uploads\/sites\/3\/2023\/09\/vecteezy_3d-mail-envelope-notification-icon-or-mail-envelope_10915911_889-150x150.png\" alt=\"\" width=\"150\" height=\"150\" srcset=\"https:\/\/www.telessaude.uerj.br\/mestrado\/wp-content\/uploads\/sites\/3\/2023\/09\/vecteezy_3d-mail-envelope-notification-icon-or-mail-envelope_10915911_889-150x150.png 150w, https:\/\/www.telessaude.uerj.br\/mestrado\/wp-content\/uploads\/sites\/3\/2023\/09\/vecteezy_3d-mail-envelope-notification-icon-or-mail-envelope_10915911_889-300x300.png 300w, https:\/\/www.telessaude.uerj.br\/mestrado\/wp-content\/uploads\/sites\/3\/2023\/09\/vecteezy_3d-mail-envelope-notification-icon-or-mail-envelope_10915911_889-1024x1024.png 1024w, https:\/\/www.telessaude.uerj.br\/mestrado\/wp-content\/uploads\/sites\/3\/2023\/09\/vecteezy_3d-mail-envelope-notification-icon-or-mail-envelope_10915911_889-768x768.png 768w, https:\/\/www.telessaude.uerj.br\/mestrado\/wp-content\/uploads\/sites\/3\/2023\/09\/vecteezy_3d-mail-envelope-notification-icon-or-mail-envelope_10915911_889-1536x1536.png 1536w, https:\/\/www.telessaude.uerj.br\/mestrado\/wp-content\/uploads\/sites\/3\/2023\/09\/vecteezy_3d-mail-envelope-notification-icon-or-mail-envelope_10915911_889-2048x2048.png 2048w\" sizes=\"auto, (max-width: 150px) 100vw, 150px\" \/><\/p>\n<p style=\"text-align: center\">MANDE UM E-MAIL<br \/>\n<em>SEND US AN E-MAIL<\/em><br \/>\n<strong>mestrado@telessaude.uerj.br<\/strong><\/p>\n","protected":false},"excerpt":{"rendered":"<p>PARTNERSHIPS O Programa de P\u00f3s-Gradua\u00e7\u00e3o em Telemedicina e Telessa\u00fade est\u00e1 empenhado na troca de conhecimento e experi\u00eancias no campo da [&hellip;]<\/p>\n","protected":false},"author":1,"featured_media":0,"parent":0,"menu_order":0,"comment_status":"closed","ping_status":"closed","template":"","meta":{"_monsterinsights_skip_tracking":false,"_monsterinsights_sitenote_active":false,"_monsterinsights_sitenote_note":"","_monsterinsights_sitenote_category":0,"footnotes":""},"class_list":["post-944","page","type-page","status-publish","hentry"],"aioseo_notices":[],"_links":{"self":[{"href":"https:\/\/www.telessaude.uerj.br\/mestrado\/wp-json\/wp\/v2\/pages\/944","targetHints":{"allow":["GET"]}}],"collection":[{"href":"https:\/\/www.telessaude.uerj.br\/mestrado\/wp-json\/wp\/v2\/pages"}],"about":[{"href":"https:\/\/www.telessaude.uerj.br\/mestrado\/wp-json\/wp\/v2\/types\/page"}],"author":[{"embeddable":true,"href":"https:\/\/www.telessaude.uerj.br\/mestrado\/wp-json\/wp\/v2\/users\/1"}],"replies":[{"embeddable":true,"href":"https:\/\/www.telessaude.uerj.br\/mestrado\/wp-json\/wp\/v2\/comments?post=944"}],"version-history":[{"count":1,"href":"https:\/\/www.telessaude.uerj.br\/mestrado\/wp-json\/wp\/v2\/pages\/944\/revisions"}],"predecessor-version":[{"id":4421,"href":"https:\/\/www.telessaude.uerj.br\/mestrado\/wp-json\/wp\/v2\/pages\/944\/revisions\/4421"}],"wp:attachment":[{"href":"https:\/\/www.telessaude.uerj.br\/mestrado\/wp-json\/wp\/v2\/media?parent=944"}],"curies":[{"name":"wp","href":"https:\/\/api.w.org\/{rel}","templated":true}]}}