{"id":964,"date":"2018-07-30T13:43:37","date_gmt":"2018-07-30T13:43:37","guid":{"rendered":"https:\/\/www.telessaude.uerj.br\/mestrado\/?page_id=964"},"modified":"2024-06-21T15:49:01","modified_gmt":"2024-06-21T18:49:01","slug":"titulacao","status":"publish","type":"page","link":"https:\/\/www.telessaude.uerj.br\/mestrado\/titulacao\/","title":{"rendered":"TITULA\u00c7\u00c3O"},"content":{"rendered":"<p class=\"p1\"><img loading=\"lazy\" decoding=\"async\" class=\"wp-image-4128 size-thumbnail aligncenter\" src=\"https:\/\/www.telessaude.uerj.br\/mestrado\/wp-content\/uploads\/sites\/3\/2023\/09\/vecteezy_customer-review-3d-illustration_13391048_641-150x150.png\" alt=\"\" width=\"150\" height=\"150\" srcset=\"https:\/\/www.telessaude.uerj.br\/mestrado\/wp-content\/uploads\/sites\/3\/2023\/09\/vecteezy_customer-review-3d-illustration_13391048_641-150x150.png 150w, https:\/\/www.telessaude.uerj.br\/mestrado\/wp-content\/uploads\/sites\/3\/2023\/09\/vecteezy_customer-review-3d-illustration_13391048_641-300x300.png 300w, https:\/\/www.telessaude.uerj.br\/mestrado\/wp-content\/uploads\/sites\/3\/2023\/09\/vecteezy_customer-review-3d-illustration_13391048_641-1024x1024.png 1024w, https:\/\/www.telessaude.uerj.br\/mestrado\/wp-content\/uploads\/sites\/3\/2023\/09\/vecteezy_customer-review-3d-illustration_13391048_641-768x768.png 768w, https:\/\/www.telessaude.uerj.br\/mestrado\/wp-content\/uploads\/sites\/3\/2023\/09\/vecteezy_customer-review-3d-illustration_13391048_641.png 1300w\" sizes=\"auto, (max-width: 150px) 100vw, 150px\" \/><\/p>\n<p class=\"p1\" style=\"text-align: justify\"><span style=\"color: #000000\">O t\u00edtulo de mestre obtido nos cursos de mestrado profissional reconhecidos e avaliados pela CAPES e credenciados pelo Conselho Nacional de Educa\u00e7\u00e3o &#8211; CNE tem validade nacional e outorga ao seu detentor os mesmos direitos concedidos aos portadores da titula\u00e7\u00e3o nos cursos de mestrado acad\u00eamico. Ap\u00f3s a integraliza\u00e7\u00e3o e o cumprimento de todos os requisitos o aluno do Curso de Mestrado Profissional em Telessa\u00fade e Sa\u00fade Digital, obter\u00e1 o t\u00edtulo de <strong>Mestre em Telessa\u00fade e Sa\u00fade Digital.<\/strong><\/span><\/p>\n<p class=\"p1\" style=\"text-align: justify\"><span style=\"color: #000000\">O Mestrado Acad\u00eamico prepara um pesquisador e professor, que dever\u00e1 continuar sua carreira com o doutorado. J\u00e1 o Mestrado Profissional enfatiza estudos e t\u00e9cnicas diretamente voltadas ao desempenho de um alto n\u00edvel de qualifica\u00e7\u00e3o profissional. Esta \u00eanfase \u00e9 a \u00fanica diferen\u00e7a em rela\u00e7\u00e3o ao acad\u00eamico. Confere, pois, id\u00eanticos grau e prerrogativas, inclusive para o exerc\u00edcio da doc\u00eancia, e, como todo programa de p\u00f3s-gradua\u00e7\u00e3o stricto sensu, tem a validade nacional do diploma condicionada ao reconhecimento pr\u00e9vio do curso (Parecer CNE\/CES 0079\/2002).<\/span><\/p>\n<p class=\"p1\">\n","protected":false},"excerpt":{"rendered":"<p>O t\u00edtulo de mestre obtido nos cursos de mestrado profissional reconhecidos e avaliados pela CAPES e credenciados pelo Conselho Nacional [&hellip;]<\/p>\n","protected":false},"author":1,"featured_media":0,"parent":0,"menu_order":0,"comment_status":"closed","ping_status":"closed","template":"","meta":{"_monsterinsights_skip_tracking":false,"_monsterinsights_sitenote_active":false,"_monsterinsights_sitenote_note":"","_monsterinsights_sitenote_category":0,"footnotes":""},"class_list":["post-964","page","type-page","status-publish","hentry"],"aioseo_notices":[],"_links":{"self":[{"href":"https:\/\/www.telessaude.uerj.br\/mestrado\/wp-json\/wp\/v2\/pages\/964","targetHints":{"allow":["GET"]}}],"collection":[{"href":"https:\/\/www.telessaude.uerj.br\/mestrado\/wp-json\/wp\/v2\/pages"}],"about":[{"href":"https:\/\/www.telessaude.uerj.br\/mestrado\/wp-json\/wp\/v2\/types\/page"}],"author":[{"embeddable":true,"href":"https:\/\/www.telessaude.uerj.br\/mestrado\/wp-json\/wp\/v2\/users\/1"}],"replies":[{"embeddable":true,"href":"https:\/\/www.telessaude.uerj.br\/mestrado\/wp-json\/wp\/v2\/comments?post=964"}],"version-history":[{"count":2,"href":"https:\/\/www.telessaude.uerj.br\/mestrado\/wp-json\/wp\/v2\/pages\/964\/revisions"}],"predecessor-version":[{"id":4693,"href":"https:\/\/www.telessaude.uerj.br\/mestrado\/wp-json\/wp\/v2\/pages\/964\/revisions\/4693"}],"wp:attachment":[{"href":"https:\/\/www.telessaude.uerj.br\/mestrado\/wp-json\/wp\/v2\/media?parent=964"}],"curies":[{"name":"wp","href":"https:\/\/api.w.org\/{rel}","templated":true}]}}