{"id":1100,"date":"2023-04-19T13:02:38","date_gmt":"2023-04-19T16:02:38","guid":{"rendered":"https:\/\/www.telessaude.uerj.br\/saude3d\/?page_id=1100"},"modified":"2023-04-19T13:02:38","modified_gmt":"2023-04-19T16:02:38","slug":"informacoes","status":"publish","type":"page","link":"https:\/\/www.telessaude.uerj.br\/saude3d\/informacoes\/","title":{"rendered":"Informa\u00e7\u00f5es"},"content":{"rendered":"<h3><strong>INTRODU\u00c7\u00c3O \u00c0S TECNOLOGIAS 3D EM SA\u00daDE<\/strong><\/h3>\n<p><strong>CURSO PRESENCIAL <\/strong><\/p>\n<p><strong>Per\u00edodo:<\/strong> de 3 a 31 de maio de 2023<br \/>\n<strong>Dura\u00e7\u00e3o:<\/strong> 2 horas por m\u00f3dulo, sempre \u00e0s quartas-feiras, de 12h \u00e0s 14h<br \/>\n<strong>Local:<\/strong> Anfiteatro 30, no pr\u00e9dio CEPEM\u00a0 | HUPE<\/p>\n<p><strong>Promo\u00e7\u00e3o:<\/strong> SAUDE3D | C\u00c9LULA SA\u00daDE DE INOVA\u00c7\u00c3O E EMPREENDEDORISMO UERJ<\/p>\n<p><strong>Coordena\u00e7\u00e3o:<\/strong> Alexandra Monteiro e Norma Albarello<br \/>\n<strong>Organiza\u00e7\u00e3o:\u00a0<\/strong> IBRAG, FCM, HUPE\u00a0 e Telessa\u00fade UERJ<\/p>\n<p><strong>Apoio:<\/strong> InovUERJ e InovaHUPE<\/p>\n<p><strong>Professor convidado:<\/strong> <em><strong>Jo\u00e3o Victor Azevedo<\/strong><\/em><br \/>\nDesigner graduado pela UFRJ. Mestre e Doutor em Design pela PUC-Rio. \u00c9 professor e pesquisador na PUC-Rio onde desenvolve pesquisa nas \u00e1reas de design e medicina envolvendo realidade virtual, realidade aumentada, manufatura aditiva e bioimpress\u00e3o de tecidos vivos. \u00c9 s\u00f3cio fundador da Mar\u00e9, empresa especializada em <em>upcycling<\/em> de materiais que produz rel\u00f3gios, \u00f3culos e acess\u00f3rios por meio da fabrica\u00e7\u00e3o digital.<\/p>\n<p><strong>Ementa:<\/strong> Estudo das tecnologias tridimensionais eletr\u00f4nicas e sua aplica\u00e7\u00e3o na \u00e1rea da sa\u00fade. An\u00e1lise de solu\u00e7\u00f5es funcionais, estruturais e formais como fundamentos de uma nova pr\u00e1tica no campo.<br \/>\n<strong>Objetivo:<\/strong> Apresentar um novo paradigma do uso, inova\u00e7\u00e3o e pesquisa com tecnologias tridimensionais em sa\u00fade, incluindo o estado da arte. Apresentar os sistemas e princ\u00edpios das tecnologias 3D e suas aplica\u00e7\u00f5es na \u00e1rea da sa\u00fade.<\/p>\n","protected":false},"excerpt":{"rendered":"<p>INTRODU\u00c7\u00c3O \u00c0S TECNOLOGIAS 3D EM SA\u00daDE CURSO PRESENCIAL Per\u00edodo: de 3 a 31 de maio de 2023 Dura\u00e7\u00e3o: 2 horas [&hellip;]<\/p>\n","protected":false},"author":4,"featured_media":0,"parent":0,"menu_order":0,"comment_status":"closed","ping_status":"closed","template":"","meta":{"_monsterinsights_skip_tracking":false,"_monsterinsights_sitenote_active":false,"_monsterinsights_sitenote_note":"","_monsterinsights_sitenote_category":0,"footnotes":""},"class_list":["post-1100","page","type-page","status-publish","hentry"],"aioseo_notices":[],"_links":{"self":[{"href":"https:\/\/www.telessaude.uerj.br\/saude3d\/wp-json\/wp\/v2\/pages\/1100","targetHints":{"allow":["GET"]}}],"collection":[{"href":"https:\/\/www.telessaude.uerj.br\/saude3d\/wp-json\/wp\/v2\/pages"}],"about":[{"href":"https:\/\/www.telessaude.uerj.br\/saude3d\/wp-json\/wp\/v2\/types\/page"}],"author":[{"embeddable":true,"href":"https:\/\/www.telessaude.uerj.br\/saude3d\/wp-json\/wp\/v2\/users\/4"}],"replies":[{"embeddable":true,"href":"https:\/\/www.telessaude.uerj.br\/saude3d\/wp-json\/wp\/v2\/comments?post=1100"}],"version-history":[{"count":2,"href":"https:\/\/www.telessaude.uerj.br\/saude3d\/wp-json\/wp\/v2\/pages\/1100\/revisions"}],"predecessor-version":[{"id":1105,"href":"https:\/\/www.telessaude.uerj.br\/saude3d\/wp-json\/wp\/v2\/pages\/1100\/revisions\/1105"}],"wp:attachment":[{"href":"https:\/\/www.telessaude.uerj.br\/saude3d\/wp-json\/wp\/v2\/media?parent=1100"}],"curies":[{"name":"wp","href":"https:\/\/api.w.org\/{rel}","templated":true}]}}