{"id":1109,"date":"2023-04-19T13:20:18","date_gmt":"2023-04-19T16:20:18","guid":{"rendered":"https:\/\/www.telessaude.uerj.br\/saude3d\/?page_id=1109"},"modified":"2023-04-19T13:33:13","modified_gmt":"2023-04-19T16:33:13","slug":"programa","status":"publish","type":"page","link":"https:\/\/www.telessaude.uerj.br\/saude3d\/programa\/","title":{"rendered":"Programa"},"content":{"rendered":"\n<table id=\"tablepress-10\" class=\"tablepress tablepress-id-10\">\n<thead>\n<tr class=\"row-1\">\n\t<th class=\"column-1\"><strong>DATA  <\/strong><\/th><th class=\"column-2\"><strong>Objetivo da aprendizagem e temas por m\u00f3dulo <\/strong><\/th>\n<\/tr>\n<\/thead>\n<tbody>\n<tr class=\"row-2\">\n\t<td class=\"column-1\">03\/05<br \/>\n<br \/>\n<\/td><td class=\"column-2\">Introduzir e contextualizar as tecnologias tridimensionais e seus usos no campo<br \/>\nO que s\u00e3o as tecnologias 3D; arquivos digitais; obten\u00e7\u00e3o e processamento AR\/VR; <br \/>\nmanufatura aditiva e bioimpress\u00e3o.<\/td>\n<\/tr>\n<tr class=\"row-3\">\n\t<td class=\"column-1\">10\/05<\/td><td class=\"column-2\">Explicitar os princ\u00edpios, logicas, e diferen\u00e7as entre os diversos tipos de arquivos digitais <br \/>\nO que s\u00e3o arquivos digitais 3D; tipos de arquivo digitais 3D; reposit\u00f3rios e modelagem Tridimensional.<\/td>\n<\/tr>\n<tr class=\"row-4\">\n\t<td class=\"column-1\">17\/05<\/td><td class=\"column-2\">Obten\u00e7\u00e3o e processamento de arquivos digitais 3D<br \/>\nModelagem Tridimensional; escaneamento; reconstru\u00e7\u00e3o a partir de exames de imagem; <br \/>\ntratamento de malha e fechamento de arquivos.<\/td>\n<\/tr>\n<tr class=\"row-5\">\n\t<td class=\"column-1\">24\/05<\/td><td class=\"column-2\">Introdu\u00e7\u00e3o \u00e0  Realidade Virtual e Realidade Mista<br \/>\n O que \u00e9 realidade virtual; ambientes de realidade virtual; Realidade virtual X Realidade Mista; <br \/>\nAplica\u00e7\u00f5es; visita ao Metaverso.<\/td>\n<\/tr>\n<tr class=\"row-6\">\n\t<td class=\"column-1\">31\/05<\/td><td class=\"column-2\">Manufatura Aditiva <br \/>\nFabrica\u00e7\u00e3o Digital; Manufatura Aditiva X Manufatura tradicional; tecnologias de manufatura aditiva; <br \/>\ndesign para Manufatura Aditiva (DfAM) e Prepara\u00e7\u00e3o de arquivos; t\u00e9cnicas de Fatiamento; <br \/>\naplica\u00e7\u00f5es e bioimpress\u00e3o.<\/td>\n<\/tr>\n<\/tbody>\n<\/table>\n<!-- #tablepress-10 from cache -->\n","protected":false},"excerpt":{"rendered":"","protected":false},"author":4,"featured_media":0,"parent":0,"menu_order":0,"comment_status":"closed","ping_status":"closed","template":"","meta":{"_monsterinsights_skip_tracking":false,"_monsterinsights_sitenote_active":false,"_monsterinsights_sitenote_note":"","_monsterinsights_sitenote_category":0,"footnotes":""},"class_list":["post-1109","page","type-page","status-publish","hentry"],"aioseo_notices":[],"_links":{"self":[{"href":"https:\/\/www.telessaude.uerj.br\/saude3d\/wp-json\/wp\/v2\/pages\/1109","targetHints":{"allow":["GET"]}}],"collection":[{"href":"https:\/\/www.telessaude.uerj.br\/saude3d\/wp-json\/wp\/v2\/pages"}],"about":[{"href":"https:\/\/www.telessaude.uerj.br\/saude3d\/wp-json\/wp\/v2\/types\/page"}],"author":[{"embeddable":true,"href":"https:\/\/www.telessaude.uerj.br\/saude3d\/wp-json\/wp\/v2\/users\/4"}],"replies":[{"embeddable":true,"href":"https:\/\/www.telessaude.uerj.br\/saude3d\/wp-json\/wp\/v2\/comments?post=1109"}],"version-history":[{"count":1,"href":"https:\/\/www.telessaude.uerj.br\/saude3d\/wp-json\/wp\/v2\/pages\/1109\/revisions"}],"predecessor-version":[{"id":1110,"href":"https:\/\/www.telessaude.uerj.br\/saude3d\/wp-json\/wp\/v2\/pages\/1109\/revisions\/1110"}],"wp:attachment":[{"href":"https:\/\/www.telessaude.uerj.br\/saude3d\/wp-json\/wp\/v2\/media?parent=1109"}],"curies":[{"name":"wp","href":"https:\/\/api.w.org\/{rel}","templated":true}]}}