{"id":1163,"date":"2023-07-06T15:25:24","date_gmt":"2023-07-06T18:25:24","guid":{"rendered":"https:\/\/www.telessaude.uerj.br\/saude3d\/?page_id=1163"},"modified":"2026-01-26T15:58:24","modified_gmt":"2026-01-26T18:58:24","slug":"premios","status":"publish","type":"page","link":"https:\/\/www.telessaude.uerj.br\/saude3d\/premios\/","title":{"rendered":"Pr\u00eamios"},"content":{"rendered":"\n<ul class=\"wp-block-list\">\n<li><strong>Modelagem e Impress\u00e3o Tridimensional Aplicada \u00e0 Oncologia: Desenvolvimento de Modelo Tridimensional de Neoplasia Metast\u00e1tica de Coluna vertebral<\/strong><\/li>\n<\/ul>\n\n\n\n<p><strong>Aluno<\/strong><br><strong>Iasmin Ribeiro <\/strong>(Aluno Sa\u00fade3D)<\/p>\n\n\n\n<figure class=\"wp-block-image size-large is-resized\"><img loading=\"lazy\" decoding=\"async\" width=\"1024\" height=\"768\" src=\"https:\/\/www.telessaude.uerj.br\/saude3d\/wp-content\/uploads\/sites\/7\/2026\/01\/iasmincertificaIC-1024x768.jpg\" alt=\"\" class=\"wp-image-1336\" style=\"width:622px;height:auto\" srcset=\"https:\/\/www.telessaude.uerj.br\/saude3d\/wp-content\/uploads\/sites\/7\/2026\/01\/iasmincertificaIC-1024x768.jpg 1024w, https:\/\/www.telessaude.uerj.br\/saude3d\/wp-content\/uploads\/sites\/7\/2026\/01\/iasmincertificaIC-300x225.jpg 300w, https:\/\/www.telessaude.uerj.br\/saude3d\/wp-content\/uploads\/sites\/7\/2026\/01\/iasmincertificaIC-768x576.jpg 768w, https:\/\/www.telessaude.uerj.br\/saude3d\/wp-content\/uploads\/sites\/7\/2026\/01\/iasmincertificaIC.jpg 1280w\" sizes=\"auto, (max-width: 1024px) 100vw, 1024px\" \/><\/figure>\n\n\n\n<div style=\"height:37px\" aria-hidden=\"true\" class=\"wp-block-spacer\"><\/div>\n\n\n\n<ul class=\"wp-block-list\">\n<li><strong>3D Printing as Action-Research for Health Education<\/strong><\/li>\n<\/ul>\n\n\n\n<p><strong>Aluno<\/strong><br><strong>Maria Tavares da Rosa <\/strong>(Aluno Sa\u00fade3D)<\/p>\n\n\n\n<figure class=\"wp-block-image size-large is-resized\"><img loading=\"lazy\" decoding=\"async\" width=\"1024\" height=\"555\" src=\"https:\/\/www.telessaude.uerj.br\/saude3d\/wp-content\/uploads\/sites\/7\/2025\/09\/premiomaria-1-1024x555.jpeg\" alt=\"\" class=\"wp-image-1315\" style=\"width:620px;height:auto\" srcset=\"https:\/\/www.telessaude.uerj.br\/saude3d\/wp-content\/uploads\/sites\/7\/2025\/09\/premiomaria-1-1024x555.jpeg 1024w, https:\/\/www.telessaude.uerj.br\/saude3d\/wp-content\/uploads\/sites\/7\/2025\/09\/premiomaria-1-300x163.jpeg 300w, https:\/\/www.telessaude.uerj.br\/saude3d\/wp-content\/uploads\/sites\/7\/2025\/09\/premiomaria-1-768x416.jpeg 768w, https:\/\/www.telessaude.uerj.br\/saude3d\/wp-content\/uploads\/sites\/7\/2025\/09\/premiomaria-1.jpeg 1080w\" sizes=\"auto, (max-width: 1024px) 100vw, 1024px\" \/><\/figure>\n\n\n\n<p><\/p>\n\n\n\n<ul class=\"wp-block-list\">\n<li><strong>Inova\u00e7\u00e3o em Sa\u00fade com Impress\u00e3o 3D: Solu\u00e7\u00f5es personalizadas para apoio cl\u00ednico-cir\u00fargico.<\/strong><\/li>\n<\/ul>\n\n\n\n<p><strong>Aluno<\/strong><br><strong>Iasmin Ribeiro <\/strong>(Aluno Sa\u00fade3D)<\/p>\n\n\n\n<figure class=\"wp-block-image size-large is-resized\"><img loading=\"lazy\" decoding=\"async\" width=\"1024\" height=\"769\" src=\"https:\/\/www.telessaude.uerj.br\/saude3d\/wp-content\/uploads\/sites\/7\/2025\/09\/premioyas-1024x769.jpg\" alt=\"\" class=\"wp-image-1310\" style=\"width:604px;height:auto\" srcset=\"https:\/\/www.telessaude.uerj.br\/saude3d\/wp-content\/uploads\/sites\/7\/2025\/09\/premioyas-1024x769.jpg 1024w, https:\/\/www.telessaude.uerj.br\/saude3d\/wp-content\/uploads\/sites\/7\/2025\/09\/premioyas-300x225.jpg 300w, https:\/\/www.telessaude.uerj.br\/saude3d\/wp-content\/uploads\/sites\/7\/2025\/09\/premioyas-768x576.jpg 768w, https:\/\/www.telessaude.uerj.br\/saude3d\/wp-content\/uploads\/sites\/7\/2025\/09\/premioyas-1536x1153.jpg 1536w, https:\/\/www.telessaude.uerj.br\/saude3d\/wp-content\/uploads\/sites\/7\/2025\/09\/premioyas.jpg 1600w\" sizes=\"auto, (max-width: 1024px) 100vw, 1024px\" \/><\/figure>\n\n\n\n<div style=\"height:49px\" aria-hidden=\"true\" class=\"wp-block-spacer\"><\/div>\n\n\n\n<ul class=\"wp-block-list\">\n<li><strong>Prot\u00f3tipo de v\u00eddeo laringosc\u00f3pio neonatal por modelagem computacional e manufatura aditiva.<\/strong><\/li>\n<\/ul>\n\n\n\n<p><strong>Aluno<\/strong><br><strong>Iasmin Ribeiro <\/strong>(Aluno Sa\u00fade3D)<\/p>\n\n\n\n<figure class=\"wp-block-image size-large is-resized\"><img loading=\"lazy\" decoding=\"async\" width=\"1024\" height=\"749\" src=\"http:\/\/www.telessaude.uerj.br\/saude3d\/wp-content\/uploads\/sites\/7\/2025\/05\/premioiasmin-2-1024x749.jpeg\" alt=\"\" class=\"wp-image-1299\" style=\"width:610px;height:auto\" srcset=\"https:\/\/www.telessaude.uerj.br\/saude3d\/wp-content\/uploads\/sites\/7\/2025\/05\/premioiasmin-2-1024x749.jpeg 1024w, https:\/\/www.telessaude.uerj.br\/saude3d\/wp-content\/uploads\/sites\/7\/2025\/05\/premioiasmin-2-300x220.jpeg 300w, https:\/\/www.telessaude.uerj.br\/saude3d\/wp-content\/uploads\/sites\/7\/2025\/05\/premioiasmin-2-768x562.jpeg 768w, https:\/\/www.telessaude.uerj.br\/saude3d\/wp-content\/uploads\/sites\/7\/2025\/05\/premioiasmin-2-1536x1124.jpeg 1536w, https:\/\/www.telessaude.uerj.br\/saude3d\/wp-content\/uploads\/sites\/7\/2025\/05\/premioiasmin-2-370x270.jpeg 370w, https:\/\/www.telessaude.uerj.br\/saude3d\/wp-content\/uploads\/sites\/7\/2025\/05\/premioiasmin-2.jpeg 1600w\" sizes=\"auto, (max-width: 1024px) 100vw, 1024px\" \/><\/figure>\n\n\n\n<p><\/p>\n\n\n\n<p><\/p>\n\n\n\n<ul class=\"wp-block-list\">\n<li><strong>Aneurisma de aorta abdominal 3D: Impactos da impress\u00e3o tridimensional no planejamento pr\u00e9-cir\u00fargico e na educa\u00e7\u00e3o m\u00e9dica<\/strong><\/li>\n<\/ul>\n\n\n\n<p><strong>Aluno<\/strong><br><strong>Iasmin Ribeiro <\/strong>(Aluno Sa\u00fade3D)<\/p>\n\n\n\n<figure class=\"wp-block-image size-large is-resized\"><img decoding=\"async\" src=\"https:\/\/www.telessaude.uerj.br\/saude3d\/wp-content\/uploads\/sites\/7\/2024\/09\/premio-iasmim-1024x721.png\" alt=\"\" class=\"wp-image-1235\" style=\"width:595px;height:auto\" \/><\/figure>\n\n\n<ul>\n<li><strong>Men\u00e7\u00e3o Honrosa Pr\u00eamio Ricardo Cruz CREMERJ<\/strong>\u00a0<\/li>\n<\/ul>\n<p><strong>Apresenta\u00e7\u00e3o oral<\/strong>: SA\u00daDE3D Modelagem e Impress\u00e3o Tridimensional para Assist\u00eancia Cl\u00ednico-Cir\u00fargica de um Complexo de Sa\u00fade Universit\u00e1rio\u00a0<br \/><strong>Aluno<br \/><\/strong>Pedro Luiz Gouvea (PIBIC)<\/p>\n<p><img loading=\"lazy\" decoding=\"async\" class=\"alignnone wp-image-1229\" src=\"http:\/\/www.telessaude.uerj.br\/saude3d\/wp-content\/uploads\/sites\/7\/2024\/01\/CREMERJ-SAUDE3D.png\" alt=\"\" width=\"600\" height=\"424\" srcset=\"https:\/\/www.telessaude.uerj.br\/saude3d\/wp-content\/uploads\/sites\/7\/2024\/01\/CREMERJ-SAUDE3D.png 1500w, https:\/\/www.telessaude.uerj.br\/saude3d\/wp-content\/uploads\/sites\/7\/2024\/01\/CREMERJ-SAUDE3D-300x212.png 300w, https:\/\/www.telessaude.uerj.br\/saude3d\/wp-content\/uploads\/sites\/7\/2024\/01\/CREMERJ-SAUDE3D-1024x723.png 1024w, https:\/\/www.telessaude.uerj.br\/saude3d\/wp-content\/uploads\/sites\/7\/2024\/01\/CREMERJ-SAUDE3D-768x542.png 768w\" sizes=\"auto, (max-width: 600px) 100vw, 600px\" \/><\/p>\n<hr \/>\n<ul>\n<li><strong><strong>Medalha de prata na Competi\u00e7\u00e3o Internacional de Estudantes da Sociedade Internacional de Telemedicina e Telessa\u00fade<br \/><\/strong><\/strong><\/li>\n<\/ul>\n<div><strong>Equipe<\/strong><\/div>\n<div><strong>Alexandra Monteiro<\/strong> (Coordena\u00e7\u00e3o)<\/div>\n<div><strong>Iasmin Ribeiro <\/strong>(Aluno Sa\u00fade3D)<\/div>\n<p><strong><br \/><img loading=\"lazy\" decoding=\"async\" class=\"alignnone wp-image-1224\" src=\"http:\/\/www.telessaude.uerj.br\/saude3d\/wp-content\/uploads\/sites\/7\/2023\/12\/AUTHOR-2023-SILVER-MEDALpdf.jpg\" alt=\"\" width=\"600\" height=\"381\" srcset=\"https:\/\/www.telessaude.uerj.br\/saude3d\/wp-content\/uploads\/sites\/7\/2023\/12\/AUTHOR-2023-SILVER-MEDALpdf.jpg 1500w, https:\/\/www.telessaude.uerj.br\/saude3d\/wp-content\/uploads\/sites\/7\/2023\/12\/AUTHOR-2023-SILVER-MEDALpdf-300x191.jpg 300w, https:\/\/www.telessaude.uerj.br\/saude3d\/wp-content\/uploads\/sites\/7\/2023\/12\/AUTHOR-2023-SILVER-MEDALpdf-1024x651.jpg 1024w, https:\/\/www.telessaude.uerj.br\/saude3d\/wp-content\/uploads\/sites\/7\/2023\/12\/AUTHOR-2023-SILVER-MEDALpdf-768x488.jpg 768w\" sizes=\"auto, (max-width: 600px) 100vw, 600px\" \/><br \/><\/strong><\/p>\n<div>\n<hr \/><\/div>\n<div>\u00a0<\/div>\n<ul>\n<li style=\"text-align: left\"><strong>Aplicabilidade da Impress\u00e3o 3D na determina\u00e7\u00e3o de conduta cl\u00ednico-cir\u00farigica em uma emerg\u00eancia oncol\u00f3gica no HUPE: relado de caso<\/strong><\/li>\n<\/ul>\n<div style=\"text-align: left\">\u00a0<\/div>\n<div style=\"text-align: left\">\n<div><strong>Equipe<\/strong><\/div>\n<div><strong>Alexandra Monteiro<\/strong> (Coordena\u00e7\u00e3o)<\/div>\n<div><strong>Iasmin Ribeiro <\/strong>(Aluno Sa\u00fade3D)<\/div>\n<div><strong>Pedro Golvea\u00a0 <\/strong>(Aluno Sa\u00fade3D)<br \/><strong>Dayane Rocha\u00a0<\/strong>(Aluno Sa\u00fade3D)<\/div>\n<div><strong>Beatriz Calsolari <\/strong>(Aluno Sa\u00fade3D)<\/div>\n<div><strong>Eduardo Brito <\/strong>(Aluno Sa\u00fade3D)<\/div>\n<\/div>\n<div style=\"text-align: left\">\u00a0<\/div>\n<div style=\"text-align: left\">\n<div>\u00a0<\/div>\n<\/div>\n<div style=\"text-align: left\"><img loading=\"lazy\" decoding=\"async\" class=\"alignnone wp-image-1196\" src=\"http:\/\/www.telessaude.uerj.br\/saude3d\/wp-content\/uploads\/sites\/7\/2023\/09\/Captura-de-Tela-2023-09-21-as-10.37.13.png\" alt=\"\" width=\"600\" height=\"423\" srcset=\"https:\/\/www.telessaude.uerj.br\/saude3d\/wp-content\/uploads\/sites\/7\/2023\/09\/Captura-de-Tela-2023-09-21-as-10.37.13.png 1119w, https:\/\/www.telessaude.uerj.br\/saude3d\/wp-content\/uploads\/sites\/7\/2023\/09\/Captura-de-Tela-2023-09-21-as-10.37.13-300x211.png 300w, https:\/\/www.telessaude.uerj.br\/saude3d\/wp-content\/uploads\/sites\/7\/2023\/09\/Captura-de-Tela-2023-09-21-as-10.37.13-1024x721.png 1024w, https:\/\/www.telessaude.uerj.br\/saude3d\/wp-content\/uploads\/sites\/7\/2023\/09\/Captura-de-Tela-2023-09-21-as-10.37.13-768x541.png 768w\" sizes=\"auto, (max-width: 600px) 100vw, 600px\" \/><\/div>\n<div style=\"text-align: left\">\u00a0<\/div>\n<div style=\"text-align: left\">\n<hr \/><\/div>\n<ul>\n<li><strong>Impress\u00e3o 3D da pelve renal: uma experi\u00eancia inovadora no Laborat\u00f3rio 3D<\/strong><\/li>\n<\/ul>\n<div><strong><strong>Equipe<\/strong><\/strong><\/div>\n<div><strong>Alexandra Monteiro<\/strong> (Coordena\u00e7\u00e3o)<\/div>\n<div><strong>Iasmin Ribeiro <\/strong>(Aluno Sa\u00fade3D)<\/div>\n<div><strong>Pedro Golvea\u00a0 <\/strong>(Aluno Sa\u00fade3D)<br \/><strong>Dayane Rocha\u00a0<\/strong>(Aluno Sa\u00fade3D)<\/div>\n<div><strong>Beatriz Calsolari <\/strong>(Aluno Sa\u00fade3D)<\/div>\n<div><strong>Eduardo Brito <\/strong>(Aluno Sa\u00fade3D)<\/div>\n<div>\u00a0<\/div>\n<div style=\"text-align: left\">\n<div>\u00a0<\/div>\n<\/div>\n<div style=\"text-align: left\">\u00a0<\/div>\n<div style=\"text-align: left\"><img loading=\"lazy\" decoding=\"async\" class=\"alignnone wp-image-1197\" src=\"http:\/\/www.telessaude.uerj.br\/saude3d\/wp-content\/uploads\/sites\/7\/2023\/09\/Captura-de-Tela-2023-09-21-as-10.38.15.png\" alt=\"\" width=\"600\" height=\"421\" srcset=\"https:\/\/www.telessaude.uerj.br\/saude3d\/wp-content\/uploads\/sites\/7\/2023\/09\/Captura-de-Tela-2023-09-21-as-10.38.15.png 1122w, https:\/\/www.telessaude.uerj.br\/saude3d\/wp-content\/uploads\/sites\/7\/2023\/09\/Captura-de-Tela-2023-09-21-as-10.38.15-300x210.png 300w, https:\/\/www.telessaude.uerj.br\/saude3d\/wp-content\/uploads\/sites\/7\/2023\/09\/Captura-de-Tela-2023-09-21-as-10.38.15-1024x718.png 1024w, https:\/\/www.telessaude.uerj.br\/saude3d\/wp-content\/uploads\/sites\/7\/2023\/09\/Captura-de-Tela-2023-09-21-as-10.38.15-768x539.png 768w\" sizes=\"auto, (max-width: 600px) 100vw, 600px\" \/><\/div>\n<div style=\"text-align: left\">\u00a0<\/div>\n<div style=\"text-align: left\">\n<hr \/><\/div>\n<div style=\"text-align: left\">\u00a0<\/div>\n<div style=\"text-align: left\">\u00a0<\/div>\n<ul>\n<li style=\"text-align: left\"><strong>Sa\u00fade 3D: Impacto da Impress\u00e3o Tridimensional na Educa\u00e7\u00e3o M\u00e9dica\u00a0<\/strong><\/li>\n<\/ul>\n<div style=\"text-align: left\">\u00a0<\/div>\n<div style=\"text-align: left\"><strong>Equipe<\/strong><\/div>\n<div style=\"text-align: left\"><strong>Alexandra Monteiro<\/strong> (Coordena\u00e7\u00e3o)<\/div>\n<div style=\"text-align: left\">\n<div><strong>Iasmin Ribeiro <\/strong>(Aluno Sa\u00fade3D)<\/div>\n<div><strong>Beatriz Calsolari <\/strong>(Aluno Sa\u00fade3D)<\/div>\n<div><strong>Eduardo Brito <\/strong>(Aluno Sa\u00fade3D)<\/div>\n<div><strong>Laura Cerqueira <\/strong>(Aluno Sa\u00fade3D)<\/div>\n<div><strong>Pedro Golvea\u00a0 <\/strong>(Aluno Sa\u00fade3D)<\/div>\n<\/div>\n<div style=\"text-align: left\">\u00a0<\/div>\n<div style=\"text-align: left\">\u00a0<\/div>\n<div style=\"text-align: left\"><img loading=\"lazy\" decoding=\"async\" class=\"alignnone wp-image-1192\" src=\"http:\/\/www.telessaude.uerj.br\/saude3d\/wp-content\/uploads\/sites\/7\/2023\/09\/saude3d-1024x724-1.jpg\" alt=\"\" width=\"600\" height=\"424\" srcset=\"https:\/\/www.telessaude.uerj.br\/saude3d\/wp-content\/uploads\/sites\/7\/2023\/09\/saude3d-1024x724-1.jpg 1024w, https:\/\/www.telessaude.uerj.br\/saude3d\/wp-content\/uploads\/sites\/7\/2023\/09\/saude3d-1024x724-1-300x212.jpg 300w, https:\/\/www.telessaude.uerj.br\/saude3d\/wp-content\/uploads\/sites\/7\/2023\/09\/saude3d-1024x724-1-768x543.jpg 768w\" sizes=\"auto, (max-width: 600px) 100vw, 600px\" \/><\/div>\n<div style=\"text-align: left\">\u00a0<\/div>\n<div style=\"text-align: left\">\n<hr \/><\/div>\n<div style=\"text-align: left\">\u00a0<\/div>\n<div style=\"text-align: left\">\n<ul>\n<li><strong style=\"font-size: revert\">Arte e Ci\u00eancia na produ\u00e7\u00e3o e edi\u00e7\u00e3o e imagens em Parasitologia (<span style=\"color: #000000\">Men\u00e7\u00e3o Honrosa<\/span>) &#8211; <\/strong><strong>31\u00ba Semana de Inicia\u00e7\u00e3o Cient\u00edfica da UERJ<\/strong><\/li>\n<\/ul>\n<div><strong>Autores<\/strong><\/div>\n<div>Eduardo Torres (Coordena\u00e7\u00e3o)<\/div>\n<div>\u00a0<\/div>\n<div><strong>Dayane Alvarinho<\/strong> (Doutoranda &#8211; PPGMicro &#8211; FCM\/UERJ)<\/div>\n<div><strong>Brunna Braga\u00a0<\/strong> (Doutoranda &#8211; PPGMicro &#8211; FCM\/UERJ)<\/div>\n<div>\n<div><strong>Renato Oliveira<\/strong> (IT-CNPq &#8211; ESDI\/UERJ)<\/div>\n<div><strong>Ana Carolina Brito<\/strong> (IC-FAPERJ &#8211; ESDI\/UERJ)<\/div>\n<div>\u00a0<\/div>\n<\/div>\n<\/div>\n<div style=\"text-align: left\">\n<div>\u00a0<\/div>\n<\/div>\n<div style=\"text-align: left\"><img loading=\"lazy\" decoding=\"async\" class=\"alignnone wp-image-1166\" src=\"http:\/\/www.telessaude.uerj.br\/saude3d\/wp-content\/uploads\/sites\/7\/2023\/07\/premios-Mencao-honrosa-Renato-1-scaled.jpeg\" alt=\"\" width=\"600\" height=\"421\" srcset=\"https:\/\/www.telessaude.uerj.br\/saude3d\/wp-content\/uploads\/sites\/7\/2023\/07\/premios-Mencao-honrosa-Renato-1-scaled.jpeg 2560w, https:\/\/www.telessaude.uerj.br\/saude3d\/wp-content\/uploads\/sites\/7\/2023\/07\/premios-Mencao-honrosa-Renato-1-300x211.jpeg 300w, https:\/\/www.telessaude.uerj.br\/saude3d\/wp-content\/uploads\/sites\/7\/2023\/07\/premios-Mencao-honrosa-Renato-1-1024x719.jpeg 1024w, https:\/\/www.telessaude.uerj.br\/saude3d\/wp-content\/uploads\/sites\/7\/2023\/07\/premios-Mencao-honrosa-Renato-1-768x539.jpeg 768w, https:\/\/www.telessaude.uerj.br\/saude3d\/wp-content\/uploads\/sites\/7\/2023\/07\/premios-Mencao-honrosa-Renato-1-1536x1079.jpeg 1536w, https:\/\/www.telessaude.uerj.br\/saude3d\/wp-content\/uploads\/sites\/7\/2023\/07\/premios-Mencao-honrosa-Renato-1-2048x1438.jpeg 2048w\" sizes=\"auto, (max-width: 600px) 100vw, 600px\" \/><\/div>\n<div style=\"text-align: left\">\u00a0<\/div>\n<div style=\"text-align: left\">\n<div>\u00a0<\/div>\n<\/div>\n<hr \/>\n<ul>\n<li style=\"text-align: left\"><strong>3D modeling and animation of Trichuris muris infected intestine based on X-ray microcomputed tomography &#8211; Simp\u00f3sio de Ci\u00eancias da Vida da Sociedade Brasileira de Microscopia e Microan\u00e1lise<\/strong><\/li>\n<\/ul>\n<p>(<span style=\"color: #000000\">Trabalho premiado como melhor trabalho do evento<\/span>)<br \/><strong>Autores<\/strong><br \/>Renato Menezes de Oliveira<br \/>Dayane Alvarinho de Oliveira<br \/>Brunna Vianna Braga<br \/>Lorian Cobra Straker<br \/>Eduardo Jos\u00e9 Lopes-Torres<\/p>\n<p style=\"text-align: left\"><img loading=\"lazy\" decoding=\"async\" class=\"alignnone wp-image-1172\" src=\"http:\/\/www.telessaude.uerj.br\/saude3d\/wp-content\/uploads\/sites\/7\/2023\/07\/premios-Certificado-de-trabalho-premiado-no-simposio-SBMM-2022-Day.png\" alt=\"\" width=\"600\" height=\"423\" srcset=\"https:\/\/www.telessaude.uerj.br\/saude3d\/wp-content\/uploads\/sites\/7\/2023\/07\/premios-Certificado-de-trabalho-premiado-no-simposio-SBMM-2022-Day.png 2242w, https:\/\/www.telessaude.uerj.br\/saude3d\/wp-content\/uploads\/sites\/7\/2023\/07\/premios-Certificado-de-trabalho-premiado-no-simposio-SBMM-2022-Day-300x212.png 300w, https:\/\/www.telessaude.uerj.br\/saude3d\/wp-content\/uploads\/sites\/7\/2023\/07\/premios-Certificado-de-trabalho-premiado-no-simposio-SBMM-2022-Day-1024x723.png 1024w, https:\/\/www.telessaude.uerj.br\/saude3d\/wp-content\/uploads\/sites\/7\/2023\/07\/premios-Certificado-de-trabalho-premiado-no-simposio-SBMM-2022-Day-768x542.png 768w, https:\/\/www.telessaude.uerj.br\/saude3d\/wp-content\/uploads\/sites\/7\/2023\/07\/premios-Certificado-de-trabalho-premiado-no-simposio-SBMM-2022-Day-1536x1084.png 1536w, https:\/\/www.telessaude.uerj.br\/saude3d\/wp-content\/uploads\/sites\/7\/2023\/07\/premios-Certificado-de-trabalho-premiado-no-simposio-SBMM-2022-Day-2048x1445.png 2048w\" sizes=\"auto, (max-width: 600px) 100vw, 600px\" \/><\/p>\n<p><img loading=\"lazy\" decoding=\"async\" class=\"alignnone wp-image-1167 alignleft\" src=\"http:\/\/www.telessaude.uerj.br\/saude3d\/wp-content\/uploads\/sites\/7\/2023\/07\/premios-Modelos-impressos-scaled.jpeg\" alt=\"\" width=\"600\" height=\"338\" srcset=\"https:\/\/www.telessaude.uerj.br\/saude3d\/wp-content\/uploads\/sites\/7\/2023\/07\/premios-Modelos-impressos-scaled.jpeg 2560w, https:\/\/www.telessaude.uerj.br\/saude3d\/wp-content\/uploads\/sites\/7\/2023\/07\/premios-Modelos-impressos-300x169.jpeg 300w, https:\/\/www.telessaude.uerj.br\/saude3d\/wp-content\/uploads\/sites\/7\/2023\/07\/premios-Modelos-impressos-1024x576.jpeg 1024w, https:\/\/www.telessaude.uerj.br\/saude3d\/wp-content\/uploads\/sites\/7\/2023\/07\/premios-Modelos-impressos-768x432.jpeg 768w, https:\/\/www.telessaude.uerj.br\/saude3d\/wp-content\/uploads\/sites\/7\/2023\/07\/premios-Modelos-impressos-1536x864.jpeg 1536w, https:\/\/www.telessaude.uerj.br\/saude3d\/wp-content\/uploads\/sites\/7\/2023\/07\/premios-Modelos-impressos-2048x1152.jpeg 2048w\" sizes=\"auto, (max-width: 600px) 100vw, 600px\" \/><\/p>","protected":false},"excerpt":{"rendered":"<p>AlunoIasmin Ribeiro (Aluno Sa\u00fade3D) AlunoMaria Tavares da Rosa (Aluno Sa\u00fade3D) AlunoIasmin Ribeiro (Aluno Sa\u00fade3D) AlunoIasmin Ribeiro (Aluno Sa\u00fade3D) AlunoIasmin Ribeiro [&hellip;]<\/p>\n","protected":false},"author":4,"featured_media":0,"parent":0,"menu_order":0,"comment_status":"closed","ping_status":"closed","template":"","meta":{"_monsterinsights_skip_tracking":false,"_monsterinsights_sitenote_active":false,"_monsterinsights_sitenote_note":"","_monsterinsights_sitenote_category":0,"footnotes":""},"class_list":["post-1163","page","type-page","status-publish","hentry"],"aioseo_notices":[],"_links":{"self":[{"href":"https:\/\/www.telessaude.uerj.br\/saude3d\/wp-json\/wp\/v2\/pages\/1163","targetHints":{"allow":["GET"]}}],"collection":[{"href":"https:\/\/www.telessaude.uerj.br\/saude3d\/wp-json\/wp\/v2\/pages"}],"about":[{"href":"https:\/\/www.telessaude.uerj.br\/saude3d\/wp-json\/wp\/v2\/types\/page"}],"author":[{"embeddable":true,"href":"https:\/\/www.telessaude.uerj.br\/saude3d\/wp-json\/wp\/v2\/users\/4"}],"replies":[{"embeddable":true,"href":"https:\/\/www.telessaude.uerj.br\/saude3d\/wp-json\/wp\/v2\/comments?post=1163"}],"version-history":[{"count":1,"href":"https:\/\/www.telessaude.uerj.br\/saude3d\/wp-json\/wp\/v2\/pages\/1163\/revisions"}],"predecessor-version":[{"id":1338,"href":"https:\/\/www.telessaude.uerj.br\/saude3d\/wp-json\/wp\/v2\/pages\/1163\/revisions\/1338"}],"wp:attachment":[{"href":"https:\/\/www.telessaude.uerj.br\/saude3d\/wp-json\/wp\/v2\/media?parent=1163"}],"curies":[{"name":"wp","href":"https:\/\/api.w.org\/{rel}","templated":true}]}}