{"id":643,"date":"2017-01-02T08:28:52","date_gmt":"2017-01-02T08:28:52","guid":{"rendered":"https:\/\/demo.themegrill.com\/flash-default-2\/?page_id=5"},"modified":"2026-05-04T15:44:56","modified_gmt":"2026-05-04T18:44:56","slug":"home","status":"publish","type":"page","link":"https:\/\/www.telessaude.uerj.br\/saude3d\/","title":{"rendered":"Home"},"content":{"rendered":"<div id=\"pl-643\"  class=\"panel-layout\" ><div id=\"pg-643-0\"  class=\"panel-grid panel-has-style\" ><div class=\"panel-row-style panel-row-style-for-643-0\" ><div id=\"pgc-643-0-0\"  class=\"panel-grid-cell\" ><div id=\"panel-643-0-0-0\" class=\"so-panel widget widget_themegrill_flash_heading tg-widget section-title-wrapper panel-first-child panel-last-child\" data-index=\"0\" ><\/div><\/div><\/div><\/div><div id=\"pg-643-1\"  class=\"panel-grid panel-has-style\" ><div class=\"panel-row-style panel-row-style-for-643-1\" ><div id=\"pgc-643-1-0\"  class=\"panel-grid-cell\" ><div id=\"panel-643-1-0-0\" class=\"so-panel widget widget_themegrill_flash_heading tg-widget section-title-wrapper panel-first-child panel-last-child\" data-index=\"1\" ><\/div><\/div><\/div><\/div><div id=\"pg-643-2\"  class=\"panel-grid panel-has-style\" ><div class=\"siteorigin-panels-stretch panel-row-style panel-row-style-for-643-2\" data-stretch-type=\"full-width-stretch\" ><div id=\"pgc-643-2-0\"  class=\"panel-grid-cell\" ><div id=\"panel-643-2-0-0\" class=\"so-panel widget widget_themegrill_flash_slider tg-section tg-slider-widget panel-first-child panel-last-child\" data-index=\"2\" ><div class=\"flash_inherit_color panel-widget-style panel-widget-style-for-643-2-0-0\" ><div class=\"tg-slider-widget slider-dark slider-content-center slider-control-center full-width\">\n\t<div class=\"swiper-container\">\n\t\t<div class=\"swiper-wrapper\">\n\t\t\t\n\t\t\t\t\t<div class=\"swiper-slide\">\n\t\t\t\t\t\t<figure class=\"slider-image\" >\n\t\t\t\t\t\t\t<img width=\"1920\" height=\"700\"\t\t\t\t\t\t\t\t\tsrc=\"http:\/\/www.telessaude.uerj.br\/saude3d\/wp-content\/uploads\/sites\/7\/2026\/03\/bannerproposta.jpg\"\n\t\t\t\t\t\t\t\t\talt=\"SUBMETA SUA PROPOSTA\"\n\t\t\t\t\t\t\t\t\ttitle=\"SUBMETA SUA PROPOSTA\"\/>\n\t\t\t\t\t\t\t<div class=\"overlay\"><\/div>\n\t\t\t\t\t\t<\/figure>\n\t\t\t\t\t\t<div class=\"slider-content\">\n\t\t\t\t\t\t\t<div class=\"tg-container\">\n\t\t\t\t\t\t\t\t<div class=\"caption-title\">SUBMETA SUA PROPOSTA<\/div>\n\t\t\t\t\t\t\t\t<div class=\"caption-desc\">RECEBEMOS PROPOSTAS DE PROJETOS DE INOVA\u00c7\u00c3O E PESQUISA PARA MODELAGEM TRIDIMENSIONAL<\/div>\n\t\t\t\t\t\t\t\t\t\t\t\t\t\t\t\t\t<div class=\"btn-wrapper\">\n\t\t\t\t\t\t\t\t\t\t<a href=\"https:\/\/www.telessaude.uerj.br\/saude3d\/submissao-de-propostas\/\">SAIBA MAIS<\/a>\n\t\t\t\t\t\t\t\t\t<\/div>\n\t\t\t\t\t\t\t\t\t\t\t\t\t\t\t<\/div>\n\t\t\t\t\t\t<\/div>\n\t\t\t\t\t<\/div>\n\n\t\t\t\t\n\t\t\t\t\t<div class=\"swiper-slide\">\n\t\t\t\t\t\t<figure class=\"slider-image\" >\n\t\t\t\t\t\t\t<img width=\"1900\" height=\"700\"\t\t\t\t\t\t\t\t\tsrc=\"http:\/\/www.telessaude.uerj.br\/saude3d\/wp-content\/uploads\/sites\/7\/2024\/12\/bannernovo3.jpg\"\n\t\t\t\t\t\t\t\t\talt=\"Sa\u00fade 3D\"\n\t\t\t\t\t\t\t\t\ttitle=\"Sa\u00fade 3D\"\/>\n\t\t\t\t\t\t\t<div class=\"overlay\"><\/div>\n\t\t\t\t\t\t<\/figure>\n\t\t\t\t\t\t<div class=\"slider-content\">\n\t\t\t\t\t\t\t<div class=\"tg-container\">\n\t\t\t\t\t\t\t\t<div class=\"caption-title\">Sa\u00fade 3D<\/div>\n\t\t\t\t\t\t\t\t<div class=\"caption-desc\">MODELAGEM TRIDIMENSIONAL COM IMPRESS\u00c3O 3D OBJETIVANDO O PLANEJAMENTO, A MODELAGEM VIRTUAL, A PRODU\u00c7\u00c3O E A IMPRESS\u00c3O  NA \u00c1REA DE SA\u00daDE<\/div>\n\t\t\t\t\t\t\t\t\t\t\t\t\t\t\t\t\t<div class=\"btn-wrapper\">\n\t\t\t\t\t\t\t\t\t\t<a href=\"https:\/\/www.telessaude.uerj.br\/saude3d\/apresentacao\/\">SAIBA MAIS <\/a>\n\t\t\t\t\t\t\t\t\t<\/div>\n\t\t\t\t\t\t\t\t\t\t\t\t\t\t\t<\/div>\n\t\t\t\t\t\t<\/div>\n\t\t\t\t\t<\/div>\n\n\t\t\t\t\n\t\t\t\t\t<div class=\"swiper-slide\">\n\t\t\t\t\t\t<figure class=\"slider-image\" >\n\t\t\t\t\t\t\t<img width=\"1920\" height=\"700\"\t\t\t\t\t\t\t\t\tsrc=\"http:\/\/www.telessaude.uerj.br\/saude3d\/wp-content\/uploads\/sites\/7\/2022\/11\/bannerpagina.jpg\"\n\t\t\t\t\t\t\t\t\talt=\"SALA SA\u00daDE 3D\"\n\t\t\t\t\t\t\t\t\ttitle=\"SALA SA\u00daDE 3D\"\/>\n\t\t\t\t\t\t\t<div class=\"overlay\"><\/div>\n\t\t\t\t\t\t<\/figure>\n\t\t\t\t\t\t<div class=\"slider-content\">\n\t\t\t\t\t\t\t<div class=\"tg-container\">\n\t\t\t\t\t\t\t\t<div class=\"caption-title\">SALA SA\u00daDE 3D<\/div>\n\t\t\t\t\t\t\t\t<div class=\"caption-desc\">CONHECE A NOSSA SALA DE REALIDADE AUMENTADA? <\/div>\n\t\t\t\t\t\t\t\t\t\t\t\t\t\t\t\t\t<div class=\"btn-wrapper\">\n\t\t\t\t\t\t\t\t\t\t<a href=\"https:\/\/www.spatial.io\/s\/SAUDE-3D-UERJ-63489cccc5f2220001724237?share=4339278091980083721\">ACESSE<\/a>\n\t\t\t\t\t\t\t\t\t<\/div>\n\t\t\t\t\t\t\t\t\t\t\t\t\t\t\t<\/div>\n\t\t\t\t\t\t<\/div>\n\t\t\t\t\t<\/div>\n\n\t\t\t\t\t\t<\/div>\n\t\t<div class=\"swiper-pagination\"><\/div>\n\t\t<div class=\"slider-arrow\">\n\t\t\t<div class=\"swiper-button-next\"><\/div>\n\t\t\t<div class=\"swiper-button-prev\"><\/div>\n\t\t<\/div>\n\t<\/div>\n<\/div>\n<\/div><\/div><\/div><\/div><\/div><div id=\"pg-643-3\"  class=\"panel-grid panel-has-style\" ><div class=\"panel-row-style panel-row-style-for-643-3\" ><div id=\"pgc-643-3-0\"  class=\"panel-grid-cell\" ><div id=\"panel-643-3-0-0\" class=\"so-panel widget widget_themegrill_flash_heading tg-widget section-title-wrapper panel-first-child panel-last-child\" data-index=\"3\" >\t<h3 class=\"section-title\">UNIDADE DE MODELAGEM E IMPRESS\u00c3O 3D<\/h3>\n\t<div class=\"section-description\">Conhe\u00e7a<\/div>\n<\/div><\/div><\/div><\/div><div id=\"pg-643-4\"  class=\"panel-grid panel-no-style\" ><div id=\"pgc-643-4-0\"  class=\"panel-grid-cell\" ><div id=\"panel-643-4-0-0\" class=\"so-panel widget widget_themegrill_flash_image tg-widget tg-image-widget panel-first-child panel-last-child\" data-index=\"4\" >\t<img decoding=\"async\" src=\"http:\/\/www.telessaude.uerj.br\/saude3d\/wp-content\/uploads\/sites\/7\/2024\/12\/foto3-scaled.jpg\" \/>\n<\/div><\/div><div id=\"pgc-643-4-1\"  class=\"panel-grid-cell\" ><div id=\"panel-643-4-1-0\" class=\"so-panel widget widget_themegrill_flash_image tg-widget tg-image-widget panel-first-child panel-last-child\" data-index=\"5\" >\t<img decoding=\"async\" src=\"http:\/\/www.telessaude.uerj.br\/saude3d\/wp-content\/uploads\/sites\/7\/2024\/12\/foto2-scaled.jpg\" \/>\n<\/div><\/div><div id=\"pgc-643-4-2\"  class=\"panel-grid-cell\" ><div id=\"panel-643-4-2-0\" class=\"so-panel widget widget_themegrill_flash_image tg-widget tg-image-widget panel-first-child panel-last-child\" data-index=\"6\" >\t<img decoding=\"async\" src=\"http:\/\/www.telessaude.uerj.br\/saude3d\/wp-content\/uploads\/sites\/7\/2024\/12\/foto1-scaled.jpg\" \/>\n<\/div><\/div><\/div><div id=\"pg-643-5\"  class=\"panel-grid panel-has-style\" ><div class=\"panel-row-style panel-row-style-for-643-5\" ><div id=\"pgc-643-5-0\"  class=\"panel-grid-cell\" ><div id=\"panel-643-5-0-0\" class=\"so-panel widget widget_themegrill_flash_heading tg-widget section-title-wrapper panel-first-child\" data-index=\"7\" >\t<h3 class=\"section-title\">V\u00eddeo<\/h3>\n\t<div class=\"section-description\">Conhe\u00e7a o processo de Impress\u00e3o 3D<\/div>\n<\/div><div id=\"panel-643-5-0-1\" class=\"so-panel widget widget_media_video panel-last-child\" data-index=\"8\" ><div style=\"width:100%;\" class=\"wp-video\"><video class=\"wp-video-shortcode\" id=\"video-643-1\" preload=\"metadata\" controls=\"controls\"><source type=\"video\/youtube\" src=\"https:\/\/youtu.be\/VY7ZXxapkOA?_=1\" \/><a href=\"https:\/\/youtu.be\/VY7ZXxapkOA\">https:\/\/youtu.be\/VY7ZXxapkOA<\/a><\/video><\/div><\/div><\/div><\/div><\/div><div id=\"pg-643-6\"  class=\"panel-grid panel-has-style\" ><div class=\"siteorigin-panels-stretch panel-row-style panel-row-style-for-643-6\" data-stretch-type=\"full\" ><div id=\"pgc-643-6-0\"  class=\"panel-grid-cell\" ><div id=\"panel-643-6-0-0\" class=\"so-panel widget widget_themegrill_flash_heading tg-widget section-title-wrapper panel-first-child panel-last-child\" data-index=\"9\" >\t<h3 class=\"section-title\">REDES SOCIAIS<\/h3>\n\t<div class=\"section-description\">Conhe\u00e7a nossas redes sociais e fique por dentro!<\/div>\n<\/div><\/div><\/div><\/div><div id=\"pg-643-7\"  class=\"panel-grid panel-no-style\" ><div id=\"pgc-643-7-0\"  class=\"panel-grid-cell panel-grid-cell-empty\" ><\/div><div id=\"pgc-643-7-1\"  class=\"panel-grid-cell\" ><div id=\"panel-643-7-1-0\" class=\"so-panel widget widget_themegrill_flash_image tg-widget tg-image-widget panel-first-child panel-last-child\" data-index=\"10\" >\t<a href=\"https:\/\/www.instagram.com\/telessaudeuerj\/\"><img decoding=\"async\" src=\"http:\/\/www.telessaude.uerj.br\/saude3d\/wp-content\/uploads\/sites\/7\/2022\/08\/instagram.png\" \/><\/a>\n<\/div><\/div><div id=\"pgc-643-7-2\"  class=\"panel-grid-cell panel-grid-cell-mobile-last\" ><div id=\"panel-643-7-2-0\" class=\"so-panel widget widget_themegrill_flash_image tg-widget tg-image-widget panel-first-child panel-last-child\" data-index=\"11\" >\t<a href=\"https:\/\/www.linkedin.com\/in\/telessade-uerj\/\"><img decoding=\"async\" src=\"http:\/\/www.telessaude.uerj.br\/saude3d\/wp-content\/uploads\/sites\/7\/2022\/08\/linkedin.png\" \/><\/a>\n<\/div><\/div><div id=\"pgc-643-7-3\"  class=\"panel-grid-cell panel-grid-cell-empty\" ><\/div><\/div><div id=\"pg-643-8\"  class=\"panel-grid panel-no-style\" ><div id=\"pgc-643-8-0\"  class=\"panel-grid-cell\" ><div id=\"panel-643-8-0-0\" class=\"so-panel widget widget_themegrill_flash_heading tg-widget section-title-wrapper panel-first-child panel-last-child\" data-index=\"12\" ><\/div><\/div><\/div><div id=\"pg-643-9\"  class=\"panel-grid panel-no-style\" ><div id=\"pgc-643-9-0\"  class=\"panel-grid-cell\" ><div id=\"panel-643-9-0-0\" class=\"so-panel widget widget_themegrill_flash_heading tg-widget section-title-wrapper panel-first-child panel-last-child\" data-index=\"13\" >\t<h3 class=\"section-title\">Apoio | Realiza\u00e7\u00e3o<\/h3>\n<\/div><\/div><\/div><div id=\"pg-643-10\"  class=\"panel-grid panel-no-style\" ><div id=\"pgc-643-10-0\"  class=\"panel-grid-cell panel-grid-cell-empty\" ><\/div><div id=\"pgc-643-10-1\"  class=\"panel-grid-cell\" ><div id=\"panel-643-10-1-0\" class=\"so-panel widget widget_themegrill_flash_image tg-widget tg-image-widget panel-first-child panel-last-child\" data-index=\"14\" >\t<a href=\"https:\/\/www.faperj.br\/\"><img decoding=\"async\" src=\"http:\/\/www.telessaude.uerj.br\/saude3d\/wp-content\/uploads\/sites\/7\/2022\/08\/rodape-finaci.png\" \/><\/a>\n<\/div><\/div><div id=\"pgc-643-10-2\"  class=\"panel-grid-cell panel-grid-cell-mobile-last\" ><div id=\"panel-643-10-2-0\" class=\"so-panel widget widget_themegrill_flash_image tg-widget tg-image-widget panel-first-child panel-last-child\" data-index=\"15\" >\t<a href=\"http:\/\/www.inovuerj.sr2.uerj.br\/portal\/integra\/\"><img decoding=\"async\" src=\"http:\/\/www.telessaude.uerj.br\/saude3d\/wp-content\/uploads\/sites\/7\/2022\/08\/rodape-integra.png\" \/><\/a>\n<\/div><\/div><div id=\"pgc-643-10-3\"  class=\"panel-grid-cell panel-grid-cell-empty\" ><\/div><\/div><div id=\"pg-643-11\"  class=\"panel-grid panel-has-style\" ><div class=\"panel-row-style panel-row-style-for-643-11\" ><div id=\"pgc-643-11-0\"  class=\"panel-grid-cell\" ><div id=\"panel-643-11-0-0\" class=\"so-panel widget widget_themegrill_flash_heading tg-widget section-title-wrapper panel-first-child panel-last-child\" data-index=\"16\" >\t<h3 class=\"section-title\">TELESSA\u00daDE UERJ<\/h3>\n\t<div class=\"section-description\">Laborat\u00f3rio de Telessa\u00fade - Boulevard 28 de Setembro, 77. Pr\u00e9dio CePeM - 3\u00b0 andar. Vila Isabel, Rio de Janeiro, RJ, Brasil - CEP: 20551-030<\/div>\n<\/div><\/div><\/div><\/div><div id=\"pg-643-12\"  class=\"panel-grid panel-has-style\" ><div class=\"panel-row-style panel-row-style-for-643-12\" ><div id=\"pgc-643-12-0\"  class=\"panel-grid-cell panel-grid-cell-empty\" ><\/div><div id=\"pgc-643-12-1\"  class=\"panel-grid-cell panel-grid-cell-empty panel-grid-cell-mobile-last\" ><\/div><div id=\"pgc-643-12-2\"  class=\"panel-grid-cell panel-grid-cell-empty\" ><\/div><\/div><\/div><\/div>","protected":false},"excerpt":{"rendered":"<p>SUBMETA SUA PROPOSTA RECEBEMOS PROPOSTAS DE PROJETOS DE INOVA\u00c7\u00c3O E PESQUISA PARA MODELAGEM TRIDIMENSIONAL SAIBA MAIS Sa\u00fade 3D MODELAGEM TRIDIMENSIONAL [&hellip;]<\/p>\n","protected":false},"author":1,"featured_media":0,"parent":0,"menu_order":0,"comment_status":"closed","ping_status":"closed","template":"page-templates\/pagebuilder.php","meta":{"_monsterinsights_skip_tracking":false,"_monsterinsights_sitenote_active":false,"_monsterinsights_sitenote_note":"","_monsterinsights_sitenote_category":0,"footnotes":""},"class_list":["post-643","page","type-page","status-publish","hentry"],"aioseo_notices":[],"_links":{"self":[{"href":"https:\/\/www.telessaude.uerj.br\/saude3d\/wp-json\/wp\/v2\/pages\/643","targetHints":{"allow":["GET"]}}],"collection":[{"href":"https:\/\/www.telessaude.uerj.br\/saude3d\/wp-json\/wp\/v2\/pages"}],"about":[{"href":"https:\/\/www.telessaude.uerj.br\/saude3d\/wp-json\/wp\/v2\/types\/page"}],"author":[{"embeddable":true,"href":"https:\/\/www.telessaude.uerj.br\/saude3d\/wp-json\/wp\/v2\/users\/1"}],"replies":[{"embeddable":true,"href":"https:\/\/www.telessaude.uerj.br\/saude3d\/wp-json\/wp\/v2\/comments?post=643"}],"version-history":[{"count":3,"href":"https:\/\/www.telessaude.uerj.br\/saude3d\/wp-json\/wp\/v2\/pages\/643\/revisions"}],"predecessor-version":[{"id":1357,"href":"https:\/\/www.telessaude.uerj.br\/saude3d\/wp-json\/wp\/v2\/pages\/643\/revisions\/1357"}],"wp:attachment":[{"href":"https:\/\/www.telessaude.uerj.br\/saude3d\/wp-json\/wp\/v2\/media?parent=643"}],"curies":[{"name":"wp","href":"https:\/\/api.w.org\/{rel}","templated":true}]}}