{"id":782,"date":"2022-08-15T15:29:56","date_gmt":"2022-08-15T18:29:56","guid":{"rendered":"https:\/\/www.telessaude.uerj.br\/saude3d\/?page_id=782"},"modified":"2022-08-22T10:58:36","modified_gmt":"2022-08-22T13:58:36","slug":"apresentacao","status":"publish","type":"page","link":"https:\/\/www.telessaude.uerj.br\/saude3d\/apresentacao\/","title":{"rendered":"Apresenta\u00e7\u00e3o"},"content":{"rendered":"<h3>\u00a0<\/h3>\n<p>A C\u00e9lula da Sa\u00fade compreende uma das a\u00e7\u00f5es desenvolvidas no \u00e2mbito do Projeto <strong>\u201cA nova pol\u00edtica de inova\u00e7\u00e3o da UERJ: empreendedorismo e inova\u00e7\u00e3o articulando e integrando a\u00e7\u00f5es\u00a0 \u2013 integra UERJ\u201d Edital FAPERJ 24\/2021<\/strong>\u201d.<\/p>\n<p>A elabora\u00e7\u00e3o pol\u00edtica de Inova\u00e7\u00e3o da UERJ est\u00e1 sendo desenvolvida sob a coordena\u00e7\u00e3o do <a href=\"http:\/\/www.inovuerj.sr2.uerj.br\/portal\/\">Departamento de Inova\u00e7\u00e3o da UERJ (InovUERJ).<\/a><\/p>\n<p>Com a <em>tagline <\/em>SA\u00daDE3D, a C\u00e9lula da Sa\u00fade constitui uma unidade de inova\u00e7\u00e3o e pesquisa para modelagem tridimensional com impress\u00e3o 3D objetivando o planejamento, a modelagem virtual, a produ\u00e7\u00e3o e a impress\u00e3o de pe\u00e7as com aplica\u00e7\u00f5es e finalidades na \u00e1rea de sa\u00fade.<\/p>\n<p>A SA\u00daDE3D est\u00e1 localizada no Centro de Pesquisa Cl\u00ednica Multiusu\u00e1rio (CePeM\/UERJ), estruturado como um espa\u00e7o multiusu\u00e1rio e transdisciplinar para a atua\u00e7\u00e3o e integra\u00e7\u00e3o de equipes compostas por professores e servidores do corpo t\u00e9cnico, que ser\u00e3o capacitados para realiza\u00e7\u00e3o das atividades junto ao corpo discente, docente, servidores t\u00e9cnico-administrativos e colaboradores externos. O espa\u00e7o destina-se \u00e0 constru\u00e7\u00e3o de solu\u00e7\u00f5es e ao aproveitamento de oportunidades e ideias das diferentes \u00e1reas do conhecimento das unidades acad\u00eamicas e do Complexo da Sa\u00fade da Universidade, incluindo as demandas oriundas dos Hospitais Universit\u00e1rios da UERJ, Pedro Ernesto e Reitor Hesio Cordeiro. A SA\u00daDE3D tamb\u00e9m visa \u00e0 capacita\u00e7\u00e3o de multiplicadores na Universidade e na produ\u00e7\u00e3o de modelos, bem como para a presta\u00e7\u00e3o de servi\u00e7os \u00e0 sociedade.<\/p>\n\n\n<p><\/p>\n","protected":false},"excerpt":{"rendered":"<p>\u00a0 A C\u00e9lula da Sa\u00fade compreende uma das a\u00e7\u00f5es desenvolvidas no \u00e2mbito do Projeto \u201cA nova pol\u00edtica de inova\u00e7\u00e3o da [&hellip;]<\/p>\n","protected":false},"author":4,"featured_media":0,"parent":0,"menu_order":0,"comment_status":"closed","ping_status":"closed","template":"","meta":{"_monsterinsights_skip_tracking":false,"_monsterinsights_sitenote_active":false,"_monsterinsights_sitenote_note":"","_monsterinsights_sitenote_category":0,"footnotes":""},"class_list":["post-782","page","type-page","status-publish","hentry"],"aioseo_notices":[],"_links":{"self":[{"href":"https:\/\/www.telessaude.uerj.br\/saude3d\/wp-json\/wp\/v2\/pages\/782","targetHints":{"allow":["GET"]}}],"collection":[{"href":"https:\/\/www.telessaude.uerj.br\/saude3d\/wp-json\/wp\/v2\/pages"}],"about":[{"href":"https:\/\/www.telessaude.uerj.br\/saude3d\/wp-json\/wp\/v2\/types\/page"}],"author":[{"embeddable":true,"href":"https:\/\/www.telessaude.uerj.br\/saude3d\/wp-json\/wp\/v2\/users\/4"}],"replies":[{"embeddable":true,"href":"https:\/\/www.telessaude.uerj.br\/saude3d\/wp-json\/wp\/v2\/comments?post=782"}],"version-history":[{"count":2,"href":"https:\/\/www.telessaude.uerj.br\/saude3d\/wp-json\/wp\/v2\/pages\/782\/revisions"}],"predecessor-version":[{"id":996,"href":"https:\/\/www.telessaude.uerj.br\/saude3d\/wp-json\/wp\/v2\/pages\/782\/revisions\/996"}],"wp:attachment":[{"href":"https:\/\/www.telessaude.uerj.br\/saude3d\/wp-json\/wp\/v2\/media?parent=782"}],"curies":[{"name":"wp","href":"https:\/\/api.w.org\/{rel}","templated":true}]}}