{"id":840,"date":"2022-08-17T16:56:53","date_gmt":"2022-08-17T19:56:53","guid":{"rendered":"https:\/\/www.telessaude.uerj.br\/saude3d\/?page_id=840"},"modified":"2022-08-18T11:47:55","modified_gmt":"2022-08-18T14:47:55","slug":"laboratorios-parceiros","status":"publish","type":"page","link":"https:\/\/www.telessaude.uerj.br\/saude3d\/laboratorios-parceiros\/","title":{"rendered":"Laborat\u00f3rios Parceiros"},"content":{"rendered":"\n<table id=\"tablepress-1\" class=\"tablepress tablepress-id-1\">\n<thead>\n<tr class=\"row-1\">\n\t<th class=\"column-1\"><strong>LABORAT\u00d3RIOS<\/strong><\/th><th class=\"column-2\"><strong>SAIBA MAIS<\/strong><\/th>\n<\/tr>\n<\/thead>\n<tbody>\n<tr class=\"row-2\">\n\t<td class=\"column-1\">Laborat\u00f3rio de Biologia de Helmintos Romero Lascasas Porto<\/td><td class=\"column-2\"><\/td>\n<\/tr>\n<tr class=\"row-3\">\n\t<td class=\"column-1\">Laborat\u00f3rio de Biotecnologia de Plantas<\/td><td class=\"column-2\"><a href=\"https:\/\/labplanuerj.wixsite.com\/labplan\" rel=\"noopener\" target=\"_blank\"><img loading=\"lazy\" decoding=\"async\" src=\"http:\/\/www.telessaude.uerj.br\/saude3d\/wp-content\/uploads\/sites\/7\/2022\/08\/iconelaboratorio.png\" alt=\"\" width=\"73\" height=\"71\" class=\"alignnone size-full wp-image-851\" \/><\/a><\/td>\n<\/tr>\n<tr class=\"row-4\">\n\t<td class=\"column-1\">Laborat\u00f3rio de Inform\u00e1tica M\u00e9dica<\/td><td class=\"column-2\"><\/td>\n<\/tr>\n<tr class=\"row-5\">\n\t<td class=\"column-1\">Laborat\u00f3rio Multiusu\u00e1rio de Parasitologia<\/td><td class=\"column-2\"><a href=\"https:\/\/pnipe.mctic.gov.br\/laboratory\/6159\" rel=\"noopener\" target=\"_blank\"><img loading=\"lazy\" decoding=\"async\" src=\"http:\/\/www.telessaude.uerj.br\/saude3d\/wp-content\/uploads\/sites\/7\/2022\/08\/iconelaboratorio.png\" alt=\"\" width=\"73\" height=\"71\" class=\"alignnone size-full wp-image-851\" \/><\/a><\/td>\n<\/tr>\n<tr class=\"row-6\">\n\t<td class=\"column-1\">Laborat\u00f3rio de Tecnologias Digitais no Ensino de Ci\u00eancias<\/td><td class=\"column-2\"><\/td>\n<\/tr>\n<tr class=\"row-7\">\n\t<td class=\"column-1\">Laborat\u00f3rio de Telessa\u00fade<\/td><td class=\"column-2\"><\/td>\n<\/tr>\n<tr class=\"row-8\">\n\t<td class=\"column-1\">Laborat\u00f3rio de Pesquisa em C\u00e9lulas-Tronco<\/td><td class=\"column-2\"><a href=\"https:\/\/sites.google.com\/view\/lpct-uerj\/home\" rel=\"noopener\" target=\"_blank\"><img loading=\"lazy\" decoding=\"async\" src=\"http:\/\/www.telessaude.uerj.br\/saude3d\/wp-content\/uploads\/sites\/7\/2022\/08\/iconelaboratorio.png\" alt=\"\" width=\"73\" height=\"71\" class=\"alignnone size-full wp-image-851\" \/><\/a><\/td>\n<\/tr>\n<\/tbody>\n<\/table>\n<!-- #tablepress-1 from cache -->\n","protected":false},"excerpt":{"rendered":"","protected":false},"author":4,"featured_media":0,"parent":0,"menu_order":0,"comment_status":"closed","ping_status":"closed","template":"","meta":{"_monsterinsights_skip_tracking":false,"_monsterinsights_sitenote_active":false,"_monsterinsights_sitenote_note":"","_monsterinsights_sitenote_category":0,"footnotes":""},"class_list":["post-840","page","type-page","status-publish","hentry"],"aioseo_notices":[],"_links":{"self":[{"href":"https:\/\/www.telessaude.uerj.br\/saude3d\/wp-json\/wp\/v2\/pages\/840","targetHints":{"allow":["GET"]}}],"collection":[{"href":"https:\/\/www.telessaude.uerj.br\/saude3d\/wp-json\/wp\/v2\/pages"}],"about":[{"href":"https:\/\/www.telessaude.uerj.br\/saude3d\/wp-json\/wp\/v2\/types\/page"}],"author":[{"embeddable":true,"href":"https:\/\/www.telessaude.uerj.br\/saude3d\/wp-json\/wp\/v2\/users\/4"}],"replies":[{"embeddable":true,"href":"https:\/\/www.telessaude.uerj.br\/saude3d\/wp-json\/wp\/v2\/comments?post=840"}],"version-history":[{"count":2,"href":"https:\/\/www.telessaude.uerj.br\/saude3d\/wp-json\/wp\/v2\/pages\/840\/revisions"}],"predecessor-version":[{"id":885,"href":"https:\/\/www.telessaude.uerj.br\/saude3d\/wp-json\/wp\/v2\/pages\/840\/revisions\/885"}],"wp:attachment":[{"href":"https:\/\/www.telessaude.uerj.br\/saude3d\/wp-json\/wp\/v2\/media?parent=840"}],"curies":[{"name":"wp","href":"https:\/\/api.w.org\/{rel}","templated":true}]}}