{"id":880,"date":"2022-08-18T11:43:40","date_gmt":"2022-08-18T14:43:40","guid":{"rendered":"https:\/\/www.telessaude.uerj.br\/saude3d\/?page_id=880"},"modified":"2022-08-18T14:32:41","modified_gmt":"2022-08-18T17:32:41","slug":"programas-de-pos-graduacao-stricto-sensu-com-linhas-de-pesquisa-em-tecnologias-3d","status":"publish","type":"page","link":"https:\/\/www.telessaude.uerj.br\/saude3d\/programas-de-pos-graduacao-stricto-sensu-com-linhas-de-pesquisa-em-tecnologias-3d\/","title":{"rendered":"Programas de P\u00f3s-Gradua\u00e7\u00e3o stricto sensu com linhas de Pesquisa em Tecnologias 3D"},"content":{"rendered":"<p><strong>Programas de P\u00f3s-Gradua\u00e7\u00e3o <em>stricto sensu<\/em> com linhas de Pesquisa em Tecnologias 3D<\/strong><\/p>\n\n<table id=\"tablepress-2\" class=\"tablepress tablepress-id-2\">\n<thead>\n<tr class=\"row-1\">\n\t<th class=\"column-1\"><strong>PROGRAMAS<\/strong><\/th><th class=\"column-2\"><strong>SAIBA MAIS<\/strong><\/th>\n<\/tr>\n<\/thead>\n<tbody>\n<tr class=\"row-2\">\n\t<td class=\"column-1\">PPG em Microbiologia<\/td><td class=\"column-2\"><a href=\"https:\/\/www.pgmicrobiologia.uerj.br\" rel=\"noopener\" target=\"_blank\"><img loading=\"lazy\" decoding=\"async\" src=\"http:\/\/www.telessaude.uerj.br\/saude3d\/wp-content\/uploads\/sites\/7\/2022\/08\/iconesensu.png\" alt=\"\" width=\"73\" height=\"71\" class=\"alignnone size-full wp-image-881\" \/><\/a><\/td>\n<\/tr>\n<tr class=\"row-3\">\n\t<td class=\"column-1\">PPG em Telessa\u00fade e Sa\u00fade Digital <\/td><td class=\"column-2\"><a href=\"https:\/\/www.telessaude.uerj.br\/mestrado\/programa-de-extensao-telemedicina-e-telessaude\/\" rel=\"noopener\" target=\"_blank\"><img loading=\"lazy\" decoding=\"async\" src=\"http:\/\/www.telessaude.uerj.br\/saude3d\/wp-content\/uploads\/sites\/7\/2022\/08\/iconesensu.png\" alt=\"\" width=\"73\" height=\"71\" class=\"alignnone size-full wp-image-881\" \/><\/a><\/td>\n<\/tr>\n<tr class=\"row-4\">\n\t<td class=\"column-1\">PROFBIO Mestrado Profissional em Ensino de Biologia <\/td><td class=\"column-2\"><a href=\"http:\/\/www.profbio.uerj.br\" rel=\"noopener\" target=\"_blank\"><img loading=\"lazy\" decoding=\"async\" src=\"http:\/\/www.telessaude.uerj.br\/saude3d\/wp-content\/uploads\/sites\/7\/2022\/08\/iconesensu.png\" alt=\"\" width=\"73\" height=\"71\" class=\"alignnone size-full wp-image-881\" \/><\/a><\/td>\n<\/tr>\n<tr class=\"row-5\">\n\t<td class=\"column-1\">Programa de P\u00f3s-gradua\u00e7\u00e3o em Fisiopatologia Cl\u00ednica e Experimental <\/td><td class=\"column-2\"><a href=\"http:\/\/www.fisclinex.uerj.br\/\" rel=\"noopener\" target=\"_blank\"><img loading=\"lazy\" decoding=\"async\" src=\"http:\/\/www.telessaude.uerj.br\/saude3d\/wp-content\/uploads\/sites\/7\/2022\/08\/iconesensu.png\" alt=\"\" width=\"73\" height=\"71\" class=\"alignnone size-full wp-image-881\" \/><\/a><\/td>\n<\/tr>\n<\/tbody>\n<\/table>\n<!-- #tablepress-2 from cache -->\n","protected":false},"excerpt":{"rendered":"<p>Programas de P\u00f3s-Gradua\u00e7\u00e3o stricto sensu com linhas de Pesquisa em Tecnologias 3D<\/p>\n","protected":false},"author":4,"featured_media":0,"parent":0,"menu_order":0,"comment_status":"closed","ping_status":"closed","template":"","meta":{"_monsterinsights_skip_tracking":false,"_monsterinsights_sitenote_active":false,"_monsterinsights_sitenote_note":"","_monsterinsights_sitenote_category":0,"footnotes":""},"class_list":["post-880","page","type-page","status-publish","hentry"],"aioseo_notices":[],"_links":{"self":[{"href":"https:\/\/www.telessaude.uerj.br\/saude3d\/wp-json\/wp\/v2\/pages\/880","targetHints":{"allow":["GET"]}}],"collection":[{"href":"https:\/\/www.telessaude.uerj.br\/saude3d\/wp-json\/wp\/v2\/pages"}],"about":[{"href":"https:\/\/www.telessaude.uerj.br\/saude3d\/wp-json\/wp\/v2\/types\/page"}],"author":[{"embeddable":true,"href":"https:\/\/www.telessaude.uerj.br\/saude3d\/wp-json\/wp\/v2\/users\/4"}],"replies":[{"embeddable":true,"href":"https:\/\/www.telessaude.uerj.br\/saude3d\/wp-json\/wp\/v2\/comments?post=880"}],"version-history":[{"count":2,"href":"https:\/\/www.telessaude.uerj.br\/saude3d\/wp-json\/wp\/v2\/pages\/880\/revisions"}],"predecessor-version":[{"id":919,"href":"https:\/\/www.telessaude.uerj.br\/saude3d\/wp-json\/wp\/v2\/pages\/880\/revisions\/919"}],"wp:attachment":[{"href":"https:\/\/www.telessaude.uerj.br\/saude3d\/wp-json\/wp\/v2\/media?parent=880"}],"curies":[{"name":"wp","href":"https:\/\/api.w.org\/{rel}","templated":true}]}}