{"id":931,"date":"2022-08-18T15:41:15","date_gmt":"2022-08-18T18:41:15","guid":{"rendered":"https:\/\/www.telessaude.uerj.br\/saude3d\/?page_id=931"},"modified":"2026-03-12T15:00:37","modified_gmt":"2026-03-12T18:00:37","slug":"submissao-de-propostas","status":"publish","type":"page","link":"https:\/\/www.telessaude.uerj.br\/saude3d\/submissao-de-propostas\/","title":{"rendered":"Submiss\u00e3o de Propostas"},"content":{"rendered":"<p>O <strong>SA\u00daDE3D<\/strong> recebe propostas de projetos de inova\u00e7\u00e3o e pesquisa para modelagem tridimensional com impress\u00e3o 3D objetivando o planejamento, a modelagem virtual, a produ\u00e7\u00e3o e a impress\u00e3o de pe\u00e7as com aplica\u00e7\u00f5es e finalidades na \u00e1rea de sa\u00fade.<\/p>\n<p><strong>Pol\u00edtica de Privacidade<br \/>\n<\/strong>\n<table id=\"tablepress-7\" class=\"tablepress tablepress-id-7\">\n<thead>\n<tr class=\"row-1\">\n\t<th class=\"column-1\"><strong>MODELO<\/strong><\/th><th class=\"column-2\"><strong>BAIXE O ARQUIVO<\/strong><\/th>\n<\/tr>\n<\/thead>\n<tbody>\n<tr class=\"row-2\">\n\t<td class=\"column-1\">Termo Individual de Sigilo e Confidencialidade <br \/>\n<br \/>\n<br \/>\n<\/td><td class=\"column-2\"><a href=\"https:\/\/mestrado.telessaude.uerj.br\/termo-individual-de-sigilo-projeto-ou-banca.doc\" rel=\"noopener\" target=\"_blank\"><img loading=\"lazy\" decoding=\"async\" src=\"http:\/\/www.telessaude.uerj.br\/saude3d\/wp-content\/uploads\/sites\/7\/2026\/03\/iconesaude3d-150x150.png\" alt=\"\" width=\"120\" height=\"120\" class=\"alignnone size-thumbnail wp-image-1348\" srcset=\"https:\/\/www.telessaude.uerj.br\/saude3d\/wp-content\/uploads\/sites\/7\/2026\/03\/iconesaude3d-150x150.png 150w, https:\/\/www.telessaude.uerj.br\/saude3d\/wp-content\/uploads\/sites\/7\/2026\/03\/iconesaude3d-300x300.png 300w, https:\/\/www.telessaude.uerj.br\/saude3d\/wp-content\/uploads\/sites\/7\/2026\/03\/iconesaude3d.png 400w\" sizes=\"auto, (max-width: 120px) 100vw, 120px\" \/><\/a><\/td>\n<\/tr>\n<tr class=\"row-3\">\n\t<td class=\"column-1\">Termo Membro de Equipe de Sigilo e Confidencialidade <\/td><td class=\"column-2\"><a href=\"https:\/\/mestrado.telessaude.uerj.br\/termo-de-confidencialidade-do-projeto-de-pesquisa.doc\" rel=\"noopener\" target=\"_blank\"><img loading=\"lazy\" decoding=\"async\" src=\"http:\/\/www.telessaude.uerj.br\/saude3d\/wp-content\/uploads\/sites\/7\/2026\/03\/iconesaude3d-150x150.png\" alt=\"\" width=\"120\" height=\"120\" class=\"alignnone size-thumbnail wp-image-1348\" srcset=\"https:\/\/www.telessaude.uerj.br\/saude3d\/wp-content\/uploads\/sites\/7\/2026\/03\/iconesaude3d-150x150.png 150w, https:\/\/www.telessaude.uerj.br\/saude3d\/wp-content\/uploads\/sites\/7\/2026\/03\/iconesaude3d-300x300.png 300w, https:\/\/www.telessaude.uerj.br\/saude3d\/wp-content\/uploads\/sites\/7\/2026\/03\/iconesaude3d.png 400w\" sizes=\"auto, (max-width: 120px) 100vw, 120px\" \/><\/a><\/td>\n<\/tr>\n<tr class=\"row-4\">\n\t<td class=\"column-1\">Modelo de Proposta <\/td><td class=\"column-2\"><a href=\"https:\/\/mestrado.telessaude.uerj.br\/modeloprojeto-solicitacao-saude3d.docx\" rel=\"noopener\" target=\"_blank\"><img loading=\"lazy\" decoding=\"async\" src=\"http:\/\/www.telessaude.uerj.br\/saude3d\/wp-content\/uploads\/sites\/7\/2026\/03\/iconesaude3d-150x150.png\" alt=\"\" width=\"120\" height=\"120\" class=\"alignnone size-thumbnail wp-image-1348\" srcset=\"https:\/\/www.telessaude.uerj.br\/saude3d\/wp-content\/uploads\/sites\/7\/2026\/03\/iconesaude3d-150x150.png 150w, https:\/\/www.telessaude.uerj.br\/saude3d\/wp-content\/uploads\/sites\/7\/2026\/03\/iconesaude3d-300x300.png 300w, https:\/\/www.telessaude.uerj.br\/saude3d\/wp-content\/uploads\/sites\/7\/2026\/03\/iconesaude3d.png 400w\" sizes=\"auto, (max-width: 120px) 100vw, 120px\" \/><\/a><\/td>\n<\/tr>\n<\/tbody>\n<\/table>\n<!-- #tablepress-7 from cache --><\/p>\n<p style=\"text-align: center\"><strong>Submeta sua proposta, enviando os arquivos para <a href=\"mailto:saude3d@telessaude.uerj.br\">saude3d@telessaude.uerj.br<\/a><br \/>\n<\/strong>Sua proposta ser\u00e1 analisada pelo Comit\u00ea T\u00e9cnico (CT) do <strong>SA\u00daDE3D<\/strong> e a resposta enviada para e-mail de submiss\u00e3o.<\/p>\n","protected":false},"excerpt":{"rendered":"<p>O SA\u00daDE3D recebe propostas de projetos de inova\u00e7\u00e3o e pesquisa para modelagem tridimensional com impress\u00e3o 3D objetivando o planejamento, a [&hellip;]<\/p>\n","protected":false},"author":4,"featured_media":0,"parent":0,"menu_order":0,"comment_status":"closed","ping_status":"closed","template":"","meta":{"_monsterinsights_skip_tracking":false,"_monsterinsights_sitenote_active":false,"_monsterinsights_sitenote_note":"","_monsterinsights_sitenote_category":0,"footnotes":""},"class_list":["post-931","page","type-page","status-publish","hentry"],"aioseo_notices":[],"_links":{"self":[{"href":"https:\/\/www.telessaude.uerj.br\/saude3d\/wp-json\/wp\/v2\/pages\/931","targetHints":{"allow":["GET"]}}],"collection":[{"href":"https:\/\/www.telessaude.uerj.br\/saude3d\/wp-json\/wp\/v2\/pages"}],"about":[{"href":"https:\/\/www.telessaude.uerj.br\/saude3d\/wp-json\/wp\/v2\/types\/page"}],"author":[{"embeddable":true,"href":"https:\/\/www.telessaude.uerj.br\/saude3d\/wp-json\/wp\/v2\/users\/4"}],"replies":[{"embeddable":true,"href":"https:\/\/www.telessaude.uerj.br\/saude3d\/wp-json\/wp\/v2\/comments?post=931"}],"version-history":[{"count":2,"href":"https:\/\/www.telessaude.uerj.br\/saude3d\/wp-json\/wp\/v2\/pages\/931\/revisions"}],"predecessor-version":[{"id":1351,"href":"https:\/\/www.telessaude.uerj.br\/saude3d\/wp-json\/wp\/v2\/pages\/931\/revisions\/1351"}],"wp:attachment":[{"href":"https:\/\/www.telessaude.uerj.br\/saude3d\/wp-json\/wp\/v2\/media?parent=931"}],"curies":[{"name":"wp","href":"https:\/\/api.w.org\/{rel}","templated":true}]}}