{"id":982,"date":"2022-08-19T15:26:18","date_gmt":"2022-08-19T18:26:18","guid":{"rendered":"https:\/\/www.telessaude.uerj.br\/saude3d\/?page_id=982"},"modified":"2023-06-30T13:26:01","modified_gmt":"2023-06-30T16:26:01","slug":"eventos","status":"publish","type":"page","link":"https:\/\/www.telessaude.uerj.br\/saude3d\/eventos\/","title":{"rendered":"Eventos"},"content":{"rendered":"<ul>\n<li><strong>XIV WCTI &#8211; Integra UERJ Casos de Sucesso &#8211; SA\u00daDE3D\u00a0\u00a0<\/strong><\/li>\n<li>29 de junho de 2023<br \/>\nDra. Alexandra Monteiro e Norma Albarelo<\/li>\n<\/ul>\n<p><img loading=\"lazy\" decoding=\"async\" class=\"alignnone size-full wp-image-1159\" src=\"http:\/\/www.telessaude.uerj.br\/saude3d\/wp-content\/uploads\/sites\/7\/2023\/06\/evento1.jpg\" alt=\"\" width=\"280\" height=\"280\" srcset=\"https:\/\/www.telessaude.uerj.br\/saude3d\/wp-content\/uploads\/sites\/7\/2023\/06\/evento1.jpg 280w, https:\/\/www.telessaude.uerj.br\/saude3d\/wp-content\/uploads\/sites\/7\/2023\/06\/evento1-150x150.jpg 150w\" sizes=\"auto, (max-width: 280px) 100vw, 280px\" \/>\u00a0 \u00a0 \u00a0<img loading=\"lazy\" decoding=\"async\" class=\"alignnone size-full wp-image-1160\" src=\"http:\/\/www.telessaude.uerj.br\/saude3d\/wp-content\/uploads\/sites\/7\/2023\/06\/evento2.jpg\" alt=\"\" width=\"280\" height=\"280\" srcset=\"https:\/\/www.telessaude.uerj.br\/saude3d\/wp-content\/uploads\/sites\/7\/2023\/06\/evento2.jpg 280w, https:\/\/www.telessaude.uerj.br\/saude3d\/wp-content\/uploads\/sites\/7\/2023\/06\/evento2-150x150.jpg 150w\" sizes=\"auto, (max-width: 280px) 100vw, 280px\" \/><\/p>\n<ul>\n<li><strong>The use of 3D technology in medical education: an experience report<\/strong><\/li>\n<li>16 de junho de 2023<br \/>\npor<strong> Iasmin Louren\u00e7o<\/strong><\/li>\n<\/ul>\n<p><strong><br \/>\n<img loading=\"lazy\" decoding=\"async\" class=\"alignnone size-full wp-image-1151\" src=\"http:\/\/www.telessaude.uerj.br\/saude3d\/wp-content\/uploads\/sites\/7\/2023\/06\/3d1.jpg\" alt=\"\" width=\"378\" height=\"280\" srcset=\"https:\/\/www.telessaude.uerj.br\/saude3d\/wp-content\/uploads\/sites\/7\/2023\/06\/3d1.jpg 378w, https:\/\/www.telessaude.uerj.br\/saude3d\/wp-content\/uploads\/sites\/7\/2023\/06\/3d1-300x222.jpg 300w\" sizes=\"auto, (max-width: 378px) 100vw, 378px\" \/>\u00a0 \u00a0<img loading=\"lazy\" decoding=\"async\" class=\"alignnone size-full wp-image-1152\" src=\"http:\/\/www.telessaude.uerj.br\/saude3d\/wp-content\/uploads\/sites\/7\/2023\/06\/3d2.jpg\" alt=\"\" width=\"378\" height=\"280\" srcset=\"https:\/\/www.telessaude.uerj.br\/saude3d\/wp-content\/uploads\/sites\/7\/2023\/06\/3d2.jpg 378w, https:\/\/www.telessaude.uerj.br\/saude3d\/wp-content\/uploads\/sites\/7\/2023\/06\/3d2-300x222.jpg 300w\" sizes=\"auto, (max-width: 378px) 100vw, 378px\" \/><\/strong><\/p>\n<ul>\n<li><strong>Introdu\u00e7\u00e3o \u00e0s tecnologias 3D em sa\u00fade<\/strong><\/li>\n<li>03 a 31 de maio de 2023<br \/>\ncom <strong>Jo\u00e3o Victor Azevedo<\/strong><\/li>\n<\/ul>\n<p><strong><br \/>\n<\/strong><img loading=\"lazy\" decoding=\"async\" class=\"alignnone size-full wp-image-1133\" src=\"http:\/\/www.telessaude.uerj.br\/saude3d\/wp-content\/uploads\/sites\/7\/2023\/05\/foto4.jpg\" alt=\"\" width=\"280\" height=\"280\" srcset=\"https:\/\/www.telessaude.uerj.br\/saude3d\/wp-content\/uploads\/sites\/7\/2023\/05\/foto4.jpg 280w, https:\/\/www.telessaude.uerj.br\/saude3d\/wp-content\/uploads\/sites\/7\/2023\/05\/foto4-150x150.jpg 150w\" sizes=\"auto, (max-width: 280px) 100vw, 280px\" \/> \u00a0 \u00a0<img loading=\"lazy\" decoding=\"async\" class=\"alignnone size-full wp-image-1129\" src=\"http:\/\/www.telessaude.uerj.br\/saude3d\/wp-content\/uploads\/sites\/7\/2023\/05\/foto1.jpg\" alt=\"\" width=\"280\" height=\"280\" srcset=\"https:\/\/www.telessaude.uerj.br\/saude3d\/wp-content\/uploads\/sites\/7\/2023\/05\/foto1.jpg 280w, https:\/\/www.telessaude.uerj.br\/saude3d\/wp-content\/uploads\/sites\/7\/2023\/05\/foto1-150x150.jpg 150w\" sizes=\"auto, (max-width: 280px) 100vw, 280px\" \/><\/p>\n<ul>\n<li>2023 | 05\/04<\/li>\n<li><strong>Reuni\u00e3o de Coordenadores do projeto INTEGRA UERJ<\/strong><\/li>\n<\/ul>\n<p><img loading=\"lazy\" decoding=\"async\" class=\"alignnone wp-image-1076 size-full\" src=\"http:\/\/www.telessaude.uerj.br\/saude3d\/wp-content\/uploads\/sites\/7\/2023\/04\/eventoreuniao.jpg\" alt=\"\" width=\"378\" height=\"280\" srcset=\"https:\/\/www.telessaude.uerj.br\/saude3d\/wp-content\/uploads\/sites\/7\/2023\/04\/eventoreuniao.jpg 378w, https:\/\/www.telessaude.uerj.br\/saude3d\/wp-content\/uploads\/sites\/7\/2023\/04\/eventoreuniao-300x222.jpg 300w\" sizes=\"auto, (max-width: 378px) 100vw, 378px\" \/><\/p>\n<ul>\n<li>2023 | 04\/04<\/li>\n<li>Aplica\u00e7\u00e3o de modelos impressos em 3D para uso cir\u00fargico<br \/>\nEneida Le\u00e3o<strong> entrevista<\/strong>\u00a0Norma Albarello<\/li>\n<\/ul>\n<p><img loading=\"lazy\" decoding=\"async\" class=\"alignnone wp-image-1092 size-full\" src=\"http:\/\/www.telessaude.uerj.br\/saude3d\/wp-content\/uploads\/sites\/7\/2023\/04\/5.jpg\" alt=\"\" width=\"280\" height=\"280\" srcset=\"https:\/\/www.telessaude.uerj.br\/saude3d\/wp-content\/uploads\/sites\/7\/2023\/04\/5.jpg 280w, https:\/\/www.telessaude.uerj.br\/saude3d\/wp-content\/uploads\/sites\/7\/2023\/04\/5-150x150.jpg 150w\" sizes=\"auto, (max-width: 280px) 100vw, 280px\" \/><\/p>\n<ul>\n<li>2023 |\u00a0 <a href=\"https:\/\/srio2023.com.br\/\">3\u00b0 S Rio<\/a><\/li>\n<li>\n<p data-pm-slice=\"1 1 []\"><strong>Simp\u00f3sio de Radiologia Intervencionista em Oncologia &#8211; <\/strong>Simp\u00f3sio de Crioabla\u00e7\u00e3o Aamed<br \/>\n<strong>Palestra:<\/strong> Avalia\u00e7\u00e3o por imagem ap\u00f3s tratamento com crioabla\u00e7\u00e3o<br \/>\n<strong>com<\/strong> Romulo Varella<\/p>\n<\/li>\n<\/ul>\n<p data-pm-slice=\"1 1 []\"><img loading=\"lazy\" decoding=\"async\" class=\"alignnone size-full wp-image-1071\" style=\"font-size: revert\" src=\"http:\/\/www.telessaude.uerj.br\/saude3d\/wp-content\/uploads\/sites\/7\/2023\/04\/evento1.jpg\" alt=\"\" width=\"280\" height=\"280\" srcset=\"https:\/\/www.telessaude.uerj.br\/saude3d\/wp-content\/uploads\/sites\/7\/2023\/04\/evento1.jpg 280w, https:\/\/www.telessaude.uerj.br\/saude3d\/wp-content\/uploads\/sites\/7\/2023\/04\/evento1-150x150.jpg 150w\" sizes=\"auto, (max-width: 280px) 100vw, 280px\" \/><span style=\"font-size: revert\">\u00a0 \u00a0 \u00a0 <\/span><img loading=\"lazy\" decoding=\"async\" class=\"alignnone size-full wp-image-1072\" style=\"font-size: revert\" src=\"http:\/\/www.telessaude.uerj.br\/saude3d\/wp-content\/uploads\/sites\/7\/2023\/04\/evento2.jpg\" alt=\"\" width=\"280\" height=\"280\" srcset=\"https:\/\/www.telessaude.uerj.br\/saude3d\/wp-content\/uploads\/sites\/7\/2023\/04\/evento2.jpg 280w, https:\/\/www.telessaude.uerj.br\/saude3d\/wp-content\/uploads\/sites\/7\/2023\/04\/evento2-150x150.jpg 150w\" sizes=\"auto, (max-width: 280px) 100vw, 280px\" \/><\/p>\n<ul>\n<li>2022 |\u00a0 23\/08<\/li>\n<li><strong>Lan\u00e7amento do SA\u00daDE3D\u00a0<\/strong><\/li>\n<\/ul>\n<p><img loading=\"lazy\" decoding=\"async\" class=\"alignnone wp-image-1082 size-full\" src=\"http:\/\/www.telessaude.uerj.br\/saude3d\/wp-content\/uploads\/sites\/7\/2023\/04\/1.jpg\" alt=\"\" width=\"280\" height=\"280\" srcset=\"https:\/\/www.telessaude.uerj.br\/saude3d\/wp-content\/uploads\/sites\/7\/2023\/04\/1.jpg 280w, https:\/\/www.telessaude.uerj.br\/saude3d\/wp-content\/uploads\/sites\/7\/2023\/04\/1-150x150.jpg 150w\" sizes=\"auto, (max-width: 280px) 100vw, 280px\" \/>\u00a0 \u00a0 \u00a0<img loading=\"lazy\" decoding=\"async\" class=\"alignnone size-full wp-image-1084\" src=\"http:\/\/www.telessaude.uerj.br\/saude3d\/wp-content\/uploads\/sites\/7\/2023\/04\/2.jpg\" alt=\"\" width=\"280\" height=\"280\" srcset=\"https:\/\/www.telessaude.uerj.br\/saude3d\/wp-content\/uploads\/sites\/7\/2023\/04\/2.jpg 280w, https:\/\/www.telessaude.uerj.br\/saude3d\/wp-content\/uploads\/sites\/7\/2023\/04\/2-150x150.jpg 150w\" sizes=\"auto, (max-width: 280px) 100vw, 280px\" \/><\/p>\n<p><img loading=\"lazy\" decoding=\"async\" class=\"alignnone size-medium wp-image-1085\" src=\"http:\/\/www.telessaude.uerj.br\/saude3d\/wp-content\/uploads\/sites\/7\/2023\/04\/3.jpg\" alt=\"\" width=\"280\" height=\"280\" srcset=\"https:\/\/www.telessaude.uerj.br\/saude3d\/wp-content\/uploads\/sites\/7\/2023\/04\/3.jpg 280w, https:\/\/www.telessaude.uerj.br\/saude3d\/wp-content\/uploads\/sites\/7\/2023\/04\/3-150x150.jpg 150w\" sizes=\"auto, (max-width: 280px) 100vw, 280px\" \/>\u00a0 \u00a0 \u00a0<img loading=\"lazy\" decoding=\"async\" class=\"alignnone wp-image-1083 size-full\" style=\"font-size: revert\" src=\"http:\/\/www.telessaude.uerj.br\/saude3d\/wp-content\/uploads\/sites\/7\/2023\/04\/4.jpg\" alt=\"\" width=\"378\" height=\"280\" srcset=\"https:\/\/www.telessaude.uerj.br\/saude3d\/wp-content\/uploads\/sites\/7\/2023\/04\/4.jpg 378w, https:\/\/www.telessaude.uerj.br\/saude3d\/wp-content\/uploads\/sites\/7\/2023\/04\/4-300x222.jpg 300w\" sizes=\"auto, (max-width: 378px) 100vw, 378px\" \/><\/p>\n<ul>\n<li>2022 | <a href=\"https:\/\/rioinnovationweek.com.br\/\">Rio Innovation Week<\/a><\/li>\n<li><strong>Telessa\u00fade UERJ: For\u00e7as e Oportunidades<br \/>\ncom <\/strong>Alexandra Monteiro<strong><br \/>\nDia: <\/strong>11\/11\/2022\u00a0<strong><br \/>\nHora: <\/strong>17h<strong><br \/>\nLocal:<\/strong>Palco Startup Programme<\/li>\n<\/ul>\n<p><img loading=\"lazy\" decoding=\"async\" class=\"alignnone size-full wp-image-1038\" src=\"http:\/\/www.telessaude.uerj.br\/saude3d\/wp-content\/uploads\/sites\/7\/2023\/01\/foto8.jpg\" alt=\"\" width=\"280\" height=\"280\" srcset=\"https:\/\/www.telessaude.uerj.br\/saude3d\/wp-content\/uploads\/sites\/7\/2023\/01\/foto8.jpg 280w, https:\/\/www.telessaude.uerj.br\/saude3d\/wp-content\/uploads\/sites\/7\/2023\/01\/foto8-150x150.jpg 150w\" sizes=\"auto, (max-width: 280px) 100vw, 280px\" \/>\u00a0 \u00a0\u00a0 \u00a0<img loading=\"lazy\" decoding=\"async\" class=\"alignnone size-full wp-image-1036\" src=\"http:\/\/www.telessaude.uerj.br\/saude3d\/wp-content\/uploads\/sites\/7\/2023\/01\/foto5.jpg\" alt=\"\" width=\"280\" height=\"280\" srcset=\"https:\/\/www.telessaude.uerj.br\/saude3d\/wp-content\/uploads\/sites\/7\/2023\/01\/foto5.jpg 280w, https:\/\/www.telessaude.uerj.br\/saude3d\/wp-content\/uploads\/sites\/7\/2023\/01\/foto5-150x150.jpg 150w\" sizes=\"auto, (max-width: 280px) 100vw, 280px\" \/><\/p>\n<ul>\n<li><strong>Experi\u00eancia do Metaverso na SA\u00daDE3D<br \/>\ncom <\/strong>Romulo Varella<strong><br \/>\nDia: <\/strong>10\/11\/2022\u00a0<strong><br \/>\nHora: <\/strong>19h<strong><br \/>\nLocal: <\/strong>Palco Metamundo<\/li>\n<\/ul>\n<p><img loading=\"lazy\" decoding=\"async\" class=\"alignnone size-full wp-image-1043\" src=\"http:\/\/www.telessaude.uerj.br\/saude3d\/wp-content\/uploads\/sites\/7\/2023\/01\/riv1-metaverso.jpg\" alt=\"\" width=\"280\" height=\"280\" srcset=\"https:\/\/www.telessaude.uerj.br\/saude3d\/wp-content\/uploads\/sites\/7\/2023\/01\/riv1-metaverso.jpg 280w, https:\/\/www.telessaude.uerj.br\/saude3d\/wp-content\/uploads\/sites\/7\/2023\/01\/riv1-metaverso-150x150.jpg 150w\" sizes=\"auto, (max-width: 280px) 100vw, 280px\" \/>\u00a0 \u00a0 \u00a0 <img loading=\"lazy\" decoding=\"async\" class=\"alignnone size-full wp-image-1039\" src=\"http:\/\/www.telessaude.uerj.br\/saude3d\/wp-content\/uploads\/sites\/7\/2023\/01\/foto3.jpg\" alt=\"\" width=\"280\" height=\"280\" srcset=\"https:\/\/www.telessaude.uerj.br\/saude3d\/wp-content\/uploads\/sites\/7\/2023\/01\/foto3.jpg 280w, https:\/\/www.telessaude.uerj.br\/saude3d\/wp-content\/uploads\/sites\/7\/2023\/01\/foto3-150x150.jpg 150w\" sizes=\"auto, (max-width: 280px) 100vw, 280px\" \/><\/p>\n<ul>\n<li><strong>SA\u00daDE3D<br \/>\ncom <\/strong>Beatriz Calsolari<br \/>\n<strong>Dia:<\/strong> 11\/11\/2022<br \/>\n<strong>Hora:<\/strong> 13h30<br \/>\n<strong>Local:<\/strong> Vila da Ci\u00eancia<\/li>\n<\/ul>\n<p><img loading=\"lazy\" decoding=\"async\" class=\"alignnone size-full wp-image-1053\" src=\"http:\/\/www.telessaude.uerj.br\/saude3d\/wp-content\/uploads\/sites\/7\/2023\/01\/riv1-metaverso-co\u0301pia.jpg\" alt=\"\" width=\"280\" height=\"280\" srcset=\"https:\/\/www.telessaude.uerj.br\/saude3d\/wp-content\/uploads\/sites\/7\/2023\/01\/riv1-metaverso-co\u0301pia.jpg 280w, https:\/\/www.telessaude.uerj.br\/saude3d\/wp-content\/uploads\/sites\/7\/2023\/01\/riv1-metaverso-co\u0301pia-150x150.jpg 150w\" sizes=\"auto, (max-width: 280px) 100vw, 280px\" \/>\u00a0 \u00a0 \u00a0 <img loading=\"lazy\" decoding=\"async\" class=\"alignnone size-full wp-image-1042\" src=\"http:\/\/www.telessaude.uerj.br\/saude3d\/wp-content\/uploads\/sites\/7\/2023\/01\/foto9.jpg\" alt=\"\" width=\"280\" height=\"280\" srcset=\"https:\/\/www.telessaude.uerj.br\/saude3d\/wp-content\/uploads\/sites\/7\/2023\/01\/foto9.jpg 280w, https:\/\/www.telessaude.uerj.br\/saude3d\/wp-content\/uploads\/sites\/7\/2023\/01\/foto9-150x150.jpg 150w\" sizes=\"auto, (max-width: 280px) 100vw, 280px\" \/><\/p>\n<ul>\n<li class=\"title style-scope ytd-video-primary-info-renderer\">2022 | <a href=\"https:\/\/youtu.be\/WP2FVVceKhE\">Evento de Lan\u00e7amento do Projeto Integra UERJ: A Nova Pol\u00edtica de Inova\u00e7\u00e3o da UERJ<\/a><\/li>\n<li>2022 | <a href=\"https:\/\/congresso.hupe.uerj.br\/\">Congresso Cient\u00edfico do Hospital Universit\u00e1rio Pedro Ernesto\u00a0<\/a><\/li>\n<\/ul>\n<p><img loading=\"lazy\" decoding=\"async\" class=\"alignnone size-full wp-image-1047\" src=\"http:\/\/www.telessaude.uerj.br\/saude3d\/wp-content\/uploads\/sites\/7\/2023\/01\/foto10.jpg\" alt=\"\" width=\"280\" height=\"280\" srcset=\"https:\/\/www.telessaude.uerj.br\/saude3d\/wp-content\/uploads\/sites\/7\/2023\/01\/foto10.jpg 280w, https:\/\/www.telessaude.uerj.br\/saude3d\/wp-content\/uploads\/sites\/7\/2023\/01\/foto10-150x150.jpg 150w\" sizes=\"auto, (max-width: 280px) 100vw, 280px\" \/>\u00a0 \u00a0 \u00a0\u00a0 <img loading=\"lazy\" decoding=\"async\" class=\"alignnone size-medium wp-image-1048\" src=\"http:\/\/www.telessaude.uerj.br\/saude3d\/wp-content\/uploads\/sites\/7\/2023\/01\/foto12.jpg\" alt=\"\" width=\"280\" height=\"280\" srcset=\"https:\/\/www.telessaude.uerj.br\/saude3d\/wp-content\/uploads\/sites\/7\/2023\/01\/foto12.jpg 280w, https:\/\/www.telessaude.uerj.br\/saude3d\/wp-content\/uploads\/sites\/7\/2023\/01\/foto12-150x150.jpg 150w\" sizes=\"auto, (max-width: 280px) 100vw, 280px\" \/><\/p>\n<ul>\n<li>Arena Futuro da Sa\u00fade <strong>Tecnologias 3D e Metaverso em Sa\u00fade<\/strong><\/li>\n<\/ul>\n<p><strong>Dia:<\/strong>\u00a026\/8\/2022 (sexta-feira)<br \/>\n<strong>Hora:<\/strong> 12h15 \u2013 13h45<br \/>\n<strong>Local:<\/strong>\u00a0Audit\u00f3rio Ney Palmeiro<\/p>\n<p><strong>Palestrantes convidados:<br \/>\n<\/strong>Heron Werner | DASA &#8211; Metaverso para Ensino e Educa\u00e7\u00e3o em Sa\u00fade<br \/>\nR\u00f4mulo Varella | HUPE UERJ\u00a0 &#8211; Modelagem tridimensional para orienta\u00e7\u00e3o cir\u00fargoca<\/p>\n<p><strong>Acad\u00eamicos de Gradua\u00e7\u00e3o:<br \/>\n<\/strong>Dayane Figueiredo Magalh\u00e3es | FCM UERJ<br \/>\nMurilo Henrique dos Santos | IBRAG UERJ<\/p>\n<ul>\n<li>Painel <strong>Inova\u00e7\u00e3o na Pesquisa e Assist\u00eancia M\u00e9dica<\/strong><\/li>\n<\/ul>\n<p><strong>Dia:<\/strong> 25\/8\/2022 (quinta-feira)<br \/>\n<strong>Hora:<\/strong> 12h15 \u2013 13h45<\/p>\n<p><strong>Palestrantes:<\/strong><br \/>\nMarcelo Fiszman | PUC RIO &#8211; Intelig\u00eancia Artificial<br \/>\nMario Lima | DASA\/PUC-Rio &#8211; BioDesign<br \/>\nThiago Canellas | EOS RIO- Blockchain<\/p>\n<p><strong>Acad\u00eamicos de Gradua\u00e7\u00e3o:<br \/>\n<\/strong>Iasmin Louren\u00e7o | FCM UERJ<\/p>\n","protected":false},"excerpt":{"rendered":"<p>XIV WCTI &#8211; Integra UERJ Casos de Sucesso &#8211; SA\u00daDE3D\u00a0\u00a0 29 de junho de 2023 Dra. Alexandra Monteiro e Norma [&hellip;]<\/p>\n","protected":false},"author":4,"featured_media":0,"parent":0,"menu_order":0,"comment_status":"closed","ping_status":"closed","template":"","meta":{"_monsterinsights_skip_tracking":false,"_monsterinsights_sitenote_active":false,"_monsterinsights_sitenote_note":"","_monsterinsights_sitenote_category":0,"footnotes":""},"class_list":["post-982","page","type-page","status-publish","hentry"],"aioseo_notices":[],"_links":{"self":[{"href":"https:\/\/www.telessaude.uerj.br\/saude3d\/wp-json\/wp\/v2\/pages\/982","targetHints":{"allow":["GET"]}}],"collection":[{"href":"https:\/\/www.telessaude.uerj.br\/saude3d\/wp-json\/wp\/v2\/pages"}],"about":[{"href":"https:\/\/www.telessaude.uerj.br\/saude3d\/wp-json\/wp\/v2\/types\/page"}],"author":[{"embeddable":true,"href":"https:\/\/www.telessaude.uerj.br\/saude3d\/wp-json\/wp\/v2\/users\/4"}],"replies":[{"embeddable":true,"href":"https:\/\/www.telessaude.uerj.br\/saude3d\/wp-json\/wp\/v2\/comments?post=982"}],"version-history":[{"count":2,"href":"https:\/\/www.telessaude.uerj.br\/saude3d\/wp-json\/wp\/v2\/pages\/982\/revisions"}],"predecessor-version":[{"id":1186,"href":"https:\/\/www.telessaude.uerj.br\/saude3d\/wp-json\/wp\/v2\/pages\/982\/revisions\/1186"}],"wp:attachment":[{"href":"https:\/\/www.telessaude.uerj.br\/saude3d\/wp-json\/wp\/v2\/media?parent=982"}],"curies":[{"name":"wp","href":"https:\/\/api.w.org\/{rel}","templated":true}]}}