{"id":1394,"date":"2018-09-12T13:37:56","date_gmt":"2018-09-12T13:37:56","guid":{"rendered":"https:\/\/www.telessaude.uerj.br\/site\/?page_id=1394"},"modified":"2024-12-16T13:47:27","modified_gmt":"2024-12-16T16:47:27","slug":"quem-somos","status":"publish","type":"page","link":"https:\/\/www.telessaude.uerj.br\/site\/quem-somos\/","title":{"rendered":"QUEM SOMOS"},"content":{"rendered":"<p>O <strong>N\u00facleo de Telessa\u00fade e Sa\u00fade Digital UERJ<\/strong> est\u00e1 vinculado \u00e0 Faculdade de Ci\u00eancias M\u00e9dicas e localizado no campus do Hospital Universit\u00e1rio Pedro Ernesto.<\/p>\n<p>Dentre as atividades de <strong>educa\u00e7\u00e3o, pesquisa e extens\u00e3o<\/strong>, o doravante intitulado como &#8220;<strong>Telessa\u00fade UE<\/strong>RJ&#8221; \u00e9 respons\u00e1vel por:<\/p>\n<ul>\n<li>Programa de Inicia\u00e7\u00e3o Cient\u00edfica em Telessa\u00fade e Sa\u00fade Digital<\/li>\n<li>Programa de Inicia\u00e7\u00e3o Tecnol\u00f3gica em Telessa\u00fade e Sa\u00fade Digital Cient\u00edfica<\/li>\n<li>Programa de Extens\u00e3o em Telessa\u00fade e Sa\u00fade Digital<\/li>\n<li>Programa de P\u00f3s-Gradua\u00e7\u00e3o stricto sensu em Telessa\u00fade e Sa\u00fade Digital<\/li>\n<\/ul>\n","protected":false},"excerpt":{"rendered":"<p>O N\u00facleo de Telessa\u00fade e Sa\u00fade Digital UERJ est\u00e1 vinculado \u00e0 Faculdade de Ci\u00eancias M\u00e9dicas e localizado no campus do [&hellip;]<\/p>\n","protected":false},"author":3,"featured_media":0,"parent":0,"menu_order":0,"comment_status":"closed","ping_status":"closed","template":"","meta":{"_monsterinsights_skip_tracking":false,"_monsterinsights_sitenote_active":false,"_monsterinsights_sitenote_note":"","_monsterinsights_sitenote_category":0,"footnotes":""},"class_list":["post-1394","page","type-page","status-publish","hentry"],"aioseo_notices":[],"_links":{"self":[{"href":"https:\/\/www.telessaude.uerj.br\/site\/wp-json\/wp\/v2\/pages\/1394","targetHints":{"allow":["GET"]}}],"collection":[{"href":"https:\/\/www.telessaude.uerj.br\/site\/wp-json\/wp\/v2\/pages"}],"about":[{"href":"https:\/\/www.telessaude.uerj.br\/site\/wp-json\/wp\/v2\/types\/page"}],"author":[{"embeddable":true,"href":"https:\/\/www.telessaude.uerj.br\/site\/wp-json\/wp\/v2\/users\/3"}],"replies":[{"embeddable":true,"href":"https:\/\/www.telessaude.uerj.br\/site\/wp-json\/wp\/v2\/comments?post=1394"}],"version-history":[{"count":2,"href":"https:\/\/www.telessaude.uerj.br\/site\/wp-json\/wp\/v2\/pages\/1394\/revisions"}],"predecessor-version":[{"id":3312,"href":"https:\/\/www.telessaude.uerj.br\/site\/wp-json\/wp\/v2\/pages\/1394\/revisions\/3312"}],"wp:attachment":[{"href":"https:\/\/www.telessaude.uerj.br\/site\/wp-json\/wp\/v2\/media?parent=1394"}],"curies":[{"name":"wp","href":"https:\/\/api.w.org\/{rel}","templated":true}]}}