{"id":1396,"date":"2018-09-12T13:38:09","date_gmt":"2018-09-12T13:38:09","guid":{"rendered":"https:\/\/www.telessaude.uerj.br\/site\/?page_id=1396"},"modified":"2024-10-03T13:39:56","modified_gmt":"2024-10-03T16:39:56","slug":"missao","status":"publish","type":"page","link":"https:\/\/www.telessaude.uerj.br\/site\/missao\/","title":{"rendered":"Miss\u00e3o, Vis\u00e3o e Valores"},"content":{"rendered":"\n<table id=\"tablepress-2\" class=\"tablepress tablepress-id-2\">\n<tbody>\n<tr class=\"row-1\">\n\t<td class=\"column-1\"><strong>Miss\u00e3o:<\/strong><\/td><td class=\"column-2\">Promover a educa\u00e7\u00e3o, a pesquisa, a inova\u00e7\u00e3o e o empreendedorismo no uso  das <br \/>\ntecnologias para fins de sa\u00fade, bem como a forma\u00e7\u00e3o e a qualifica\u00e7\u00e3o de recursos <br \/>\nhumanos para o uso respons\u00e1vel na Sa\u00fade Digital.<\/td>\n<\/tr>\n<tr class=\"row-2\">\n\t<td class=\"column-1\"><strong>Vis\u00e3o: <\/strong><\/td><td class=\"column-2\">Ser reconhecida  como um p\u00f3lo aglutinador e promotor de pesquisa e <br \/>\nconhecimento em Sa\u00fade Digital   colaborando, assim, para o desenvolvimento social,<br \/>\ntecnol\u00f3gico e  econ\u00f4mico no campo da sa\u00fade.<br \/>\n<\/td>\n<\/tr>\n<tr class=\"row-3\">\n\t<td class=\"column-1\"><strong>Valores:<\/strong><\/td><td class=\"column-2\">\u00c9tica, colabora\u00e7\u00e3o, comprometimento, inova\u00e7\u00e3o e empreendedorismo.<\/td>\n<\/tr>\n<\/tbody>\n<\/table>\n<!-- #tablepress-2 from cache -->\n","protected":false},"excerpt":{"rendered":"","protected":false},"author":3,"featured_media":0,"parent":0,"menu_order":0,"comment_status":"closed","ping_status":"closed","template":"","meta":{"_monsterinsights_skip_tracking":false,"_monsterinsights_sitenote_active":false,"_monsterinsights_sitenote_note":"","_monsterinsights_sitenote_category":0,"footnotes":""},"class_list":["post-1396","page","type-page","status-publish","hentry"],"aioseo_notices":[],"_links":{"self":[{"href":"https:\/\/www.telessaude.uerj.br\/site\/wp-json\/wp\/v2\/pages\/1396","targetHints":{"allow":["GET"]}}],"collection":[{"href":"https:\/\/www.telessaude.uerj.br\/site\/wp-json\/wp\/v2\/pages"}],"about":[{"href":"https:\/\/www.telessaude.uerj.br\/site\/wp-json\/wp\/v2\/types\/page"}],"author":[{"embeddable":true,"href":"https:\/\/www.telessaude.uerj.br\/site\/wp-json\/wp\/v2\/users\/3"}],"replies":[{"embeddable":true,"href":"https:\/\/www.telessaude.uerj.br\/site\/wp-json\/wp\/v2\/comments?post=1396"}],"version-history":[{"count":5,"href":"https:\/\/www.telessaude.uerj.br\/site\/wp-json\/wp\/v2\/pages\/1396\/revisions"}],"predecessor-version":[{"id":1871,"href":"https:\/\/www.telessaude.uerj.br\/site\/wp-json\/wp\/v2\/pages\/1396\/revisions\/1871"}],"wp:attachment":[{"href":"https:\/\/www.telessaude.uerj.br\/site\/wp-json\/wp\/v2\/media?parent=1396"}],"curies":[{"name":"wp","href":"https:\/\/api.w.org\/{rel}","templated":true}]}}