{"id":1407,"date":"2018-09-12T13:41:38","date_gmt":"2018-09-12T13:41:38","guid":{"rendered":"https:\/\/www.telessaude.uerj.br\/site\/?page_id=1407"},"modified":"2026-01-23T15:28:40","modified_gmt":"2026-01-23T18:28:40","slug":"faleconosco","status":"publish","type":"page","link":"https:\/\/www.telessaude.uerj.br\/site\/faleconosco\/","title":{"rendered":"Fale Conosco"},"content":{"rendered":"<p><img loading=\"lazy\" decoding=\"async\" class=\"size-full wp-image-1819 aligncenter\" src=\"https:\/\/www.telessaude.uerj.br\/wp-content\/uploads\/sites\/3\/2018\/09\/iconecontato.png\" alt=\"\" width=\"117\" height=\"117\" \/><\/p>\n<p style=\"text-align: center\"><strong>Telefone:<br \/>\n<\/strong>A Telessa\u00fade adotou o sistema de telefonia VOIP atrav\u00e9s do n\u00famero\u00a0<strong>(21) 3950-3333.<\/strong><br \/>\nServi\u00e7o Ramal |\u00a0<strong>Telessa\u00fade\/Suporte 22151<\/strong><\/p>\n<p style=\"text-align: center\"><strong>Hor\u00e1rio de atendimento:<\/strong><br \/>\n08h \u00e0s 16h<\/p>\n<hr \/>\n<p style=\"text-align: center\"><strong>Entre em contato atrav\u00e9s do email:<\/strong><br \/>\n<strong>Equipe Suporte<\/strong><br \/>\nsuporte@telessaude.uerj.br<\/p>\n<p style=\"text-align: center\"><strong>Coordena\u00e7\u00e3o do Telessa\u00fade UERJ:<\/strong><br \/>\ncoordenacao@telessaude.uerj.br<\/p>\n<p style=\"text-align: center\">\n","protected":false},"excerpt":{"rendered":"<p>Telefone: A Telessa\u00fade adotou o sistema de telefonia VOIP atrav\u00e9s do n\u00famero\u00a0(21) 3950-3333. Servi\u00e7o Ramal |\u00a0Telessa\u00fade\/Suporte 22151 Hor\u00e1rio de atendimento: [&hellip;]<\/p>\n","protected":false},"author":3,"featured_media":0,"parent":0,"menu_order":0,"comment_status":"closed","ping_status":"closed","template":"","meta":{"_monsterinsights_skip_tracking":false,"_monsterinsights_sitenote_active":false,"_monsterinsights_sitenote_note":"","_monsterinsights_sitenote_category":0,"footnotes":""},"class_list":["post-1407","page","type-page","status-publish","hentry"],"aioseo_notices":[],"_links":{"self":[{"href":"https:\/\/www.telessaude.uerj.br\/site\/wp-json\/wp\/v2\/pages\/1407","targetHints":{"allow":["GET"]}}],"collection":[{"href":"https:\/\/www.telessaude.uerj.br\/site\/wp-json\/wp\/v2\/pages"}],"about":[{"href":"https:\/\/www.telessaude.uerj.br\/site\/wp-json\/wp\/v2\/types\/page"}],"author":[{"embeddable":true,"href":"https:\/\/www.telessaude.uerj.br\/site\/wp-json\/wp\/v2\/users\/3"}],"replies":[{"embeddable":true,"href":"https:\/\/www.telessaude.uerj.br\/site\/wp-json\/wp\/v2\/comments?post=1407"}],"version-history":[{"count":1,"href":"https:\/\/www.telessaude.uerj.br\/site\/wp-json\/wp\/v2\/pages\/1407\/revisions"}],"predecessor-version":[{"id":3575,"href":"https:\/\/www.telessaude.uerj.br\/site\/wp-json\/wp\/v2\/pages\/1407\/revisions\/3575"}],"wp:attachment":[{"href":"https:\/\/www.telessaude.uerj.br\/site\/wp-json\/wp\/v2\/media?parent=1407"}],"curies":[{"name":"wp","href":"https:\/\/api.w.org\/{rel}","templated":true}]}}