{"id":1486,"date":"2018-10-02T14:30:33","date_gmt":"2018-10-02T14:30:33","guid":{"rendered":"https:\/\/www.telessaude.uerj.br\/site\/?page_id=1486"},"modified":"2024-10-03T14:02:29","modified_gmt":"2024-10-03T17:02:29","slug":"sociedadesparceiras","status":"publish","type":"page","link":"https:\/\/www.telessaude.uerj.br\/site\/sociedadesparceiras\/","title":{"rendered":"Parcerias"},"content":{"rendered":"<p>O <strong>Telessa\u00fade UERJ<\/strong> \u00e9 membro:<\/p>\n<ul>\n<li><strong>Associa\u00e7\u00e3o Brasileira de Telemedicina e Telessa\u00fade<\/strong><\/li>\n<\/ul>\n<p><a href=\"https:\/\/abtms.org.br\/\"><img loading=\"lazy\" decoding=\"async\" class=\"alignnone wp-image-3267\" src=\"https:\/\/www.telessaude.uerj.br\/site\/wp-content\/uploads\/sites\/4\/2024\/10\/logoverde-24-300x74.png\" alt=\"\" width=\"400\" height=\"99\" srcset=\"https:\/\/www.telessaude.uerj.br\/site\/wp-content\/uploads\/sites\/4\/2024\/10\/logoverde-24-300x74.png 300w, https:\/\/www.telessaude.uerj.br\/site\/wp-content\/uploads\/sites\/4\/2024\/10\/logoverde-24.png 567w\" sizes=\"auto, (max-width: 400px) 100vw, 400px\" \/><\/a><\/p>\n<ul>\n<li><strong>International Society for Telemedicine and eHealth<\/strong><\/li>\n<\/ul>\n<p><a href=\"https:\/\/www.isfteh.org\/\"><img loading=\"lazy\" decoding=\"async\" class=\"alignnone wp-image-3268\" src=\"https:\/\/www.telessaude.uerj.br\/site\/wp-content\/uploads\/sites\/4\/2024\/10\/isfteh.jpg\" alt=\"\" width=\"400\" height=\"66\" srcset=\"https:\/\/www.telessaude.uerj.br\/site\/wp-content\/uploads\/sites\/4\/2024\/10\/isfteh.jpg 1599w, https:\/\/www.telessaude.uerj.br\/site\/wp-content\/uploads\/sites\/4\/2024\/10\/isfteh-300x49.jpg 300w, https:\/\/www.telessaude.uerj.br\/site\/wp-content\/uploads\/sites\/4\/2024\/10\/isfteh-1024x168.jpg 1024w, https:\/\/www.telessaude.uerj.br\/site\/wp-content\/uploads\/sites\/4\/2024\/10\/isfteh-768x126.jpg 768w, https:\/\/www.telessaude.uerj.br\/site\/wp-content\/uploads\/sites\/4\/2024\/10\/isfteh-1536x252.jpg 1536w\" sizes=\"auto, (max-width: 400px) 100vw, 400px\" \/><\/a><\/p>\n","protected":false},"excerpt":{"rendered":"<p>O Telessa\u00fade UERJ \u00e9 membro: Associa\u00e7\u00e3o Brasileira de Telemedicina e Telessa\u00fade International Society for Telemedicine and eHealth<\/p>\n","protected":false},"author":3,"featured_media":0,"parent":0,"menu_order":0,"comment_status":"closed","ping_status":"closed","template":"","meta":{"_monsterinsights_skip_tracking":false,"_monsterinsights_sitenote_active":false,"_monsterinsights_sitenote_note":"","_monsterinsights_sitenote_category":0,"footnotes":""},"class_list":["post-1486","page","type-page","status-publish","hentry"],"aioseo_notices":[],"_links":{"self":[{"href":"https:\/\/www.telessaude.uerj.br\/site\/wp-json\/wp\/v2\/pages\/1486","targetHints":{"allow":["GET"]}}],"collection":[{"href":"https:\/\/www.telessaude.uerj.br\/site\/wp-json\/wp\/v2\/pages"}],"about":[{"href":"https:\/\/www.telessaude.uerj.br\/site\/wp-json\/wp\/v2\/types\/page"}],"author":[{"embeddable":true,"href":"https:\/\/www.telessaude.uerj.br\/site\/wp-json\/wp\/v2\/users\/3"}],"replies":[{"embeddable":true,"href":"https:\/\/www.telessaude.uerj.br\/site\/wp-json\/wp\/v2\/comments?post=1486"}],"version-history":[{"count":2,"href":"https:\/\/www.telessaude.uerj.br\/site\/wp-json\/wp\/v2\/pages\/1486\/revisions"}],"predecessor-version":[{"id":3271,"href":"https:\/\/www.telessaude.uerj.br\/site\/wp-json\/wp\/v2\/pages\/1486\/revisions\/3271"}],"wp:attachment":[{"href":"https:\/\/www.telessaude.uerj.br\/site\/wp-json\/wp\/v2\/media?parent=1486"}],"curies":[{"name":"wp","href":"https:\/\/api.w.org\/{rel}","templated":true}]}}