{"id":1496,"date":"2018-10-02T15:00:13","date_gmt":"2018-10-02T15:00:13","guid":{"rendered":"https:\/\/www.telessaude.uerj.br\/site\/?page_id=1496"},"modified":"2018-10-05T13:44:16","modified_gmt":"2018-10-05T13:44:16","slug":"projetos-concluidos","status":"publish","type":"page","link":"https:\/\/www.telessaude.uerj.br\/site\/projetos-concluidos\/","title":{"rendered":"PROJETOS CONCLU\u00cdDOS"},"content":{"rendered":"<p><a href=\"https:\/\/www.telessaude.uerj.br\/nucleorj\/\"><strong><img loading=\"lazy\" decoding=\"async\" class=\"alignnone size-full wp-image-1523\" src=\"https:\/\/www.telessaude.uerj.br\/wp-content\/uploads\/sites\/4\/2018\/10\/marca_redes.png\" alt=\"\" width=\"111\" height=\"103\" \/><\/strong><\/a><\/p>\n<ul>\n<li><strong>N\u00facleo de Telessa\u00fade do Estado do Rio de Janeiro\u00a0<\/strong><strong>Programa Nacional Telessa\u00fade Brasil Redes<br \/>\n<\/strong><strong>Apoio:<\/strong> Minist\u00e9rio da Sa\u00fade<\/li>\n<\/ul>\n<p>&nbsp;<\/p>\n<p><a href=\"http:\/\/inct.cnpq.br\/web\/inct-macc\/pesquisadores\/\"><img loading=\"lazy\" decoding=\"async\" class=\"alignnone size-full wp-image-1522\" src=\"https:\/\/www.telessaude.uerj.br\/wp-content\/uploads\/sites\/4\/2018\/10\/marca_macc.png\" alt=\"\" width=\"150\" height=\"78\" \/><\/a><\/p>\n<ul>\n<li><strong>Instituto Nacional de Ci\u00eancia e Tecnologia: Medicina Assistida por Computa\u00e7\u00e3o Cient\u00edfica _<\/strong><strong>INCT &#8211; MACC<br \/>\nLaborat\u00f3rio Nacional de Computa\u00e7\u00e3o Cient\u00edfica<br \/>\n<\/strong><strong>Apoio:<\/strong> CNPq<\/li>\n<\/ul>\n<p>&nbsp;<\/p>\n<p><a href=\"https:\/\/www.telessaude.uerj.br\/cbtms2015\/\"><strong><img loading=\"lazy\" decoding=\"async\" class=\"alignnone size-full wp-image-1532\" src=\"https:\/\/www.telessaude.uerj.br\/wp-content\/uploads\/sites\/4\/2018\/10\/cbtms_logo_home.png\" alt=\"\" width=\"250\" height=\"112\" \/><\/strong><\/a><\/p>\n<ul>\n<li><strong>VII Congresso Brasileiro de Telemedicina e Telessa\u00fade. XX Confer\u00eancia Internacional de\u00a0<\/strong><strong>Telemedicina e Telessa\u00fade. Simp\u00f3sio Rio Telessa\u00fade 450 Anos<br \/>\n<\/strong><strong>Apoio:<\/strong> MS, CAPES, FAPERJ<\/li>\n<\/ul>\n<p>&nbsp;<\/p>\n<p><a href=\"http:\/\/www.finep.gov.br\/noticias\/todas-noticias\/2635-tecnologia-de-baixo-custo-amplia- uso-da-telemedicina-no-brasil\"><img loading=\"lazy\" decoding=\"async\" class=\"alignnone size-full wp-image-1526\" src=\"https:\/\/www.telessaude.uerj.br\/wp-content\/uploads\/sites\/4\/2018\/10\/marca_tipirx.png\" alt=\"\" width=\"163\" height=\"77\" \/><\/a><\/p>\n<ul>\n<li><strong>\u00a0Teleintegra\u00e7\u00e3o para Imagens Radiol\u00f3gicas em baixo custo _ TIPIRX<br \/>\n<\/strong><strong>Apoio:<\/strong> FINEP<\/li>\n<\/ul>\n<p>&nbsp;<\/p>\n<p><a href=\"https:\/\/www.telessaude.uerj.br\/dengue\/\"><img loading=\"lazy\" decoding=\"async\" class=\"alignnone size-full wp-image-1519\" src=\"https:\/\/www.telessaude.uerj.br\/wp-content\/uploads\/sites\/4\/2018\/10\/banner_dengue.png\" alt=\"\" width=\"198\" height=\"198\" srcset=\"https:\/\/www.telessaude.uerj.br\/site\/wp-content\/uploads\/sites\/4\/2018\/10\/banner_dengue.png 198w, https:\/\/www.telessaude.uerj.br\/site\/wp-content\/uploads\/sites\/4\/2018\/10\/banner_dengue-150x150.png 150w, https:\/\/www.telessaude.uerj.br\/site\/wp-content\/uploads\/sites\/4\/2018\/10\/banner_dengue-100x100.png 100w\" sizes=\"auto, (max-width: 198px) 100vw, 198px\" \/><\/a><\/p>\n<ul>\n<li><strong>Telessa\u00fade contra a Dengue: utilizando tecnologias como meio de informa\u00e7\u00e3o, educa\u00e7\u00e3o e<\/strong><strong>apoio para as Escolas<br \/>\n<\/strong><strong>Apoio:<\/strong> FAPERJ<\/li>\n<\/ul>\n<p>&nbsp;<\/p>\n<p><a href=\"https:\/\/www.telessaude.uerj.br\/colorindo-e-movendo\/\"><img loading=\"lazy\" decoding=\"async\" class=\"alignnone size-full wp-image-1518\" src=\"https:\/\/www.telessaude.uerj.br\/wp-content\/uploads\/sites\/4\/2018\/10\/banner_colorindo.png\" alt=\"\" width=\"198\" height=\"198\" srcset=\"https:\/\/www.telessaude.uerj.br\/site\/wp-content\/uploads\/sites\/4\/2018\/10\/banner_colorindo.png 198w, https:\/\/www.telessaude.uerj.br\/site\/wp-content\/uploads\/sites\/4\/2018\/10\/banner_colorindo-150x150.png 150w, https:\/\/www.telessaude.uerj.br\/site\/wp-content\/uploads\/sites\/4\/2018\/10\/banner_colorindo-100x100.png 100w\" sizes=\"auto, (max-width: 198px) 100vw, 198px\" \/><\/a><\/p>\n<ul>\n<li><strong>Obesidade Infantil: utilizando a Telessa\u00fade como meio de informa\u00e7\u00e3o, educa\u00e7\u00e3o e servi\u00e7o<br \/>\n<\/strong><strong>Apoio:<\/strong> FAPERJ<\/li>\n<\/ul>\n<p>&nbsp;<\/p>\n<p><strong><a href=\"https:\/\/www.telessaude.uerj.br\/tuberculose\/\"><img loading=\"lazy\" decoding=\"async\" class=\"alignnone size-full wp-image-1528\" src=\"https:\/\/www.telessaude.uerj.br\/wp-content\/uploads\/sites\/4\/2018\/10\/banner_tuberculose.png\" alt=\"\" width=\"198\" height=\"198\" srcset=\"https:\/\/www.telessaude.uerj.br\/site\/wp-content\/uploads\/sites\/4\/2018\/10\/banner_tuberculose.png 198w, https:\/\/www.telessaude.uerj.br\/site\/wp-content\/uploads\/sites\/4\/2018\/10\/banner_tuberculose-150x150.png 150w, https:\/\/www.telessaude.uerj.br\/site\/wp-content\/uploads\/sites\/4\/2018\/10\/banner_tuberculose-100x100.png 100w\" sizes=\"auto, (max-width: 198px) 100vw, 198px\" \/><\/a><\/strong><\/p>\n<ul>\n<li><strong>Telessa\u00fade para o Rio: uma ferramenta de apoio _ TELERRIO<br \/>\n<\/strong><strong>Apoio:<\/strong> FAPERJ<\/li>\n<\/ul>\n","protected":false},"excerpt":{"rendered":"<p>N\u00facleo de Telessa\u00fade do Estado do Rio de Janeiro\u00a0Programa Nacional Telessa\u00fade Brasil Redes Apoio: Minist\u00e9rio da Sa\u00fade &nbsp; Instituto Nacional [&hellip;]<\/p>\n","protected":false},"author":3,"featured_media":0,"parent":0,"menu_order":0,"comment_status":"closed","ping_status":"closed","template":"","meta":{"_monsterinsights_skip_tracking":false,"_monsterinsights_sitenote_active":false,"_monsterinsights_sitenote_note":"","_monsterinsights_sitenote_category":0,"footnotes":""},"class_list":["post-1496","page","type-page","status-publish","hentry"],"aioseo_notices":[],"_links":{"self":[{"href":"https:\/\/www.telessaude.uerj.br\/site\/wp-json\/wp\/v2\/pages\/1496","targetHints":{"allow":["GET"]}}],"collection":[{"href":"https:\/\/www.telessaude.uerj.br\/site\/wp-json\/wp\/v2\/pages"}],"about":[{"href":"https:\/\/www.telessaude.uerj.br\/site\/wp-json\/wp\/v2\/types\/page"}],"author":[{"embeddable":true,"href":"https:\/\/www.telessaude.uerj.br\/site\/wp-json\/wp\/v2\/users\/3"}],"replies":[{"embeddable":true,"href":"https:\/\/www.telessaude.uerj.br\/site\/wp-json\/wp\/v2\/comments?post=1496"}],"version-history":[{"count":6,"href":"https:\/\/www.telessaude.uerj.br\/site\/wp-json\/wp\/v2\/pages\/1496\/revisions"}],"predecessor-version":[{"id":1650,"href":"https:\/\/www.telessaude.uerj.br\/site\/wp-json\/wp\/v2\/pages\/1496\/revisions\/1650"}],"wp:attachment":[{"href":"https:\/\/www.telessaude.uerj.br\/site\/wp-json\/wp\/v2\/media?parent=1496"}],"curies":[{"name":"wp","href":"https:\/\/api.w.org\/{rel}","templated":true}]}}