{"id":1502,"date":"2018-10-02T15:03:41","date_gmt":"2018-10-02T15:03:41","guid":{"rendered":"https:\/\/www.telessaude.uerj.br\/site\/?page_id=1502"},"modified":"2024-12-16T13:49:24","modified_gmt":"2024-12-16T16:49:24","slug":"grupo-de-pesquisa-telemedicina-e-telessaude-uerj","status":"publish","type":"page","link":"https:\/\/www.telessaude.uerj.br\/site\/grupo-de-pesquisa-telemedicina-e-telessaude-uerj\/","title":{"rendered":"GRUPO DE PESQUISA TELEMEDICINA E TELESSA\u00daDE UERJ"},"content":{"rendered":"<strong>Grupo de pesquisa CNPq \u2013 Telessa\u00fade e Sa\u00fade Digital UERJ<\/strong>\n\n<strong>Linhas de Pesquisa<\/strong>\n<ul>\n \t<li>Avalia\u00e7\u00e3o de Tecnologias em Sa\u00fade Digital<\/li>\n \t<li>Desenvolvimento e Inova\u00e7\u00e3o em Sa\u00fade Digital para Assist\u00eancia Remota em Sa\u00fade<\/li>\n \t<li>Intelig\u00eancia Artificial e Ci\u00eancia de Dados em Sa\u00fade<\/li>\n \t<li>Forma\u00e7\u00e3o e Gest\u00e3o de Recursos Humanos para Sa\u00fade Digital<\/li>\n \t<li>Tecnologias Digitais Tridimensionais em Sa\u00fade<\/li>\n \t<li>Tecnologias em Educa\u00e7\u00e3o em Sa\u00fade e Educa\u00e7\u00e3o a Dist\u00e2ncia em Sa\u00fade<\/li>\n<\/ul>\n<!-- \/wp:post-content -->\n\n<!-- \/wp:list-item -->\n\n<!-- wp:paragraph -->\n\n<!-- \/wp:paragraph -->","protected":false},"excerpt":{"rendered":"<p>Grupo de pesquisa CNPq \u2013 Telessa\u00fade e Sa\u00fade Digital UERJ Linhas de Pesquisa Avalia\u00e7\u00e3o de Tecnologias em Sa\u00fade Digital Desenvolvimento [&hellip;]<\/p>\n","protected":false},"author":3,"featured_media":0,"parent":0,"menu_order":0,"comment_status":"closed","ping_status":"closed","template":"","meta":{"_monsterinsights_skip_tracking":false,"_monsterinsights_sitenote_active":false,"_monsterinsights_sitenote_note":"","_monsterinsights_sitenote_category":0,"footnotes":""},"class_list":["post-1502","page","type-page","status-publish","hentry"],"aioseo_notices":[],"_links":{"self":[{"href":"https:\/\/www.telessaude.uerj.br\/site\/wp-json\/wp\/v2\/pages\/1502","targetHints":{"allow":["GET"]}}],"collection":[{"href":"https:\/\/www.telessaude.uerj.br\/site\/wp-json\/wp\/v2\/pages"}],"about":[{"href":"https:\/\/www.telessaude.uerj.br\/site\/wp-json\/wp\/v2\/types\/page"}],"author":[{"embeddable":true,"href":"https:\/\/www.telessaude.uerj.br\/site\/wp-json\/wp\/v2\/users\/3"}],"replies":[{"embeddable":true,"href":"https:\/\/www.telessaude.uerj.br\/site\/wp-json\/wp\/v2\/comments?post=1502"}],"version-history":[{"count":1,"href":"https:\/\/www.telessaude.uerj.br\/site\/wp-json\/wp\/v2\/pages\/1502\/revisions"}],"predecessor-version":[{"id":3314,"href":"https:\/\/www.telessaude.uerj.br\/site\/wp-json\/wp\/v2\/pages\/1502\/revisions\/3314"}],"wp:attachment":[{"href":"https:\/\/www.telessaude.uerj.br\/site\/wp-json\/wp\/v2\/media?parent=1502"}],"curies":[{"name":"wp","href":"https:\/\/api.w.org\/{rel}","templated":true}]}}