{"id":1551,"date":"2018-10-02T16:26:22","date_gmt":"2018-10-02T16:26:22","guid":{"rendered":"https:\/\/www.telessaude.uerj.br\/site\/?page_id=1551"},"modified":"2024-10-03T14:16:36","modified_gmt":"2024-10-03T17:16:36","slug":"portfolio-2","status":"publish","type":"page","link":"https:\/\/www.telessaude.uerj.br\/site\/portfolio-2\/","title":{"rendered":"POTENCIALIDADES"},"content":{"rendered":"\n<table id=\"tablepress-1\" class=\"tablepress tablepress-id-1\">\n<thead>\n<tr class=\"row-1\">\n\t<th class=\"column-1\"><strong>Educa\u00e7\u00e3o \u00e0 dist\u00e2ncia<\/strong><\/th><th class=\"column-2\"><strong>Assist\u00eancia remota<\/strong><\/th>\n<\/tr>\n<\/thead>\n<tbody>\n<tr class=\"row-2\">\n\t<td class=\"column-1\">Desenvolvimento, organiza\u00e7\u00e3o e suporte para  cursos \u00e0 dist\u00e2ncia<\/td><td class=\"column-2\">Sistema de Teleassist\u00eancia para teleconsulta, teleinterconsulta, teleconsultoria e telediagn\u00f3stico: <em>Vers\u00e3o 5.0 | 2023<\/em><\/td>\n<\/tr>\n<tr class=\"row-3\">\n\t<td class=\"column-1\">Desenvolvimento de materiais instrucionais digitais em sa\u00fade<\/td><td class=\"column-2\">Desenvolvimento de Sistemas de Registro Eletr\u00f4nico em Sa\u00fade<\/td>\n<\/tr>\n<tr class=\"row-4\">\n\t<td class=\"column-1\">Desenvolvimento de games em sa\u00fade<\/td><td class=\"column-2\">Desenvolvimento de Sistemas de Apoio \u00e0 Decis\u00e3o em Sa\u00fade<\/td>\n<\/tr>\n<\/tbody>\n<\/table>\n\n","protected":false},"excerpt":{"rendered":"","protected":false},"author":3,"featured_media":0,"parent":0,"menu_order":0,"comment_status":"closed","ping_status":"closed","template":"","meta":{"_monsterinsights_skip_tracking":false,"_monsterinsights_sitenote_active":false,"_monsterinsights_sitenote_note":"","_monsterinsights_sitenote_category":0,"footnotes":""},"class_list":["post-1551","page","type-page","status-publish","hentry"],"aioseo_notices":[],"_links":{"self":[{"href":"https:\/\/www.telessaude.uerj.br\/site\/wp-json\/wp\/v2\/pages\/1551","targetHints":{"allow":["GET"]}}],"collection":[{"href":"https:\/\/www.telessaude.uerj.br\/site\/wp-json\/wp\/v2\/pages"}],"about":[{"href":"https:\/\/www.telessaude.uerj.br\/site\/wp-json\/wp\/v2\/types\/page"}],"author":[{"embeddable":true,"href":"https:\/\/www.telessaude.uerj.br\/site\/wp-json\/wp\/v2\/users\/3"}],"replies":[{"embeddable":true,"href":"https:\/\/www.telessaude.uerj.br\/site\/wp-json\/wp\/v2\/comments?post=1551"}],"version-history":[{"count":2,"href":"https:\/\/www.telessaude.uerj.br\/site\/wp-json\/wp\/v2\/pages\/1551\/revisions"}],"predecessor-version":[{"id":2581,"href":"https:\/\/www.telessaude.uerj.br\/site\/wp-json\/wp\/v2\/pages\/1551\/revisions\/2581"}],"wp:attachment":[{"href":"https:\/\/www.telessaude.uerj.br\/site\/wp-json\/wp\/v2\/media?parent=1551"}],"curies":[{"name":"wp","href":"https:\/\/api.w.org\/{rel}","templated":true}]}}