{"id":2298,"date":"2022-04-18T16:10:01","date_gmt":"2022-04-18T19:10:01","guid":{"rendered":"https:\/\/www.telessaude.uerj.br\/site\/?page_id=2298"},"modified":"2022-07-18T16:39:25","modified_gmt":"2022-07-18T19:39:25","slug":"saude-3d-celula-saude","status":"publish","type":"page","link":"https:\/\/www.telessaude.uerj.br\/site\/saude-3d-celula-saude\/","title":{"rendered":"Sa\u00fade 3D | C\u00e9lula Sa\u00fade"},"content":{"rendered":"<h3><\/h3>\n<h3><\/h3>\n<h3><img loading=\"lazy\" decoding=\"async\" class=\"alignnone wp-image-2418 size-full\" src=\"https:\/\/www.telessaude.uerj.br\/site\/wp-content\/uploads\/sites\/4\/2022\/06\/logopaginanova.png\" alt=\"\" width=\"1000\" height=\"236\" \/><\/h3>\n<h3><strong><br \/>\nApresenta\u00e7\u00e3o<\/strong><\/h3>\n<p>A C\u00e9lula da Sa\u00fade compreende uma das a\u00e7\u00f5es que est\u00e3o sendo desenvolvidas no \u00e2mbito do Projeto <strong>\u201cA nova pol\u00edtica de inova\u00e7\u00e3o da UERJ: empreendedorismo e inova\u00e7\u00e3o articulando e integrando a\u00e7\u00f5es &#8211; integra UERJ\u201d Edital FAPERJ 24\/2021<\/strong>, sob a coordena\u00e7\u00e3o do Departamento de <a href=\"http:\/\/www.inovuerj.sr2.uerj.br\/portal\/\">Inova\u00e7\u00e3o da UERJ (InovUERJ)<\/a>.<\/p>\n<p>Com a <em>tagline <\/em>Sa\u00fade3D, a C\u00e9lula da Sa\u00fade constitui uma Unidade de Inova\u00e7\u00e3o e Pesquisa para Modelagem tridimensional com Impress\u00e3o 3D objetivando o planejamento, a modelagem virtual, a produ\u00e7\u00e3o e a impress\u00e3o de pe\u00e7as com aplica\u00e7\u00f5es e finalidades na \u00e1rea de sa\u00fade. A Sa\u00fade3D ser\u00e1 estruturada em um espa\u00e7o multiusu\u00e1rio e transdisciplinar, para a atua\u00e7\u00e3o e integra\u00e7\u00e3o e de equipes compostas por professores e servidores do corpo t\u00e9cnico, que ser\u00e3o capacitados para realiza\u00e7\u00e3o das atividades junto ao corpo discente, docente e colaboradores externos, na constru\u00e7\u00e3o de solu\u00e7\u00f5es e no aproveitamento de oportunidades e ideias das diferentes \u00e1reas do conhecimento das Unidades Acad\u00eamicas e do Complexo da Sa\u00fade da Universidade, incluindo as demandas oriundas dos Hospitais Universit\u00e1rios Pedro Ernesto (HUPE) e Reitor H\u00e9sio Cordeiro. Ap\u00f3s a capacita\u00e7\u00e3o do n\u00facleo estruturante, ser\u00e3o oferecidos cursos formativos no tema e cursos de educa\u00e7\u00e3o empreendedora visando \u00e0 forma\u00e7\u00e3o de facilitadores multiplicadores na Universidade, a produ\u00e7\u00e3o de produtos tridimensionais em sa\u00fade e a presta\u00e7\u00e3o de servi\u00e7os \u00e0 sociedade.<\/p>\n\n<table id=\"tablepress-6\" class=\"tablepress tablepress-id-6\">\n<thead>\n<tr class=\"row-1\">\n\t<th class=\"column-1\">Coordenadora Geral <\/th><th class=\"column-2\">Coordenadoras C\u00e9lula Sa\u00fade<\/th><td class=\"column-3\"><\/td>\n<\/tr>\n<\/thead>\n<tbody class=\"row-striping\">\n<tr class=\"row-2\">\n\t<td class=\"column-1\"><img loading=\"lazy\" decoding=\"async\" src=\"https:\/\/www.telessaude.uerj.br\/site\/wp-content\/uploads\/sites\/4\/2022\/07\/MARINILZA.png\" alt=\"\" width=\"200\" height=\"200\" class=\"alignnone size-full wp-image-2439\" srcset=\"https:\/\/www.telessaude.uerj.br\/site\/wp-content\/uploads\/sites\/4\/2022\/07\/MARINILZA.png 200w, https:\/\/www.telessaude.uerj.br\/site\/wp-content\/uploads\/sites\/4\/2022\/07\/MARINILZA-150x150.png 150w\" sizes=\"auto, (max-width: 200px) 100vw, 200px\" \/><\/td><td class=\"column-2\"><img loading=\"lazy\" decoding=\"async\" src=\"https:\/\/www.telessaude.uerj.br\/site\/wp-content\/uploads\/sites\/4\/2022\/07\/ALEXANDRA.png\" alt=\"\" width=\"200\" height=\"200\" class=\"alignnone size-full wp-image-2435\" srcset=\"https:\/\/www.telessaude.uerj.br\/site\/wp-content\/uploads\/sites\/4\/2022\/07\/ALEXANDRA.png 200w, https:\/\/www.telessaude.uerj.br\/site\/wp-content\/uploads\/sites\/4\/2022\/07\/ALEXANDRA-150x150.png 150w\" sizes=\"auto, (max-width: 200px) 100vw, 200px\" \/><\/td><td class=\"column-3\"><img loading=\"lazy\" decoding=\"async\" src=\"https:\/\/www.telessaude.uerj.br\/site\/wp-content\/uploads\/sites\/4\/2022\/07\/ALBA.png\" alt=\"\" width=\"200\" height=\"200\" class=\"alignnone size-full wp-image-2440\" srcset=\"https:\/\/www.telessaude.uerj.br\/site\/wp-content\/uploads\/sites\/4\/2022\/07\/ALBA.png 200w, https:\/\/www.telessaude.uerj.br\/site\/wp-content\/uploads\/sites\/4\/2022\/07\/ALBA-150x150.png 150w\" sizes=\"auto, (max-width: 200px) 100vw, 200px\" \/><\/td>\n<\/tr>\n<tr class=\"row-3\">\n\t<td class=\"column-1\"><a href=\"http:\/\/buscatextual.cnpq.br\/buscatextual\/visualizacv.do?id=K4783199Y6&amp;tokenCaptchar=03AGdBq26xiv4nybs3dtrWFQvJw3nMkOuqIrbcT9p6PxZ6xJNZe3-wtiKu_vFvti2VwBe3yVdJMh_Bx8wgEGnpJzBL1Q3YFlJZjgmyDlks64SzlSKQd0qXqkoOdLnV1xStEQsdtELGuYGPVTmcdy7_9jr_E82pEfgtgr6ZS3fJQo4WgH27V3u-SRNDaaHS2TIFEFAik1jCMElFr-a4ib6VpbpjUBgwmF3XIH8XYOkL5BIjWHKzZGZg_JgTb7mlAEz06c7RRuGA2sXWxW9C_EKf3_HbgwO_uoa4te9MmUyHuVg7kxEUHZq59GijRBHeXgQQP9hlqCTE65QQk8aJnIgf3fuQfWGuIGX6dyyI8OtZ27KecKF87TneZXcguyClgDTwi4jYfVOZlvgFTDnuv27SJH5D_Fiat2HfPTI1w_1XlQCq-2EMGfbWFO3CBCWXjuODH1vxpwvoIvS2GJdUmu1D4KbBC5kI1pBKNA\" rel=\"noopener\" target=\"_blank\">Marinilza Bruno de Carvalho<\/a><\/td><td class=\"column-2\"><a href=\"http:\/\/buscatextual.cnpq.br\/buscatextual\/visualizacv.do?id=K4792029U5&amp;tokenCaptchar=03AGdBq276CZH7OdRk9W0ZIdwHzbW-LfxqkqypNGABMhkSU0yZtUk4Q6QUjESiHQtobyFeXg21Bg516EwCwH8qKaurtz2zelXU4PWQy-I-N5vNFWMS4DdSSMt83IxV1NquDJCL_GEEkjSVYMc8Y2qKFjaC0r5kuMML6SJOiUWbUFtWTLtCny7TmLk7dEMuYg0D8iD1fEzK5wWzHUDTpvwNmsKeLrw0r_MdTtLUR4VVvTQKCItzJ_Knv8D5g_AL_rwevHBlKEfJnuM9szB61dGHEje95NatY39vBEV12q_QxBb9DhDdBitR6_oXls0aV2byKAd6zqSv7GMh0N7tJO2OooUWLGElmY8j_NyXFg3TgNtJXHAKW_9_MQVs4EDAIZlyMjKDy-rVT5JHZPeGnyX9VEFxdgCIaaPAaJCJazUxMXZ8t27JHQS-YC2EjBUDxbHqER60aQkDft0YLPSXn7zb-_AJeOjrN2tyYg\" rel=\"noopener\" target=\"_blank\"> Alexandra Monteiro<\/a><\/td><td class=\"column-3\"><a href=\"http:\/\/buscatextual.cnpq.br\/buscatextual\/visualizacv.do?id=K4723329U8&amp;tokenCaptchar=03AGdBq24iWbSuKAqOPTOs0iT1MT-NexQTwWHYf04_Z_1VZGfftAJREHQK8KoN1k_VdxayaMkwjjtfQZkQgDg6fcrKNI-G4qYQOkJTdvtvVCca9cQsv_nkVcz4OlYmeF1rnQ-b2gIy6vv6HRjvJmR8pautIHC9HGhq6yCJ2zVIVhVEmmFgxFkmAl7-uG94ZJ4xbexJ6lBf-laFnRnzzPEQIk8Khpqg6Bei27f0ZkcXL8C8eHliMyfzOZmRfvFTmuoGyZ_qphP-wfV7ySJj_QNfUSX7rk9a6azyUjef5dGMOiCiibML_LBmLng0T9mBw3d5bpERsh7lhcwb1U_9x9gQO6c6t4eK-FO0H4rJOT7p6V_uonCgzOBS6NfJoGYsdEFV9IkKhg802xc-4FC_IdWvJ9CrwMauZmmigxKdGKouwhO5Mx83EjD-BCnkD09HHPyLoFIsAsB0ZjG1LeR2qGAeSDnsivy73--O4Q\" rel=\"noopener\" target=\"_blank\"> Norma Albarello<\/a><\/td>\n<\/tr>\n<\/tbody>\n<\/table>\n<!-- #tablepress-6 from cache -->\n<p class=\"nome\">\n<table id=\"tablepress-7\" class=\"tablepress tablepress-id-7\">\n<thead>\n<tr class=\"row-1\">\n\t<th class=\"column-1\">Pesquisadores<\/th><td class=\"column-2\"><\/td><td class=\"column-3\"><\/td>\n<\/tr>\n<\/thead>\n<tbody class=\"row-striping\">\n<tr class=\"row-2\">\n\t<td class=\"column-1\"><img loading=\"lazy\" decoding=\"async\" src=\"https:\/\/www.telessaude.uerj.br\/site\/wp-content\/uploads\/sites\/4\/2022\/07\/ELE1.png\" alt=\"\" width=\"200\" height=\"200\" class=\"alignnone size-full wp-image-2436\" srcset=\"https:\/\/www.telessaude.uerj.br\/site\/wp-content\/uploads\/sites\/4\/2022\/07\/ELE1.png 200w, https:\/\/www.telessaude.uerj.br\/site\/wp-content\/uploads\/sites\/4\/2022\/07\/ELE1-150x150.png 150w\" sizes=\"auto, (max-width: 200px) 100vw, 200px\" \/><\/td><td class=\"column-2\"><img loading=\"lazy\" decoding=\"async\" src=\"https:\/\/www.telessaude.uerj.br\/site\/wp-content\/uploads\/sites\/4\/2022\/07\/ELE3.png\" alt=\"\" width=\"200\" height=\"200\" class=\"alignnone size-full wp-image-2438\" srcset=\"https:\/\/www.telessaude.uerj.br\/site\/wp-content\/uploads\/sites\/4\/2022\/07\/ELE3.png 200w, https:\/\/www.telessaude.uerj.br\/site\/wp-content\/uploads\/sites\/4\/2022\/07\/ELE3-150x150.png 150w\" sizes=\"auto, (max-width: 200px) 100vw, 200px\" \/><\/td><td class=\"column-3\"><img loading=\"lazy\" decoding=\"async\" src=\"https:\/\/www.telessaude.uerj.br\/site\/wp-content\/uploads\/sites\/4\/2022\/07\/ELE2.png\" alt=\"\" width=\"200\" height=\"200\" class=\"alignnone size-full wp-image-2437\" srcset=\"https:\/\/www.telessaude.uerj.br\/site\/wp-content\/uploads\/sites\/4\/2022\/07\/ELE2.png 200w, https:\/\/www.telessaude.uerj.br\/site\/wp-content\/uploads\/sites\/4\/2022\/07\/ELE2-150x150.png 150w\" sizes=\"auto, (max-width: 200px) 100vw, 200px\" \/><\/td>\n<\/tr>\n<tr class=\"row-3\">\n\t<td class=\"column-1\"><a href=\"http:\/\/buscatextual.cnpq.br\/buscatextual\/visualizacv.do?id=K4775922T9&amp;tokenCaptchar=03AGdBq26ZJq-aVjBGerqk8RoMgKIuY48Sy0miI7T_mXSDfHeU1Cb8LI34GngrGatqL9XdUPzQr9e9iaxxZQR-JTQ4Esq8VtpJKxD0RYaPklZbNuEY5f1M-FM6HXwea5Jxxg33MH5vunIoVHTEeNc_KlVWW23Ym_b-0QLtJELUXO7zHxkdSSbH_LGBNFRueK4zeEyu0nLfd1jYVI-KvkMUosC5j9xTOG0HX5xqfROJ16kSBeeMfMP-tMpJc66-3v5Fwg5kZnd0vsP6jEc8SSpdCO1OH70CEA7tzGmGjbtIgzFwkqssWXlcTwq6EehsAqWixD_qL0s41Dvr38W9Y6baRHvWVqfvjl_Lui_-nau0ekfRs9ri-RLzZ0JGgwguLJ7axEJZsVNI9ZSgqKQCqD6SDTKYimac9YWqlpajpDATTVpjz856zTpRtDlQJwX_PXLOInagLE3-soLi22YPMOakPbyP077kevkgjg\" rel=\"noopener\" target=\"_blank\">Eduardo Jos\u00e9 Lopes Torres  <\/a><\/td><td class=\"column-2\"><a href=\"http:\/\/buscatextual.cnpq.br\/buscatextual\/visualizacv.do?id=K4705920Z3&amp;tokenCaptchar=03AGdBq27jAL-x8Mg50LaQOwX7LQQ9xGGkniU_1FZ3U2lZ9H6TgvlD24pe7mJr6lswPAv8djAA50lecX8mzLKoNLa9x5ipKk_XdAL6aQJw7Nbw1RovfW4MgOBcPlLRAavuLxAjX1T6VpKBnqtjB-xz2SHYBHDo5Rx9oJa-j8PtZBnWxmo_OioWCnZoVHvViCPe_koybbgtAmyUCeJKCxzjLVudEWwp4i-KfNmPaRKVJ42SuVi-kY95piR94S7QCmixamxUqiHH1O00ZwzuuYJ1fuf1HDyz0AvXPMp4T_x8BEexkBdLsPKmjwymxwbM54YKW2is0zELK_SDtESSx7hxQJzXIZJ9JHHyeWRM-Astvx2Mb4Yul0ZjcdXj7iBF28SbDO9LU1ThdwuupYXfeya6VTnLAwY9os7YcuSyqEnuIsbF7rsoPo_1w8s8lsVj0PFUvtMe6WdAGHOigFrvF0xjiP-aeSyvCjT-og\" rel=\"noopener\" target=\"_blank\">Lucio Paulo do Amaral Crivano Machado<\/a><\/td><td class=\"column-3\"><a href=\"http:\/\/buscatextual.cnpq.br\/buscatextual\/visualizacv.do?id=K4715579A9&amp;tokenCaptchar=03AGdBq26oNobL8Z3m0naYsq5SV21Mhvehrb3_CPSlGaNM1xEUMbsbXHbPVnmz7DQ1U7HJ_qDssk8LG68jtiIwkFAE_l3LDAhN0lELEr1slv3ihJJLzZWzFC4hILygthvnoXckj6qmX0gsDkV3zf32e8-6WXfxs7yQnFjOzDpZs7IKdxp9cXemB5Xc7tr-Z5SDWIJ2pfDPtMcWT0qS3-Yng9tyWzwPDOgnT2WFFYF5zE-Ed_rIFVQnc5BG05HDsc3myWGzvEdhWG7VJuxe02wmcLVAZeniG6mzKI3vqZGp42MKvrN1WM4cANAYnwc_c1Xx4Jo4QTjeOKdy14l-gSLvmP1_zBmNmKdd_VaEzFQkN4Nseyt9Tzr9URPEEaLUvawffEh7lIpFJDgAxUh35QxiOC4MqqtN_affFeE9kcIVuaVe4nzsDbjYIG7c1hG-eGFjka5Kc4rOqvYtoBJprgt_RhKbtj_35-VmkA\" rel=\"noopener\" target=\"_blank\">R\u00f4mulo Cristov\u00e3o de Souza<\/a><\/td>\n<\/tr>\n<\/tbody>\n<\/table>\n<!-- #tablepress-7 from cache --><\/p>\n<p><strong>\u00a0 \u00a0 \u00a0 \u00a0Apoio\u00a0 \u00a0<\/strong><\/p>\n<p><img loading=\"lazy\" decoding=\"async\" class=\"alignnone wp-image-2322 size-full\" src=\"https:\/\/www.telessaude.uerj.br\/site\/wp-content\/uploads\/sites\/4\/2022\/04\/logo-e1656096609686.png\" alt=\"\" width=\"308\" height=\"140\" srcset=\"https:\/\/www.telessaude.uerj.br\/site\/wp-content\/uploads\/sites\/4\/2022\/04\/logo-e1656096609686.png 308w, https:\/\/www.telessaude.uerj.br\/site\/wp-content\/uploads\/sites\/4\/2022\/04\/logo-e1656096609686-300x136.png 300w\" sizes=\"auto, (max-width: 308px) 100vw, 308px\" \/><\/p>\n","protected":false},"excerpt":{"rendered":"<p>Apresenta\u00e7\u00e3o A C\u00e9lula da Sa\u00fade compreende uma das a\u00e7\u00f5es que est\u00e3o sendo desenvolvidas no \u00e2mbito do Projeto \u201cA nova pol\u00edtica [&hellip;]<\/p>\n","protected":false},"author":4,"featured_media":0,"parent":0,"menu_order":0,"comment_status":"closed","ping_status":"closed","template":"","meta":{"_monsterinsights_skip_tracking":false,"_monsterinsights_sitenote_active":false,"_monsterinsights_sitenote_note":"","_monsterinsights_sitenote_category":0,"footnotes":""},"class_list":["post-2298","page","type-page","status-publish","hentry"],"aioseo_notices":[],"_links":{"self":[{"href":"https:\/\/www.telessaude.uerj.br\/site\/wp-json\/wp\/v2\/pages\/2298","targetHints":{"allow":["GET"]}}],"collection":[{"href":"https:\/\/www.telessaude.uerj.br\/site\/wp-json\/wp\/v2\/pages"}],"about":[{"href":"https:\/\/www.telessaude.uerj.br\/site\/wp-json\/wp\/v2\/types\/page"}],"author":[{"embeddable":true,"href":"https:\/\/www.telessaude.uerj.br\/site\/wp-json\/wp\/v2\/users\/4"}],"replies":[{"embeddable":true,"href":"https:\/\/www.telessaude.uerj.br\/site\/wp-json\/wp\/v2\/comments?post=2298"}],"version-history":[{"count":1,"href":"https:\/\/www.telessaude.uerj.br\/site\/wp-json\/wp\/v2\/pages\/2298\/revisions"}],"predecessor-version":[{"id":2447,"href":"https:\/\/www.telessaude.uerj.br\/site\/wp-json\/wp\/v2\/pages\/2298\/revisions\/2447"}],"wp:attachment":[{"href":"https:\/\/www.telessaude.uerj.br\/site\/wp-json\/wp\/v2\/media?parent=2298"}],"curies":[{"name":"wp","href":"https:\/\/api.w.org\/{rel}","templated":true}]}}